{"id":7905,"date":"2026-01-29T14:45:46","date_gmt":"2026-01-29T14:45:46","guid":{"rendered":"https:\/\/turkishtrade.co\/?post_type=product&#038;p=7905"},"modified":"2026-04-09T20:40:56","modified_gmt":"2026-04-09T20:40:56","slug":"mens-leather-platform-loafers","status":"publish","type":"product","link":"https:\/\/turkishtrade.co\/fr\/shop\/mens-leather-platform-loafers\/","title":{"rendered":"Homme Cuir Plateforme Mocassins V\u00e9ritable | Homme Cuir de Veau Marron Fonc\u00e9"},"content":{"rendered":"<p>Am\u00e9liorez votre style gr\u00e2ce \u00e0 nos produits exquis. <strong>Mocassins \u00e0 plateforme en cuir pour hommes<\/strong>, Ces mocassins ont \u00e9t\u00e9 con\u00e7us pour les personnes exigeantes qui appr\u00e9cient \u00e0 la fois l'\u00e9l\u00e9gance classique et le style contemporain. Ces mocassins sophistiqu\u00e9s allient harmonieusement un savoir-faire traditionnel \u00e0 des \u00e9l\u00e9ments de design modernes, ce qui en fait un compl\u00e9ment polyvalent \u00e0 toute garde-robe. Fabriqu\u00e9s \u00e0 partir des mat\u00e9riaux les plus nobles, ces <strong>Mocassins \u00e0 plateforme en cuir pour hommes<\/strong> promettent non seulement un toucher luxueux, mais aussi une durabilit\u00e9 et un confort durables.<\/p>\n<h3>Un savoir-faire in\u00e9gal\u00e9 et des mat\u00e9riaux de premi\u00e8re qualit\u00e9<\/h3>\n<p>Notre <strong>Mocassins \u00e0 plateforme en cuir pour hommes<\/strong> t\u00e9moignent d'un savoir-faire artistique sup\u00e9rieur, \u00e0 commencer par le choix d'un cuir de veau de premi\u00e8re qualit\u00e9 pour la tige. Le cuir de veau est r\u00e9put\u00e9 pour sa texture lisse, son \u00e9lasticit\u00e9 et sa capacit\u00e9 \u00e0 d\u00e9velopper une belle patine au fil du temps, ce qui permet \u00e0 vos chaussures d'\u00eatre plus belles \u00e0 chaque fois qu'elles sont port\u00e9es. La riche teinte marron fonc\u00e9 ajoute une touche de sophistication intemporelle, tandis que l'empeigne textur\u00e9e m\u00e9ticuleusement d\u00e9taill\u00e9e, qui rappelle le cuir exotique, et la m\u00e8che m\u00e9tallique \u00e9l\u00e9gante rehaussent le design g\u00e9n\u00e9ral. \u00c0 l'int\u00e9rieur, vos pieds seront berc\u00e9s par une doublure en cuir de ch\u00e8vre doux et respirant, un choix sup\u00e9rieur connu pour ses propri\u00e9t\u00e9s de confort et sa capacit\u00e9 \u00e0 r\u00e9guler la temp\u00e9rature, gardant vos pieds au frais tout au long de la journ\u00e9e.<\/p>\n<h3>\u00c9levez votre style avec un design contemporain<\/h3>\n<p>Ce qui distingue vraiment ces <strong>Mocassins \u00e0 plateforme en cuir pour hommes<\/strong> est leur semelle compens\u00e9e distinctive. Cet \u00e9l\u00e9ment de design moderne ne se contente pas d'ajouter une touche de tendance, il apporte aussi une subtile augmentation de la hauteur, ce qui permet d'affirmer sa confiance en soi. La semelle EVA d'un blanc immacul\u00e9 cr\u00e9e un contraste saisissant avec le cuir marron fonc\u00e9, ce qui permet \u00e0 ces mocassins d'attirer l'attention. Le mat\u00e9riau EVA lui-m\u00eame est incroyablement l\u00e9ger et flexible, offrant une absorption exceptionnelle des chocs et r\u00e9duisant la fatigue du pied, m\u00eame apr\u00e8s un port prolong\u00e9. Qu'ils soient associ\u00e9s \u00e0 une tenue d\u00e9contract\u00e9e ou \u00e0 un ensemble plus formel, ces mocassins se distinguent par leur l\u00e9g\u00e8ret\u00e9 et leur souplesse. <strong>Mocassins \u00e0 plateforme en cuir pour hommes<\/strong> sont con\u00e7us pour compl\u00e9ter un large \u00e9ventail de looks, passant sans effort de la tenue de travail d\u00e9contract\u00e9e \u00e0 la tenue chic du week-end.<\/p>\n<h3>Confort sup\u00e9rieur pour un port tout au long de la journ\u00e9e<\/h3>\n<p>Le confort est primordial, et ces <strong>Mocassins \u00e0 plateforme en cuir pour hommes<\/strong> livrent. L'association du cuir de veau souple qui se moule \u00e0 votre pied, de la doublure en cuir de ch\u00e8vre souple et de la semelle compens\u00e9e en EVA cr\u00e9e une exp\u00e9rience de port in\u00e9gal\u00e9e. Le design \u00e0 enfiler est pratique, permettant un port et un retrait faciles sans sacrifier la s\u00e9curit\u00e9. Disponibles dans les tailles essentielles 40, 41, 42, 43 et 44 de l'UE, nous garantissons un ajustement parfait \u00e0 un large \u00e9ventail de clients \u00e0 la recherche de chaussures haut de gamme. D\u00e9couvrez la fusion du luxe, du style et du confort \u00e0 chaque pas dans ces chaussures exceptionnelles. <strong>Mocassins \u00e0 plateforme en cuir pour hommes<\/strong>.<\/p>\n<h3>Id\u00e9al pour les acheteurs en gros<\/h3>\n<p>Pour les d\u00e9taillants qui souhaitent proposer des chaussures de haute qualit\u00e9 et \u00e0 la pointe de la mode, ces <strong>Mocassins \u00e0 plateforme en cuir pour hommes<\/strong> repr\u00e9sentent une excellente opportunit\u00e9. Nous proposons ces chaussures \u00e9l\u00e9gantes \u00e0 l'achat en gros avec une quantit\u00e9 minimale de commande de 16 paires. D\u00e9veloppez votre stock avec un produit qui s\u00e9duit les clients \u00e0 la recherche d'\u00e9l\u00e9gance, de confort et de design contemporain. Nos chaussures <strong>Mocassins \u00e0 plateforme en cuir pour hommes<\/strong> sont un ajout pr\u00e9cieux \u00e0 votre collection et attirent des acheteurs exigeants qui appr\u00e9cient la qualit\u00e9 et le style. Investissez dans des chaussures qui se d\u00e9marquent et r\u00e9pondent aux exigences de la mode moderne.<\/p>","protected":false},"excerpt":{"rendered":"<ul>\n<li>Tige en cuir de veau de premi\u00e8re qualit\u00e9 pour une durabilit\u00e9 et un aspect sophistiqu\u00e9<\/li>\n<li>La doublure en cuir de ch\u00e8vre souple et respirant assure un confort tout au long de la journ\u00e9e.<\/li>\n<li>La semelle EVA Platform, l\u00e9g\u00e8re et confortable, offre une \u00e9l\u00e9vation moderne.<\/li>\n<li>D\u00e9tail m\u00e9tallique distinctif et empeigne textur\u00e9e pour plus d'\u00e9l\u00e9gance<\/li>\n<li>Disponible en tailles UE : 40, 41, 42, 43, 44<\/li>\n<li>Quantit\u00e9 minimale de commande : 16 paires (disponibilit\u00e9 en gros)<\/li>\n<\/ul>","protected":false},"featured_media":7102,"template":"","meta":{"_acf_changed":false,"_uag_custom_page_level_css":"","site-sidebar-layout":"default","site-content-layout":"","ast-site-content-layout":"default","site-content-style":"default","site-sidebar-style":"default","ast-global-header-display":"","ast-banner-title-visibility":"","ast-main-header-display":"","ast-hfb-above-header-display":"","ast-hfb-below-header-display":"","ast-hfb-mobile-header-display":"","site-post-title":"","ast-breadcrumbs-content":"","ast-featured-img":"","footer-sml-layout":"","ast-disable-related-posts":"","theme-transparent-header-meta":"","adv-header-id-meta":"","stick-header-meta":"","header-above-stick-meta":"","header-main-stick-meta":"","header-below-stick-meta":"","astra-migrate-meta-layouts":"default","ast-page-background-enabled":"default","ast-page-background-meta":{"desktop":{"background-color":"var(--ast-global-color-4)","background-image":"","background-repeat":"repeat","background-position":"center center","background-size":"auto","background-attachment":"scroll","background-type":"","background-media":"","overlay-type":"","overlay-color":"","overlay-opacity":"","overlay-gradient":""},"tablet":{"background-color":"","background-image":"","background-repeat":"repeat","background-position":"center center","background-size":"auto","background-attachment":"scroll","background-type":"","background-media":"","overlay-type":"","overlay-color":"","overlay-opacity":"","overlay-gradient":""},"mobile":{"background-color":"","background-image":"","background-repeat":"repeat","background-position":"center center","background-size":"auto","background-attachment":"scroll","background-type":"","background-media":"","overlay-type":"","overlay-color":"","overlay-opacity":"","overlay-gradient":""}},"ast-content-background-meta":{"desktop":{"background-color":"var(--ast-global-color-5)","background-image":"","background-repeat":"repeat","background-position":"center center","background-size":"auto","background-attachment":"scroll","background-type":"","background-media":"","overlay-type":"","overlay-color":"","overlay-opacity":"","overlay-gradient":""},"tablet":{"background-color":"var(--ast-global-color-5)","background-image":"","background-repeat":"repeat","background-position":"center center","background-size":"auto","background-attachment":"scroll","background-type":"","background-media":"","overlay-type":"","overlay-color":"","overlay-opacity":"","overlay-gradient":""},"mobile":{"background-color":"var(--ast-global-color-5)","background-image":"","background-repeat":"repeat","background-position":"center center","background-size":"auto","background-attachment":"scroll","background-type":"","background-media":"","overlay-type":"","overlay-color":"","overlay-opacity":"","overlay-gradient":""}}},"product_brand":[],"product_cat":[48,430,1200,50],"product_tag":[178,1355,331,725,326,189,1354,186,1356,262],"class_list":{"0":"post-7905","1":"product","2":"type-product","3":"status-publish","4":"has-post-thumbnail","6":"product_cat-casual","7":"product_cat-men","8":"product_cat-mens-shoes-2","9":"product_cat-sneakers","10":"product_tag-bit-loafers","11":"product_tag-calfskin-footwear","12":"product_tag-chunky-sole-shoes","13":"product_tag-dark-brown-loafers","14":"product_tag-eva-sole-loafers","15":"product_tag-goat-leather-lining","16":"product_tag-leather-platform-shoes","17":"product_tag-mens-loafers","18":"product_tag-slip-on-dress-shoes","19":"product_tag-wholesale-mens-shoes","20":"desktop-align-center","21":"tablet-align-center","22":"mobile-align-center","24":"first","25":"instock","26":"shipping-taxable","27":"purchasable","28":"product-type-variable","29":"has-default-attributes"},"acf":[],"uagb_featured_image_src":{"full":["https:\/\/turkishtrade.co\/wp-content\/uploads\/2026\/01\/2600FKHMN00007-BROWN.png",453,250,false],"thumbnail":["https:\/\/turkishtrade.co\/wp-content\/uploads\/2026\/01\/2600FKHMN00007-BROWN-150x150.png",150,150,true],"medium":["https:\/\/turkishtrade.co\/wp-content\/uploads\/2026\/01\/2600FKHMN00007-BROWN-300x166.png",300,166,true],"medium_large":["https:\/\/turkishtrade.co\/wp-content\/uploads\/2026\/01\/2600FKHMN00007-BROWN.png",453,250,false],"large":["https:\/\/turkishtrade.co\/wp-content\/uploads\/2026\/01\/2600FKHMN00007-BROWN.png",453,250,false],"1536x1536":["https:\/\/turkishtrade.co\/wp-content\/uploads\/2026\/01\/2600FKHMN00007-BROWN.png",453,250,false],"2048x2048":["https:\/\/turkishtrade.co\/wp-content\/uploads\/2026\/01\/2600FKHMN00007-BROWN.png",453,250,false],"trp-custom-language-flag":["https:\/\/turkishtrade.co\/wp-content\/uploads\/2026\/01\/2600FKHMN00007-BROWN-18x10.png",18,10,true],"woocommerce_thumbnail":["https:\/\/turkishtrade.co\/wp-content\/uploads\/2026\/01\/2600FKHMN00007-BROWN-400x250.png",400,250,true],"woocommerce_single":["https:\/\/turkishtrade.co\/wp-content\/uploads\/2026\/01\/2600FKHMN00007-BROWN.png",453,250,false],"woocommerce_gallery_thumbnail":["https:\/\/turkishtrade.co\/wp-content\/uploads\/2026\/01\/2600FKHMN00007-BROWN-100x100.png",100,100,true]},"uagb_author_info":{"display_name":"python python","author_link":"https:\/\/turkishtrade.co\/fr\/author\/"},"uagb_comment_info":0,"uagb_excerpt":"Premium Calfskin Leather Upper for durability and a sophisticated look Soft and breathable Goat Leather Lining ensures all-day comfort Lightweight and supportive EVA Platform Sole provides modern elevation Distinctive Metal Bit Detail and textured vamp for added elegance Available in EU Sizes: 40, 41, 42, 43, 44 Minimum Order Quantity: 16 Pairs (Wholesale Availability)","_links":{"self":[{"href":"https:\/\/turkishtrade.co\/fr\/wp-json\/wp\/v2\/product\/7905","targetHints":{"allow":["GET"]}}],"collection":[{"href":"https:\/\/turkishtrade.co\/fr\/wp-json\/wp\/v2\/product"}],"about":[{"href":"https:\/\/turkishtrade.co\/fr\/wp-json\/wp\/v2\/types\/product"}],"wp:featuredmedia":[{"embeddable":true,"href":"https:\/\/turkishtrade.co\/fr\/wp-json\/wp\/v2\/media\/7102"}],"wp:attachment":[{"href":"https:\/\/turkishtrade.co\/fr\/wp-json\/wp\/v2\/media?parent=7905"}],"wp:term":[{"taxonomy":"product_brand","embeddable":true,"href":"https:\/\/turkishtrade.co\/fr\/wp-json\/wp\/v2\/product_brand?post=7905"},{"taxonomy":"product_cat","embeddable":true,"href":"https:\/\/turkishtrade.co\/fr\/wp-json\/wp\/v2\/product_cat?post=7905"},{"taxonomy":"product_tag","embeddable":true,"href":"https:\/\/turkishtrade.co\/fr\/wp-json\/wp\/v2\/product_tag?post=7905"}],"curies":[{"name":"wp","href":"https:\/\/api.w.org\/{rel}","templated":true}]}}