{"id":7904,"date":"2026-01-29T14:45:46","date_gmt":"2026-01-29T14:45:46","guid":{"rendered":"https:\/\/turkishtrade.co\/?post_type=product&#038;p=7904"},"modified":"2026-04-09T20:41:00","modified_gmt":"2026-04-09T20:41:00","slug":"mens-black-leather-sneakers-2","status":"publish","type":"product","link":"https:\/\/turkishtrade.co\/fr\/shop\/mens-black-leather-sneakers-2\/","title":{"rendered":"Baskets en cuir noir pour hommes Exclusive"},"content":{"rendered":"<p>Pr\u00e9sentation de notre exquise <strong>Baskets en cuir noir pour hommes<\/strong>, Ces maisons ont \u00e9t\u00e9 m\u00e9ticuleusement con\u00e7ues pour l'individu moderne qui exige \u00e0 la fois un style impeccable et un confort in\u00e9branlable. Ces <strong>baskets premium en cuir noir<\/strong> sont la quintessence de la chaussure polyvalente, alliant harmonieusement fonctionnalit\u00e9 athl\u00e9tique et esth\u00e9tique urbaine sophistiqu\u00e9e. Parfaites pour toutes les activit\u00e9s, des sports dynamiques aux sorties d\u00e9contract\u00e9es, ces chaussures ne sont pas seulement des chaussures, elles sont une d\u00e9claration de qualit\u00e9 et de go\u00fbt raffin\u00e9. Chaque paire est fabriqu\u00e9e selon les normes les plus strictes, garantissant une sensation de luxe et une long\u00e9vit\u00e9 exceptionnelle.<\/p>\n<h3>Un savoir-faire in\u00e9gal\u00e9 et des mat\u00e9riaux de qualit\u00e9 sup\u00e9rieure<\/h3>\n<p>Au c\u0153ur de ces remarquables <strong>baskets en cuir de veau<\/strong> est un engagement envers des mat\u00e9riaux de qualit\u00e9 sup\u00e9rieure. La tige est fabriqu\u00e9e en cuir de veau de qualit\u00e9 sup\u00e9rieure, r\u00e9put\u00e9 pour sa texture douce, sa durabilit\u00e9 et son \u00e9l\u00e9gance. Le grain naturel du cuir de veau ajoute non seulement un caract\u00e8re unique \u00e0 chaque chaussure, mais promet \u00e9galement de vieillir en beaut\u00e9. <strong>chaussures de sport en cuir noir pour hommes<\/strong> un ajout durable \u00e0 toute garde-robe. L'int\u00e9rieur est enti\u00e8rement doubl\u00e9 de cuir de ch\u00e8vre somptueusement doux, offrant un environnement respirant, sans irritation et incroyablement confortable pour vos pieds, m\u00eame en cas de port prolong\u00e9. Cette combinaison r\u00e9fl\u00e9chie de mat\u00e9riaux garantit \u00e0 nos <strong>baskets en cuir noir pour hommes<\/strong> offrent une exp\u00e9rience de port in\u00e9gal\u00e9e.<\/p>\n<h3>Confort avanc\u00e9 gr\u00e2ce \u00e0 la semelle l\u00e9g\u00e8re en EVA<\/h3>\n<p>Le fondement de ces superbes <strong>baskets en cuir noir pour hommes<\/strong> est leur semelle EVA de pointe. Con\u00e7ue pour des performances optimales, la mati\u00e8re EVA l\u00e9g\u00e8re offre une absorption des chocs et une flexibilit\u00e9 sup\u00e9rieures, ainsi qu'une adh\u00e9rence exceptionnelle sur diverses surfaces. Que vous naviguiez dans les rues anim\u00e9es de la ville, que vous profitiez d'une escapade le week-end ou que vous vous engagiez dans des activit\u00e9s sportives l\u00e9g\u00e8res, la technologie avanc\u00e9e de la semelle vous assure un confort et une stabilit\u00e9 maximum \u00e0 chaque pas. Ces chaussures <strong>baskets en cuir premium<\/strong> sont con\u00e7ues pour soutenir votre style de vie actif sans faire de compromis sur le style, ce qui en fait un \u00e9l\u00e9ment indispensable de votre collection de chaussures.<\/p>\n<h3>Opportunit\u00e9 de vente en gros pour les d\u00e9taillants avertis<\/h3>\n<p>Nous comprenons la demande de chaussures de haute qualit\u00e9, \u00e9l\u00e9gantes et durables. Ces chaussures exceptionnelles <strong>baskets en cuir noir<\/strong> sont disponibles dans une gamme pratique de tailles europ\u00e9ennes allant de 40 \u00e0 44, ce qui permet de r\u00e9pondre aux besoins d'une large client\u00e8le. Pour les entreprises et les d\u00e9taillants qui cherchent \u00e0 am\u00e9liorer leur offre de produits, ces chaussures de sport tr\u00e8s recherch\u00e9es sont un excellent moyen d'am\u00e9liorer la qualit\u00e9 de leurs produits. <strong>baskets en cuir noir pour hommes<\/strong> sont disponibles \u00e0 l'achat en gros. Nous demandons une commande minimum de 16 paires, ce qui constitue une excellente occasion de stocker des chaussures de qualit\u00e9 sup\u00e9rieure qui plairont sans aucun doute \u00e0 votre client\u00e8le. Investissez dans ces <strong>baskets de sport en cuir<\/strong> et offrez \u00e0 vos clients un produit qui se d\u00e9marque vraiment sur le march\u00e9.<\/p>","protected":false},"excerpt":{"rendered":"<p>40 41 42 43 44 dana derisi ici keci astar eva taban En az 16 pairSneakers Sports<\/p>\n<p>Commande minimale : 16 paires<\/p>","protected":false},"featured_media":7101,"template":"","meta":{"_acf_changed":false,"_uag_custom_page_level_css":"","site-sidebar-layout":"default","site-content-layout":"","ast-site-content-layout":"default","site-content-style":"default","site-sidebar-style":"default","ast-global-header-display":"","ast-banner-title-visibility":"","ast-main-header-display":"","ast-hfb-above-header-display":"","ast-hfb-below-header-display":"","ast-hfb-mobile-header-display":"","site-post-title":"","ast-breadcrumbs-content":"","ast-featured-img":"","footer-sml-layout":"","ast-disable-related-posts":"","theme-transparent-header-meta":"default","adv-header-id-meta":"","stick-header-meta":"","header-above-stick-meta":"","header-main-stick-meta":"","header-below-stick-meta":"","astra-migrate-meta-layouts":"set","ast-page-background-enabled":"default","ast-page-background-meta":{"desktop":{"background-color":"var(--ast-global-color-4)","background-image":"","background-repeat":"repeat","background-position":"center center","background-size":"auto","background-attachment":"scroll","background-type":"","background-media":"","overlay-type":"","overlay-color":"","overlay-opacity":"","overlay-gradient":""},"tablet":{"background-color":"","background-image":"","background-repeat":"repeat","background-position":"center center","background-size":"auto","background-attachment":"scroll","background-type":"","background-media":"","overlay-type":"","overlay-color":"","overlay-opacity":"","overlay-gradient":""},"mobile":{"background-color":"","background-image":"","background-repeat":"repeat","background-position":"center center","background-size":"auto","background-attachment":"scroll","background-type":"","background-media":"","overlay-type":"","overlay-color":"","overlay-opacity":"","overlay-gradient":""}},"ast-content-background-meta":{"desktop":{"background-color":"var(--ast-global-color-5)","background-image":"","background-repeat":"repeat","background-position":"center center","background-size":"auto","background-attachment":"scroll","background-type":"","background-media":"","overlay-type":"","overlay-color":"","overlay-opacity":"","overlay-gradient":""},"tablet":{"background-color":"var(--ast-global-color-5)","background-image":"","background-repeat":"repeat","background-position":"center center","background-size":"auto","background-attachment":"scroll","background-type":"","background-media":"","overlay-type":"","overlay-color":"","overlay-opacity":"","overlay-gradient":""},"mobile":{"background-color":"var(--ast-global-color-5)","background-image":"","background-repeat":"repeat","background-position":"center center","background-size":"auto","background-attachment":"scroll","background-type":"","background-media":"","overlay-type":"","overlay-color":"","overlay-opacity":"","overlay-gradient":""}}},"product_brand":[],"product_cat":[430,1200,50,51],"product_tag":[196,1343,1117,438,189,1362,214,787,1361,254],"class_list":{"0":"post-7904","1":"product","2":"type-product","3":"status-publish","4":"has-post-thumbnail","6":"product_cat-men","7":"product_cat-mens-shoes-2","8":"product_cat-sneakers","9":"product_cat-sports","10":"product_tag-black-leather-shoes","11":"product_tag-calfskin-sneakers","12":"product_tag-comfortable-sneakers","13":"product_tag-eva-sole","14":"product_tag-goat-leather-lining","15":"product_tag-leather-sports-sneakers","16":"product_tag-mens-sneakers","17":"product_tag-premium-mens-shoes","18":"product_tag-sports-shoes","19":"product_tag-wholesale-footwear","20":"desktop-align-center","21":"tablet-align-center","22":"mobile-align-center","24":"first","25":"instock","26":"shipping-taxable","27":"purchasable","28":"product-type-variable","29":"has-default-attributes"},"acf":[],"uagb_featured_image_src":{"full":["https:\/\/turkishtrade.co\/wp-content\/uploads\/2026\/01\/2600FKHMN00006-BLACK.png",453,250,false],"thumbnail":["https:\/\/turkishtrade.co\/wp-content\/uploads\/2026\/01\/2600FKHMN00006-BLACK-150x150.png",150,150,true],"medium":["https:\/\/turkishtrade.co\/wp-content\/uploads\/2026\/01\/2600FKHMN00006-BLACK-300x166.png",300,166,true],"medium_large":["https:\/\/turkishtrade.co\/wp-content\/uploads\/2026\/01\/2600FKHMN00006-BLACK.png",453,250,false],"large":["https:\/\/turkishtrade.co\/wp-content\/uploads\/2026\/01\/2600FKHMN00006-BLACK.png",453,250,false],"1536x1536":["https:\/\/turkishtrade.co\/wp-content\/uploads\/2026\/01\/2600FKHMN00006-BLACK.png",453,250,false],"2048x2048":["https:\/\/turkishtrade.co\/wp-content\/uploads\/2026\/01\/2600FKHMN00006-BLACK.png",453,250,false],"trp-custom-language-flag":["https:\/\/turkishtrade.co\/wp-content\/uploads\/2026\/01\/2600FKHMN00006-BLACK-18x10.png",18,10,true],"woocommerce_thumbnail":["https:\/\/turkishtrade.co\/wp-content\/uploads\/2026\/01\/2600FKHMN00006-BLACK-400x250.png",400,250,true],"woocommerce_single":["https:\/\/turkishtrade.co\/wp-content\/uploads\/2026\/01\/2600FKHMN00006-BLACK.png",453,250,false],"woocommerce_gallery_thumbnail":["https:\/\/turkishtrade.co\/wp-content\/uploads\/2026\/01\/2600FKHMN00006-BLACK-100x100.png",100,100,true]},"uagb_author_info":{"display_name":"python python","author_link":"https:\/\/turkishtrade.co\/fr\/author\/"},"uagb_comment_info":0,"uagb_excerpt":"40 41 42 43 44 dana derisi ici keci astar eva taban En az 16 pairSneakers Sports Minimum Order: 16 Pairs","_links":{"self":[{"href":"https:\/\/turkishtrade.co\/fr\/wp-json\/wp\/v2\/product\/7904","targetHints":{"allow":["GET"]}}],"collection":[{"href":"https:\/\/turkishtrade.co\/fr\/wp-json\/wp\/v2\/product"}],"about":[{"href":"https:\/\/turkishtrade.co\/fr\/wp-json\/wp\/v2\/types\/product"}],"wp:featuredmedia":[{"embeddable":true,"href":"https:\/\/turkishtrade.co\/fr\/wp-json\/wp\/v2\/media\/7101"}],"wp:attachment":[{"href":"https:\/\/turkishtrade.co\/fr\/wp-json\/wp\/v2\/media?parent=7904"}],"wp:term":[{"taxonomy":"product_brand","embeddable":true,"href":"https:\/\/turkishtrade.co\/fr\/wp-json\/wp\/v2\/product_brand?post=7904"},{"taxonomy":"product_cat","embeddable":true,"href":"https:\/\/turkishtrade.co\/fr\/wp-json\/wp\/v2\/product_cat?post=7904"},{"taxonomy":"product_tag","embeddable":true,"href":"https:\/\/turkishtrade.co\/fr\/wp-json\/wp\/v2\/product_tag?post=7904"}],"curies":[{"name":"wp","href":"https:\/\/api.w.org\/{rel}","templated":true}]}}