{"id":7903,"date":"2026-01-29T14:45:46","date_gmt":"2026-01-29T14:45:46","guid":{"rendered":"https:\/\/turkishtrade.co\/?post_type=product&#038;p=7903"},"modified":"2026-04-09T20:41:04","modified_gmt":"2026-04-09T20:41:04","slug":"mens-calfskin-suede-sneakers","status":"publish","type":"product","link":"https:\/\/turkishtrade.co\/fr\/shop\/mens-calfskin-suede-sneakers\/","title":{"rendered":"Baskets homme en daim Amazing | Premium avec doublure en cuir de ch\u00e8vre"},"content":{"rendered":"<p><strong>Baskets en daim pour hommes<\/strong>. Une qualit\u00e9 et un design \u00e9tonnants.<\/p>\n<p>D\u00e9couvrez un confort in\u00e9gal\u00e9 et un style raffin\u00e9 avec nos Premium Men's Calfskin Suede Sneakers. Con\u00e7ues pour l'homme moderne qui appr\u00e9cie \u00e0 la fois l'esth\u00e9tique et la facilit\u00e9 d'utilisation, ces baskets exquises t\u00e9moignent d'un savoir-faire artisanal sup\u00e9rieur. Chaque paire de ces luxueuses <strong>Baskets en daim pour hommes<\/strong> est m\u00e9ticuleusement construite pour offrir une alternative sophistiqu\u00e9e aux chaussures traditionnelles, parfaite pour les sorties d\u00e9contract\u00e9es et les \u00e9v\u00e9nements \u00e9l\u00e9gants et d\u00e9contract\u00e9s.<\/p>\n<h3>Une qualit\u00e9 et un savoir-faire in\u00e9gal\u00e9s<\/h3>\n<p>Notre <strong>Baskets en daim pour hommes<\/strong> sont dot\u00e9es d'une tige en daim de veau v\u00e9ritable, r\u00e9put\u00e9 pour sa texture douce, sa durabilit\u00e9 et son \u00e9l\u00e9gance. Les tons riches et terreux du daim se marient parfaitement avec les tendances de la mode contemporaine, ce qui en fait un compl\u00e9ment polyvalent \u00e0 toute garde-robe. Outre l'ext\u00e9rieur exquis, l'int\u00e9rieur est doubl\u00e9 de cuir de ch\u00e8vre de premi\u00e8re qualit\u00e9, offrant un toucher incroyablement doux et une respirabilit\u00e9 sup\u00e9rieure qui bercent vos pieds dans le confort. Cette combinaison judicieuse de mat\u00e9riaux de haute qualit\u00e9 garantit que ces baskets ont non seulement un aspect exceptionnel, mais qu'elles r\u00e9sistent \u00e9galement \u00e0 l'\u00e9preuve du temps.<\/p>\n<h3>Con\u00e7u pour un confort et un soutien supr\u00eames<\/h3>\n<p>Marchez sur les nuages gr\u00e2ce \u00e0 la semelle EVA int\u00e9gr\u00e9e \u00e0 ces remarquables chaussures. <strong>Baskets en daim pour hommes<\/strong>. La semelle EVA l\u00e9g\u00e8re et flexible offre une excellente absorption des chocs, r\u00e9duisant l'impact et offrant un confort durable tout au long de la journ\u00e9e. Que vous naviguiez dans les rues de la ville ou que vous vous promeniez tranquillement, la conception ergonomique assure un soutien optimal \u00e0 vos pieds. Le choix judicieux d'une semelle EVA, associ\u00e9 \u00e0 la doublure en cuir de ch\u00e8vre, fait de ces baskets un v\u00e9ritable plaisir \u00e0 porter, heure apr\u00e8s heure.<\/p>\n<h3>Un style polyvalent pour toutes les occasions<\/h3>\n<p>Ces <strong>Baskets en daim pour hommes<\/strong> sont plus que de simples chaussures, elles sont l'expression d'un style d\u00e9contract\u00e9 et sophistiqu\u00e9. Leur conception polyvalente permet de les associer sans effort \u00e0 des jeans, des chinos ou m\u00eame des pantalons de tailleur pour un ensemble chic et d\u00e9contract\u00e9. Disponibles dans une large gamme de pointures allant du 40 au 44, elles s'adressent \u00e0 une large client\u00e8le. Pour les entreprises qui souhaitent proposer des chaussures de qualit\u00e9 et \u00e0 la mode, ces baskets constituent un excellent choix. Avec une quantit\u00e9 minimale de commande de seulement 16 paires, elles repr\u00e9sentent une opportunit\u00e9 de vente en gros id\u00e9ale pour enrichir votre offre de produits avec des chaussures pour hommes de premi\u00e8re qualit\u00e9 qui promettent \u00e0 la fois style et qualit\u00e9 durable.<\/p>","protected":false},"excerpt":{"rendered":"<ul>\n<li><b>Mat\u00e9riaux de qualit\u00e9 sup\u00e9rieure :<\/b> Fabriqu\u00e9 en daim de veau v\u00e9ritable pour un toucher luxueux et un look sophistiqu\u00e9.<\/li>\n<li><b>Confort ultime :<\/b> Doublure en cuir de ch\u00e8vre souple et respirant et semelle l\u00e9g\u00e8re en EVA pour une utilisation tout au long de la journ\u00e9e.<\/li>\n<li><b>Design \u00e9l\u00e9gant :<\/b> Cette chaussure allie l'esth\u00e9tique classique des baskets \u00e0 l'\u00e9l\u00e9gance moderne, ce qui lui permet de s'adapter \u00e0 diverses tenues.<\/li>\n<li><b>Tailles disponibles :<\/b> Propos\u00e9 dans les tailles europ\u00e9ennes 40, 41, 42, 43 et 44.<\/li>\n<li><b>Opportunit\u00e9 de vente en gros :<\/b> Disponible pour les achats en gros avec une commande minimum de 16 paires.<\/li>\n<\/ul>","protected":false},"featured_media":7100,"template":"","meta":{"_acf_changed":false,"_uag_custom_page_level_css":"","site-sidebar-layout":"default","site-content-layout":"","ast-site-content-layout":"default","site-content-style":"default","site-sidebar-style":"default","ast-global-header-display":"","ast-banner-title-visibility":"","ast-main-header-display":"","ast-hfb-above-header-display":"","ast-hfb-below-header-display":"","ast-hfb-mobile-header-display":"","site-post-title":"","ast-breadcrumbs-content":"","ast-featured-img":"","footer-sml-layout":"","ast-disable-related-posts":"","theme-transparent-header-meta":"","adv-header-id-meta":"","stick-header-meta":"","header-above-stick-meta":"","header-main-stick-meta":"","header-below-stick-meta":"","astra-migrate-meta-layouts":"default","ast-page-background-enabled":"default","ast-page-background-meta":{"desktop":{"background-color":"var(--ast-global-color-4)","background-image":"","background-repeat":"repeat","background-position":"center center","background-size":"auto","background-attachment":"scroll","background-type":"","background-media":"","overlay-type":"","overlay-color":"","overlay-opacity":"","overlay-gradient":""},"tablet":{"background-color":"","background-image":"","background-repeat":"repeat","background-position":"center center","background-size":"auto","background-attachment":"scroll","background-type":"","background-media":"","overlay-type":"","overlay-color":"","overlay-opacity":"","overlay-gradient":""},"mobile":{"background-color":"","background-image":"","background-repeat":"repeat","background-position":"center center","background-size":"auto","background-attachment":"scroll","background-type":"","background-media":"","overlay-type":"","overlay-color":"","overlay-opacity":"","overlay-gradient":""}},"ast-content-background-meta":{"desktop":{"background-color":"var(--ast-global-color-5)","background-image":"","background-repeat":"repeat","background-position":"center center","background-size":"auto","background-attachment":"scroll","background-type":"","background-media":"","overlay-type":"","overlay-color":"","overlay-opacity":"","overlay-gradient":""},"tablet":{"background-color":"var(--ast-global-color-5)","background-image":"","background-repeat":"repeat","background-position":"center center","background-size":"auto","background-attachment":"scroll","background-type":"","background-media":"","overlay-type":"","overlay-color":"","overlay-opacity":"","overlay-gradient":""},"mobile":{"background-color":"var(--ast-global-color-5)","background-image":"","background-repeat":"repeat","background-position":"center center","background-size":"auto","background-attachment":"scroll","background-type":"","background-media":"","overlay-type":"","overlay-color":"","overlay-opacity":"","overlay-gradient":""}}},"product_brand":[],"product_cat":[430,1200,50,51],"product_tag":[1358,1360,1359,189,365,270,787,1124,254],"class_list":{"0":"post-7903","1":"product","2":"type-product","3":"status-publish","4":"has-post-thumbnail","6":"product_cat-men","7":"product_cat-mens-shoes-2","8":"product_cat-sneakers","9":"product_cat-sports","10":"product_tag-calfskin-suede-sneakers","11":"product_tag-comfortable-mens-sneakers","12":"product_tag-eva-sole-sneakers","13":"product_tag-goat-leather-lining","14":"product_tag-luxury-sneakers","15":"product_tag-mens-leather-sneakers","16":"product_tag-premium-mens-shoes","17":"product_tag-stylish-sneakers","18":"product_tag-wholesale-footwear","19":"desktop-align-center","20":"tablet-align-center","21":"mobile-align-center","23":"first","24":"instock","25":"shipping-taxable","26":"purchasable","27":"product-type-variable","28":"has-default-attributes"},"acf":[],"uagb_featured_image_src":{"full":["https:\/\/turkishtrade.co\/wp-content\/uploads\/2026\/01\/2600FKHMN00005-BEIGE.png",453,250,false],"thumbnail":["https:\/\/turkishtrade.co\/wp-content\/uploads\/2026\/01\/2600FKHMN00005-BEIGE-150x150.png",150,150,true],"medium":["https:\/\/turkishtrade.co\/wp-content\/uploads\/2026\/01\/2600FKHMN00005-BEIGE-300x166.png",300,166,true],"medium_large":["https:\/\/turkishtrade.co\/wp-content\/uploads\/2026\/01\/2600FKHMN00005-BEIGE.png",453,250,false],"large":["https:\/\/turkishtrade.co\/wp-content\/uploads\/2026\/01\/2600FKHMN00005-BEIGE.png",453,250,false],"1536x1536":["https:\/\/turkishtrade.co\/wp-content\/uploads\/2026\/01\/2600FKHMN00005-BEIGE.png",453,250,false],"2048x2048":["https:\/\/turkishtrade.co\/wp-content\/uploads\/2026\/01\/2600FKHMN00005-BEIGE.png",453,250,false],"trp-custom-language-flag":["https:\/\/turkishtrade.co\/wp-content\/uploads\/2026\/01\/2600FKHMN00005-BEIGE-18x10.png",18,10,true],"woocommerce_thumbnail":["https:\/\/turkishtrade.co\/wp-content\/uploads\/2026\/01\/2600FKHMN00005-BEIGE-400x250.png",400,250,true],"woocommerce_single":["https:\/\/turkishtrade.co\/wp-content\/uploads\/2026\/01\/2600FKHMN00005-BEIGE.png",453,250,false],"woocommerce_gallery_thumbnail":["https:\/\/turkishtrade.co\/wp-content\/uploads\/2026\/01\/2600FKHMN00005-BEIGE-100x100.png",100,100,true]},"uagb_author_info":{"display_name":"python python","author_link":"https:\/\/turkishtrade.co\/fr\/author\/"},"uagb_comment_info":0,"uagb_excerpt":"Superior Materials: Crafted from genuine calfskin suede for a luxurious feel and sophisticated look. Ultimate Comfort: Features a soft, breathable goat leather lining and a lightweight EVA sole for all-day wear. Stylish Design: Blends classic sneaker aesthetics with modern elegance, perfect for various outfits. Available Sizes: Offered in European sizes 40, 41, 42, 43, and\u2026","_links":{"self":[{"href":"https:\/\/turkishtrade.co\/fr\/wp-json\/wp\/v2\/product\/7903","targetHints":{"allow":["GET"]}}],"collection":[{"href":"https:\/\/turkishtrade.co\/fr\/wp-json\/wp\/v2\/product"}],"about":[{"href":"https:\/\/turkishtrade.co\/fr\/wp-json\/wp\/v2\/types\/product"}],"wp:featuredmedia":[{"embeddable":true,"href":"https:\/\/turkishtrade.co\/fr\/wp-json\/wp\/v2\/media\/7100"}],"wp:attachment":[{"href":"https:\/\/turkishtrade.co\/fr\/wp-json\/wp\/v2\/media?parent=7903"}],"wp:term":[{"taxonomy":"product_brand","embeddable":true,"href":"https:\/\/turkishtrade.co\/fr\/wp-json\/wp\/v2\/product_brand?post=7903"},{"taxonomy":"product_cat","embeddable":true,"href":"https:\/\/turkishtrade.co\/fr\/wp-json\/wp\/v2\/product_cat?post=7903"},{"taxonomy":"product_tag","embeddable":true,"href":"https:\/\/turkishtrade.co\/fr\/wp-json\/wp\/v2\/product_tag?post=7903"}],"curies":[{"name":"wp","href":"https:\/\/api.w.org\/{rel}","templated":true}]}}