{"id":7899,"date":"2026-01-29T14:45:45","date_gmt":"2026-01-29T14:45:45","guid":{"rendered":"https:\/\/turkishtrade.co\/?post_type=product&#038;p=7899"},"modified":"2026-04-09T20:41:16","modified_gmt":"2026-04-09T20:41:16","slug":"mens-brown-leather-sneakers-3","status":"publish","type":"product","link":"https:\/\/turkishtrade.co\/fr\/shop\/mens-brown-leather-sneakers-3\/","title":{"rendered":"Men's Brown Leather Sneakers Ultimate | Premium Men's Brown Calfskin Leather"},"content":{"rendered":"<p>Entrez dans un confort sophistiqu\u00e9 avec nos baskets Premium en cuir marron pour homme. M\u00e9ticuleusement con\u00e7ues pour l'homme moderne, ces baskets exceptionnelles allient un style intemporel \u00e0 des performances contemporaines. Que vous naviguiez dans les rues de la ville ou que vous profitiez d'un week-end d\u00e9contract\u00e9, ces <strong>baskets en cuir marron pour hommes<\/strong> sont votre compagnon id\u00e9al. Leur riche teinte brune et leur silhouette \u00e9l\u00e9gante vous permettent de faire preuve d'une \u00e9l\u00e9gance discr\u00e8te o\u00f9 que vous alliez. Leur polyvalence leur permet de s'associer sans effort \u00e0 des jeans, des chinos ou m\u00eame des pantalons de tailleur.<\/p>\n<h3>Qualit\u00e9 et confort in\u00e9gal\u00e9s : Des mat\u00e9riaux qui comptent<\/h3>\n<p>Notre engagement en faveur de la qualit\u00e9 est \u00e9vident dans chaque d\u00e9tail de ces produits remarquables. <strong>baskets en cuir marron pour hommes<\/strong>. La tige est fabriqu\u00e9e en cuir de veau v\u00e9ritable 100%, r\u00e9put\u00e9 pour sa texture douce, sa r\u00e9sistance et sa finition \u00e9l\u00e9gante. Ce cuir de qualit\u00e9 ne se contente pas d'\u00eatre exquis, il se moule \u00e9galement \u00e0 votre pied au fil du temps, offrant ainsi un ajustement sur mesure. Ce qui distingue vraiment ces <strong>baskets en cuir marron pour hommes<\/strong> L'autre particularit\u00e9 est leur int\u00e9rieur : une somptueuse doublure en cuir de ch\u00e8vre souple. Cette doublure naturelle assure une respirabilit\u00e9 sup\u00e9rieure, ce qui permet \u00e0 vos pieds de rester confortables et frais, m\u00eame apr\u00e8s un usage prolong\u00e9. Dites adieu \u00e0 l'inconfort et bonjour au luxe avec des chaussures con\u00e7ues pour les personnes exigeantes.<\/p>\n<p>La semelle EVA haute performance compl\u00e8te la tige et la doublure en cuir. Ce mat\u00e9riau l\u00e9ger et flexible offre un excellent amorti et une bonne absorption des chocs, pour que chaque pas soit un plaisir. La semelle en EVA offre une traction fiable et une durabilit\u00e9 remarquable, garantissant \u00e0 ces chaussures un confort optimal. <strong>baskets en cuir marron pour hommes<\/strong> seront un \u00e9l\u00e9ment essentiel de votre garde-robe pour les saisons \u00e0 venir. De leur construction robuste \u00e0 leur esth\u00e9tique raffin\u00e9e, ces chaussures sont plus que de simples chaussures d\u00e9contract\u00e9es ; elles sont un investissement dans un style durable et un confort in\u00e9gal\u00e9. D\u00e9couvrez la diff\u00e9rence que font les mat\u00e9riaux de qualit\u00e9 sup\u00e9rieure.<\/p>\n<h3>Un style polyvalent pour toutes les occasions<\/h3>\n<p>L'attrait intemporel de ces <strong>baskets en cuir marron pour hommes<\/strong> les rend incroyablement polyvalents. Elles sont con\u00e7ues pour rehausser tout ensemble d\u00e9contract\u00e9, en y ajoutant une touche de sophistication raffin\u00e9e. Vous pouvez les associer \u00e0 un jean fonc\u00e9 et \u00e0 une chemise boutonn\u00e9e pour un look chic et d\u00e9contract\u00e9, ou \u00e0 un pantalon chino clair et \u00e0 un polo pour un look d\u00e9contract\u00e9 mais raffin\u00e9. La riche couleur marron offre un ton terreux et classique qui s'harmonise avec un large \u00e9ventail de couleurs et de styles. <strong>baskets en cuir marron pour hommes<\/strong> un compl\u00e9ment indispensable \u00e0 toute garde-robe. Rehaussez votre style de tous les jours sans compromettre votre confort.<\/p>\n<h3>Possibilit\u00e9s de vente en gros et dimensionnement<\/h3>\n<p>Nos baskets en cuir marron de qualit\u00e9 sup\u00e9rieure pour hommes sont disponibles dans une gamme compl\u00e8te de pointures allant du 40 au 44, et s'adressent \u00e0 une large client\u00e8le. Pour les d\u00e9taillants et les entreprises qui souhaitent stocker des chaussures de haute qualit\u00e9, nous proposons des options de vente en gros attrayantes. La quantit\u00e9 minimale de commande pour ces <strong>baskets en cuir marron pour hommes<\/strong> est de 16 paires, ce qui vous permet de r\u00e9pondre facilement \u00e0 la demande tout en offrant \u00e0 vos clients un produit de qualit\u00e9 sup\u00e9rieure et attrayant. Ne manquez pas l'occasion d'offrir \u00e0 vos clients des chaussures de qualit\u00e9 sup\u00e9rieure. <strong>baskets en cuir marron pour hommes<\/strong> qui allient luxe, confort et style durable.<\/p>","protected":false},"excerpt":{"rendered":"<ul>\n<li>Fabriqu\u00e9 de mani\u00e8re experte en cuir de veau v\u00e9ritable pour une durabilit\u00e9 et un style sup\u00e9rieurs.<\/li>\n<li>Doublure en cuir de ch\u00e8vre luxueux, assurant une respirabilit\u00e9 et un confort exceptionnels.<\/li>\n<li>\u00c9quip\u00e9e d'une semelle EVA l\u00e9g\u00e8re et flexible pour une portabilit\u00e9 tout au long de la journ\u00e9e.<\/li>\n<li>Disponible dans les tailles populaires pour hommes : 40, 41, 42, 43, 44.<\/li>\n<li>Id\u00e9ale pour les sorties d\u00e9contract\u00e9es et les \u00e9v\u00e9nements chics et d\u00e9contract\u00e9s, elle offre un style polyvalent.<\/li>\n<li>Possibilit\u00e9 de vente en gros avec une commande minimum de 16 paires.<\/li>\n<\/ul>","protected":false},"featured_media":7096,"template":"","meta":{"_acf_changed":false,"_uag_custom_page_level_css":"","site-sidebar-layout":"default","site-content-layout":"","ast-site-content-layout":"default","site-content-style":"default","site-sidebar-style":"default","ast-global-header-display":"","ast-banner-title-visibility":"","ast-main-header-display":"","ast-hfb-above-header-display":"","ast-hfb-below-header-display":"","ast-hfb-mobile-header-display":"","site-post-title":"","ast-breadcrumbs-content":"","ast-featured-img":"","footer-sml-layout":"","ast-disable-related-posts":"","theme-transparent-header-meta":"","adv-header-id-meta":"","stick-header-meta":"","header-above-stick-meta":"","header-main-stick-meta":"","header-below-stick-meta":"","astra-migrate-meta-layouts":"default","ast-page-background-enabled":"default","ast-page-background-meta":{"desktop":{"background-color":"var(--ast-global-color-4)","background-image":"","background-repeat":"repeat","background-position":"center center","background-size":"auto","background-attachment":"scroll","background-type":"","background-media":"","overlay-type":"","overlay-color":"","overlay-opacity":"","overlay-gradient":""},"tablet":{"background-color":"","background-image":"","background-repeat":"repeat","background-position":"center center","background-size":"auto","background-attachment":"scroll","background-type":"","background-media":"","overlay-type":"","overlay-color":"","overlay-opacity":"","overlay-gradient":""},"mobile":{"background-color":"","background-image":"","background-repeat":"repeat","background-position":"center center","background-size":"auto","background-attachment":"scroll","background-type":"","background-media":"","overlay-type":"","overlay-color":"","overlay-opacity":"","overlay-gradient":""}},"ast-content-background-meta":{"desktop":{"background-color":"var(--ast-global-color-5)","background-image":"","background-repeat":"repeat","background-position":"center center","background-size":"auto","background-attachment":"scroll","background-type":"","background-media":"","overlay-type":"","overlay-color":"","overlay-opacity":"","overlay-gradient":""},"tablet":{"background-color":"var(--ast-global-color-5)","background-image":"","background-repeat":"repeat","background-position":"center center","background-size":"auto","background-attachment":"scroll","background-type":"","background-media":"","overlay-type":"","overlay-color":"","overlay-opacity":"","overlay-gradient":""},"mobile":{"background-color":"var(--ast-global-color-5)","background-image":"","background-repeat":"repeat","background-position":"center center","background-size":"auto","background-attachment":"scroll","background-type":"","background-media":"","overlay-type":"","overlay-color":"","overlay-opacity":"","overlay-gradient":""}}},"product_brand":[],"product_cat":[48,430,1200,50],"product_tag":[292,1343,241,222,438,189,365,198,214,1123],"class_list":{"0":"post-7899","1":"product","2":"type-product","3":"status-publish","4":"has-post-thumbnail","6":"product_cat-casual","7":"product_cat-men","8":"product_cat-mens-shoes-2","9":"product_cat-sneakers","10":"product_tag-brown-leather-shoes","11":"product_tag-calfskin-sneakers","12":"product_tag-casual-footwear","13":"product_tag-comfortable-shoes","14":"product_tag-eva-sole","15":"product_tag-goat-leather-lining","16":"product_tag-luxury-sneakers","17":"product_tag-mens-fashion","18":"product_tag-mens-sneakers","19":"product_tag-wholesale-sneakers","20":"desktop-align-center","21":"tablet-align-center","22":"mobile-align-center","24":"first","25":"instock","26":"shipping-taxable","27":"purchasable","28":"product-type-variable","29":"has-default-attributes"},"acf":[],"uagb_featured_image_src":{"full":["https:\/\/turkishtrade.co\/wp-content\/uploads\/2026\/01\/2600FKHMN00001-BROWN.png",453,250,false],"thumbnail":["https:\/\/turkishtrade.co\/wp-content\/uploads\/2026\/01\/2600FKHMN00001-BROWN-150x150.png",150,150,true],"medium":["https:\/\/turkishtrade.co\/wp-content\/uploads\/2026\/01\/2600FKHMN00001-BROWN-300x166.png",300,166,true],"medium_large":["https:\/\/turkishtrade.co\/wp-content\/uploads\/2026\/01\/2600FKHMN00001-BROWN.png",453,250,false],"large":["https:\/\/turkishtrade.co\/wp-content\/uploads\/2026\/01\/2600FKHMN00001-BROWN.png",453,250,false],"1536x1536":["https:\/\/turkishtrade.co\/wp-content\/uploads\/2026\/01\/2600FKHMN00001-BROWN.png",453,250,false],"2048x2048":["https:\/\/turkishtrade.co\/wp-content\/uploads\/2026\/01\/2600FKHMN00001-BROWN.png",453,250,false],"trp-custom-language-flag":["https:\/\/turkishtrade.co\/wp-content\/uploads\/2026\/01\/2600FKHMN00001-BROWN-18x10.png",18,10,true],"woocommerce_thumbnail":["https:\/\/turkishtrade.co\/wp-content\/uploads\/2026\/01\/2600FKHMN00001-BROWN-400x250.png",400,250,true],"woocommerce_single":["https:\/\/turkishtrade.co\/wp-content\/uploads\/2026\/01\/2600FKHMN00001-BROWN.png",453,250,false],"woocommerce_gallery_thumbnail":["https:\/\/turkishtrade.co\/wp-content\/uploads\/2026\/01\/2600FKHMN00001-BROWN-100x100.png",100,100,true]},"uagb_author_info":{"display_name":"python python","author_link":"https:\/\/turkishtrade.co\/fr\/author\/"},"uagb_comment_info":0,"uagb_excerpt":"Expertly crafted from genuine calfskin leather for superior durability and style. Features a luxurious goat leather lining, ensuring exceptional breathability and comfort. Equipped with a lightweight and flexible EVA sole for all-day wearability. Available in popular men's sizes: 40, 41, 42, 43, 44. Ideal for both casual outings and smart-casual events, offering versatile styling. Wholesale\u2026","_links":{"self":[{"href":"https:\/\/turkishtrade.co\/fr\/wp-json\/wp\/v2\/product\/7899","targetHints":{"allow":["GET"]}}],"collection":[{"href":"https:\/\/turkishtrade.co\/fr\/wp-json\/wp\/v2\/product"}],"about":[{"href":"https:\/\/turkishtrade.co\/fr\/wp-json\/wp\/v2\/types\/product"}],"wp:featuredmedia":[{"embeddable":true,"href":"https:\/\/turkishtrade.co\/fr\/wp-json\/wp\/v2\/media\/7096"}],"wp:attachment":[{"href":"https:\/\/turkishtrade.co\/fr\/wp-json\/wp\/v2\/media?parent=7899"}],"wp:term":[{"taxonomy":"product_brand","embeddable":true,"href":"https:\/\/turkishtrade.co\/fr\/wp-json\/wp\/v2\/product_brand?post=7899"},{"taxonomy":"product_cat","embeddable":true,"href":"https:\/\/turkishtrade.co\/fr\/wp-json\/wp\/v2\/product_cat?post=7899"},{"taxonomy":"product_tag","embeddable":true,"href":"https:\/\/turkishtrade.co\/fr\/wp-json\/wp\/v2\/product_tag?post=7899"}],"curies":[{"name":"wp","href":"https:\/\/api.w.org\/{rel}","templated":true}]}}