{"id":6554,"date":"2026-01-26T13:08:10","date_gmt":"2026-01-26T13:08:10","guid":{"rendered":"https:\/\/turkishtrade.co\/?post_type=product&#038;p=6554"},"modified":"2026-04-09T19:08:56","modified_gmt":"2026-04-09T19:08:56","slug":"exclusive-mens-suede-brogue-shoes-premium-leather-footwear","status":"publish","type":"product","link":"https:\/\/turkishtrade.co\/fr\/shop\/exclusive-mens-suede-brogue-shoes-premium-leather-footwear\/","title":{"rendered":"Chaussures \u00e9l\u00e9gantes en daim et en cuir pour hommes"},"content":{"rendered":"<p><strong>Chaussures Brogue en daim pour hommes<\/strong><\/p>\n<p>\u00c9levez votre collection de chaussures gr\u00e2ce \u00e0 nos chaussures exquises. <b>Chaussures Brogue en daim pour hommes<\/b>, Ces chaussures sont con\u00e7ues pour le gentleman moderne qui appr\u00e9cie \u00e0 la fois le style et le confort. Il ne s'agit pas de n'importe quelles chaussures, mais d'une d\u00e9claration d'\u00e9l\u00e9gance d\u00e9contract\u00e9e et sophistiqu\u00e9e, parfaite pour une myriade d'occasions. Que vous vous habilliez pour un \u00e9v\u00e9nement professionnel d\u00e9contract\u00e9 ou que vous recherchiez une touche de raffinement pour votre tenue de week-end, ces chaussures sont faites pour vous. <b>Chaussures Brogue en daim pour hommes<\/b> offrir une distinction in\u00e9gal\u00e9e.<\/p>\n<h3>Un savoir-faire in\u00e9gal\u00e9 et des mat\u00e9riaux de premi\u00e8re qualit\u00e9<\/h3>\n<p>Fabriqu\u00e9 avec une attention m\u00e9ticuleuse aux d\u00e9tails, l'ext\u00e9rieur est recouvert d'un luxueux daim de vache, offrant une texture douce et une finition raffin\u00e9e. Les d\u00e9tails brogue \u00e0 bouts papillons classiques et les perforations complexes ajoutent un charme intemporel qui renvoie \u00e0 la cordonnerie traditionnelle tout en restant tout \u00e0 fait contemporain. Disponibles dans des teintes polyvalentes telles qu'un riche bronzage (comme on peut le voir sur la premi\u00e8re image) et un bleu marine profond et sophistiqu\u00e9 (pr\u00e9sent\u00e9 sur la seconde image), ces <b>Chaussures Brogue en daim pour hommes<\/b> offrent des options qui s'int\u00e8grent parfaitement \u00e0 toutes les garde-robes.<\/p>\n<h3>Un confort sup\u00e9rieur \u00e0 chaque pas<\/h3>\n<p>Au-del\u00e0 de leur esth\u00e9tique saisissante, le confort est primordial. L'int\u00e9rieur est doubl\u00e9 de cuir de ch\u00e8vre souple, garantissant un environnement doux et respirant pour vos pieds tout au long de la journ\u00e9e. Dites adieu \u00e0 l'inconfort, car les propri\u00e9t\u00e9s naturelles du cuir de ch\u00e8vre procurent une sensation incroyablement douce sur la peau.<\/p>\n<p>Cet int\u00e9rieur haut de gamme est compl\u00e9t\u00e9 par une semelle EVA de pointe, con\u00e7ue pour offrir une l\u00e9g\u00e8ret\u00e9 et un amorti exceptionnels. Cette semelle innovante, associ\u00e9e \u00e0 un talon subtil de 1 \u00e0 3 cm, absorbe les chocs et offre une flexibilit\u00e9 exceptionnelle, ce qui fait de ces chaussures des chaussures de sport de qualit\u00e9. <b>Chaussures Brogue en daim pour hommes<\/b> id\u00e9al pour une utilisation prolong\u00e9e. Ces <b>Chaussures Brogue en daim pour hommes<\/b> combinent v\u00e9ritablement l'attrait classique et le confort moderne.<\/p>\n<h3>Taille, disponibilit\u00e9 et commandes personnalis\u00e9es<\/h3>\n<p>Nous comprenons les besoins de nos clients les plus exigeants, c'est pourquoi ces produits de haute qualit\u00e9 ont \u00e9t\u00e9 con\u00e7us pour r\u00e9pondre aux besoins des consommateurs les plus exigeants. <b>Chaussures Brogue en daim pour hommes<\/b> sont propos\u00e9es dans une gamme compl\u00e8te de tailles allant de l'UE 39 \u00e0 l'UE 45. Pour les d\u00e9taillants et les entreprises qui souhaitent stocker des chaussures de qualit\u00e9 sup\u00e9rieure, nous proposons des options de vente en gros attrayantes avec une quantit\u00e9 minimale de commande de 8 paires. Chaque paire de ces chaussures exceptionnelles <b>Chaussures Brogue en daim pour hommes<\/b> est fabriqu\u00e9 sur commande, avec un d\u00e9lai de livraison d'environ 12 jours plus les frais d'exp\u00e9dition, ce qui vous garantit un produit fabriqu\u00e9 avec soin et pr\u00e9cision.<\/p>\n<p>Investissez dans une paire de <b>Chaussures Brogue en daim pour hommes<\/b> et d\u00e9couvrez le m\u00e9lange parfait de tradition, d'innovation et de confort supr\u00eame.<\/p>","protected":false},"excerpt":{"rendered":"<ul>\n<li><b>Mat\u00e9riaux de premi\u00e8re qualit\u00e9 :<\/b> Fabriqu\u00e9 avec une luxueuse tige en daim de vache et une doublure en cuir de ch\u00e8vre souple pour un confort et une durabilit\u00e9 exceptionnels.<\/li>\n<li><b>L\u00e9ger Confort :<\/b> Elle est dot\u00e9e d'une semelle EVA avanc\u00e9e qui offre un amorti sup\u00e9rieur et une d\u00e9marche l\u00e9g\u00e8re, avec un talon classique de 1 \u00e0 3 cm.<\/li>\n<li><b>Style brogue classique :<\/b> \u00c9l\u00e9gants d\u00e9tails en pointe d'aile et design classique \u00e0 lacets, parfaits pour les occasions d\u00e9contract\u00e9es et semi-formelles.<\/li>\n<li><b>Tailles disponibles :<\/b> Propos\u00e9 dans une gamme compl\u00e8te de tailles allant de 39 \u00e0 45 (UE).<\/li>\n<li><b>Disponibilit\u00e9 en gros :<\/b> Commande minimum de 8 paires, id\u00e9al pour les d\u00e9taillants et les achats en gros.<\/li>\n<\/ul>","protected":false},"featured_media":3835,"template":"","meta":{"_acf_changed":false,"_uag_custom_page_level_css":"","site-sidebar-layout":"default","site-content-layout":"","ast-site-content-layout":"default","site-content-style":"default","site-sidebar-style":"default","ast-global-header-display":"","ast-banner-title-visibility":"","ast-main-header-display":"","ast-hfb-above-header-display":"","ast-hfb-below-header-display":"","ast-hfb-mobile-header-display":"","site-post-title":"","ast-breadcrumbs-content":"","ast-featured-img":"","footer-sml-layout":"","ast-disable-related-posts":"","theme-transparent-header-meta":"default","adv-header-id-meta":"","stick-header-meta":"","header-above-stick-meta":"","header-main-stick-meta":"","header-below-stick-meta":"","astra-migrate-meta-layouts":"set","ast-page-background-enabled":"default","ast-page-background-meta":{"desktop":{"background-color":"var(--ast-global-color-4)","background-image":"","background-repeat":"repeat","background-position":"center center","background-size":"auto","background-attachment":"scroll","background-type":"","background-media":"","overlay-type":"","overlay-color":"","overlay-opacity":"","overlay-gradient":""},"tablet":{"background-color":"","background-image":"","background-repeat":"repeat","background-position":"center center","background-size":"auto","background-attachment":"scroll","background-type":"","background-media":"","overlay-type":"","overlay-color":"","overlay-opacity":"","overlay-gradient":""},"mobile":{"background-color":"","background-image":"","background-repeat":"repeat","background-position":"center center","background-size":"auto","background-attachment":"scroll","background-type":"","background-media":"","overlay-type":"","overlay-color":"","overlay-opacity":"","overlay-gradient":""}},"ast-content-background-meta":{"desktop":{"background-color":"var(--ast-global-color-5)","background-image":"","background-repeat":"repeat","background-position":"center center","background-size":"auto","background-attachment":"scroll","background-type":"","background-media":"","overlay-type":"","overlay-color":"","overlay-opacity":"","overlay-gradient":""},"tablet":{"background-color":"var(--ast-global-color-5)","background-image":"","background-repeat":"repeat","background-position":"center center","background-size":"auto","background-attachment":"scroll","background-type":"","background-media":"","overlay-type":"","overlay-color":"","overlay-opacity":"","overlay-gradient":""},"mobile":{"background-color":"var(--ast-global-color-5)","background-image":"","background-repeat":"repeat","background-position":"center center","background-size":"auto","background-attachment":"scroll","background-type":"","background-media":"","overlay-type":"","overlay-color":"","overlay-opacity":"","overlay-gradient":""}}},"product_brand":[],"product_cat":[152,48,151,47,430,40],"product_tag":[672,781,212,438,959,189,227,1030,225,1032,283,1031,281,702],"class_list":{"0":"post-6554","1":"product","2":"type-product","3":"status-publish","4":"has-post-thumbnail","6":"product_cat-casual-2","7":"product_cat-casual","8":"product_cat-classic-2","9":"product_cat-classic","10":"product_cat-men","11":"product_cat-mens-shoes","12":"product_tag-brogues","13":"product_tag-cowhide-shoes","14":"product_tag-derby-shoes","15":"product_tag-eva-sole","16":"product_tag-formal-casual-shoes","17":"product_tag-goat-leather-lining","18":"product_tag-leather-shoes","19":"product_tag-mens-suede-brogue-shoes","20":"product_tag-mens-footwear","21":"product_tag-navy-suede","22":"product_tag-suede-shoes","23":"product_tag-tan-suede","24":"product_tag-wholesale-shoes","25":"product_tag-wingtip-shoes","26":"desktop-align-center","27":"tablet-align-center","28":"mobile-align-center","30":"first","31":"instock","32":"shipping-taxable","33":"purchasable","34":"product-type-variable","35":"has-default-attributes"},"acf":[],"uagb_featured_image_src":{"full":["https:\/\/turkishtrade.co\/wp-content\/uploads\/2026\/01\/2400EJOMN00236-DARK-BLUE-DKS_435-4-USD.png",453,250,false],"thumbnail":["https:\/\/turkishtrade.co\/wp-content\/uploads\/2026\/01\/2400EJOMN00236-DARK-BLUE-DKS_435-4-USD-150x150.png",150,150,true],"medium":["https:\/\/turkishtrade.co\/wp-content\/uploads\/2026\/01\/2400EJOMN00236-DARK-BLUE-DKS_435-4-USD-300x166.png",300,166,true],"medium_large":["https:\/\/turkishtrade.co\/wp-content\/uploads\/2026\/01\/2400EJOMN00236-DARK-BLUE-DKS_435-4-USD.png",453,250,false],"large":["https:\/\/turkishtrade.co\/wp-content\/uploads\/2026\/01\/2400EJOMN00236-DARK-BLUE-DKS_435-4-USD.png",453,250,false],"1536x1536":["https:\/\/turkishtrade.co\/wp-content\/uploads\/2026\/01\/2400EJOMN00236-DARK-BLUE-DKS_435-4-USD.png",453,250,false],"2048x2048":["https:\/\/turkishtrade.co\/wp-content\/uploads\/2026\/01\/2400EJOMN00236-DARK-BLUE-DKS_435-4-USD.png",453,250,false],"trp-custom-language-flag":["https:\/\/turkishtrade.co\/wp-content\/uploads\/2026\/01\/2400EJOMN00236-DARK-BLUE-DKS_435-4-USD-18x10.png",18,10,true],"woocommerce_thumbnail":["https:\/\/turkishtrade.co\/wp-content\/uploads\/2026\/01\/2400EJOMN00236-DARK-BLUE-DKS_435-4-USD-400x250.png",400,250,true],"woocommerce_single":["https:\/\/turkishtrade.co\/wp-content\/uploads\/2026\/01\/2400EJOMN00236-DARK-BLUE-DKS_435-4-USD.png",453,250,false],"woocommerce_gallery_thumbnail":["https:\/\/turkishtrade.co\/wp-content\/uploads\/2026\/01\/2400EJOMN00236-DARK-BLUE-DKS_435-4-USD-100x100.png",100,100,true]},"uagb_author_info":{"display_name":"python python","author_link":"https:\/\/turkishtrade.co\/fr\/author\/"},"uagb_comment_info":0,"uagb_excerpt":"Premium Materials: Crafted with a luxurious cowhide suede upper and soft goat leather lining for exceptional comfort and durability. Lightweight Comfort: Features an advanced EVA sole providing superior cushioning and a light step, with a classic 1-3 cm heel. Classic Brogue Style: Elegant wingtip detailing and classic lace-up design, perfect for both casual and semi-formal\u2026","_links":{"self":[{"href":"https:\/\/turkishtrade.co\/fr\/wp-json\/wp\/v2\/product\/6554","targetHints":{"allow":["GET"]}}],"collection":[{"href":"https:\/\/turkishtrade.co\/fr\/wp-json\/wp\/v2\/product"}],"about":[{"href":"https:\/\/turkishtrade.co\/fr\/wp-json\/wp\/v2\/types\/product"}],"wp:featuredmedia":[{"embeddable":true,"href":"https:\/\/turkishtrade.co\/fr\/wp-json\/wp\/v2\/media\/3835"}],"wp:attachment":[{"href":"https:\/\/turkishtrade.co\/fr\/wp-json\/wp\/v2\/media?parent=6554"}],"wp:term":[{"taxonomy":"product_brand","embeddable":true,"href":"https:\/\/turkishtrade.co\/fr\/wp-json\/wp\/v2\/product_brand?post=6554"},{"taxonomy":"product_cat","embeddable":true,"href":"https:\/\/turkishtrade.co\/fr\/wp-json\/wp\/v2\/product_cat?post=6554"},{"taxonomy":"product_tag","embeddable":true,"href":"https:\/\/turkishtrade.co\/fr\/wp-json\/wp\/v2\/product_tag?post=6554"}],"curies":[{"name":"wp","href":"https:\/\/api.w.org\/{rel}","templated":true}]}}