{"id":6538,"date":"2026-01-26T12:30:50","date_gmt":"2026-01-26T12:30:50","guid":{"rendered":"https:\/\/turkishtrade.co\/?post_type=product&#038;p=6538"},"modified":"2026-04-09T19:09:20","modified_gmt":"2026-04-09T19:09:20","slug":"luxurious-mens-green-suede-loafers","status":"publish","type":"product","link":"https:\/\/turkishtrade.co\/fr\/shop\/luxurious-mens-green-suede-loafers\/","title":{"rendered":"Premium Men's comfort Green Suede Tassel Loafers"},"content":{"rendered":"<p>Am\u00e9liorez votre collection de chaussures gr\u00e2ce \u00e0 notre collection unique de chaussures de sport. <strong>mocassins en daim vert pour hommes<\/strong>. Con\u00e7us pour les hommes exigeants qui appr\u00e9cient \u00e0 la fois le style et le confort, ces mocassins t\u00e9moignent d'un savoir-faire de qualit\u00e9 sup\u00e9rieure. La teinte verte vibrante est appliqu\u00e9e m\u00e9ticuleusement sur un cuir de veau de premi\u00e8re qualit\u00e9, cr\u00e9ant une texture riche et luxueuse qui se remarque instantan\u00e9ment. Il ne s'agit pas de simples chaussures, mais d'une d\u00e9claration, qui allie parfaitement l'\u00e9l\u00e9gance traditionnelle des mocassins \u00e0 une palette de couleurs contemporaines.<\/p>\n<p>Chaque d\u00e9tail de ces <strong>mocassins en daim vert<\/strong> a \u00e9t\u00e9 soigneusement \u00e9tudi\u00e9e pour garantir une exp\u00e9rience de port exceptionnelle. L'ext\u00e9rieur, en cuir de veau v\u00e9ritable, offre une finition \u00e0 la fois douce et durable qui se moule \u00e0 votre pied au fil du temps, pour un confort in\u00e9gal\u00e9. En compl\u00e9ment, l'int\u00e9rieur est doubl\u00e9 d'un cuir de ch\u00e8vre incroyablement doux, r\u00e9put\u00e9 pour sa respirabilit\u00e9 et sa douceur au contact de la peau. Cette double construction en cuir garantit un confort maximal, m\u00eame en cas de port prolong\u00e9, ce qui en fait un choix id\u00e9al pour diverses occasions.<\/p>\n<h3>Un confort et une durabilit\u00e9 in\u00e9gal\u00e9s<\/h3>\n<p>Le fondement de ces superbes <strong>mocassins en daim vert pour hommes<\/strong> repose sur une semelle en caoutchouc de haute qualit\u00e9. Con\u00e7ue pour \u00eatre flexible et offrir une excellente adh\u00e9rence, cette semelle assure stabilit\u00e9 et confort \u00e0 chaque pas. Avec une hauteur de talon subtile de 1 \u00e0 3 cm, ces mocassins offrent juste ce qu'il faut de hauteur sans compromettre un profil classique et d\u00e9contract\u00e9. La construction robuste garantit la long\u00e9vit\u00e9 de ces mocassins \u00e9l\u00e9gants, qui feront partie de votre garde-robe pendant de nombreuses saisons. Les surpiq\u00fbres blanches contrastantes et l'\u00e9l\u00e9gant pompon ajoutent une touche de raffinement \u00e0 ces mocassins. <strong>mocassins en daim<\/strong> \u00e0 part les chaussures ordinaires.<\/p>\n<p>Que vous vous habilliez pour une sortie d\u00e9contract\u00e9e le week-end, pour un environnement de travail \u00e9l\u00e9gant et d\u00e9contract\u00e9 ou pour une r\u00e9union sociale sophistiqu\u00e9e, ces v\u00eatements sont parfaits pour une sortie d\u00e9contract\u00e9e le week-end. <strong>mocassins en daim vert pour hommes<\/strong> sont incroyablement polyvalentes. Elles s'associent sans effort avec des chinos, des jeans ou m\u00eame des costumes l\u00e9gers, offrant une alternative fra\u00eeche aux couleurs de chaussures standard. Leur design accrocheur en fait un sujet de conversation instantan\u00e9, permettant \u00e0 votre style personnel de briller. D\u00e9couvrez la fusion parfaite entre le design traditionnel et le flair moderne avec notre collection exquise.<\/p>\n<h3>Opportunit\u00e9s de vente en gros pour les d\u00e9taillants<\/h3>\n<p>Pour les d\u00e9taillants qui souhaitent offrir \u00e0 leurs clients un produit unique et de grande qualit\u00e9, ces <strong>mocassins en daim vert<\/strong> sont disponibles \u00e0 l'achat en gros. Nous demandons une quantit\u00e9 minimale de 200 paires, ce qui vous permet de stocker cet article populaire. Notre processus de production efficace garantit une livraison dans les 12 jours, plus le temps d'exp\u00e9dition, ce qui vous permet d'introduire rapidement ces chaussures d\u00e9sirables. <strong>mocassins en daim vert pour hommes<\/strong> \u00e0 votre client\u00e8le. Associez-vous \u00e0 nous pour proposer des chaussures exceptionnelles qui allient luxe, confort et style distinctif, r\u00e9pondant ainsi \u00e0 la demande de chaussures haut de gamme. <strong>mocassins en daim<\/strong>.<\/p>","protected":false},"excerpt":{"rendered":"<ul>\n<li>Mocassins exquis en daim vert pour hommes, parfaits pour ajouter une touche de couleur \u00e0 n'importe quel ensemble.<\/li>\n<li>Fabriqu\u00e9 avec un luxueux cuir de veau, il offre une sensation de qualit\u00e9 sup\u00e9rieure et un aspect sophistiqu\u00e9.<\/li>\n<li>Doublure int\u00e9rieure en cuir de ch\u00e8vre somptueusement doux pour un confort sup\u00e9rieur et une meilleure respirabilit\u00e9.<\/li>\n<li>Semelle en caoutchouc durable et flexible, assurant une excellente traction et une usure durable, avec une hauteur de talon subtile de 1 \u00e0 3 cm.<\/li>\n<li>Le d\u00e9tail de la houppe et les \u00e9l\u00e9gantes coutures blanches contrastantes rehaussent le design distinctif de ce mocassin.<\/li>\n<li>Disponible dans une large gamme de tailles allant de l'UE 39 \u00e0 45.<\/li>\n<li><strong>Opportunit\u00e9 de vente en gros :<\/strong> Quantit\u00e9 minimale de commande de 200 paires. Livraison dans les 12 jours, plus les frais d'exp\u00e9dition.<\/li>\n<\/ul>","protected":false},"featured_media":6505,"template":"","meta":{"_acf_changed":false,"_uag_custom_page_level_css":"","site-sidebar-layout":"default","site-content-layout":"","ast-site-content-layout":"default","site-content-style":"default","site-sidebar-style":"default","ast-global-header-display":"","ast-banner-title-visibility":"","ast-main-header-display":"","ast-hfb-above-header-display":"","ast-hfb-below-header-display":"","ast-hfb-mobile-header-display":"","site-post-title":"","ast-breadcrumbs-content":"","ast-featured-img":"","footer-sml-layout":"","ast-disable-related-posts":"","theme-transparent-header-meta":"default","adv-header-id-meta":"","stick-header-meta":"","header-above-stick-meta":"","header-main-stick-meta":"","header-below-stick-meta":"","astra-migrate-meta-layouts":"set","ast-page-background-enabled":"default","ast-page-background-meta":{"desktop":{"background-color":"var(--ast-global-color-4)","background-image":"","background-repeat":"repeat","background-position":"center center","background-size":"auto","background-attachment":"scroll","background-type":"","background-media":"","overlay-type":"","overlay-color":"","overlay-opacity":"","overlay-gradient":""},"tablet":{"background-color":"","background-image":"","background-repeat":"repeat","background-position":"center center","background-size":"auto","background-attachment":"scroll","background-type":"","background-media":"","overlay-type":"","overlay-color":"","overlay-opacity":"","overlay-gradient":""},"mobile":{"background-color":"","background-image":"","background-repeat":"repeat","background-position":"center center","background-size":"auto","background-attachment":"scroll","background-type":"","background-media":"","overlay-type":"","overlay-color":"","overlay-opacity":"","overlay-gradient":""}},"ast-content-background-meta":{"desktop":{"background-color":"var(--ast-global-color-5)","background-image":"","background-repeat":"repeat","background-position":"center center","background-size":"auto","background-attachment":"scroll","background-type":"","background-media":"","overlay-type":"","overlay-color":"","overlay-opacity":"","overlay-gradient":""},"tablet":{"background-color":"var(--ast-global-color-5)","background-image":"","background-repeat":"repeat","background-position":"center center","background-size":"auto","background-attachment":"scroll","background-type":"","background-media":"","overlay-type":"","overlay-color":"","overlay-opacity":"","overlay-gradient":""},"mobile":{"background-color":"var(--ast-global-color-5)","background-image":"","background-repeat":"repeat","background-position":"center center","background-size":"auto","background-attachment":"scroll","background-type":"","background-media":"","overlay-type":"","overlay-color":"","overlay-opacity":"","overlay-gradient":""}}},"product_brand":[],"product_cat":[152,48,430,40],"product_tag":[1178,555,449,220,221,908,1177,1179,384,186,184,210,149,349,281],"class_list":{"0":"post-6538","1":"product","2":"type-product","3":"status-publish","4":"has-post-thumbnail","6":"product_cat-casual-2","7":"product_cat-casual","8":"product_cat-men","9":"product_cat-mens-shoes","10":"product_tag-bespoke-shoes","11":"product_tag-calfskin-loafers","12":"product_tag-casual-shoes","13":"product_tag-comfortable-loafers","14":"product_tag-genuine-leather","15":"product_tag-goat-leather-shoes","16":"product_tag-green-loafers","17":"product_tag-green-suede","18":"product_tag-luxury-loafers","19":"product_tag-mens-loafers","20":"product_tag-slip-on-shoes","21":"product_tag-smart-casual","22":"product_tag-suede-loafers","23":"product_tag-tassel-loafers","24":"product_tag-wholesale-shoes","25":"desktop-align-center","26":"tablet-align-center","27":"mobile-align-center","29":"first","30":"instock","31":"sale","32":"shipping-taxable","33":"purchasable","34":"product-type-variable","35":"has-default-attributes"},"acf":[],"uagb_featured_image_src":{"full":["https:\/\/turkishtrade.co\/wp-content\/uploads\/2026\/01\/2400EJOMN00393-STONE-X_172.png",453,250,false],"thumbnail":["https:\/\/turkishtrade.co\/wp-content\/uploads\/2026\/01\/2400EJOMN00393-STONE-X_172-150x150.png",150,150,true],"medium":["https:\/\/turkishtrade.co\/wp-content\/uploads\/2026\/01\/2400EJOMN00393-STONE-X_172-300x166.png",300,166,true],"medium_large":["https:\/\/turkishtrade.co\/wp-content\/uploads\/2026\/01\/2400EJOMN00393-STONE-X_172.png",453,250,false],"large":["https:\/\/turkishtrade.co\/wp-content\/uploads\/2026\/01\/2400EJOMN00393-STONE-X_172.png",453,250,false],"1536x1536":["https:\/\/turkishtrade.co\/wp-content\/uploads\/2026\/01\/2400EJOMN00393-STONE-X_172.png",453,250,false],"2048x2048":["https:\/\/turkishtrade.co\/wp-content\/uploads\/2026\/01\/2400EJOMN00393-STONE-X_172.png",453,250,false],"trp-custom-language-flag":["https:\/\/turkishtrade.co\/wp-content\/uploads\/2026\/01\/2400EJOMN00393-STONE-X_172-18x10.png",18,10,true],"woocommerce_thumbnail":["https:\/\/turkishtrade.co\/wp-content\/uploads\/2026\/01\/2400EJOMN00393-STONE-X_172-400x250.png",400,250,true],"woocommerce_single":["https:\/\/turkishtrade.co\/wp-content\/uploads\/2026\/01\/2400EJOMN00393-STONE-X_172.png",453,250,false],"woocommerce_gallery_thumbnail":["https:\/\/turkishtrade.co\/wp-content\/uploads\/2026\/01\/2400EJOMN00393-STONE-X_172-100x100.png",100,100,true]},"uagb_author_info":{"display_name":"python python","author_link":"https:\/\/turkishtrade.co\/fr\/author\/"},"uagb_comment_info":0,"uagb_excerpt":"Exquisite men's green suede loafers, perfect for adding a pop of color to any ensemble. Crafted with a luxurious calfskin leather exterior, offering a premium feel and sophisticated look. Features a sumptuously soft goat leather interior lining for superior comfort and breathability. Durable and flexible rubber sole, ensuring excellent traction and lasting wear with a\u2026","_links":{"self":[{"href":"https:\/\/turkishtrade.co\/fr\/wp-json\/wp\/v2\/product\/6538","targetHints":{"allow":["GET"]}}],"collection":[{"href":"https:\/\/turkishtrade.co\/fr\/wp-json\/wp\/v2\/product"}],"about":[{"href":"https:\/\/turkishtrade.co\/fr\/wp-json\/wp\/v2\/types\/product"}],"wp:featuredmedia":[{"embeddable":true,"href":"https:\/\/turkishtrade.co\/fr\/wp-json\/wp\/v2\/media\/6505"}],"wp:attachment":[{"href":"https:\/\/turkishtrade.co\/fr\/wp-json\/wp\/v2\/media?parent=6538"}],"wp:term":[{"taxonomy":"product_brand","embeddable":true,"href":"https:\/\/turkishtrade.co\/fr\/wp-json\/wp\/v2\/product_brand?post=6538"},{"taxonomy":"product_cat","embeddable":true,"href":"https:\/\/turkishtrade.co\/fr\/wp-json\/wp\/v2\/product_cat?post=6538"},{"taxonomy":"product_tag","embeddable":true,"href":"https:\/\/turkishtrade.co\/fr\/wp-json\/wp\/v2\/product_tag?post=6538"}],"curies":[{"name":"wp","href":"https:\/\/api.w.org\/{rel}","templated":true}]}}