{"id":6199,"date":"2026-01-14T14:20:12","date_gmt":"2026-01-14T14:20:12","guid":{"rendered":"https:\/\/turkishtrade.co\/product\/mens-classic-leather-brogues\/"},"modified":"2026-04-09T19:09:25","modified_gmt":"2026-04-09T19:09:25","slug":"mens-classic-leather-brogues","status":"publish","type":"product","link":"https:\/\/turkishtrade.co\/fr\/shop\/mens-classic-leather-brogues\/","title":{"rendered":"Brogues classiques en cuir pour hommes - Chaussures habill\u00e9es en cuir de veau de premi\u00e8re qualit\u00e9"},"content":{"rendered":"<p><strong>Brogues classiques en cuir pour hommes<\/strong><\/p>\n<p>Entrez dans l'\u00e9l\u00e9gance intemporelle avec notre exquise <b>Brogues classiques en cuir pour hommes<\/b>. M\u00e9ticuleusement fabriqu\u00e9es \u00e0 la perfection, ces chaussures de ville haut de gamme offrent un m\u00e9lange de style traditionnel et de confort moderne, ce qui en fait un compl\u00e9ment indispensable \u00e0 la garde-robe de tout gentleman exigeant. Disponibles en marron riche et sophistiqu\u00e9 et en bleu marine polyvalent, ces chaussures de ville de qualit\u00e9 sup\u00e9rieure offrent un m\u00e9lange de style traditionnel et de confort moderne. <b>Brogues classiques en cuir pour hommes<\/b> sont con\u00e7us pour se d\u00e9marquer, que vous vous rendiez \u00e0 une r\u00e9union d'affaires cruciale, \u00e0 un \u00e9v\u00e9nement formel ou que vous souhaitiez simplement rehausser votre tenue d\u00e9contract\u00e9e de tous les jours.<\/p>\n<p>Notre collection de <b>Brogues classiques en cuir pour hommes<\/b> vous permet d'\u00eatre toujours impeccablement habill\u00e9.<\/p>\n<h3>Un savoir-faire et des mat\u00e9riaux in\u00e9gal\u00e9s<\/h3>\n<p>Chaque paire de ces <b>Brogues classiques en cuir pour hommes<\/b> est fabriqu\u00e9 \u00e0 partir des mat\u00e9riaux les plus nobles. La surface ext\u00e9rieure est en cuir de veau souple de qualit\u00e9 sup\u00e9rieure, r\u00e9put\u00e9 pour sa durabilit\u00e9, sa finition lisse et sa capacit\u00e9 \u00e0 vieillir en beaut\u00e9. Cet ext\u00e9rieur haut de gamme est compl\u00e9t\u00e9 par une doublure en cuir de ch\u00e8vre incroyablement souple, qui garantit une bonne respirabilit\u00e9 et un confort exceptionnel \u00e0 chaque pas.<\/p>\n<p>Les d\u00e9tails brogue sur le bout du pied et les c\u00f4t\u00e9s ajoutent une touche de sophistication classique, refl\u00e9tant un h\u00e9ritage de fabrication de chaussures de qualit\u00e9. En choisissant nos <b>Brogues classiques en cuir pour hommes<\/b>, vous choisissez une qualit\u00e9 in\u00e9gal\u00e9e et une chaussure con\u00e7ue pour durer.<\/p>\n<h3>Confort et durabilit\u00e9 con\u00e7us pour vous<\/h3>\n<p>Le confort n'est pas au d\u00e9triment du style. Notre <b>Brogues classiques en cuir pour hommes<\/b> sont dot\u00e9es d'une solide semelle en caoutchouc, qui leur conf\u00e8re une excellente adh\u00e9rence et une longue dur\u00e9e de vie. Le talon subtil de 1 \u00e0 3 cm de hauteur offre juste ce qu'il faut de hauteur pour une silhouette raffin\u00e9e, sans compromettre la stabilit\u00e9 ou le confort.<\/p>\n<p>Ces <b>Brogues classiques en cuir pour hommes<\/b> sont con\u00e7ues pour r\u00e9sister aux rigueurs de l'usure quotidienne tout en conservant leur aspect impeccable. Avec des pointures allant de 39 \u00e0 45 EU, nous r\u00e9pondons aux besoins d'un large \u00e9ventail de pieds, garantissant un ajustement parfait pour un look impeccable. D\u00e9couvrez le confort durable et le style distingu\u00e9 de nos <b>Brogues classiques en cuir pour hommes<\/b>.<\/p>\n<h3>Id\u00e9al pour les acheteurs en gros<\/h3>\n<p>Pour les d\u00e9taillants et les entreprises qui souhaitent offrir \u00e0 leur client\u00e8le des chaussures de qualit\u00e9 sup\u00e9rieure, ces <b>Brogues classiques en cuir pour hommes<\/b> sont un excellent choix. Nous proposons ces chaussures de haute qualit\u00e9 en gros, avec un minimum de commande de 8 paires seulement. Cela permet des options de stockage flexibles, pour les boutiques et les grands d\u00e9taillants.<\/p>\n<p>Les commandes pour nos <b>Brogues classiques en cuir pour hommes<\/b> sont trait\u00e9s avec un d\u00e9lai de livraison estim\u00e9 \u00e0 environ 12 jours, plus les frais de port standard, ce qui garantit un processus d'achat fluide et efficace pour votre entreprise.<\/p>\n<p>Am\u00e9liorez votre inventaire et offrez \u00e0 vos clients <b>Brogues classiques en cuir pour hommes<\/b> qui se distinguent par leur qualit\u00e9 et leur design. Ces brogues ne sont pas de simples chaussures ; elles constituent un investissement dans le style et le confort durable pour vos clients les plus exigeants.<\/p>","protected":false},"excerpt":{"rendered":"<ul>\n<li>Mat\u00e9riau ext\u00e9rieur de premi\u00e8re qualit\u00e9 : Cuir de veau v\u00e9ritable 100%<\/li>\n<li>Doublure int\u00e9rieure luxueuse : Cuir de ch\u00e8vre souple<\/li>\n<li>Durable et confortable Semelle : caoutchouc<\/li>\n<li>Hauteur de talon \u00e9l\u00e9gante : 1-3 cm pour une \u00e9l\u00e9vation subtile<\/li>\n<li>Tailles disponibles : EU 39, 40, 41, 42, 43, 44, 45<\/li>\n<li>Commande minimum : 8 paires (id\u00e9al pour les acheteurs en gros)<\/li>\n<li>D\u00e9lai de livraison estim\u00e9 : 12 jours + exp\u00e9dition<\/li>\n<\/ul>","protected":false},"featured_media":4141,"template":"","meta":{"_acf_changed":false,"_uag_custom_page_level_css":"","site-sidebar-layout":"default","site-content-layout":"","ast-site-content-layout":"default","site-content-style":"default","site-sidebar-style":"default","ast-global-header-display":"","ast-banner-title-visibility":"","ast-main-header-display":"","ast-hfb-above-header-display":"","ast-hfb-below-header-display":"","ast-hfb-mobile-header-display":"","site-post-title":"","ast-breadcrumbs-content":"","ast-featured-img":"","footer-sml-layout":"","ast-disable-related-posts":"","theme-transparent-header-meta":"default","adv-header-id-meta":"","stick-header-meta":"","header-above-stick-meta":"","header-main-stick-meta":"","header-below-stick-meta":"","astra-migrate-meta-layouts":"set","ast-page-background-enabled":"default","ast-page-background-meta":{"desktop":{"background-color":"var(--ast-global-color-4)","background-image":"","background-repeat":"repeat","background-position":"center center","background-size":"auto","background-attachment":"scroll","background-type":"","background-media":"","overlay-type":"","overlay-color":"","overlay-opacity":"","overlay-gradient":""},"tablet":{"background-color":"","background-image":"","background-repeat":"repeat","background-position":"center center","background-size":"auto","background-attachment":"scroll","background-type":"","background-media":"","overlay-type":"","overlay-color":"","overlay-opacity":"","overlay-gradient":""},"mobile":{"background-color":"","background-image":"","background-repeat":"repeat","background-position":"center center","background-size":"auto","background-attachment":"scroll","background-type":"","background-media":"","overlay-type":"","overlay-color":"","overlay-opacity":"","overlay-gradient":""}},"ast-content-background-meta":{"desktop":{"background-color":"var(--ast-global-color-5)","background-image":"","background-repeat":"repeat","background-position":"center center","background-size":"auto","background-attachment":"scroll","background-type":"","background-media":"","overlay-type":"","overlay-color":"","overlay-opacity":"","overlay-gradient":""},"tablet":{"background-color":"var(--ast-global-color-5)","background-image":"","background-repeat":"repeat","background-position":"center center","background-size":"auto","background-attachment":"scroll","background-type":"","background-media":"","overlay-type":"","overlay-color":"","overlay-opacity":"","overlay-gradient":""},"mobile":{"background-color":"var(--ast-global-color-5)","background-image":"","background-repeat":"repeat","background-position":"center center","background-size":"auto","background-attachment":"scroll","background-type":"","background-media":"","overlay-type":"","overlay-color":"","overlay-opacity":"","overlay-gradient":""}}},"product_brand":[],"product_cat":[48,47,49,430,40],"product_tag":[898,405,566,896,251,189,535,685,1183,1181,632,1182,281,702],"class_list":{"0":"post-6199","1":"product","2":"type-product","3":"status-publish","4":"has-post-thumbnail","6":"product_cat-casual","7":"product_cat-classic","8":"product_cat-loafer","9":"product_cat-men","10":"product_cat-mens-shoes","11":"product_tag-brown-brogues","12":"product_tag-business-shoes","13":"product_tag-calfskin-shoes","14":"product_tag-classic-brogues","15":"product_tag-formal-shoes","16":"product_tag-goat-leather-lining","17":"product_tag-leather-dress-shoes","18":"product_tag-mens-brogues","19":"product_tag-navy-brogues","20":"product_tag-oxford-brogues","21":"product_tag-premium-leather-shoes","22":"product_tag-rubber-sole-shoes","23":"product_tag-wholesale-shoes","24":"product_tag-wingtip-shoes","25":"desktop-align-center","26":"tablet-align-center","27":"mobile-align-center","29":"first","30":"instock","31":"featured","32":"shipping-taxable","33":"purchasable","34":"product-type-variable","35":"has-default-attributes"},"acf":[],"uagb_featured_image_src":{"full":["https:\/\/turkishtrade.co\/wp-content\/uploads\/2026\/01\/2400EJOMN00396-BROWN-TOV_10-5-USD-1.png",453,250,false],"thumbnail":["https:\/\/turkishtrade.co\/wp-content\/uploads\/2026\/01\/2400EJOMN00396-BROWN-TOV_10-5-USD-1-150x150.png",150,150,true],"medium":["https:\/\/turkishtrade.co\/wp-content\/uploads\/2026\/01\/2400EJOMN00396-BROWN-TOV_10-5-USD-1-300x166.png",300,166,true],"medium_large":["https:\/\/turkishtrade.co\/wp-content\/uploads\/2026\/01\/2400EJOMN00396-BROWN-TOV_10-5-USD-1.png",453,250,false],"large":["https:\/\/turkishtrade.co\/wp-content\/uploads\/2026\/01\/2400EJOMN00396-BROWN-TOV_10-5-USD-1.png",453,250,false],"1536x1536":["https:\/\/turkishtrade.co\/wp-content\/uploads\/2026\/01\/2400EJOMN00396-BROWN-TOV_10-5-USD-1.png",453,250,false],"2048x2048":["https:\/\/turkishtrade.co\/wp-content\/uploads\/2026\/01\/2400EJOMN00396-BROWN-TOV_10-5-USD-1.png",453,250,false],"trp-custom-language-flag":["https:\/\/turkishtrade.co\/wp-content\/uploads\/2026\/01\/2400EJOMN00396-BROWN-TOV_10-5-USD-1-18x10.png",18,10,true],"woocommerce_thumbnail":["https:\/\/turkishtrade.co\/wp-content\/uploads\/2026\/01\/2400EJOMN00396-BROWN-TOV_10-5-USD-1-400x250.png",400,250,true],"woocommerce_single":["https:\/\/turkishtrade.co\/wp-content\/uploads\/2026\/01\/2400EJOMN00396-BROWN-TOV_10-5-USD-1.png",453,250,false],"woocommerce_gallery_thumbnail":["https:\/\/turkishtrade.co\/wp-content\/uploads\/2026\/01\/2400EJOMN00396-BROWN-TOV_10-5-USD-1-100x100.png",100,100,true]},"uagb_author_info":{"display_name":"yaser olabi","author_link":"https:\/\/turkishtrade.co\/fr\/author\/"},"uagb_comment_info":0,"uagb_excerpt":"Premium Outer Material: 100% Genuine Calf Leather Luxurious Inner Lining: Soft Goat Leather Durable &amp; Comfortable Sole: Rubber Stylish Heel Height: 1-3 cm for subtle lift Available Sizes: EU 39, 40, 41, 42, 43, 44, 45 Minimum Order: 8 Pairs (Ideal for wholesale buyers) Estimated Delivery: 12 Days + Shipping","_links":{"self":[{"href":"https:\/\/turkishtrade.co\/fr\/wp-json\/wp\/v2\/product\/6199","targetHints":{"allow":["GET"]}}],"collection":[{"href":"https:\/\/turkishtrade.co\/fr\/wp-json\/wp\/v2\/product"}],"about":[{"href":"https:\/\/turkishtrade.co\/fr\/wp-json\/wp\/v2\/types\/product"}],"wp:featuredmedia":[{"embeddable":true,"href":"https:\/\/turkishtrade.co\/fr\/wp-json\/wp\/v2\/media\/4141"}],"wp:attachment":[{"href":"https:\/\/turkishtrade.co\/fr\/wp-json\/wp\/v2\/media?parent=6199"}],"wp:term":[{"taxonomy":"product_brand","embeddable":true,"href":"https:\/\/turkishtrade.co\/fr\/wp-json\/wp\/v2\/product_brand?post=6199"},{"taxonomy":"product_cat","embeddable":true,"href":"https:\/\/turkishtrade.co\/fr\/wp-json\/wp\/v2\/product_cat?post=6199"},{"taxonomy":"product_tag","embeddable":true,"href":"https:\/\/turkishtrade.co\/fr\/wp-json\/wp\/v2\/product_tag?post=6199"}],"curies":[{"name":"wp","href":"https:\/\/api.w.org\/{rel}","templated":true}]}}