{"id":6189,"date":"2026-01-14T14:18:52","date_gmt":"2026-01-14T14:18:52","guid":{"rendered":"https:\/\/turkishtrade.co\/product\/men-classic-leather-loafers-4\/"},"modified":"2026-04-09T19:09:53","modified_gmt":"2026-04-09T19:09:53","slug":"mens-classic-leather-loafers-4","status":"publish","type":"product","link":"https:\/\/turkishtrade.co\/fr\/shop\/mens-classic-leather-loafers-4\/","title":{"rendered":"Mocassins classiques en cuir marron avec boucle pour hommes"},"content":{"rendered":"<p><strong>Mocassins classiques en cuir pour hommes<\/strong><\/p>\n<p>Entrez dans la sophistication avec notre exquise <b>Mocassins classiques en cuir pour hommes<\/b>, Ces mocassins ont \u00e9t\u00e9 con\u00e7us pour le gentleman moderne qui appr\u00e9cie \u00e0 la fois le style et le confort. Ces mocassins sont plus que de simples chaussures ; ils sont une d\u00e9claration d'\u00e9l\u00e9gance et de qualit\u00e9, m\u00e9ticuleusement fabriqu\u00e9s pour rehausser n'importe quel ensemble. Faites l'exp\u00e9rience d'un luxe in\u00e9gal\u00e9 avec nos mocassins haut de gamme. <b>mocassins classiques en cuir pour hommes<\/b>, Le sac \u00e0 dos est id\u00e9al pour toute une s\u00e9rie d'occasions.<\/p>\n<p>L'ext\u00e9rieur de ces chaussures exceptionnelles est fabriqu\u00e9 \u00e0 partir de mat\u00e9riaux de qualit\u00e9 sup\u00e9rieure. <b>cuir de veau<\/b>, Le bois d'\u00e9b\u00e9nisterie est r\u00e9put\u00e9 pour sa texture lisse, sa durabilit\u00e9 et sa capacit\u00e9 \u00e0 vieillir en beaut\u00e9. Ce mat\u00e9riau de haute qualit\u00e9 garantit que votre <b>mocassins classiques en cuir pour hommes<\/b> Les semelles en cuir de cette collection conservent leur aspect impeccable pendant des ann\u00e9es, offrant une finition polie qui attire l'attention. \u00c0 l'int\u00e9rieur, vos pieds seront berc\u00e9s dans un confort ultime gr\u00e2ce \u00e0 la souplesse du cuir. <b>doublure en cuir de ch\u00e8vre<\/b>.<\/p>\n<p>Cette mati\u00e8re naturelle est r\u00e9put\u00e9e pour sa respirabilit\u00e9 et sa douceur. Elle s'adapte \u00e0 votre pied pour un ajustement personnalis\u00e9 et vous assure un confort tout au long de la journ\u00e9e, que vous soyez au bureau ou que vous assistiez \u00e0 un \u00e9v\u00e9nement sp\u00e9cial.<\/p>\n<p>Vous appr\u00e9cierez vraiment la sensation de ces <b>mocassins classiques en cuir pour hommes<\/b>.<\/p>\n<p>En dessous, un robuste <b>semelle en caoutchouc<\/b> offre une excellente adh\u00e9rence et une durabilit\u00e9 \u00e0 long terme, ce qui fait de ces <b>mocassins classiques en cuir pour hommes<\/b> un choix pratique pour la vie de tous les jours. Le talon subtil de 1 \u00e0 3 cm ajoute une touche de sophistication sans compromettre le confort, ce qui permet de porter ces chaussures pendant de longues p\u00e9riodes sans se fatiguer. Avec des tailles disponibles allant du 39 au 45, nous r\u00e9pondons aux besoins d'un large \u00e9ventail de clients exigeants \u00e0 la recherche de la meilleure qualit\u00e9. <b>mocassins classiques en cuir pour hommes<\/b>.<\/p>\n<p>Le design intemporel, rehauss\u00e9 d'une boucle raffin\u00e9e, fait de ces chaussures des objets de choix. <b>mocassins classiques en cuir pour hommes<\/b> incroyablement polyvalents. Ils passent sans probl\u00e8me d'une tenue d'affaires professionnelle \u00e0 une tenue d\u00e9contract\u00e9e, voire \u00e0 des occasions plus formelles o\u00f9 l'on souhaite un look d\u00e9contract\u00e9 mais soign\u00e9. En investissant dans ces <b>mocassins classiques en cuir pour hommes<\/b> c'est investir dans un \u00e9l\u00e9ment de base de la garde-robe qui d\u00e9gage confiance et go\u00fbt raffin\u00e9.<\/p>\n<h3>Opportunit\u00e9 de vente en gros de chaussures haut de gamme pour hommes<\/h3>\n<p>Pour nos partenaires grossistes, ces <b>mocassins classiques en cuir pour hommes<\/b> sont disponibles pour une commande minimale de 200 paires. Nous sommes fiers de notre production efficace, avec un d\u00e9lai de livraison de seulement 12 jours, plus les frais d'exp\u00e9dition, ce qui vous permet de stocker rapidement des chaussures de haute qualit\u00e9 tr\u00e8s demand\u00e9es. Offrez \u00e0 vos clients le meilleur du confort, du style et de la durabilit\u00e9 avec ces chaussures essentielles. <b>mocassins classiques en cuir pour hommes<\/b>.<\/p>\n<p>Contactez-nous d\u00e8s aujourd'hui pour en savoir plus sur nos prix comp\u00e9titifs et pour passer votre commande en gros.<\/p>","protected":false},"excerpt":{"rendered":"<ul>\n<li><b>Mat\u00e9riau ext\u00e9rieur :<\/b> Cuir de veau de premi\u00e8re qualit\u00e9<\/li>\n<li><b>Mat\u00e9riau int\u00e9rieur :<\/b> Doublure en cuir de ch\u00e8vre souple<\/li>\n<li><b>Semelle :<\/b> Caoutchouc durable<\/li>\n<li><b>Hauteur du talon :<\/b> 1-3 cm<\/li>\n<li><b>Tailles disponibles :<\/b> 39, 40, 41, 42, 43, 44, 45<\/li>\n<li><b>Disponibilit\u00e9 en vrac :<\/b> Commande minimale de 200 paires<\/li>\n<li><b>D\u00e9lai de livraison :<\/b> 12 jours + Exp\u00e9dition<\/li>\n<\/ul>","protected":false},"featured_media":4143,"template":"","meta":{"_acf_changed":false,"_uag_custom_page_level_css":"","site-sidebar-layout":"default","site-content-layout":"","ast-site-content-layout":"default","site-content-style":"default","site-sidebar-style":"default","ast-global-header-display":"","ast-banner-title-visibility":"","ast-main-header-display":"","ast-hfb-above-header-display":"","ast-hfb-below-header-display":"","ast-hfb-mobile-header-display":"","site-post-title":"","ast-breadcrumbs-content":"","ast-featured-img":"","footer-sml-layout":"","ast-disable-related-posts":"","theme-transparent-header-meta":"default","adv-header-id-meta":"","stick-header-meta":"","header-above-stick-meta":"","header-main-stick-meta":"","header-below-stick-meta":"","astra-migrate-meta-layouts":"set","ast-page-background-enabled":"default","ast-page-background-meta":{"desktop":{"background-color":"var(--ast-global-color-4)","background-image":"","background-repeat":"repeat","background-position":"center center","background-size":"auto","background-attachment":"scroll","background-type":"","background-media":"","overlay-type":"","overlay-color":"","overlay-opacity":"","overlay-gradient":""},"tablet":{"background-color":"","background-image":"","background-repeat":"repeat","background-position":"center center","background-size":"auto","background-attachment":"scroll","background-type":"","background-media":"","overlay-type":"","overlay-color":"","overlay-opacity":"","overlay-gradient":""},"mobile":{"background-color":"","background-image":"","background-repeat":"repeat","background-position":"center center","background-size":"auto","background-attachment":"scroll","background-type":"","background-media":"","overlay-type":"","overlay-color":"","overlay-opacity":"","overlay-gradient":""}},"ast-content-background-meta":{"desktop":{"background-color":"var(--ast-global-color-5)","background-image":"","background-repeat":"repeat","background-position":"center center","background-size":"auto","background-attachment":"scroll","background-type":"","background-media":"","overlay-type":"","overlay-color":"","overlay-opacity":"","overlay-gradient":""},"tablet":{"background-color":"var(--ast-global-color-5)","background-image":"","background-repeat":"repeat","background-position":"center center","background-size":"auto","background-attachment":"scroll","background-type":"","background-media":"","overlay-type":"","overlay-color":"","overlay-opacity":"","overlay-gradient":""},"mobile":{"background-color":"var(--ast-global-color-5)","background-image":"","background-repeat":"repeat","background-position":"center center","background-size":"auto","background-attachment":"scroll","background-type":"","background-media":"","overlay-type":"","overlay-color":"","overlay-opacity":"","overlay-gradient":""}}},"product_brand":[],"product_cat":[47,430,40],"product_tag":[147,315,405,451,457,284,251,189,215,186,192,280,281],"class_list":{"0":"post-6189","1":"product","2":"type-product","3":"status-publish","4":"has-post-thumbnail","6":"product_cat-classic","7":"product_cat-men","8":"product_cat-mens-shoes","9":"product_tag-brown-loafers","10":"product_tag-buckle-loafers","11":"product_tag-business-shoes","12":"product_tag-calfskin-leather","13":"product_tag-classic-loafers","14":"product_tag-dress-shoes","15":"product_tag-formal-shoes","16":"product_tag-goat-leather-lining","17":"product_tag-leather-loafers","18":"product_tag-mens-loafers","19":"product_tag-rubber-sole","20":"product_tag-smart-casual-shoes","21":"product_tag-wholesale-shoes","22":"desktop-align-center","23":"tablet-align-center","24":"mobile-align-center","26":"first","27":"instock","28":"featured","29":"shipping-taxable","30":"purchasable","31":"product-type-variable","32":"has-default-attributes"},"acf":[],"uagb_featured_image_src":{"full":["https:\/\/turkishtrade.co\/wp-content\/uploads\/2026\/01\/2400EJOMN00394-BROWN-X_173-1.png",453,250,false],"thumbnail":["https:\/\/turkishtrade.co\/wp-content\/uploads\/2026\/01\/2400EJOMN00394-BROWN-X_173-1-150x150.png",150,150,true],"medium":["https:\/\/turkishtrade.co\/wp-content\/uploads\/2026\/01\/2400EJOMN00394-BROWN-X_173-1-300x166.png",300,166,true],"medium_large":["https:\/\/turkishtrade.co\/wp-content\/uploads\/2026\/01\/2400EJOMN00394-BROWN-X_173-1.png",453,250,false],"large":["https:\/\/turkishtrade.co\/wp-content\/uploads\/2026\/01\/2400EJOMN00394-BROWN-X_173-1.png",453,250,false],"1536x1536":["https:\/\/turkishtrade.co\/wp-content\/uploads\/2026\/01\/2400EJOMN00394-BROWN-X_173-1.png",453,250,false],"2048x2048":["https:\/\/turkishtrade.co\/wp-content\/uploads\/2026\/01\/2400EJOMN00394-BROWN-X_173-1.png",453,250,false],"trp-custom-language-flag":["https:\/\/turkishtrade.co\/wp-content\/uploads\/2026\/01\/2400EJOMN00394-BROWN-X_173-1-18x10.png",18,10,true],"woocommerce_thumbnail":["https:\/\/turkishtrade.co\/wp-content\/uploads\/2026\/01\/2400EJOMN00394-BROWN-X_173-1-400x250.png",400,250,true],"woocommerce_single":["https:\/\/turkishtrade.co\/wp-content\/uploads\/2026\/01\/2400EJOMN00394-BROWN-X_173-1.png",453,250,false],"woocommerce_gallery_thumbnail":["https:\/\/turkishtrade.co\/wp-content\/uploads\/2026\/01\/2400EJOMN00394-BROWN-X_173-1-100x100.png",100,100,true]},"uagb_author_info":{"display_name":"yaser olabi","author_link":"https:\/\/turkishtrade.co\/fr\/author\/"},"uagb_comment_info":0,"uagb_excerpt":"Exterior Material: Premium Calfskin Leather Interior Material: Soft Goat Leather Lining Sole: Durable Rubber Heel Height: 1-3 cm Available Sizes: 39, 40, 41, 42, 43, 44, 45 Bulk Availability: Minimum order of 200 pairs Delivery Time: 12 days + Shipping","_links":{"self":[{"href":"https:\/\/turkishtrade.co\/fr\/wp-json\/wp\/v2\/product\/6189","targetHints":{"allow":["GET"]}}],"collection":[{"href":"https:\/\/turkishtrade.co\/fr\/wp-json\/wp\/v2\/product"}],"about":[{"href":"https:\/\/turkishtrade.co\/fr\/wp-json\/wp\/v2\/types\/product"}],"wp:featuredmedia":[{"embeddable":true,"href":"https:\/\/turkishtrade.co\/fr\/wp-json\/wp\/v2\/media\/4143"}],"wp:attachment":[{"href":"https:\/\/turkishtrade.co\/fr\/wp-json\/wp\/v2\/media?parent=6189"}],"wp:term":[{"taxonomy":"product_brand","embeddable":true,"href":"https:\/\/turkishtrade.co\/fr\/wp-json\/wp\/v2\/product_brand?post=6189"},{"taxonomy":"product_cat","embeddable":true,"href":"https:\/\/turkishtrade.co\/fr\/wp-json\/wp\/v2\/product_cat?post=6189"},{"taxonomy":"product_tag","embeddable":true,"href":"https:\/\/turkishtrade.co\/fr\/wp-json\/wp\/v2\/product_tag?post=6189"}],"curies":[{"name":"wp","href":"https:\/\/api.w.org\/{rel}","templated":true}]}}