{"id":6155,"date":"2026-01-14T14:15:24","date_gmt":"2026-01-14T14:15:24","guid":{"rendered":"https:\/\/turkishtrade.co\/product\/mens-premium-leather-loafers-4\/"},"modified":"2026-04-09T19:11:02","modified_gmt":"2026-04-09T19:11:02","slug":"mens-premium-leather-loafers-4","status":"publish","type":"product","link":"https:\/\/turkishtrade.co\/fr\/shop\/mens-premium-leather-loafers-4\/","title":{"rendered":"Mocassins en cuir de premi\u00e8re qualit\u00e9 avec semelle thermo pour hommes"},"content":{"rendered":"<p><strong>Mocassins en cuir de qualit\u00e9 sup\u00e9rieure pour hommes<\/strong><\/p>\n<p>D\u00e9couvrez le nec plus ultra en mati\u00e8re de mode pour les pieds avec notre <strong>Mocassins en cuir de qualit\u00e9 sup\u00e9rieure pour hommes<\/strong>. D\u00e9couvrez un confort in\u00e9gal\u00e9 et un style sophistiqu\u00e9, fabriqu\u00e9s m\u00e9ticuleusement \u00e0 l'aide des mat\u00e9riaux les plus fins. Ces mocassins sont con\u00e7us pour le gentleman moderne qui appr\u00e9cie \u00e0 la fois l'\u00e9l\u00e9gance et la durabilit\u00e9.<\/p>\n<p>L'ext\u00e9rieur est en cuir de veau v\u00e9ritable, r\u00e9put\u00e9 pour sa texture douce et son \u00e9lasticit\u00e9, ce qui garantit \u00e0 votre enfant un confort optimal. <strong>Mocassins en cuir de qualit\u00e9 sup\u00e9rieure pour hommes<\/strong> Ces chaussures conservent leur aspect distingu\u00e9 pendant des ann\u00e9es. \u00c0 l'int\u00e9rieur, vos pieds seront berc\u00e9s par la douceur luxueuse du cuir de ch\u00e8vre, offrant un confort respirant qui rend ces chaussures id\u00e9ales \u00e0 porter tout au long de la journ\u00e9e.<\/p>\n<p>La semelle thermo innovante offre une flexibilit\u00e9 et une traction exceptionnelles, s'adaptant \u00e0 vos mouvements tout en offrant une adh\u00e9rence sup\u00e9rieure sur diff\u00e9rentes surfaces. Avec une hauteur de talon confortable de 1 \u00e0 3 cm, ces <strong>Mocassins en cuir de qualit\u00e9 sup\u00e9rieure pour hommes<\/strong> offrent une \u00e9l\u00e9vation subtile sans compromettre la stabilit\u00e9 ou le confort. Disponible dans une large gamme de tailles allant du 39 au 45, il est facile de trouver la taille id\u00e9ale.<\/p>\n<p>Que vous vous habilliez pour une r\u00e9union d'affaires, une sortie d\u00e9contract\u00e9e ou un \u00e9v\u00e9nement sp\u00e9cial, ces mocassins polyvalents en noir classique, bleu riche ou marron chaud rehausseront n'importe quel ensemble.<\/p>\n<h3>Une qualit\u00e9 et un savoir-faire in\u00e9gal\u00e9s<\/h3>\n<p>Chaque paire de nos <strong>Mocassins en cuir de qualit\u00e9 sup\u00e9rieure pour hommes<\/strong> t\u00e9moigne d'un savoir-faire artisanal de qualit\u00e9 sup\u00e9rieure. De la couture soign\u00e9e du cuir de veau robuste \u00e0 la finition lisse de la doublure en cuir de ch\u00e8vre, chaque d\u00e9tail est perfectionn\u00e9. Il ne s'agit pas de simples chaussures, mais d'un investissement dans un style intemporel et une qualit\u00e9 durable.<\/p>\n<p>La conception r\u00e9fl\u00e9chie permet de s'assurer que, tout en \u00e9tant <strong>Mocassins en cuir de qualit\u00e9 sup\u00e9rieure pour hommes<\/strong>, Ils offrent \u00e9galement la praticit\u00e9 et le confort n\u00e9cessaires \u00e0 la vie quotidienne.<\/p>\n<h3>Con\u00e7u pour le confort et la polyvalence<\/h3>\n<p>La combinaison unique de cuir de veau et de ch\u00e8vre de premi\u00e8re qualit\u00e9, associ\u00e9e \u00e0 la semelle thermo flexible, cr\u00e9e une chaussure qui se moule \u00e0 votre pied, offrant une sensation de sur-mesure. La gamme de tailles et de couleurs disponibles signifie que ces <strong>Mocassins en cuir de qualit\u00e9 sup\u00e9rieure pour hommes<\/strong> peuvent passer sans effort d'une tenue formelle \u00e0 une tenue d\u00e9contract\u00e9e, ce qui en fait un compl\u00e9ment essentiel \u00e0 toute garde-robe sophistiqu\u00e9e. Parfaites pour \u00eatre port\u00e9es tout au long de l'ann\u00e9e, leur construction durable garantit une \u00e9l\u00e9gance durable.<\/p>\n<h3>Commande en gros et livraison fiable<\/h3>\n<p>Pour les d\u00e9taillants ou les personnes souhaitant acheter de plus grandes quantit\u00e9s, notre <strong>Mocassins en cuir de qualit\u00e9 sup\u00e9rieure pour hommes<\/strong> sont disponibles \u00e0 partir d'une commande minimale de 8 paires. Nous sommes fiers de notre service efficace, avec un d\u00e9lai de livraison estim\u00e9 \u00e0 12 jours, plus les frais d'exp\u00e9dition standard, ce qui garantit que votre commande arrive rapidement. Investissez dans le meilleur <strong>Mocassins en cuir de qualit\u00e9 sup\u00e9rieure pour hommes<\/strong> et faites l'exp\u00e9rience de la diff\u00e9rence que fait la vraie qualit\u00e9, livr\u00e9e directement \u00e0 votre porte.<\/p>","protected":false},"excerpt":{"rendered":"<ul>\n<li>Ext\u00e9rieur en cuir de veau exquis pour la durabilit\u00e9 et le style<\/li>\n<li>Doublure int\u00e9rieure en cuir de ch\u00e8vre souple pour un confort ultime<\/li>\n<li>Semelle thermo flexible pour une adh\u00e9rence sup\u00e9rieure et une usure durable<\/li>\n<li>Hauteur de talon confortable de 1 \u00e0 3 cm pour une \u00e9l\u00e9vation subtile<\/li>\n<li>Disponible dans une large gamme de tailles : 39, 40, 41, 42, 43, 44, 45<\/li>\n<li>Quantit\u00e9 minimale de commande : 8 paires (id\u00e9al pour les achats en gros)<\/li>\n<li>Livraison dans les 12 jours + d\u00e9lai d'exp\u00e9dition standard<\/li>\n<\/ul>","protected":false},"featured_media":4119,"template":"","meta":{"_acf_changed":false,"_uag_custom_page_level_css":"","site-sidebar-layout":"default","site-content-layout":"","ast-site-content-layout":"default","site-content-style":"default","site-sidebar-style":"default","ast-global-header-display":"","ast-banner-title-visibility":"","ast-main-header-display":"","ast-hfb-above-header-display":"","ast-hfb-below-header-display":"","ast-hfb-mobile-header-display":"","site-post-title":"","ast-breadcrumbs-content":"","ast-featured-img":"","footer-sml-layout":"","ast-disable-related-posts":"","theme-transparent-header-meta":"default","adv-header-id-meta":"","stick-header-meta":"","header-above-stick-meta":"","header-main-stick-meta":"","header-below-stick-meta":"","astra-migrate-meta-layouts":"set","ast-page-background-enabled":"default","ast-page-background-meta":{"desktop":{"background-color":"var(--ast-global-color-4)","background-image":"","background-repeat":"repeat","background-position":"center center","background-size":"auto","background-attachment":"scroll","background-type":"","background-media":"","overlay-type":"","overlay-color":"","overlay-opacity":"","overlay-gradient":""},"tablet":{"background-color":"","background-image":"","background-repeat":"repeat","background-position":"center center","background-size":"auto","background-attachment":"scroll","background-type":"","background-media":"","overlay-type":"","overlay-color":"","overlay-opacity":"","overlay-gradient":""},"mobile":{"background-color":"","background-image":"","background-repeat":"repeat","background-position":"center center","background-size":"auto","background-attachment":"scroll","background-type":"","background-media":"","overlay-type":"","overlay-color":"","overlay-opacity":"","overlay-gradient":""}},"ast-content-background-meta":{"desktop":{"background-color":"var(--ast-global-color-5)","background-image":"","background-repeat":"repeat","background-position":"center center","background-size":"auto","background-attachment":"scroll","background-type":"","background-media":"","overlay-type":"","overlay-color":"","overlay-opacity":"","overlay-gradient":""},"tablet":{"background-color":"var(--ast-global-color-5)","background-image":"","background-repeat":"repeat","background-position":"center center","background-size":"auto","background-attachment":"scroll","background-type":"","background-media":"","overlay-type":"","overlay-color":"","overlay-opacity":"","overlay-gradient":""},"mobile":{"background-color":"var(--ast-global-color-5)","background-image":"","background-repeat":"repeat","background-position":"center center","background-size":"auto","background-attachment":"scroll","background-type":"","background-media":"","overlay-type":"","overlay-color":"","overlay-opacity":"","overlay-gradient":""}}},"product_brand":[],"product_cat":[48,47,49,430,40],"product_tag":[370,635,147,185,512,220,737,189,215,762,186,374,280,209,456],"class_list":{"0":"post-6155","1":"product","2":"type-product","3":"status-publish","4":"has-post-thumbnail","6":"product_cat-casual","7":"product_cat-classic","8":"product_cat-loafer","9":"product_cat-men","10":"product_cat-mens-shoes","11":"product_tag-black-loafers","12":"product_tag-blue-loafers","13":"product_tag-brown-loafers","14":"product_tag-calf-leather-shoes","15":"product_tag-casual-loafers","16":"product_tag-comfortable-loafers","17":"product_tag-dress-loafers","18":"product_tag-goat-leather-lining","19":"product_tag-leather-loafers","20":"product_tag-loafer-shoes","21":"product_tag-mens-loafers","22":"product_tag-premium-loafers","23":"product_tag-smart-casual-shoes","24":"product_tag-thermo-sole","25":"product_tag-wholesale-loafers","26":"desktop-align-center","27":"tablet-align-center","28":"mobile-align-center","30":"first","31":"instock","32":"shipping-taxable","33":"purchasable","34":"product-type-variable","35":"has-default-attributes"},"acf":[],"uagb_featured_image_src":{"full":["https:\/\/turkishtrade.co\/wp-content\/uploads\/2026\/01\/2400EJOMN00389-DARK-BROWN-ZL_130-1-USD.png",453,250,false],"thumbnail":["https:\/\/turkishtrade.co\/wp-content\/uploads\/2026\/01\/2400EJOMN00389-DARK-BROWN-ZL_130-1-USD-150x150.png",150,150,true],"medium":["https:\/\/turkishtrade.co\/wp-content\/uploads\/2026\/01\/2400EJOMN00389-DARK-BROWN-ZL_130-1-USD-300x166.png",300,166,true],"medium_large":["https:\/\/turkishtrade.co\/wp-content\/uploads\/2026\/01\/2400EJOMN00389-DARK-BROWN-ZL_130-1-USD.png",453,250,false],"large":["https:\/\/turkishtrade.co\/wp-content\/uploads\/2026\/01\/2400EJOMN00389-DARK-BROWN-ZL_130-1-USD.png",453,250,false],"1536x1536":["https:\/\/turkishtrade.co\/wp-content\/uploads\/2026\/01\/2400EJOMN00389-DARK-BROWN-ZL_130-1-USD.png",453,250,false],"2048x2048":["https:\/\/turkishtrade.co\/wp-content\/uploads\/2026\/01\/2400EJOMN00389-DARK-BROWN-ZL_130-1-USD.png",453,250,false],"trp-custom-language-flag":["https:\/\/turkishtrade.co\/wp-content\/uploads\/2026\/01\/2400EJOMN00389-DARK-BROWN-ZL_130-1-USD-18x10.png",18,10,true],"woocommerce_thumbnail":["https:\/\/turkishtrade.co\/wp-content\/uploads\/2026\/01\/2400EJOMN00389-DARK-BROWN-ZL_130-1-USD-400x250.png",400,250,true],"woocommerce_single":["https:\/\/turkishtrade.co\/wp-content\/uploads\/2026\/01\/2400EJOMN00389-DARK-BROWN-ZL_130-1-USD.png",453,250,false],"woocommerce_gallery_thumbnail":["https:\/\/turkishtrade.co\/wp-content\/uploads\/2026\/01\/2400EJOMN00389-DARK-BROWN-ZL_130-1-USD-100x100.png",100,100,true]},"uagb_author_info":{"display_name":"yaser olabi","author_link":"https:\/\/turkishtrade.co\/fr\/author\/"},"uagb_comment_info":0,"uagb_excerpt":"Exquisite Calf Leather exterior for durability and style Soft Goat Leather interior lining for ultimate comfort Flexible Thermo Sole for superior grip and long-lasting wear Comfortable 1-3 cm heel height for subtle elevation Available in a wide range of sizes: 39, 40, 41, 42, 43, 44, 45 Minimum order quantity: 8 pairs (ideal for bulk\u2026","_links":{"self":[{"href":"https:\/\/turkishtrade.co\/fr\/wp-json\/wp\/v2\/product\/6155","targetHints":{"allow":["GET"]}}],"collection":[{"href":"https:\/\/turkishtrade.co\/fr\/wp-json\/wp\/v2\/product"}],"about":[{"href":"https:\/\/turkishtrade.co\/fr\/wp-json\/wp\/v2\/types\/product"}],"wp:featuredmedia":[{"embeddable":true,"href":"https:\/\/turkishtrade.co\/fr\/wp-json\/wp\/v2\/media\/4119"}],"wp:attachment":[{"href":"https:\/\/turkishtrade.co\/fr\/wp-json\/wp\/v2\/media?parent=6155"}],"wp:term":[{"taxonomy":"product_brand","embeddable":true,"href":"https:\/\/turkishtrade.co\/fr\/wp-json\/wp\/v2\/product_brand?post=6155"},{"taxonomy":"product_cat","embeddable":true,"href":"https:\/\/turkishtrade.co\/fr\/wp-json\/wp\/v2\/product_cat?post=6155"},{"taxonomy":"product_tag","embeddable":true,"href":"https:\/\/turkishtrade.co\/fr\/wp-json\/wp\/v2\/product_tag?post=6155"}],"curies":[{"name":"wp","href":"https:\/\/api.w.org\/{rel}","templated":true}]}}