{"id":6151,"date":"2026-01-14T14:15:00","date_gmt":"2026-01-14T14:15:00","guid":{"rendered":"https:\/\/turkishtrade.co\/product\/mens-calf-leather-derby-shoes-3\/"},"modified":"2026-04-09T19:11:12","modified_gmt":"2026-04-09T19:11:12","slug":"mens-calf-leather-derby-shoes-3","status":"publish","type":"product","link":"https:\/\/turkishtrade.co\/fr\/shop\/mens-calf-leather-derby-shoes-3\/","title":{"rendered":"Chaussures derby en cuir de veau de premi\u00e8re qualit\u00e9 pour hommes"},"content":{"rendered":"<p><strong>Chaussures derby en cuir de veau pour hommes<\/strong><\/p>\n<p>D\u00e9couvrez l'incarnation du style classique et du confort durable gr\u00e2ce \u00e0 notre collection exquise d'articles d'habillement. <strong>Chaussures derby en cuir de veau pour hommes<\/strong>. Fabriqu\u00e9es \u00e0 la main par des experts, ces chaussures exceptionnelles sont con\u00e7ues pour les hommes exigeants qui appr\u00e9cient l'\u00e9l\u00e9gance intemporelle et la qualit\u00e9 sup\u00e9rieure. Qu'il s'agisse d'une r\u00e9union d'affaires cruciale, d'un \u00e9v\u00e9nement formel ou d'une tenue de tous les jours sophistiqu\u00e9e, nos <strong>Chaussures derby en cuir de veau pour hommes<\/strong> promettent de rehausser votre collection de chaussures avec une sophistication in\u00e9gal\u00e9e.<\/p>\n<p>Chaque paire pr\u00e9sente une surface ext\u00e9rieure de qualit\u00e9 sup\u00e9rieure en cuir de veau souple pleine fleur, r\u00e9put\u00e9 pour son toucher luxueux, sa brillance naturelle et sa remarquable durabilit\u00e9. La texture riche et la qualit\u00e9 robuste du cuir de veau garantissent \u00e0 ces chaussures un confort optimal. <strong>Chaussures derby en cuir de veau pour hommes<\/strong> vieillira magnifiquement, d\u00e9veloppant une patine unique au fil du temps. \u00c0 l'int\u00e9rieur, vos pieds seront berc\u00e9s dans un confort ultime, gr\u00e2ce \u00e0 la doublure en cuir de ch\u00e8vre incroyablement douce et respirante.<\/p>\n<p>L'int\u00e9rieur en cuir naturel \u00e9vacue l'humidit\u00e9, gardant vos pieds au sec et \u00e0 l'aise pendant les journ\u00e9es les plus longues. <strong>Chaussures derby en cuir de veau pour hommes<\/strong> un vrai plaisir \u00e0 porter.<\/p>\n<p>Les fondements de ces projets exceptionnels sont les suivants <strong>Chaussures derby en cuir de veau pour hommes<\/strong> est une semelle thermo robuste et flexible \u00e0 la fois. Cette semelle moderne offre une excellente adh\u00e9rence et un bon amorti, assurant stabilit\u00e9 et confort \u00e0 chaque pas, tout en contribuant \u00e0 l'\u00e9l\u00e9gance de la chaussure. Avec une hauteur de talon subtile de 1 \u00e0 3 cm, ces derbies offrent juste ce qu'il faut de hauteur sans compromettre la facilit\u00e9 de marche.<\/p>\n<p>Disponibles dans une large gamme de tailles allant de 39 \u00e0 45, ces chaussures de haute qualit\u00e9 vous permettent de trouver facilement la bonne taille. <strong>Chaussures derby en cuir de veau pour hommes<\/strong>. Chaque paire t\u00e9moigne d'un travail artisanal m\u00e9ticuleux.<\/p>\n<p>Notre collection offre des options de couleurs polyvalentes pour compl\u00e9ter n'importe quelle garde-robe. Choisissez entre le noir classique pour un look professionnel intemporel, le bordeaux riche pour une touche de sophistication, ou le marron profond pour une \u00e9l\u00e9gance polyvalente. Le style Derby, caract\u00e9ris\u00e9 par un la\u00e7age ouvert, offre un ajustement confortable et ajustable, ce qui fait de ces chaussures un choix polyvalent pour diff\u00e9rents types de pieds et d'occasions.<\/p>\n<p>Ces <strong>Chaussures derby en cuir de veau pour hommes<\/strong> sont de v\u00e9ritables incontournables de toute garde-robe moderne, passant sans probl\u00e8me du bureau \u00e0 la soir\u00e9e.<\/p>\n<h3>Opportunit\u00e9 de vente en gros pour les d\u00e9taillants :<\/h3>\n<p>Nous comprenons les besoins des d\u00e9taillants qui recherchent des chaussures de haute qualit\u00e9. Nous <strong>Chaussures derby en cuir de veau pour hommes<\/strong> sont disponibles \u00e0 l'achat en gros avec une quantit\u00e9 minimale de commande de 8 paires. Nous sommes fiers de notre service efficace, avec un d\u00e9lai de livraison d'environ 12 jours plus les frais d'exp\u00e9dition.<\/p>\n<p>Associez-vous \u00e0 nous pour offrir \u00e0 vos clients des services de qualit\u00e9 sup\u00e9rieure. <strong>Chaussures derby en cuir de veau pour hommes<\/strong> qui associent l'artisanat traditionnel au design contemporain. Ces produits de gros <strong>Chaussures derby en cuir de veau pour hommes<\/strong> offrent une valeur exceptionnelle. Contactez-nous pour obtenir des prix d\u00e9taill\u00e9s et pour passer votre commande en gros d\u00e8s aujourd'hui.<\/p>","protected":false},"excerpt":{"rendered":"<ul>\n<li>Mat\u00e9riau ext\u00e9rieur : Cuir de veau de premi\u00e8re qualit\u00e9<\/li>\n<li>Doublure int\u00e9rieure : Cuir de ch\u00e8vre souple<\/li>\n<li>Semelle : Semelle thermo durable<\/li>\n<li>Hauteur du talon : Confortable 1-3 cm<\/li>\n<li>Tailles disponibles : EU 39-45<\/li>\n<li>Commande minimum : 8 paires (disponibilit\u00e9 en gros)<\/li>\n<li>D\u00e9lai de livraison : 12 jours + exp\u00e9dition<\/li>\n<\/ul>","protected":false},"featured_media":4116,"template":"","meta":{"_acf_changed":false,"_uag_custom_page_level_css":"","site-sidebar-layout":"default","site-content-layout":"","ast-site-content-layout":"default","site-content-style":"default","site-sidebar-style":"default","ast-global-header-display":"","ast-banner-title-visibility":"","ast-main-header-display":"","ast-hfb-above-header-display":"","ast-hfb-below-header-display":"","ast-hfb-mobile-header-display":"","site-post-title":"","ast-breadcrumbs-content":"","ast-featured-img":"","footer-sml-layout":"","ast-disable-related-posts":"","theme-transparent-header-meta":"default","adv-header-id-meta":"","stick-header-meta":"","header-above-stick-meta":"","header-main-stick-meta":"","header-below-stick-meta":"","astra-migrate-meta-layouts":"set","ast-page-background-enabled":"default","ast-page-background-meta":{"desktop":{"background-color":"var(--ast-global-color-4)","background-image":"","background-repeat":"repeat","background-position":"center center","background-size":"auto","background-attachment":"scroll","background-type":"","background-media":"","overlay-type":"","overlay-color":"","overlay-opacity":"","overlay-gradient":""},"tablet":{"background-color":"","background-image":"","background-repeat":"repeat","background-position":"center center","background-size":"auto","background-attachment":"scroll","background-type":"","background-media":"","overlay-type":"","overlay-color":"","overlay-opacity":"","overlay-gradient":""},"mobile":{"background-color":"","background-image":"","background-repeat":"repeat","background-position":"center center","background-size":"auto","background-attachment":"scroll","background-type":"","background-media":"","overlay-type":"","overlay-color":"","overlay-opacity":"","overlay-gradient":""}},"ast-content-background-meta":{"desktop":{"background-color":"var(--ast-global-color-5)","background-image":"","background-repeat":"repeat","background-position":"center center","background-size":"auto","background-attachment":"scroll","background-type":"","background-media":"","overlay-type":"","overlay-color":"","overlay-opacity":"","overlay-gradient":""},"tablet":{"background-color":"var(--ast-global-color-5)","background-image":"","background-repeat":"repeat","background-position":"center center","background-size":"auto","background-attachment":"scroll","background-type":"","background-media":"","overlay-type":"","overlay-color":"","overlay-opacity":"","overlay-gradient":""},"mobile":{"background-color":"var(--ast-global-color-5)","background-image":"","background-repeat":"repeat","background-position":"center center","background-size":"auto","background-attachment":"scroll","background-type":"","background-media":"","overlay-type":"","overlay-color":"","overlay-opacity":"","overlay-gradient":""}}},"product_brand":[],"product_cat":[48,47,49,430,40],"product_tag":[185,1076,593,189,450,535,225,1173,632,209],"class_list":{"0":"post-6151","1":"product","2":"type-product","3":"status-publish","4":"has-post-thumbnail","6":"product_cat-casual","7":"product_cat-classic","8":"product_cat-loafer","9":"product_cat-men","10":"product_cat-mens-shoes","11":"product_tag-calf-leather-shoes","12":"product_tag-classic-derby","13":"product_tag-eu-sizes-39-45","14":"product_tag-goat-leather-lining","15":"product_tag-handcrafted-shoes","16":"product_tag-leather-dress-shoes","17":"product_tag-mens-footwear","18":"product_tag-mens-smart-shoes","19":"product_tag-premium-leather-shoes","20":"product_tag-thermo-sole","21":"desktop-align-center","22":"tablet-align-center","23":"mobile-align-center","25":"first","26":"instock","27":"shipping-taxable","28":"purchasable","29":"product-type-variable","30":"has-default-attributes"},"acf":[],"uagb_featured_image_src":{"full":["https:\/\/turkishtrade.co\/wp-content\/uploads\/2026\/01\/2400EJOMN00388-DARK-BROWN-ZL_131-1-USD.png",453,250,false],"thumbnail":["https:\/\/turkishtrade.co\/wp-content\/uploads\/2026\/01\/2400EJOMN00388-DARK-BROWN-ZL_131-1-USD-150x150.png",150,150,true],"medium":["https:\/\/turkishtrade.co\/wp-content\/uploads\/2026\/01\/2400EJOMN00388-DARK-BROWN-ZL_131-1-USD-300x166.png",300,166,true],"medium_large":["https:\/\/turkishtrade.co\/wp-content\/uploads\/2026\/01\/2400EJOMN00388-DARK-BROWN-ZL_131-1-USD.png",453,250,false],"large":["https:\/\/turkishtrade.co\/wp-content\/uploads\/2026\/01\/2400EJOMN00388-DARK-BROWN-ZL_131-1-USD.png",453,250,false],"1536x1536":["https:\/\/turkishtrade.co\/wp-content\/uploads\/2026\/01\/2400EJOMN00388-DARK-BROWN-ZL_131-1-USD.png",453,250,false],"2048x2048":["https:\/\/turkishtrade.co\/wp-content\/uploads\/2026\/01\/2400EJOMN00388-DARK-BROWN-ZL_131-1-USD.png",453,250,false],"trp-custom-language-flag":["https:\/\/turkishtrade.co\/wp-content\/uploads\/2026\/01\/2400EJOMN00388-DARK-BROWN-ZL_131-1-USD-18x10.png",18,10,true],"woocommerce_thumbnail":["https:\/\/turkishtrade.co\/wp-content\/uploads\/2026\/01\/2400EJOMN00388-DARK-BROWN-ZL_131-1-USD-400x250.png",400,250,true],"woocommerce_single":["https:\/\/turkishtrade.co\/wp-content\/uploads\/2026\/01\/2400EJOMN00388-DARK-BROWN-ZL_131-1-USD.png",453,250,false],"woocommerce_gallery_thumbnail":["https:\/\/turkishtrade.co\/wp-content\/uploads\/2026\/01\/2400EJOMN00388-DARK-BROWN-ZL_131-1-USD-100x100.png",100,100,true]},"uagb_author_info":{"display_name":"yaser olabi","author_link":"https:\/\/turkishtrade.co\/fr\/author\/"},"uagb_comment_info":0,"uagb_excerpt":"Outer Material: Premium Calf Leather Inner Lining: Soft Goat Leather Sole: Durable Thermo Sole Heel Height: Comfortable 1-3 cm Available Sizes: EU 39-45 Minimum Order: 8 Pairs (Wholesale Availability) Delivery Time: 12 Days + Shipping","_links":{"self":[{"href":"https:\/\/turkishtrade.co\/fr\/wp-json\/wp\/v2\/product\/6151","targetHints":{"allow":["GET"]}}],"collection":[{"href":"https:\/\/turkishtrade.co\/fr\/wp-json\/wp\/v2\/product"}],"about":[{"href":"https:\/\/turkishtrade.co\/fr\/wp-json\/wp\/v2\/types\/product"}],"wp:featuredmedia":[{"embeddable":true,"href":"https:\/\/turkishtrade.co\/fr\/wp-json\/wp\/v2\/media\/4116"}],"wp:attachment":[{"href":"https:\/\/turkishtrade.co\/fr\/wp-json\/wp\/v2\/media?parent=6151"}],"wp:term":[{"taxonomy":"product_brand","embeddable":true,"href":"https:\/\/turkishtrade.co\/fr\/wp-json\/wp\/v2\/product_brand?post=6151"},{"taxonomy":"product_cat","embeddable":true,"href":"https:\/\/turkishtrade.co\/fr\/wp-json\/wp\/v2\/product_cat?post=6151"},{"taxonomy":"product_tag","embeddable":true,"href":"https:\/\/turkishtrade.co\/fr\/wp-json\/wp\/v2\/product_tag?post=6151"}],"curies":[{"name":"wp","href":"https:\/\/api.w.org\/{rel}","templated":true}]}}