{"id":6127,"date":"2026-01-14T14:11:57","date_gmt":"2026-01-14T14:11:57","guid":{"rendered":"https:\/\/turkishtrade.co\/product\/mens-black-suede-casual-shoes\/"},"modified":"2026-04-09T19:12:17","modified_gmt":"2026-04-09T19:12:17","slug":"mens-black-suede-casual-shoes","status":"publish","type":"product","link":"https:\/\/turkishtrade.co\/fr\/shop\/mens-black-suede-casual-shoes\/","title":{"rendered":"Chaussures \u00e0 lacets d\u00e9contract\u00e9es en daim noir pour hommes avec semelle EVA"},"content":{"rendered":"<p><strong>Chaussures d\u00e9contract\u00e9es en daim noir pour hommes<\/strong><\/p>\n<p>Profitez d'un confort in\u00e9gal\u00e9 et d'un style d\u00e9contract\u00e9 et sophistiqu\u00e9 gr\u00e2ce \u00e0 nos produits exquis. <b>Chaussures d\u00e9contract\u00e9es en daim noir pour hommes<\/b>. Con\u00e7ues pour l'homme moderne qui accorde de l'importance \u00e0 l'esth\u00e9tique et \u00e0 la facilit\u00e9 d'utilisation, ces chaussures sont un m\u00e9lange parfait d'\u00e9l\u00e9gance classique et de fonctionnalit\u00e9 contemporaine. Qu'il s'agisse d'une promenade tranquille le week-end ou d'une tenue de bureau \u00e9l\u00e9gante et d\u00e9contract\u00e9e, ces chaussures sont un parfait m\u00e9lange d'\u00e9l\u00e9gance classique et de fonctionnalit\u00e9 contemporaine. <b>Chaussures d\u00e9contract\u00e9es en daim noir pour hommes<\/b> sont votre choix de pr\u00e9dilection pour des chaussures polyvalentes qui ne font aucun compromis sur le confort ou le style.<\/p>\n<p><h3>Un confort et une qualit\u00e9 in\u00e9gal\u00e9s<\/h3>\n<\/p>\n<p>Faites l'exp\u00e9rience du luxe de l'int\u00e9rieur vers l'ext\u00e9rieur. La partie sup\u00e9rieure de ces remarquables <b>Chaussures d\u00e9contract\u00e9es en daim noir pour hommes<\/b> est m\u00e9ticuleusement confectionn\u00e9 en cuir de veau velours de premi\u00e8re qualit\u00e9, offrant une texture douce et velout\u00e9e et une teinte noire riche et profonde qui exsude la sophistication.<\/p>\n<p>Le daim de veau est r\u00e9put\u00e9 pour sa durabilit\u00e9 et sa souplesse, ce qui permet \u00e0 ces chaussures d'\u00eatre non seulement superbes, mais aussi de r\u00e9sister \u00e0 l'\u00e9preuve du temps. \u00c0 l'int\u00e9rieur, vos pieds seront berc\u00e9s par l'\u00e9treinte somptueuse de la doublure en cuir de ch\u00e8vre v\u00e9ritable. Le cuir de ch\u00e8vre est exceptionnellement doux, respirant et se moule parfaitement \u00e0 votre pied, offrant un niveau de confort in\u00e9gal\u00e9 et pr\u00e9venant l'inconfort m\u00eame apr\u00e8s un port prolong\u00e9.<\/p>\n<p>L'attention port\u00e9e aux mat\u00e9riaux de haute qualit\u00e9 est un v\u00e9ritable atout pour ces produits. <b>Chaussures d\u00e9contract\u00e9es en daim noir pour hommes<\/b> \u00e0 part.<\/p>\n<p><h3>Con\u00e7u pour un style quotidien<\/h3>\n<\/p>\n<p>La conception de ces <b>Chaussures d\u00e9contract\u00e9es en daim noir pour hommes<\/b> est un \u00e9quilibre parfait entre l'esth\u00e9tique d'un mocassin traditionnel et une fermeture \u00e0 lacets s\u00e9curis\u00e9e. Cette conception inspir\u00e9e des mocassins, associ\u00e9e \u00e0 des lacets robustes, assure un ajustement parfait et r\u00e9glable, ce qui les rend id\u00e9ales pour diff\u00e9rentes formes de pieds. La semelle l\u00e9g\u00e8re en EVA d'un gris clair contrast\u00e9 ajoute non seulement un \u00e9l\u00e9ment visuel distinctif, mais offre \u00e9galement un amorti et une flexibilit\u00e9 sup\u00e9rieurs.<\/p>\n<p>Avec un talon bas confortable, d'environ 1 \u00e0 3 cm, ces <b>Chaussures d\u00e9contract\u00e9es en daim noir pour hommes<\/b> offrent un excellent soutien et une bonne absorption des chocs, pour que chaque pas soit un plaisir. Cette technologie de semelle innovante garantit que ces <b>Chaussures d\u00e9contract\u00e9es en daim noir pour hommes<\/b> ne sont pas seulement \u00e9l\u00e9gants, ils sont aussi incroyablement pratiques \u00e0 porter au quotidien.<\/p>\n<p><h3>Choix durables et intelligents<\/h3>\n<\/p>\n<p>Disponible dans une large gamme de tailles allant du 39 au 45, il est possible de trouver la taille id\u00e9ale pour ces produits essentiels. <b>Chaussures d\u00e9contract\u00e9es en daim noir pour hommes<\/b> est sans effort. Qu'il s'agisse d'habiller un jean ou de compl\u00e9ter un pantalon chino, ces chaussures s'int\u00e8grent parfaitement \u00e0 votre garde-robe. Pour les d\u00e9taillants ou ceux qui cherchent \u00e0 s'approvisionner, ces chaussures exceptionnelles s'int\u00e8grent parfaitement \u00e0 leur garde-robe. <b>Chaussures d\u00e9contract\u00e9es en daim noir pour hommes<\/b> sont disponibles pour les commandes en gros, avec une quantit\u00e9 minimale de seulement 8 paires, ce qui vous permet de r\u00e9pondre facilement \u00e0 la demande.<\/p>\n<p>Avec un d\u00e9lai de livraison estim\u00e9 \u00e0 12 jours plus les frais de port, vous n'aurez pas \u00e0 attendre longtemps pour profiter de ces chaussures haut de gamme. Am\u00e9liorez votre collection de chaussures avec une paire qui promet un style durable, un confort exceptionnel et un savoir-faire de premier ordre.<\/p>","protected":false},"excerpt":{"rendered":"<ul>\n<li>Tige en cuir de veau velours de premi\u00e8re qualit\u00e9 pour un aspect et une sensation sophistiqu\u00e9s<\/li>\n<li>La doublure int\u00e9rieure en cuir de ch\u00e8vre luxueux assure un confort et une respirabilit\u00e9 exceptionnels.<\/li>\n<li>La semelle EVA l\u00e9g\u00e8re et flexible offre un amorti sup\u00e9rieur pour une utilisation tout au long de la journ\u00e9e.<\/li>\n<li>Design classique inspir\u00e9 des mocassins, avec fermeture \u00e0 lacets s\u00e9curis\u00e9e pour un ajustement parfait.<\/li>\n<li>Talon bas confortable (environ 1-3 cm) pour un soutien stable<\/li>\n<li>Disponible dans une gamme compl\u00e8te de tailles : 39, 40, 41, 42, 43, 44, 45<\/li>\n<li>Disponibilit\u00e9 en gros : Quantit\u00e9 minimale de commande de 8 paires<\/li>\n<\/ul>","protected":false},"featured_media":4095,"template":"","meta":{"_acf_changed":false,"_uag_custom_page_level_css":"","site-sidebar-layout":"default","site-content-layout":"","ast-site-content-layout":"default","site-content-style":"default","site-sidebar-style":"default","ast-global-header-display":"","ast-banner-title-visibility":"","ast-main-header-display":"","ast-hfb-above-header-display":"","ast-hfb-below-header-display":"","ast-hfb-mobile-header-display":"","site-post-title":"","ast-breadcrumbs-content":"","ast-featured-img":"","footer-sml-layout":"","ast-disable-related-posts":"","theme-transparent-header-meta":"","adv-header-id-meta":"","stick-header-meta":"","header-above-stick-meta":"","header-main-stick-meta":"","header-below-stick-meta":"","astra-migrate-meta-layouts":"default","ast-page-background-enabled":"default","ast-page-background-meta":{"desktop":{"background-color":"var(--ast-global-color-4)","background-image":"","background-repeat":"repeat","background-position":"center center","background-size":"auto","background-attachment":"scroll","background-type":"","background-media":"","overlay-type":"","overlay-color":"","overlay-opacity":"","overlay-gradient":""},"tablet":{"background-color":"","background-image":"","background-repeat":"repeat","background-position":"center center","background-size":"auto","background-attachment":"scroll","background-type":"","background-media":"","overlay-type":"","overlay-color":"","overlay-opacity":"","overlay-gradient":""},"mobile":{"background-color":"","background-image":"","background-repeat":"repeat","background-position":"center center","background-size":"auto","background-attachment":"scroll","background-type":"","background-media":"","overlay-type":"","overlay-color":"","overlay-opacity":"","overlay-gradient":""}},"ast-content-background-meta":{"desktop":{"background-color":"var(--ast-global-color-5)","background-image":"","background-repeat":"repeat","background-position":"center center","background-size":"auto","background-attachment":"scroll","background-type":"","background-media":"","overlay-type":"","overlay-color":"","overlay-opacity":"","overlay-gradient":""},"tablet":{"background-color":"var(--ast-global-color-5)","background-image":"","background-repeat":"repeat","background-position":"center center","background-size":"auto","background-attachment":"scroll","background-type":"","background-media":"","overlay-type":"","overlay-color":"","overlay-opacity":"","overlay-gradient":""},"mobile":{"background-color":"var(--ast-global-color-5)","background-image":"","background-repeat":"repeat","background-position":"center center","background-size":"auto","background-attachment":"scroll","background-type":"","background-media":"","overlay-type":"","overlay-color":"","overlay-opacity":"","overlay-gradient":""}}},"product_brand":[],"product_cat":[48,49,430,40],"product_tag":[1158,202,222,438,1159,189,991,198,917,283,281],"class_list":{"0":"post-6127","1":"product","2":"type-product","3":"status-publish","4":"has-post-thumbnail","6":"product_cat-casual","7":"product_cat-loafer","8":"product_cat-men","9":"product_cat-mens-shoes","10":"product_tag-black-suede","11":"product_tag-calf-leather","12":"product_tag-comfortable-shoes","13":"product_tag-eva-sole","14":"product_tag-everyday-footwear","15":"product_tag-goat-leather-lining","16":"product_tag-loafer-style","17":"product_tag-mens-fashion","18":"product_tag-premium-quality","19":"product_tag-suede-shoes","20":"product_tag-wholesale-shoes","21":"desktop-align-center","22":"tablet-align-center","23":"mobile-align-center","25":"first","26":"instock","27":"shipping-taxable","28":"purchasable","29":"product-type-variable","30":"has-default-attributes"},"acf":[],"uagb_featured_image_src":{"full":["https:\/\/turkishtrade.co\/wp-content\/uploads\/2026\/01\/2400EJOMN00473-BLACK-X_620-4-USD.png",453,250,false],"thumbnail":["https:\/\/turkishtrade.co\/wp-content\/uploads\/2026\/01\/2400EJOMN00473-BLACK-X_620-4-USD-150x150.png",150,150,true],"medium":["https:\/\/turkishtrade.co\/wp-content\/uploads\/2026\/01\/2400EJOMN00473-BLACK-X_620-4-USD-300x166.png",300,166,true],"medium_large":["https:\/\/turkishtrade.co\/wp-content\/uploads\/2026\/01\/2400EJOMN00473-BLACK-X_620-4-USD.png",453,250,false],"large":["https:\/\/turkishtrade.co\/wp-content\/uploads\/2026\/01\/2400EJOMN00473-BLACK-X_620-4-USD.png",453,250,false],"1536x1536":["https:\/\/turkishtrade.co\/wp-content\/uploads\/2026\/01\/2400EJOMN00473-BLACK-X_620-4-USD.png",453,250,false],"2048x2048":["https:\/\/turkishtrade.co\/wp-content\/uploads\/2026\/01\/2400EJOMN00473-BLACK-X_620-4-USD.png",453,250,false],"trp-custom-language-flag":["https:\/\/turkishtrade.co\/wp-content\/uploads\/2026\/01\/2400EJOMN00473-BLACK-X_620-4-USD-18x10.png",18,10,true],"woocommerce_thumbnail":["https:\/\/turkishtrade.co\/wp-content\/uploads\/2026\/01\/2400EJOMN00473-BLACK-X_620-4-USD-400x250.png",400,250,true],"woocommerce_single":["https:\/\/turkishtrade.co\/wp-content\/uploads\/2026\/01\/2400EJOMN00473-BLACK-X_620-4-USD.png",453,250,false],"woocommerce_gallery_thumbnail":["https:\/\/turkishtrade.co\/wp-content\/uploads\/2026\/01\/2400EJOMN00473-BLACK-X_620-4-USD-100x100.png",100,100,true]},"uagb_author_info":{"display_name":"yaser olabi","author_link":"https:\/\/turkishtrade.co\/fr\/author\/"},"uagb_comment_info":0,"uagb_excerpt":"Premium Calf Suede Leather Upper for a sophisticated look and feel Luxurious Goat Leather Inner Lining ensures exceptional comfort and breathability Lightweight and Flexible EVA Sole provides superior cushioning for all-day wear Classic Loafer-Inspired Design with a secure lace-up closure for a perfect fit Comfortable Low Heel (approximately 1-3 cm) for stable support Available in\u2026","_links":{"self":[{"href":"https:\/\/turkishtrade.co\/fr\/wp-json\/wp\/v2\/product\/6127","targetHints":{"allow":["GET"]}}],"collection":[{"href":"https:\/\/turkishtrade.co\/fr\/wp-json\/wp\/v2\/product"}],"about":[{"href":"https:\/\/turkishtrade.co\/fr\/wp-json\/wp\/v2\/types\/product"}],"wp:featuredmedia":[{"embeddable":true,"href":"https:\/\/turkishtrade.co\/fr\/wp-json\/wp\/v2\/media\/4095"}],"wp:attachment":[{"href":"https:\/\/turkishtrade.co\/fr\/wp-json\/wp\/v2\/media?parent=6127"}],"wp:term":[{"taxonomy":"product_brand","embeddable":true,"href":"https:\/\/turkishtrade.co\/fr\/wp-json\/wp\/v2\/product_brand?post=6127"},{"taxonomy":"product_cat","embeddable":true,"href":"https:\/\/turkishtrade.co\/fr\/wp-json\/wp\/v2\/product_cat?post=6127"},{"taxonomy":"product_tag","embeddable":true,"href":"https:\/\/turkishtrade.co\/fr\/wp-json\/wp\/v2\/product_tag?post=6127"}],"curies":[{"name":"wp","href":"https:\/\/api.w.org\/{rel}","templated":true}]}}