{"id":6125,"date":"2026-01-14T14:11:39","date_gmt":"2026-01-14T14:11:39","guid":{"rendered":"https:\/\/turkishtrade.co\/product\/mens-suede-casual-loafers-3\/"},"modified":"2026-04-09T19:12:21","modified_gmt":"2026-04-09T19:12:21","slug":"mens-suede-casual-loafers-3","status":"publish","type":"product","link":"https:\/\/turkishtrade.co\/fr\/shop\/mens-suede-casual-loafers-3\/","title":{"rendered":"Mocassins d\u00e9contract\u00e9s en daim de premi\u00e8re qualit\u00e9 pour hommes avec semelle EVA"},"content":{"rendered":"<p><strong>Mocassins d\u00e9contract\u00e9s en daim pour hommes<\/strong><\/p>\n<p>Entrez dans un style et un confort in\u00e9gal\u00e9s gr\u00e2ce \u00e0 nos produits de qualit\u00e9 sup\u00e9rieure. <b>Mocassins d\u00e9contract\u00e9s en daim pour hommes<\/b>. M\u00e9ticuleusement confectionn\u00e9s pour offrir sophistication et aisance, ces mocassins exceptionnels sont un ajout essentiel \u00e0 la garde-robe de tout gentleman exigeant. Parfaits pour toutes les occasions, des week-ends d\u00e9contract\u00e9s aux bureaux \u00e9l\u00e9gants et d\u00e9contract\u00e9s, ces mocassins sont parfaits pour la vie de tous les jours. <b>Mocassins d\u00e9contract\u00e9s en daim pour hommes<\/b> red\u00e9finissent l'\u00e9l\u00e9gance quotidienne et le confort luxueux.<\/p>\n<p>La surface ext\u00e9rieure de ces chaussures exquises est fabriqu\u00e9e en cuir de veau v\u00e9ritable de haute qualit\u00e9, avec une finition experte en daim doux et riche. Ce choix de mat\u00e9riau offre non seulement un aspect et un toucher luxueux, mais garantit \u00e9galement la durabilit\u00e9 et la respirabilit\u00e9, ce qui permet \u00e0 vos pieds de rester \u00e0 l'aise tout au long de la journ\u00e9e. L'\u00e9l\u00e9gance de l'ext\u00e9rieur est compl\u00e9t\u00e9e par un int\u00e9rieur tout aussi impressionnant, enti\u00e8rement doubl\u00e9 de cuir de ch\u00e8vre incroyablement doux.<\/p>\n<p>Cette doublure de qualit\u00e9 sup\u00e9rieure enveloppe vos pieds de douceur, \u00e9vacue l'humidit\u00e9 et pr\u00e9vient les irritations. <b>Mocassins d\u00e9contract\u00e9s en daim pour hommes<\/b> un vrai plaisir \u00e0 porter pendant de longues p\u00e9riodes.<\/p>\n<p><h3>Un confort et un savoir-faire in\u00e9gal\u00e9s<\/h3>\n<\/p>\n<p>Con\u00e7us pour un confort ultime, ces mocassins classiques sont dot\u00e9s d'une semelle EVA l\u00e9g\u00e8re et flexible. La semelle EVA offre une absorption des chocs et un amortissement sup\u00e9rieurs, ce qui r\u00e9duit consid\u00e9rablement la fatigue du pied. Que vous naviguiez dans les rues de la ville ou que vous passiez des heures debout, la technologie de la semelle r\u00e9active vous donne du ressort.<\/p>\n<p>Le talon bas et classique du mocassin, d'environ 1 \u00e0 3 cm, ajoute une \u00e9l\u00e9vation subtile sans compromettre la stabilit\u00e9, pr\u00e9servant ainsi l'attrait intemporel de la chaussure. Ces chaussures <b>Mocassins d\u00e9contract\u00e9s en daim pour hommes<\/b> sont con\u00e7ues pour durer et offrir un confort durable, ce qui en fait un investissement judicieux pour votre collection de chaussures.<\/p>\n<p>Ces produits polyvalents <b>Mocassins d\u00e9contract\u00e9s en daim pour hommes<\/b> sont disponibles dans une large gamme de tailles allant du 39 au 45, garantissant un ajustement parfait pour de nombreuses personnes. Leur conception pratique \u00e0 enfiler les rend incroyablement pratiques pour les changements rapides, tandis que leur construction soign\u00e9e garantit un ajustement s\u00fbr et confortable. Ces chaussures exceptionnelles allient parfaitement le savoir-faire traditionnel et le confort moderne. <b>Mocassins d\u00e9contract\u00e9s en daim pour hommes<\/b>.<\/p>\n<p>Ils rehaussent v\u00e9ritablement n'importe quel ensemble, offrant \u00e0 la fois style et praticit\u00e9 \u00e0 l'homme contemporain.<\/p>\n<p><h3>Commandes group\u00e9es et livraison dans les d\u00e9lais<\/h3>\n<\/p>\n<p>Pour les entreprises qui cherchent \u00e0 stocker des chaussures de qualit\u00e9 sup\u00e9rieure, ces <b>Mocassins d\u00e9contract\u00e9s en daim pour hommes<\/b> sont disponibles pour les achats en gros avec une commande minimum de 8 paires. Nous sommes fiers de nos d\u00e9lais de livraison, les commandes \u00e9tant g\u00e9n\u00e9ralement exp\u00e9di\u00e9es dans les 12 jours, plus le temps de transport standard. Investissez dans la qualit\u00e9, le confort et un style durable que vos clients appr\u00e9cieront gr\u00e2ce \u00e0 notre collection premium de <b>Mocassins d\u00e9contract\u00e9s en daim pour hommes<\/b>.<\/p>\n<p>Am\u00e9liorez votre inventaire avec ces produits recherch\u00e9s <b>Mocassins d\u00e9contract\u00e9s en daim pour hommes<\/b> d\u00e8s aujourd'hui et offrez \u00e0 votre client\u00e8le une exp\u00e9rience in\u00e9gal\u00e9e en mati\u00e8re de chaussures.<\/p>","protected":false},"excerpt":{"rendered":"<ul>\n<li>Fabriqu\u00e9 en cuir de veau v\u00e9ritable et en daim pour une sensation de luxe.<\/li>\n<li>La doublure int\u00e9rieure en cuir de ch\u00e8vre luxueux assure un confort et une respirabilit\u00e9 exceptionnels.<\/li>\n<li>Semelle EVA l\u00e9g\u00e8re et flexible offrant un amorti et un soutien sup\u00e9rieurs.<\/li>\n<li>Talon mocassin bas et classique (environ 1-3 cm) pour un style intemporel.<\/li>\n<li>Disponible dans une large gamme de tailles : EU 39, 40, 41, 42, 43, 44, 45<\/li>\n<li>Quantit\u00e9 minimale de commande : 8 paires (disponible pour les achats en gros)<\/li>\n<li>D\u00e9lai de livraison : 12 jours + exp\u00e9dition pour une ex\u00e9cution efficace des commandes<\/li>\n<\/ul>","protected":false},"featured_media":4094,"template":"","meta":{"_acf_changed":false,"_uag_custom_page_level_css":"","site-sidebar-layout":"default","site-content-layout":"","ast-site-content-layout":"default","site-content-style":"default","site-sidebar-style":"default","ast-global-header-display":"","ast-banner-title-visibility":"","ast-main-header-display":"","ast-hfb-above-header-display":"","ast-hfb-below-header-display":"","ast-hfb-mobile-header-display":"","site-post-title":"","ast-breadcrumbs-content":"","ast-featured-img":"","footer-sml-layout":"","ast-disable-related-posts":"","theme-transparent-header-meta":"","adv-header-id-meta":"","stick-header-meta":"","header-above-stick-meta":"","header-main-stick-meta":"","header-below-stick-meta":"","astra-migrate-meta-layouts":"default","ast-page-background-enabled":"default","ast-page-background-meta":{"desktop":{"background-color":"var(--ast-global-color-4)","background-image":"","background-repeat":"repeat","background-position":"center center","background-size":"auto","background-attachment":"scroll","background-type":"","background-media":"","overlay-type":"","overlay-color":"","overlay-opacity":"","overlay-gradient":""},"tablet":{"background-color":"","background-image":"","background-repeat":"repeat","background-position":"center center","background-size":"auto","background-attachment":"scroll","background-type":"","background-media":"","overlay-type":"","overlay-color":"","overlay-opacity":"","overlay-gradient":""},"mobile":{"background-color":"","background-image":"","background-repeat":"repeat","background-position":"center center","background-size":"auto","background-attachment":"scroll","background-type":"","background-media":"","overlay-type":"","overlay-color":"","overlay-opacity":"","overlay-gradient":""}},"ast-content-background-meta":{"desktop":{"background-color":"var(--ast-global-color-5)","background-image":"","background-repeat":"repeat","background-position":"center center","background-size":"auto","background-attachment":"scroll","background-type":"","background-media":"","overlay-type":"","overlay-color":"","overlay-opacity":"","overlay-gradient":""},"tablet":{"background-color":"var(--ast-global-color-5)","background-image":"","background-repeat":"repeat","background-position":"center center","background-size":"auto","background-attachment":"scroll","background-type":"","background-media":"","overlay-type":"","overlay-color":"","overlay-opacity":"","overlay-gradient":""},"mobile":{"background-color":"var(--ast-global-color-5)","background-image":"","background-repeat":"repeat","background-position":"center center","background-size":"auto","background-attachment":"scroll","background-type":"","background-media":"","overlay-type":"","overlay-color":"","overlay-opacity":"","overlay-gradient":""}}},"product_brand":[],"product_cat":[48,49,430,40],"product_tag":[147,449,220,438,221,215,384,186,184,149],"class_list":{"0":"post-6125","1":"product","2":"type-product","3":"status-publish","4":"has-post-thumbnail","6":"product_cat-casual","7":"product_cat-loafer","8":"product_cat-men","9":"product_cat-mens-shoes","10":"product_tag-brown-loafers","11":"product_tag-casual-shoes","12":"product_tag-comfortable-loafers","13":"product_tag-eva-sole","14":"product_tag-genuine-leather","15":"product_tag-leather-loafers","16":"product_tag-luxury-loafers","17":"product_tag-mens-loafers","18":"product_tag-slip-on-shoes","19":"product_tag-suede-loafers","20":"desktop-align-center","21":"tablet-align-center","22":"mobile-align-center","24":"first","25":"instock","26":"shipping-taxable","27":"purchasable","28":"product-type-variable","29":"has-default-attributes"},"acf":[],"uagb_featured_image_src":{"full":["https:\/\/turkishtrade.co\/wp-content\/uploads\/2026\/01\/2400EJOMN00472-BROWN-X_7800-3-USD.png",453,250,false],"thumbnail":["https:\/\/turkishtrade.co\/wp-content\/uploads\/2026\/01\/2400EJOMN00472-BROWN-X_7800-3-USD-150x150.png",150,150,true],"medium":["https:\/\/turkishtrade.co\/wp-content\/uploads\/2026\/01\/2400EJOMN00472-BROWN-X_7800-3-USD-300x166.png",300,166,true],"medium_large":["https:\/\/turkishtrade.co\/wp-content\/uploads\/2026\/01\/2400EJOMN00472-BROWN-X_7800-3-USD.png",453,250,false],"large":["https:\/\/turkishtrade.co\/wp-content\/uploads\/2026\/01\/2400EJOMN00472-BROWN-X_7800-3-USD.png",453,250,false],"1536x1536":["https:\/\/turkishtrade.co\/wp-content\/uploads\/2026\/01\/2400EJOMN00472-BROWN-X_7800-3-USD.png",453,250,false],"2048x2048":["https:\/\/turkishtrade.co\/wp-content\/uploads\/2026\/01\/2400EJOMN00472-BROWN-X_7800-3-USD.png",453,250,false],"trp-custom-language-flag":["https:\/\/turkishtrade.co\/wp-content\/uploads\/2026\/01\/2400EJOMN00472-BROWN-X_7800-3-USD-18x10.png",18,10,true],"woocommerce_thumbnail":["https:\/\/turkishtrade.co\/wp-content\/uploads\/2026\/01\/2400EJOMN00472-BROWN-X_7800-3-USD-400x250.png",400,250,true],"woocommerce_single":["https:\/\/turkishtrade.co\/wp-content\/uploads\/2026\/01\/2400EJOMN00472-BROWN-X_7800-3-USD.png",453,250,false],"woocommerce_gallery_thumbnail":["https:\/\/turkishtrade.co\/wp-content\/uploads\/2026\/01\/2400EJOMN00472-BROWN-X_7800-3-USD-100x100.png",100,100,true]},"uagb_author_info":{"display_name":"yaser olabi","author_link":"https:\/\/turkishtrade.co\/fr\/author\/"},"uagb_comment_info":0,"uagb_excerpt":"Crafted from genuine calf leather suede upper for a luxurious feel Luxurious goat leather inner lining ensures exceptional comfort and breathability Lightweight and flexible EVA sole provides superior cushioning and support Features a low, classic loafer heel (approximately 1-3 cm) for timeless style Available in a wide range of sizes: EU 39, 40, 41, 42,\u2026","_links":{"self":[{"href":"https:\/\/turkishtrade.co\/fr\/wp-json\/wp\/v2\/product\/6125","targetHints":{"allow":["GET"]}}],"collection":[{"href":"https:\/\/turkishtrade.co\/fr\/wp-json\/wp\/v2\/product"}],"about":[{"href":"https:\/\/turkishtrade.co\/fr\/wp-json\/wp\/v2\/types\/product"}],"wp:featuredmedia":[{"embeddable":true,"href":"https:\/\/turkishtrade.co\/fr\/wp-json\/wp\/v2\/media\/4094"}],"wp:attachment":[{"href":"https:\/\/turkishtrade.co\/fr\/wp-json\/wp\/v2\/media?parent=6125"}],"wp:term":[{"taxonomy":"product_brand","embeddable":true,"href":"https:\/\/turkishtrade.co\/fr\/wp-json\/wp\/v2\/product_brand?post=6125"},{"taxonomy":"product_cat","embeddable":true,"href":"https:\/\/turkishtrade.co\/fr\/wp-json\/wp\/v2\/product_cat?post=6125"},{"taxonomy":"product_tag","embeddable":true,"href":"https:\/\/turkishtrade.co\/fr\/wp-json\/wp\/v2\/product_tag?post=6125"}],"curies":[{"name":"wp","href":"https:\/\/api.w.org\/{rel}","templated":true}]}}