{"id":6123,"date":"2026-01-14T14:11:19","date_gmt":"2026-01-14T14:11:19","guid":{"rendered":"https:\/\/turkishtrade.co\/product\/men-s-brown-suede-loafers-2\/"},"modified":"2026-04-09T19:12:24","modified_gmt":"2026-04-09T19:12:24","slug":"mens-brown-suede-loafers","status":"publish","type":"product","link":"https:\/\/turkishtrade.co\/fr\/shop\/mens-brown-suede-loafers\/","title":{"rendered":"Mocassins Premium en daim marron pour hommes avec semelle EVA"},"content":{"rendered":"<p><strong>Mocassins en daim marron pour hommes<\/strong><\/p>\n<p>\u00c9levez votre style de tous les jours gr\u00e2ce \u00e0 notre exquise <strong>Mocassins en daim marron pour hommes<\/strong>, Ces chaussures sont une fusion parfaite entre l'\u00e9l\u00e9gance classique et le confort moderne. Ces chaussures \u00e0 enfiler de qualit\u00e9 sup\u00e9rieure sont m\u00e9ticuleusement fabriqu\u00e9es pour offrir une sophistication et une durabilit\u00e9 in\u00e9gal\u00e9es, ce qui en fait un ajout essentiel \u00e0 la garde-robe de tout gentleman exigeant. Con\u00e7ues pour ceux qui appr\u00e9cient les mat\u00e9riaux nobles et le confort sup\u00e9rieur, ces <strong>mocassins en daim marron pour hommes<\/strong> sont plus que de simples chaussures ; elles sont l'expression d'un go\u00fbt raffin\u00e9 et d'un charme sans effort.<\/p>\n<p><h3>Un savoir-faire exceptionnel et des mat\u00e9riaux de premi\u00e8re qualit\u00e9<\/h3>\n<\/p>\n<p>Notre engagement en faveur de la qualit\u00e9 transpara\u00eet dans chaque d\u00e9tail de ces remarquables mocassins. La surface ext\u00e9rieure est fabriqu\u00e9e \u00e0 partir d'un luxueux cuir de veau velours, r\u00e9put\u00e9 pour sa texture douce, son aspect riche et sa r\u00e9sistance durable. Ce cuir de veau velours de qualit\u00e9 sup\u00e9rieure offre non seulement une esth\u00e9tique \u00e9tonnante dans une teinte brune polyvalente, mais il garantit \u00e9galement que vos chaussures seront toujours \u00e0 la hauteur de vos attentes. <strong>mocassins en daim marron pour hommes<\/strong> vieillira magnifiquement, d\u00e9veloppant une patine unique au fil du temps.<\/p>\n<p>\u00c0 l'int\u00e9rieur, d\u00e9couvrez le confort in\u00e9gal\u00e9 d'une doublure en cuir de ch\u00e8vre v\u00e9ritable. Le cuir de ch\u00e8vre est r\u00e9put\u00e9 pour son incroyable douceur, sa respirabilit\u00e9 et ses propri\u00e9t\u00e9s d'\u00e9vacuation de l'humidit\u00e9, ce qui permet \u00e0 vos pieds de rester \u00e0 l'aise et au sec tout au long de la journ\u00e9e. Cette s\u00e9lection minutieuse de mat\u00e9riaux garantit une exp\u00e9rience de port exceptionnelle, ce qui rend ces chaussures encore plus agr\u00e9ables \u00e0 porter. <strong>mocassins en daim marron pour hommes<\/strong> \u00e0 part.<\/p>\n<p><h3>Confort in\u00e9gal\u00e9 gr\u00e2ce \u00e0 une semelle EVA flexible<\/h3>\n<\/p>\n<p>Le confort est primordial, et ces <strong>mocassins en daim marron pour hommes<\/strong> sont \u00e0 la hauteur sur tous les fronts. Dot\u00e9es d'une semelle EVA l\u00e9g\u00e8re et flexible, elles offrent un excellent amorti et un bon soutien, absorbant les chocs \u00e0 chaque pas. La semelle en EVA garantit une foul\u00e9e confortable, que vous naviguiez dans les rues de la ville ou que vous profitiez d'une promenade d\u00e9contract\u00e9e le week-end.<\/p>\n<p>Avec un talon mocassin classique d'une hauteur de 1 \u00e0 3 cm, ces chaussures trouvent l'\u00e9quilibre parfait entre aisance d\u00e9contract\u00e9e et \u00e9l\u00e9gance subtile, ce qui leur permet d'\u00eatre port\u00e9es longtemps sans fatigue. Vous appr\u00e9cierez la fa\u00e7on dont ces <strong>mocassins en daim marron pour hommes<\/strong> Les semelles en cuir sont confortables du matin au soir, ce qui en fait le choix id\u00e9al pour toutes les occasions.<\/p>\n<p><h3>Un style polyvalent pour toutes les occasions<\/h3>\n<\/p>\n<p>Le design intemporel de ces <strong>mocassins en daim marron pour hommes<\/strong> les rend incroyablement polyvalents. Elles passent sans effort d'une sortie d\u00e9contract\u00e9e \u00e0 un \u00e9v\u00e9nement chic et d\u00e9contract\u00e9, s'associant parfaitement \u00e0 tout, des chinos et jeans sombres aux costumes l\u00e9gers et aux pantalons en lin. Le daim marron riche ajoute une touche de sophistication et de chaleur, ce qui vous permet de l'habiller ou de le d\u00e9grader en fonction de l'occasion.<\/p>\n<p>Que vous vous rendiez \u00e0 une r\u00e9union d'affaires d\u00e9contract\u00e9e, que vous preniez un brunch ou que vous assistiez \u00e0 une r\u00e9union sociale, ces chaussures sont con\u00e7ues pour compl\u00e9ter votre style personnel avec aisance et assurance. Investissez dans une paire de <strong>mocassins en daim marron pour hommes<\/strong> qui rehaussent v\u00e9ritablement votre look et offrent des possibilit\u00e9s de coiffure infinies.<\/p>\n<p><h3>Disponibilit\u00e9 en gros et livraison fiable<\/h3>\n<\/p>\n<p>Pour les d\u00e9taillants et les entreprises \u00e0 la recherche de chaussures de haute qualit\u00e9, ces chaussures exquises ont \u00e9t\u00e9 con\u00e7ues pour r\u00e9pondre \u00e0 leurs besoins. <strong>mocassins en daim marron pour hommes<\/strong> sont disponibles pour les commandes en gros. Avec une quantit\u00e9 minimale de 8 paires, vous pouvez stocker ce style populaire et offrir \u00e0 vos clients un confort et une sophistication de premier ordre. Notre processus efficace garantit un d\u00e9lai de livraison d'environ 12 jours, plus les frais d'exp\u00e9dition, ce qui vous permet de planifier vos stocks en toute confiance et de r\u00e9pondre \u00e0 la demande.<\/p>\n<p>Choisissez ces produits d'exception <strong>mocassins en daim marron pour hommes<\/strong> pour fournir \u00e0 votre client\u00e8le des chaussures qui incarnent \u00e0 la fois le luxe et la praticit\u00e9, qui distinguent votre collection et qui garantissent la satisfaction de vos clients.<\/p>","protected":false},"excerpt":{"rendered":"<ul>\n<li><b>Tige en daim de luxe :<\/b> Fabriqu\u00e9 en cuir de veau velours souple et durable pour une esth\u00e9tique sophistiqu\u00e9e.<\/li>\n<li><b>Doublure en cuir de ch\u00e8vre respirant :<\/b> Assure un confort et une ventilation sup\u00e9rieurs pour une utilisation tout au long de la journ\u00e9e.<\/li>\n<li><b>Semelle l\u00e9g\u00e8re en EVA :<\/b> Offre un amorti et une flexibilit\u00e9 exceptionnels pour une foul\u00e9e sans effort.<\/li>\n<li><b>Mocassins classiques Talon :<\/b> Il est dot\u00e9 d'un talon confortable de 1 \u00e0 3 cm de hauteur, parfait pour une \u00e9l\u00e9gance d\u00e9contract\u00e9e.<\/li>\n<li><b>Tailles disponibles :<\/b> 39, 40, 41, 42, 43, 44, 45.<\/li>\n<li><b>Quantit\u00e9 minimale de commande :<\/b> Disponible \u00e0 l'achat en gros \u00e0 partir de 8 paires.<\/li>\n<li><b>D\u00e9lai de livraison :<\/b> Environ 12 jours plus les frais de port.<\/li>\n<\/ul>","protected":false},"featured_media":4093,"template":"","meta":{"_acf_changed":false,"_uag_custom_page_level_css":"","site-sidebar-layout":"default","site-content-layout":"","ast-site-content-layout":"default","site-content-style":"default","site-sidebar-style":"default","ast-global-header-display":"","ast-banner-title-visibility":"","ast-main-header-display":"","ast-hfb-above-header-display":"","ast-hfb-below-header-display":"","ast-hfb-mobile-header-display":"","site-post-title":"","ast-breadcrumbs-content":"","ast-featured-img":"","footer-sml-layout":"","ast-disable-related-posts":"","theme-transparent-header-meta":"","adv-header-id-meta":"","stick-header-meta":"","header-above-stick-meta":"","header-main-stick-meta":"","header-below-stick-meta":"","astra-migrate-meta-layouts":"default","ast-page-background-enabled":"default","ast-page-background-meta":{"desktop":{"background-color":"var(--ast-global-color-4)","background-image":"","background-repeat":"repeat","background-position":"center center","background-size":"auto","background-attachment":"scroll","background-type":"","background-media":"","overlay-type":"","overlay-color":"","overlay-opacity":"","overlay-gradient":""},"tablet":{"background-color":"","background-image":"","background-repeat":"repeat","background-position":"center center","background-size":"auto","background-attachment":"scroll","background-type":"","background-media":"","overlay-type":"","overlay-color":"","overlay-opacity":"","overlay-gradient":""},"mobile":{"background-color":"","background-image":"","background-repeat":"repeat","background-position":"center center","background-size":"auto","background-attachment":"scroll","background-type":"","background-media":"","overlay-type":"","overlay-color":"","overlay-opacity":"","overlay-gradient":""}},"ast-content-background-meta":{"desktop":{"background-color":"var(--ast-global-color-5)","background-image":"","background-repeat":"repeat","background-position":"center center","background-size":"auto","background-attachment":"scroll","background-type":"","background-media":"","overlay-type":"","overlay-color":"","overlay-opacity":"","overlay-gradient":""},"tablet":{"background-color":"var(--ast-global-color-5)","background-image":"","background-repeat":"repeat","background-position":"center center","background-size":"auto","background-attachment":"scroll","background-type":"","background-media":"","overlay-type":"","overlay-color":"","overlay-opacity":"","overlay-gradient":""},"mobile":{"background-color":"var(--ast-global-color-5)","background-image":"","background-repeat":"repeat","background-position":"center center","background-size":"auto","background-attachment":"scroll","background-type":"","background-media":"","overlay-type":"","overlay-color":"","overlay-opacity":"","overlay-gradient":""}}},"product_brand":[],"product_cat":[48,49,430,40],"product_tag":[147,185,449,220,978,438,459,189,198,186,790,374,184,1157,283,281],"class_list":{"0":"post-6123","1":"product","2":"type-product","3":"status-publish","4":"has-post-thumbnail","6":"product_cat-casual","7":"product_cat-loafer","8":"product_cat-men","9":"product_cat-mens-shoes","10":"product_tag-brown-loafers","11":"product_tag-calf-leather-shoes","12":"product_tag-casual-shoes","13":"product_tag-comfortable-loafers","14":"product_tag-dress-casual-shoes","15":"product_tag-eva-sole","16":"product_tag-everyday-shoes","17":"product_tag-goat-leather-lining","18":"product_tag-mens-fashion","19":"product_tag-mens-loafers","20":"product_tag-mens-slip-ons","21":"product_tag-premium-loafers","22":"product_tag-slip-on-shoes","23":"product_tag-soft-suede-loafers","24":"product_tag-suede-shoes","25":"product_tag-wholesale-shoes","26":"desktop-align-center","27":"tablet-align-center","28":"mobile-align-center","30":"first","31":"instock","32":"shipping-taxable","33":"purchasable","34":"product-type-variable","35":"has-default-attributes"},"acf":[],"uagb_featured_image_src":{"full":["https:\/\/turkishtrade.co\/wp-content\/uploads\/2026\/01\/2400EJOMN00471-BROWN-X_7800-7-USD.png",453,250,false],"thumbnail":["https:\/\/turkishtrade.co\/wp-content\/uploads\/2026\/01\/2400EJOMN00471-BROWN-X_7800-7-USD-150x150.png",150,150,true],"medium":["https:\/\/turkishtrade.co\/wp-content\/uploads\/2026\/01\/2400EJOMN00471-BROWN-X_7800-7-USD-300x166.png",300,166,true],"medium_large":["https:\/\/turkishtrade.co\/wp-content\/uploads\/2026\/01\/2400EJOMN00471-BROWN-X_7800-7-USD.png",453,250,false],"large":["https:\/\/turkishtrade.co\/wp-content\/uploads\/2026\/01\/2400EJOMN00471-BROWN-X_7800-7-USD.png",453,250,false],"1536x1536":["https:\/\/turkishtrade.co\/wp-content\/uploads\/2026\/01\/2400EJOMN00471-BROWN-X_7800-7-USD.png",453,250,false],"2048x2048":["https:\/\/turkishtrade.co\/wp-content\/uploads\/2026\/01\/2400EJOMN00471-BROWN-X_7800-7-USD.png",453,250,false],"trp-custom-language-flag":["https:\/\/turkishtrade.co\/wp-content\/uploads\/2026\/01\/2400EJOMN00471-BROWN-X_7800-7-USD-18x10.png",18,10,true],"woocommerce_thumbnail":["https:\/\/turkishtrade.co\/wp-content\/uploads\/2026\/01\/2400EJOMN00471-BROWN-X_7800-7-USD-400x250.png",400,250,true],"woocommerce_single":["https:\/\/turkishtrade.co\/wp-content\/uploads\/2026\/01\/2400EJOMN00471-BROWN-X_7800-7-USD.png",453,250,false],"woocommerce_gallery_thumbnail":["https:\/\/turkishtrade.co\/wp-content\/uploads\/2026\/01\/2400EJOMN00471-BROWN-X_7800-7-USD-100x100.png",100,100,true]},"uagb_author_info":{"display_name":"yaser olabi","author_link":"https:\/\/turkishtrade.co\/fr\/author\/"},"uagb_comment_info":0,"uagb_excerpt":"Luxury Calf Suede Upper: Crafted from soft, durable calf suede leather for a sophisticated aesthetic. Breathable Goat Leather Lining: Ensures superior comfort and ventilation for all-day wear. Lightweight EVA Sole: Provides exceptional cushioning and flexibility for an effortless stride. Classic Loafer Heel: Features a comfortable 1-3 cm heel height, perfect for casual elegance. Available Sizes:\u2026","_links":{"self":[{"href":"https:\/\/turkishtrade.co\/fr\/wp-json\/wp\/v2\/product\/6123","targetHints":{"allow":["GET"]}}],"collection":[{"href":"https:\/\/turkishtrade.co\/fr\/wp-json\/wp\/v2\/product"}],"about":[{"href":"https:\/\/turkishtrade.co\/fr\/wp-json\/wp\/v2\/types\/product"}],"wp:featuredmedia":[{"embeddable":true,"href":"https:\/\/turkishtrade.co\/fr\/wp-json\/wp\/v2\/media\/4093"}],"wp:attachment":[{"href":"https:\/\/turkishtrade.co\/fr\/wp-json\/wp\/v2\/media?parent=6123"}],"wp:term":[{"taxonomy":"product_brand","embeddable":true,"href":"https:\/\/turkishtrade.co\/fr\/wp-json\/wp\/v2\/product_brand?post=6123"},{"taxonomy":"product_cat","embeddable":true,"href":"https:\/\/turkishtrade.co\/fr\/wp-json\/wp\/v2\/product_cat?post=6123"},{"taxonomy":"product_tag","embeddable":true,"href":"https:\/\/turkishtrade.co\/fr\/wp-json\/wp\/v2\/product_tag?post=6123"}],"curies":[{"name":"wp","href":"https:\/\/api.w.org\/{rel}","templated":true}]}}