{"id":6119,"date":"2026-01-14T14:10:44","date_gmt":"2026-01-14T14:10:44","guid":{"rendered":"https:\/\/turkishtrade.co\/product\/men-s-croc-embossed-leather-loafers\/"},"modified":"2026-04-09T19:12:30","modified_gmt":"2026-04-09T19:12:30","slug":"mens-croc-embossed-leather-loafers-2","status":"publish","type":"product","link":"https:\/\/turkishtrade.co\/fr\/shop\/mens-croc-embossed-leather-loafers-2\/","title":{"rendered":"Mocassins en cuir de veau gaufr\u00e9 marron Premium pour hommes"},"content":{"rendered":"<p><strong>Mocassins en cuir gaufr\u00e9 pour hommes<\/strong><\/p>\n<p>\u00c9levez votre collection de chaussures gr\u00e2ce \u00e0 nos chaussures exquises. <b>Mocassins en cuir gaufr\u00e9 pour hommes<\/b>. Con\u00e7us pour l'homme exigeant, ces mocassins allient harmonieusement l'\u00e9l\u00e9gance classique et le style contemporain, ce qui en fait un choix polyvalent pour une multitude d'occasions. Des r\u00e9unions d'affaires d\u00e9contract\u00e9es aux sorties d\u00e9contract\u00e9es du week-end, ces mocassins sophistiqu\u00e9s sont un choix polyvalent pour une multitude d'occasions. <b>Mocassins en cuir gaufr\u00e9 pour hommes<\/b> pour que vous fassiez toujours bonne impression.<\/p>\n<p>Faites l'exp\u00e9rience d'un confort et d'un style ultimes en optant pour une paire de ces remarquables <b>Mocassins en cuir gaufr\u00e9 pour hommes<\/b>.<\/p>\n<p><h3>Un savoir-faire in\u00e9gal\u00e9 et des mat\u00e9riaux de premi\u00e8re qualit\u00e9<\/h3>\n<\/p>\n<p>Chaque paire de ces mocassins haut de gamme t\u00e9moigne d'un savoir-faire sup\u00e9rieur. La surface ext\u00e9rieure est m\u00e9ticuleusement fabriqu\u00e9e en cuir de veau de qualit\u00e9 sup\u00e9rieure, avec une riche teinte brune et une texture gaufr\u00e9e en crocodile qui exsude le luxe et un style unique. Ce d\u00e9tail distinctif conf\u00e8re \u00e0 ces <b>Mocassins en cuir gaufr\u00e9 pour hommes<\/b> et offrent une touche opulente, \u00e0 la fois tendance et intemporelle.<\/p>\n<p>\u00c0 l'int\u00e9rieur, vos pieds seront envelopp\u00e9s dans la somptueuse douceur d'une doublure en cuir de ch\u00e8vre v\u00e9ritable, garantissant une bonne respirabilit\u00e9 et un confort exceptionnel d\u00e8s la premi\u00e8re utilisation. La combinaison de cuir de veau et de ch\u00e8vre de qualit\u00e9 sup\u00e9rieure ne se contente pas de rehausser l'attrait esth\u00e9tique, elle garantit \u00e9galement la durabilit\u00e9 et la long\u00e9vit\u00e9, ce qui distingue v\u00e9ritablement ces chaussures de l'ensemble de la gamme. <b>Mocassins en cuir gaufr\u00e9 pour hommes<\/b> comme un choix sup\u00e9rieur.<\/p>\n<p><h3>Con\u00e7u pour le confort et le style<\/h3>\n<\/p>\n<p>Le confort est primordial sans compromettre le style. Ces superbes <b>Mocassins en cuir gaufr\u00e9 pour hommes<\/b> sont dot\u00e9es d'une semelle EVA \u00e0 la fois l\u00e9g\u00e8re et robuste. Ce mat\u00e9riau de pointe offre un excellent amorti et une grande souplesse, absorbant les chocs \u00e0 chaque pas et permettant de se d\u00e9placer sans effort tout au long de la journ\u00e9e.<\/p>\n<p>La silhouette classique du mocassin est rehauss\u00e9e par une hauteur de talon subtile de 1 \u00e0 3 cm, offrant juste ce qu'il faut de hauteur pour une posture raffin\u00e9e tout en conservant le confort d\u00e9contract\u00e9 d'une chaussure \u00e0 enfiler.<\/p>\n<p>Gr\u00e2ce \u00e0 leur conception bien pens\u00e9e, ils ne sont pas seulement attrayants sur le plan visuel, mais aussi agr\u00e9ables \u00e0 porter. D\u00e9couvrez la fusion parfaite de l'\u00e9l\u00e9gance et de la facilit\u00e9 avec ces chaussures exceptionnelles. <b>Mocassins en cuir gaufr\u00e9 pour hommes<\/b>, Les v\u00eatements de la collection \" Le Monde \", un ajout vraiment intelligent \u00e0 toute garde-robe.<\/p>\n<p><h3>Une polyvalence pour chaque garde-robe<\/h3>\n<\/p>\n<p>La teinte brune intemporelle et l'embossage unique en croc en font des objets incroyables. <b>Mocassins en cuir gaufr\u00e9 pour hommes<\/b> incroyablement polyvalent. Associez-les \u00e0 un pantalon de tailleur pour un look de bureau sophistiqu\u00e9, \u00e0 un pantalon chino pour un ensemble d\u00e9contract\u00e9, ou m\u00eame \u00e0 un short pour une tenue d'\u00e9t\u00e9 \u00e9l\u00e9gante. Ce sont les chaussures id\u00e9ales pour passer sans effort d'une situation \u00e0 l'autre, en apportant une touche de classe raffin\u00e9e \u00e0 n'importe quelle tenue.<\/p>\n<p>Lorsque vous choisissez ces <b>Mocassins en cuir gaufr\u00e9 pour hommes<\/b>, vous choisissez une chaussure qui peut s'adapter \u00e0 votre style de vie et rehausser votre prestance. En effet, ce sont les seules <b>Mocassins en cuir gaufr\u00e9 pour hommes<\/b> dont vous aurez besoin pour une garde-robe vraiment sophistiqu\u00e9e.<\/p>\n<p><h3>Disponibilit\u00e9 et commande<\/h3>\n<\/p>\n<p>Nous offrons ces services exceptionnels <b>Mocassins en cuir gaufr\u00e9 pour hommes<\/b> dans une gamme compl\u00e8te de tailles allant de l'UE 39 \u00e0 l'UE 45, garantissant un ajustement parfait pour la plupart. Pour nos partenaires grossistes et d\u00e9taillants, la quantit\u00e9 minimale de commande est de 8 paires. Chaque commande est pr\u00e9par\u00e9e avec le plus grand soin, avec un d\u00e9lai de livraison estim\u00e9 \u00e0 12 jours plus les frais de port.<\/p>\n<p>D\u00e9couvrez le m\u00e9lange de luxe, de confort et de style distinctif que seuls ces produits de qualit\u00e9 sup\u00e9rieure peuvent offrir. <b>Mocassins en cuir gaufr\u00e9 pour hommes<\/b> peut offrir \u00e0 vos clients.<\/p>","protected":false},"excerpt":{"rendered":"<ul>\n<li>Ext\u00e9rieur en cuir de veau de premi\u00e8re qualit\u00e9 avec d\u00e9tails distinctifs gaufr\u00e9s en crocodile<\/li>\n<li>Doublure int\u00e9rieure en cuir de ch\u00e8vre luxueux pour un confort supr\u00eame<\/li>\n<li>Semelle EVA l\u00e9g\u00e8re et flexible pour un port tout au long de la journ\u00e9e<\/li>\n<li>Hauteur du talon d'un mocassin classique (1-3 cm)<\/li>\n<li>Disponible en tailles : EU 39, 40, 41, 42, 43, 44, 45<\/li>\n<li>Quantit\u00e9 minimale de commande : 8 paires<\/li>\n<li>D\u00e9lai de livraison estim\u00e9 : 12 jours + exp\u00e9dition<\/li>\n<\/ul>","protected":false},"featured_media":4091,"template":"","meta":{"_acf_changed":false,"_uag_custom_page_level_css":"","site-sidebar-layout":"default","site-content-layout":"","ast-site-content-layout":"default","site-content-style":"default","site-sidebar-style":"default","ast-global-header-display":"","ast-banner-title-visibility":"","ast-main-header-display":"","ast-hfb-above-header-display":"","ast-hfb-below-header-display":"","ast-hfb-mobile-header-display":"","site-post-title":"","ast-breadcrumbs-content":"","ast-featured-img":"","footer-sml-layout":"","ast-disable-related-posts":"","theme-transparent-header-meta":"","adv-header-id-meta":"","stick-header-meta":"","header-above-stick-meta":"","header-main-stick-meta":"","header-below-stick-meta":"","astra-migrate-meta-layouts":"default","ast-page-background-enabled":"default","ast-page-background-meta":{"desktop":{"background-color":"var(--ast-global-color-4)","background-image":"","background-repeat":"repeat","background-position":"center center","background-size":"auto","background-attachment":"scroll","background-type":"","background-media":"","overlay-type":"","overlay-color":"","overlay-opacity":"","overlay-gradient":""},"tablet":{"background-color":"","background-image":"","background-repeat":"repeat","background-position":"center center","background-size":"auto","background-attachment":"scroll","background-type":"","background-media":"","overlay-type":"","overlay-color":"","overlay-opacity":"","overlay-gradient":""},"mobile":{"background-color":"","background-image":"","background-repeat":"repeat","background-position":"center center","background-size":"auto","background-attachment":"scroll","background-type":"","background-media":"","overlay-type":"","overlay-color":"","overlay-opacity":"","overlay-gradient":""}},"ast-content-background-meta":{"desktop":{"background-color":"var(--ast-global-color-5)","background-image":"","background-repeat":"repeat","background-position":"center center","background-size":"auto","background-attachment":"scroll","background-type":"","background-media":"","overlay-type":"","overlay-color":"","overlay-opacity":"","overlay-gradient":""},"tablet":{"background-color":"var(--ast-global-color-5)","background-image":"","background-repeat":"repeat","background-position":"center center","background-size":"auto","background-attachment":"scroll","background-type":"","background-media":"","overlay-type":"","overlay-color":"","overlay-opacity":"","overlay-gradient":""},"mobile":{"background-color":"var(--ast-global-color-5)","background-image":"","background-repeat":"repeat","background-position":"center center","background-size":"auto","background-attachment":"scroll","background-type":"","background-media":"","overlay-type":"","overlay-color":"","overlay-opacity":"","overlay-gradient":""}}},"product_brand":[],"product_cat":[48,49,430,40],"product_tag":[147,200,202,449,457,438,437,227,148,198,362,184,619],"class_list":{"0":"post-6119","1":"product","2":"type-product","3":"status-publish","4":"has-post-thumbnail","6":"product_cat-casual","7":"product_cat-loafer","8":"product_cat-men","9":"product_cat-mens-shoes","10":"product_tag-brown-loafers","11":"product_tag-business-casual","12":"product_tag-calf-leather","13":"product_tag-casual-shoes","14":"product_tag-classic-loafers","15":"product_tag-eva-sole","16":"product_tag-goat-leather","17":"product_tag-leather-shoes","18":"product_tag-loafers","19":"product_tag-mens-fashion","20":"product_tag-premium-footwear","21":"product_tag-slip-on-shoes","22":"product_tag-sophisticated-shoes","23":"desktop-align-center","24":"tablet-align-center","25":"mobile-align-center","27":"first","28":"instock","29":"shipping-taxable","30":"purchasable","31":"product-type-variable","32":"has-default-attributes"},"acf":[],"uagb_featured_image_src":{"full":["https:\/\/turkishtrade.co\/wp-content\/uploads\/2026\/01\/2400EJOMN00451-BROWN-X_7753-4-USD.png",453,250,false],"thumbnail":["https:\/\/turkishtrade.co\/wp-content\/uploads\/2026\/01\/2400EJOMN00451-BROWN-X_7753-4-USD-150x150.png",150,150,true],"medium":["https:\/\/turkishtrade.co\/wp-content\/uploads\/2026\/01\/2400EJOMN00451-BROWN-X_7753-4-USD-300x166.png",300,166,true],"medium_large":["https:\/\/turkishtrade.co\/wp-content\/uploads\/2026\/01\/2400EJOMN00451-BROWN-X_7753-4-USD.png",453,250,false],"large":["https:\/\/turkishtrade.co\/wp-content\/uploads\/2026\/01\/2400EJOMN00451-BROWN-X_7753-4-USD.png",453,250,false],"1536x1536":["https:\/\/turkishtrade.co\/wp-content\/uploads\/2026\/01\/2400EJOMN00451-BROWN-X_7753-4-USD.png",453,250,false],"2048x2048":["https:\/\/turkishtrade.co\/wp-content\/uploads\/2026\/01\/2400EJOMN00451-BROWN-X_7753-4-USD.png",453,250,false],"trp-custom-language-flag":["https:\/\/turkishtrade.co\/wp-content\/uploads\/2026\/01\/2400EJOMN00451-BROWN-X_7753-4-USD-18x10.png",18,10,true],"woocommerce_thumbnail":["https:\/\/turkishtrade.co\/wp-content\/uploads\/2026\/01\/2400EJOMN00451-BROWN-X_7753-4-USD-400x250.png",400,250,true],"woocommerce_single":["https:\/\/turkishtrade.co\/wp-content\/uploads\/2026\/01\/2400EJOMN00451-BROWN-X_7753-4-USD.png",453,250,false],"woocommerce_gallery_thumbnail":["https:\/\/turkishtrade.co\/wp-content\/uploads\/2026\/01\/2400EJOMN00451-BROWN-X_7753-4-USD-100x100.png",100,100,true]},"uagb_author_info":{"display_name":"yaser olabi","author_link":"https:\/\/turkishtrade.co\/fr\/author\/"},"uagb_comment_info":0,"uagb_excerpt":"Premium Calf Leather Outer with Distinctive Croc Embossed Detail Luxurious Goat Leather Inner Lining for Supreme Comfort Lightweight and Flexible EVA Sole for All-Day Wear Classic Loafer Heel Height (1-3 cm) Available in Sizes: EU 39, 40, 41, 42, 43, 44, 45 Minimum Order Quantity: 8 Pairs Estimated Delivery Time: 12 Days + Shipping","_links":{"self":[{"href":"https:\/\/turkishtrade.co\/fr\/wp-json\/wp\/v2\/product\/6119","targetHints":{"allow":["GET"]}}],"collection":[{"href":"https:\/\/turkishtrade.co\/fr\/wp-json\/wp\/v2\/product"}],"about":[{"href":"https:\/\/turkishtrade.co\/fr\/wp-json\/wp\/v2\/types\/product"}],"wp:featuredmedia":[{"embeddable":true,"href":"https:\/\/turkishtrade.co\/fr\/wp-json\/wp\/v2\/media\/4091"}],"wp:attachment":[{"href":"https:\/\/turkishtrade.co\/fr\/wp-json\/wp\/v2\/media?parent=6119"}],"wp:term":[{"taxonomy":"product_brand","embeddable":true,"href":"https:\/\/turkishtrade.co\/fr\/wp-json\/wp\/v2\/product_brand?post=6119"},{"taxonomy":"product_cat","embeddable":true,"href":"https:\/\/turkishtrade.co\/fr\/wp-json\/wp\/v2\/product_cat?post=6119"},{"taxonomy":"product_tag","embeddable":true,"href":"https:\/\/turkishtrade.co\/fr\/wp-json\/wp\/v2\/product_tag?post=6119"}],"curies":[{"name":"wp","href":"https:\/\/api.w.org\/{rel}","templated":true}]}}