{"id":6117,"date":"2026-01-14T14:10:25","date_gmt":"2026-01-14T14:10:25","guid":{"rendered":"https:\/\/turkishtrade.co\/product\/mens-blue-suede-casual-shoes-2\/"},"modified":"2026-04-09T19:12:34","modified_gmt":"2026-04-09T19:12:34","slug":"mens-blue-suede-casual-shoes-2","status":"publish","type":"product","link":"https:\/\/turkishtrade.co\/fr\/shop\/mens-blue-suede-casual-shoes-2\/","title":{"rendered":"Premium Chaussures \u00e0 lacets en daim bleu pour hommes"},"content":{"rendered":"<p><strong>Chaussures d\u00e9contract\u00e9es en daim bleu pour hommes<\/strong><\/p>\n<p>Entrez dans un confort sophistiqu\u00e9 avec nos **Premium Men's Blue Suede Lace-Up Casual Shoes** (chaussures \u00e0 lacets en daim bleu pour hommes). Con\u00e7ues pour l'homme moderne qui appr\u00e9cie \u00e0 la fois le style et la substance, ces chaussures allient harmonieusement esth\u00e9tique classique et confort contemporain. La teinte bleue frappante de la surface ext\u00e9rieure en daim de veau v\u00e9ritable vous assure de faire une impression m\u00e9morable, que vous vous rendiez \u00e0 une r\u00e9union d'affaires d\u00e9contract\u00e9e ou que vous profitiez d'une sortie le week-end.<\/p>\n<p>Il ne s'agit pas de n'importe quelle paire de chaussures, mais d'un investissement dans la qualit\u00e9 et le style intemporel.<\/p>\n<p>Fabriqu\u00e9e avec une attention m\u00e9ticuleuse aux d\u00e9tails, chaque paire de ces **Men's Blue Suede Casual Shoes** pr\u00e9sente un ext\u00e9rieur en cuir de veau velours de haute qualit\u00e9. Ce mat\u00e9riau de qualit\u00e9 sup\u00e9rieure est r\u00e9put\u00e9 pour sa texture velout\u00e9e et sa riche absorption des couleurs, ce qui conf\u00e8re \u00e0 ces chaussures un aspect distinctif et luxueux. Le daim de veau doux et souple se moule \u00e0 vos pieds au fil du temps, offrant un ajustement personnalis\u00e9 qui ne fait que s'am\u00e9liorer avec l'usure.<\/p>\n<p>Le ton bleu riche est polyvalent, s'associant sans effort avec des jeans, des chinos ou m\u00eame des pantalons \u00e9l\u00e9gants, ce qui fait de ces **Men's Blue Suede Casual Shoes** un v\u00e9ritable essentiel de la garde-robe.<\/p>\n<p><h3>Un confort et une durabilit\u00e9 in\u00e9gal\u00e9s<\/h3>\n<\/p>\n<p>Au-del\u00e0 de leur aspect ext\u00e9rieur, l'int\u00e9rieur de ces exceptionnelles **Men's Blue Suede Casual Shoes** est doubl\u00e9 de cuir de ch\u00e8vre v\u00e9ritable. Ce choix de mat\u00e9riau int\u00e9rieur offre une respirabilit\u00e9 et une douceur in\u00e9gal\u00e9es contre la peau, \u00e9vitant l'inconfort et garantissant une exp\u00e9rience de port agr\u00e9able tout au long de la journ\u00e9e. Dites adieu aux chaussures inconfortables ; notre doublure en cuir de ch\u00e8vre chouchoute vos pieds, rendant ces chaussures id\u00e9ales pour un usage prolong\u00e9.<\/p>\n<p>La semelle EVA, \u00e0 la fois l\u00e9g\u00e8re et incroyablement r\u00e9sistante, compl\u00e8te la tige et la doublure luxueuses. Ce mat\u00e9riau innovant offre un excellent amorti et une bonne absorption des chocs, ce qui permet de faire chaque pas sans effort. La hauteur modeste et confortable du talon contribue \u00e9galement \u00e0 la facilit\u00e9 d'utilisation g\u00e9n\u00e9rale, s'inscrivant dans un profil classique et d\u00e9contract\u00e9.<\/p>\n<p>Nous comprenons l'importance d'un ajustement parfait, c'est pourquoi ces **Men's Blue Suede Casual Shoes** sont disponibles dans une gamme compl\u00e8te de tailles allant de 39 \u00e0 45. Nous sommes fiers d'offrir ces chaussures de haute qualit\u00e9 aux d\u00e9taillants et aux entreprises avec une quantit\u00e9 minimale de commande de seulement 8 paires, assurant l'accessibilit\u00e9 \u00e0 diff\u00e9rentes \u00e9chelles commerciales. Notre processus de production efficace garantit une livraison dans les 12 jours ouvrables, plus les frais d'exp\u00e9dition, ce qui vous permet d'approvisionner rapidement votre stock avec un produit qui sera certainement un favori de la client\u00e8le.<\/p>\n<p>Am\u00e9liorez votre collection de chaussures avec une paire qui en dit long sur la qualit\u00e9, le style et le confort. Ces **souliers d\u00e9contract\u00e9s en daim bleu pour hommes** sont plus que de simples chaussures, ils sont une d\u00e9claration.<\/p>","protected":false},"excerpt":{"rendered":"<ul>\n<li>La tige en cuir de veau velours exquis offre une texture douce et sophistiqu\u00e9e.<\/li>\n<li>La doublure int\u00e9rieure en cuir de ch\u00e8vre luxueux assure une respirabilit\u00e9 et un confort sup\u00e9rieurs.<\/li>\n<li>\u00c9quip\u00e9e d'une semelle EVA l\u00e9g\u00e8re et flexible pour une portabilit\u00e9 tout au long de la journ\u00e9e.<\/li>\n<li>Disponible dans une large gamme de tailles allant de l'UE 39 \u00e0 45.<\/li>\n<li>Quantit\u00e9 minimale de commande de 8 paires, parfait pour les partenaires grossistes et d\u00e9taillants.<\/li>\n<li>Livraison fiable dans les 12 jours ouvrables, plus le d\u00e9lai d'exp\u00e9dition standard.<\/li>\n<\/ul>","protected":false},"featured_media":4090,"template":"","meta":{"_acf_changed":false,"_uag_custom_page_level_css":"","site-sidebar-layout":"default","site-content-layout":"","ast-site-content-layout":"default","site-content-style":"default","site-sidebar-style":"default","ast-global-header-display":"","ast-banner-title-visibility":"","ast-main-header-display":"","ast-hfb-above-header-display":"","ast-hfb-below-header-display":"","ast-hfb-mobile-header-display":"","site-post-title":"","ast-breadcrumbs-content":"","ast-featured-img":"","footer-sml-layout":"","ast-disable-related-posts":"","theme-transparent-header-meta":"","adv-header-id-meta":"","stick-header-meta":"","header-above-stick-meta":"","header-main-stick-meta":"","header-below-stick-meta":"","astra-migrate-meta-layouts":"default","ast-page-background-enabled":"default","ast-page-background-meta":{"desktop":{"background-color":"var(--ast-global-color-4)","background-image":"","background-repeat":"repeat","background-position":"center center","background-size":"auto","background-attachment":"scroll","background-type":"","background-media":"","overlay-type":"","overlay-color":"","overlay-opacity":"","overlay-gradient":""},"tablet":{"background-color":"","background-image":"","background-repeat":"repeat","background-position":"center center","background-size":"auto","background-attachment":"scroll","background-type":"","background-media":"","overlay-type":"","overlay-color":"","overlay-opacity":"","overlay-gradient":""},"mobile":{"background-color":"","background-image":"","background-repeat":"repeat","background-position":"center center","background-size":"auto","background-attachment":"scroll","background-type":"","background-media":"","overlay-type":"","overlay-color":"","overlay-opacity":"","overlay-gradient":""}},"ast-content-background-meta":{"desktop":{"background-color":"var(--ast-global-color-5)","background-image":"","background-repeat":"repeat","background-position":"center center","background-size":"auto","background-attachment":"scroll","background-type":"","background-media":"","overlay-type":"","overlay-color":"","overlay-opacity":"","overlay-gradient":""},"tablet":{"background-color":"var(--ast-global-color-5)","background-image":"","background-repeat":"repeat","background-position":"center center","background-size":"auto","background-attachment":"scroll","background-type":"","background-media":"","overlay-type":"","overlay-color":"","overlay-opacity":"","overlay-gradient":""},"mobile":{"background-color":"var(--ast-global-color-5)","background-image":"","background-repeat":"repeat","background-position":"center center","background-size":"auto","background-attachment":"scroll","background-type":"","background-media":"","overlay-type":"","overlay-color":"","overlay-opacity":"","overlay-gradient":""}}},"product_brand":[],"product_cat":[48,49,430,40],"product_tag":[1156,317,202,449,222,212,438,437,198,362,1089,307,281],"class_list":{"0":"post-6117","1":"product","2":"type-product","3":"status-publish","4":"has-post-thumbnail","6":"product_cat-casual","7":"product_cat-loafer","8":"product_cat-men","9":"product_cat-mens-shoes","10":"product_tag-blue-casual-shoes","11":"product_tag-blue-suede-shoes","12":"product_tag-calf-leather","13":"product_tag-casual-shoes","14":"product_tag-comfortable-shoes","15":"product_tag-derby-shoes","16":"product_tag-eva-sole","17":"product_tag-goat-leather","18":"product_tag-mens-fashion","19":"product_tag-premium-footwear","20":"product_tag-size-39-45","21":"product_tag-suede-footwear","22":"product_tag-wholesale-shoes","23":"desktop-align-center","24":"tablet-align-center","25":"mobile-align-center","27":"first","28":"instock","29":"shipping-taxable","30":"purchasable","31":"product-type-variable","32":"has-default-attributes"},"acf":[],"uagb_featured_image_src":{"full":["https:\/\/turkishtrade.co\/wp-content\/uploads\/2026\/01\/2400EJOMN00432-BLUE-X_621-3USD.png",453,250,false],"thumbnail":["https:\/\/turkishtrade.co\/wp-content\/uploads\/2026\/01\/2400EJOMN00432-BLUE-X_621-3USD-150x150.png",150,150,true],"medium":["https:\/\/turkishtrade.co\/wp-content\/uploads\/2026\/01\/2400EJOMN00432-BLUE-X_621-3USD-300x166.png",300,166,true],"medium_large":["https:\/\/turkishtrade.co\/wp-content\/uploads\/2026\/01\/2400EJOMN00432-BLUE-X_621-3USD.png",453,250,false],"large":["https:\/\/turkishtrade.co\/wp-content\/uploads\/2026\/01\/2400EJOMN00432-BLUE-X_621-3USD.png",453,250,false],"1536x1536":["https:\/\/turkishtrade.co\/wp-content\/uploads\/2026\/01\/2400EJOMN00432-BLUE-X_621-3USD.png",453,250,false],"2048x2048":["https:\/\/turkishtrade.co\/wp-content\/uploads\/2026\/01\/2400EJOMN00432-BLUE-X_621-3USD.png",453,250,false],"trp-custom-language-flag":["https:\/\/turkishtrade.co\/wp-content\/uploads\/2026\/01\/2400EJOMN00432-BLUE-X_621-3USD-18x10.png",18,10,true],"woocommerce_thumbnail":["https:\/\/turkishtrade.co\/wp-content\/uploads\/2026\/01\/2400EJOMN00432-BLUE-X_621-3USD-400x250.png",400,250,true],"woocommerce_single":["https:\/\/turkishtrade.co\/wp-content\/uploads\/2026\/01\/2400EJOMN00432-BLUE-X_621-3USD.png",453,250,false],"woocommerce_gallery_thumbnail":["https:\/\/turkishtrade.co\/wp-content\/uploads\/2026\/01\/2400EJOMN00432-BLUE-X_621-3USD-100x100.png",100,100,true]},"uagb_author_info":{"display_name":"yaser olabi","author_link":"https:\/\/turkishtrade.co\/fr\/author\/"},"uagb_comment_info":0,"uagb_excerpt":"Exquisite calf suede leather upper offers a sophisticated, soft texture. Luxurious goat leather interior lining ensures superior breathability and comfort. Equipped with a lightweight and flexible EVA sole for all-day wearability. Available in a comprehensive size range from EU 39 to 45. Minimum order quantity of 8 pairs, perfect for wholesale and retail partners. Reliable\u2026","_links":{"self":[{"href":"https:\/\/turkishtrade.co\/fr\/wp-json\/wp\/v2\/product\/6117","targetHints":{"allow":["GET"]}}],"collection":[{"href":"https:\/\/turkishtrade.co\/fr\/wp-json\/wp\/v2\/product"}],"about":[{"href":"https:\/\/turkishtrade.co\/fr\/wp-json\/wp\/v2\/types\/product"}],"wp:featuredmedia":[{"embeddable":true,"href":"https:\/\/turkishtrade.co\/fr\/wp-json\/wp\/v2\/media\/4090"}],"wp:attachment":[{"href":"https:\/\/turkishtrade.co\/fr\/wp-json\/wp\/v2\/media?parent=6117"}],"wp:term":[{"taxonomy":"product_brand","embeddable":true,"href":"https:\/\/turkishtrade.co\/fr\/wp-json\/wp\/v2\/product_brand?post=6117"},{"taxonomy":"product_cat","embeddable":true,"href":"https:\/\/turkishtrade.co\/fr\/wp-json\/wp\/v2\/product_cat?post=6117"},{"taxonomy":"product_tag","embeddable":true,"href":"https:\/\/turkishtrade.co\/fr\/wp-json\/wp\/v2\/product_tag?post=6117"}],"curies":[{"name":"wp","href":"https:\/\/api.w.org\/{rel}","templated":true}]}}