{"id":6115,"date":"2026-01-14T14:10:08","date_gmt":"2026-01-14T14:10:08","guid":{"rendered":"https:\/\/turkishtrade.co\/product\/men-s-brown-suede-loafers\/"},"modified":"2026-04-09T19:12:37","modified_gmt":"2026-04-09T19:12:37","slug":"mens-brown-suede-loafers-2","status":"publish","type":"product","link":"https:\/\/turkishtrade.co\/fr\/shop\/mens-brown-suede-loafers-2\/","title":{"rendered":"Mocassins classiques en daim marron pour hommes avec semelle EVA"},"content":{"rendered":"<p><strong>Mocassins en daim marron pour hommes<\/strong><\/p>\n<p>D\u00e9couvrez l'ultime m\u00e9lange de style et de confort avec nos produits de qualit\u00e9 sup\u00e9rieure. <b>Mocassins en daim marron pour hommes<\/b>. Con\u00e7us pour l'homme exigeant, ces mocassins offrent un look sophistiqu\u00e9 mais d\u00e9contract\u00e9, parfait pour une vari\u00e9t\u00e9 d'environnements d\u00e9contract\u00e9s et semi-formels. Chaque paire t\u00e9moigne d'un savoir-faire sup\u00e9rieur et d'un engagement in\u00e9branlable en faveur de la qualit\u00e9, ce qui vous permet de sortir en toute confiance et confort.<\/p>\n<p><h3>Confort in\u00e9gal\u00e9 et mat\u00e9riaux luxueux<\/h3>\n<\/p>\n<p>Chaque paire de ces exquises <b>mocassins en daim<\/b> est m\u00e9ticuleusement con\u00e7u pour offrir une exp\u00e9rience de port exceptionnelle. L'ext\u00e9rieur est constitu\u00e9 d'un cuir de veau velours riche et souple, r\u00e9put\u00e9 pour son toucher doux et son aspect \u00e9l\u00e9gant. Ce mat\u00e9riau de qualit\u00e9 sup\u00e9rieure n'est pas seulement esth\u00e9tique, il se moule \u00e9galement \u00e0 votre pied au fil du temps, offrant ainsi un ajustement personnalis\u00e9.<\/p>\n<p>A l'int\u00e9rieur, vos pieds seront berc\u00e9s par une doublure en cuir de ch\u00e8vre lisse et respirante, garantissant un confort maximal et aidant \u00e0 r\u00e9guler la temp\u00e9rature tout au long de la journ\u00e9e.<\/p>\n<p>Le fondement de ces remarquables <b>mocassins bruns<\/b> est leur semelle EVA avanc\u00e9e. L\u00e9g\u00e8re, flexible et tr\u00e8s absorbante, la semelle EVA offre un amorti in\u00e9gal\u00e9, ce qui rend ces chaussures id\u00e9ales pour un usage prolong\u00e9. Que vous naviguiez dans les rues de la ville ou que vous profitiez d'un week-end d\u00e9contract\u00e9, la semelle de soutien associ\u00e9e \u00e0 un talon classique de 1 \u00e0 3 cm de hauteur garantit le confort sans compromettre le style. Ces chaussures <b>mocassins classiques<\/b> sont un v\u00e9ritable t\u00e9moignage d'une conception et d'un choix de mat\u00e9riaux r\u00e9fl\u00e9chis.<\/p>\n<p><h3>Un style polyvalent pour toutes les occasions<\/h3>\n<\/p>\n<p>Notre <b>mocassins en daim marron pour hommes<\/b> sont un compl\u00e9ment polyvalent \u00e0 toute garde-robe. Leur design intemporel leur permet de s'adapter \u00e0 un large \u00e9ventail de tenues, des chinos aux jeans en passant par les pantalons de tailleur et les blazers. La riche couleur marron offre une alternative raffin\u00e9e au noir traditionnel, ajoutant chaleur et caract\u00e8re \u00e0 votre ensemble.<\/p>\n<p>Profitez d'un confort in\u00e9gal\u00e9 \u00e0 chaque pas gr\u00e2ce \u00e0 ces chaussures de haute qualit\u00e9. <b>mocassins en daim pour hommes<\/b>, La robe de la mari\u00e9e, parfaite pour une journ\u00e9e d'affaires d\u00e9contract\u00e9e ou une soir\u00e9e sophistiqu\u00e9e.<\/p>\n<p><h3>Opportunit\u00e9 de vente en gros de chaussures haut de gamme<\/h3>\n<\/p>\n<p>Pour les d\u00e9taillants qui souhaitent offrir \u00e0 leurs clients des chaussures de haute qualit\u00e9, confortables et \u00e9l\u00e9gantes, ces <b>mocassins en daim marron<\/b> sont un excellent choix. Nous proposons ces chaussures exceptionnelles en gros avec une quantit\u00e9 minimale de commande de seulement 8 paires, ce qui permet de s'approvisionner facilement dans une gamme de tailles allant de l'UE 39 \u00e0 l'UE 45.<\/p>\n<p>Notre d\u00e9lai de production est de 12 jours, suivi d'une exp\u00e9dition efficace, ce qui vous permet de recevoir votre commande rapidement. Am\u00e9liorez votre inventaire gr\u00e2ce \u00e0 nos produits exceptionnels <b>Mocassins en daim marron pour hommes<\/b> et offrez \u00e0 votre client\u00e8le le luxe qu'elle m\u00e9rite.<\/p>","protected":false},"excerpt":{"rendered":"<ul>\n<li><b>Mat\u00e9riaux de premi\u00e8re qualit\u00e9 :<\/b> Dessus en cuir de veau luxueux et doublure en cuir de ch\u00e8vre souple.<\/li>\n<li><b>Confort ultime :<\/b> Semelle EVA l\u00e9g\u00e8re et flexible pour une utilisation tout au long de la journ\u00e9e.<\/li>\n<li><b>Design classique :<\/b> Style mocassin intemporel dans une riche teinte marron, convenant \u00e0 diverses occasions.<\/li>\n<li><b>Hauteur du talon :<\/b> Talon classique confortable de 1 \u00e0 3 cm.<\/li>\n<li><b>Tailles disponibles :<\/b> UE 39, 40, 41, 42, 43, 44, 45.<\/li>\n<li><b>Disponibilit\u00e9 en gros :<\/b> Commande minimum de 8 paires.<\/li>\n<li><b>Production et livraison :<\/b> D\u00e9lai d'ex\u00e9cution de 12 jours plus les frais d'exp\u00e9dition.<\/li>\n<\/ul>","protected":false},"featured_media":4089,"template":"","meta":{"_acf_changed":false,"_uag_custom_page_level_css":"","site-sidebar-layout":"default","site-content-layout":"","ast-site-content-layout":"default","site-content-style":"default","site-sidebar-style":"default","ast-global-header-display":"","ast-banner-title-visibility":"","ast-main-header-display":"","ast-hfb-above-header-display":"","ast-hfb-below-header-display":"","ast-hfb-mobile-header-display":"","site-post-title":"","ast-breadcrumbs-content":"","ast-featured-img":"","footer-sml-layout":"","ast-disable-related-posts":"","theme-transparent-header-meta":"","adv-header-id-meta":"","stick-header-meta":"","header-above-stick-meta":"","header-main-stick-meta":"","header-below-stick-meta":"","astra-migrate-meta-layouts":"default","ast-page-background-enabled":"default","ast-page-background-meta":{"desktop":{"background-color":"var(--ast-global-color-4)","background-image":"","background-repeat":"repeat","background-position":"center center","background-size":"auto","background-attachment":"scroll","background-type":"","background-media":"","overlay-type":"","overlay-color":"","overlay-opacity":"","overlay-gradient":""},"tablet":{"background-color":"","background-image":"","background-repeat":"repeat","background-position":"center center","background-size":"auto","background-attachment":"scroll","background-type":"","background-media":"","overlay-type":"","overlay-color":"","overlay-opacity":"","overlay-gradient":""},"mobile":{"background-color":"","background-image":"","background-repeat":"repeat","background-position":"center center","background-size":"auto","background-attachment":"scroll","background-type":"","background-media":"","overlay-type":"","overlay-color":"","overlay-opacity":"","overlay-gradient":""}},"ast-content-background-meta":{"desktop":{"background-color":"var(--ast-global-color-5)","background-image":"","background-repeat":"repeat","background-position":"center center","background-size":"auto","background-attachment":"scroll","background-type":"","background-media":"","overlay-type":"","overlay-color":"","overlay-opacity":"","overlay-gradient":""},"tablet":{"background-color":"var(--ast-global-color-5)","background-image":"","background-repeat":"repeat","background-position":"center center","background-size":"auto","background-attachment":"scroll","background-type":"","background-media":"","overlay-type":"","overlay-color":"","overlay-opacity":"","overlay-gradient":""},"mobile":{"background-color":"var(--ast-global-color-5)","background-image":"","background-repeat":"repeat","background-position":"center center","background-size":"auto","background-attachment":"scroll","background-type":"","background-media":"","overlay-type":"","overlay-color":"","overlay-opacity":"","overlay-gradient":""}}},"product_brand":[],"product_cat":[48,49,430,40],"product_tag":[147,202,449,457,220,438,189,186,184,283,456],"class_list":{"0":"post-6115","1":"product","2":"type-product","3":"status-publish","4":"has-post-thumbnail","6":"product_cat-casual","7":"product_cat-loafer","8":"product_cat-men","9":"product_cat-mens-shoes","10":"product_tag-brown-loafers","11":"product_tag-calf-leather","12":"product_tag-casual-shoes","13":"product_tag-classic-loafers","14":"product_tag-comfortable-loafers","15":"product_tag-eva-sole","16":"product_tag-goat-leather-lining","17":"product_tag-mens-loafers","18":"product_tag-slip-on-shoes","19":"product_tag-suede-shoes","20":"product_tag-wholesale-loafers","21":"desktop-align-center","22":"tablet-align-center","23":"mobile-align-center","25":"first","26":"instock","27":"shipping-taxable","28":"purchasable","29":"product-type-variable","30":"has-default-attributes"},"acf":[],"uagb_featured_image_src":{"full":["https:\/\/turkishtrade.co\/wp-content\/uploads\/2026\/01\/2400EJOMN00431-BROWN-X_7800-7-USD.png",453,250,false],"thumbnail":["https:\/\/turkishtrade.co\/wp-content\/uploads\/2026\/01\/2400EJOMN00431-BROWN-X_7800-7-USD.png",150,83,false],"medium":["https:\/\/turkishtrade.co\/wp-content\/uploads\/2026\/01\/2400EJOMN00431-BROWN-X_7800-7-USD.png",300,166,false],"medium_large":["https:\/\/turkishtrade.co\/wp-content\/uploads\/2026\/01\/2400EJOMN00431-BROWN-X_7800-7-USD.png",453,250,false],"large":["https:\/\/turkishtrade.co\/wp-content\/uploads\/2026\/01\/2400EJOMN00431-BROWN-X_7800-7-USD.png",453,250,false],"1536x1536":["https:\/\/turkishtrade.co\/wp-content\/uploads\/2026\/01\/2400EJOMN00431-BROWN-X_7800-7-USD.png",453,250,false],"2048x2048":["https:\/\/turkishtrade.co\/wp-content\/uploads\/2026\/01\/2400EJOMN00431-BROWN-X_7800-7-USD.png",453,250,false],"trp-custom-language-flag":["https:\/\/turkishtrade.co\/wp-content\/uploads\/2026\/01\/2400EJOMN00431-BROWN-X_7800-7-USD.png",18,10,false],"woocommerce_thumbnail":["https:\/\/turkishtrade.co\/wp-content\/uploads\/2026\/01\/2400EJOMN00431-BROWN-X_7800-7-USD-400x250.png",400,250,true],"woocommerce_single":["https:\/\/turkishtrade.co\/wp-content\/uploads\/2026\/01\/2400EJOMN00431-BROWN-X_7800-7-USD.png",453,250,false],"woocommerce_gallery_thumbnail":["https:\/\/turkishtrade.co\/wp-content\/uploads\/2026\/01\/2400EJOMN00431-BROWN-X_7800-7-USD-100x100.png",100,100,true]},"uagb_author_info":{"display_name":"yaser olabi","author_link":"https:\/\/turkishtrade.co\/fr\/author\/"},"uagb_comment_info":0,"uagb_excerpt":"Premium Materials: Luxurious calf leather suede upper and soft goat leather lining. Ultimate Comfort: Lightweight and flexible EVA sole for all-day wear. Classic Design: Timeless loafer style in a rich brown hue, suitable for various occasions. Heel Height: Comfortable 1-3 cm classic loafer heel. Available Sizes: EU 39, 40, 41, 42, 43, 44, 45. Wholesale\u2026","_links":{"self":[{"href":"https:\/\/turkishtrade.co\/fr\/wp-json\/wp\/v2\/product\/6115","targetHints":{"allow":["GET"]}}],"collection":[{"href":"https:\/\/turkishtrade.co\/fr\/wp-json\/wp\/v2\/product"}],"about":[{"href":"https:\/\/turkishtrade.co\/fr\/wp-json\/wp\/v2\/types\/product"}],"wp:featuredmedia":[{"embeddable":true,"href":"https:\/\/turkishtrade.co\/fr\/wp-json\/wp\/v2\/media\/4089"}],"wp:attachment":[{"href":"https:\/\/turkishtrade.co\/fr\/wp-json\/wp\/v2\/media?parent=6115"}],"wp:term":[{"taxonomy":"product_brand","embeddable":true,"href":"https:\/\/turkishtrade.co\/fr\/wp-json\/wp\/v2\/product_brand?post=6115"},{"taxonomy":"product_cat","embeddable":true,"href":"https:\/\/turkishtrade.co\/fr\/wp-json\/wp\/v2\/product_cat?post=6115"},{"taxonomy":"product_tag","embeddable":true,"href":"https:\/\/turkishtrade.co\/fr\/wp-json\/wp\/v2\/product_tag?post=6115"}],"curies":[{"name":"wp","href":"https:\/\/api.w.org\/{rel}","templated":true}]}}