{"id":6105,"date":"2026-01-14T14:09:08","date_gmt":"2026-01-14T14:09:08","guid":{"rendered":"https:\/\/turkishtrade.co\/product\/mens-perforated-loafers\/"},"modified":"2026-04-09T19:13:03","modified_gmt":"2026-04-09T19:13:03","slug":"mens-perforated-loafers","status":"publish","type":"product","link":"https:\/\/turkishtrade.co\/fr\/shop\/mens-perforated-loafers\/","title":{"rendered":"Mocassins en cuir perfor\u00e9 pour hommes avec semelle EVA"},"content":{"rendered":"<p><strong>Mocassins perfor\u00e9s pour hommes<\/strong><\/p>\n<p>D\u00e9couvrez l'alliance parfaite du style, du confort et de l'artisanat avec nos produits de qualit\u00e9 sup\u00e9rieure. <b>Mocassins perfor\u00e9s pour hommes<\/b>. Con\u00e7us pour les personnes exigeantes, ces mocassins rehaussent votre tenue de tous les jours et votre tenue d\u00e9contract\u00e9e. M\u00e9ticuleusement fabriqu\u00e9s avec le souci du d\u00e9tail, ils repr\u00e9sentent un choix id\u00e9al pour ceux qui appr\u00e9cient \u00e0 la fois l'attrait esth\u00e9tique et la facilit\u00e9 d'utilisation.<\/p>\n<p>Notre <b>Mocassins perfor\u00e9s pour hommes<\/b> sont dot\u00e9s d'une surface ext\u00e9rieure luxueuse en cuir de veau de qualit\u00e9 sup\u00e9rieure, r\u00e9put\u00e9 pour sa durabilit\u00e9, sa texture lisse et sa finition \u00e9l\u00e9gante. Ce cuir de qualit\u00e9 sup\u00e9rieure garantit un look sophistiqu\u00e9 qui vieillit magnifiquement au fil du temps. Le motif perfor\u00e9 distinctif sur l'empeigne ajoute non seulement un \u00e9l\u00e9ment de design unique, mais am\u00e9liore aussi consid\u00e9rablement la respirabilit\u00e9, ce qui permet \u00e0 vos pieds de rester au frais et \u00e0 l'aise tout au long de la journ\u00e9e, m\u00eame pendant les saisons les plus chaudes.<\/p>\n<p><h3>Un confort et une qualit\u00e9 in\u00e9gal\u00e9s<\/h3>\n<\/p>\n<p>La doublure en cuir de ch\u00e8vre est d'un confort incomparable. Le cuir de ch\u00e8vre est exceptionnellement doux, souple et connu pour ses excellentes propri\u00e9t\u00e9s d'\u00e9vacuation de l'humidit\u00e9, offrant un environnement moelleux et sans irritation pour vos pieds. Cet engagement en faveur de la qualit\u00e9 interne garantit que nos <b>Mocassins perfor\u00e9s pour hommes<\/b> sont aussi confortables \u00e0 l'int\u00e9rieur qu'ils sont \u00e9l\u00e9gants \u00e0 l'ext\u00e9rieur.<\/p>\n<p>Ces chaussures exceptionnelles reposent sur une semelle EVA \u00e0 la fois l\u00e9g\u00e8re et d'un soutien incroyable. L'EVA (\u00e9thyl\u00e8ne-ac\u00e9tate de vinyle) est r\u00e9put\u00e9 pour ses capacit\u00e9s d'absorption des chocs, offrant un amorti sup\u00e9rieur et r\u00e9duisant la fatigue. <b>Mocassins perfor\u00e9s pour hommes<\/b> id\u00e9al pour un usage prolong\u00e9. Le talon bas assure une silhouette de mocassin classique tout en offrant une assise stable et confortable.<\/p>\n<p>Disponibles dans une gamme de tailles allant de l'UE 39 \u00e0 45, nous garantissons un ajustement parfait pour chaque homme.<\/p>\n<p><h3>Un style polyvalent pour toutes les occasions<\/h3>\n<\/p>\n<p>Que vous vous rendiez \u00e0 une r\u00e9union d'affaires d\u00e9contract\u00e9e, que vous preniez un brunch le week-end ou que vous recherchiez simplement des chaussures sophistiqu\u00e9es pour tous les jours, ces <b>Mocassins perfor\u00e9s pour hommes<\/b> sont con\u00e7ues pour compl\u00e9ter diff\u00e9rentes tenues. Leur design intemporel, associ\u00e9 \u00e0 des perforations modernes, offre un look \u00e0 la fois classique et contemporain. Disponibles dans des couleurs polyvalentes telles que le noir classique, le marron riche et le bleu marine profond, vous pouvez facilement les associer \u00e0 des chinos, des shorts ajust\u00e9s ou des pantalons \u00e9l\u00e9gants.<\/p>\n<p>Pour les entreprises qui souhaitent stocker des chaussures de haute qualit\u00e9, nos <b>Mocassins perfor\u00e9s pour hommes<\/b> sont disponibles \u00e0 l'achat en gros avec une commande minimum de 8 paires. Nous sommes fiers de notre service efficace, avec une livraison g\u00e9n\u00e9ralement sous 12 jours plus le temps d'exp\u00e9dition. Investissez dans ces chaussures au style et au confort durables. <b>Mocassins perfor\u00e9s pour hommes<\/b> et offrez \u00e0 vos clients un produit qui se distingue vraiment en termes de qualit\u00e9, de design et de portabilit\u00e9.<\/p>\n<p>D\u00e9couvrez le m\u00e9lange de tradition et d'innovation \u00e0 chaque pas.<\/p>","protected":false},"excerpt":{"rendered":"<ul>\n<li><b>M\u00e9lange de mat\u00e9riaux exquis :<\/b> Tige en cuir de veau de premi\u00e8re qualit\u00e9 avec doublure en cuir de ch\u00e8vre respirant.<\/li>\n<li><b>Confort ultime :<\/b> Semelle EVA l\u00e9g\u00e8re et flexible pour un amorti tout au long de la journ\u00e9e.<\/li>\n<li><b>Design \u00e9l\u00e9gant et perfor\u00e9 :<\/b> Ajoute une touche de sophistication moderne et une meilleure respirabilit\u00e9.<\/li>\n<li><b>\u00c9l\u00e9gance polyvalente :<\/b> Parfait pour une tenue \u00e9l\u00e9gante et d\u00e9contract\u00e9e, il offre un attrait intemporel dans de multiples couleurs.<\/li>\n<li><b>Tailles disponibles :<\/b> UE 39, 40, 41, 42, 43, 44, 45 pour s'adapter \u00e0 une large gamme.<\/li>\n<li><b>Disponibilit\u00e9 en vrac :<\/b> Commande minimum de 8 paires ; livraison dans les 12 jours + frais de port.<\/li>\n<\/ul>","protected":false},"featured_media":4084,"template":"","meta":{"_acf_changed":false,"_uag_custom_page_level_css":"","site-sidebar-layout":"default","site-content-layout":"","ast-site-content-layout":"default","site-content-style":"default","site-sidebar-style":"default","ast-global-header-display":"","ast-banner-title-visibility":"","ast-main-header-display":"","ast-hfb-above-header-display":"","ast-hfb-below-header-display":"","ast-hfb-mobile-header-display":"","site-post-title":"","ast-breadcrumbs-content":"","ast-featured-img":"","footer-sml-layout":"","ast-disable-related-posts":"","theme-transparent-header-meta":"","adv-header-id-meta":"","stick-header-meta":"","header-above-stick-meta":"","header-main-stick-meta":"","header-below-stick-meta":"","astra-migrate-meta-layouts":"default","ast-page-background-enabled":"default","ast-page-background-meta":{"desktop":{"background-color":"var(--ast-global-color-4)","background-image":"","background-repeat":"repeat","background-position":"center center","background-size":"auto","background-attachment":"scroll","background-type":"","background-media":"","overlay-type":"","overlay-color":"","overlay-opacity":"","overlay-gradient":""},"tablet":{"background-color":"","background-image":"","background-repeat":"repeat","background-position":"center center","background-size":"auto","background-attachment":"scroll","background-type":"","background-media":"","overlay-type":"","overlay-color":"","overlay-opacity":"","overlay-gradient":""},"mobile":{"background-color":"","background-image":"","background-repeat":"repeat","background-position":"center center","background-size":"auto","background-attachment":"scroll","background-type":"","background-media":"","overlay-type":"","overlay-color":"","overlay-opacity":"","overlay-gradient":""}},"ast-content-background-meta":{"desktop":{"background-color":"var(--ast-global-color-5)","background-image":"","background-repeat":"repeat","background-position":"center center","background-size":"auto","background-attachment":"scroll","background-type":"","background-media":"","overlay-type":"","overlay-color":"","overlay-opacity":"","overlay-gradient":""},"tablet":{"background-color":"var(--ast-global-color-5)","background-image":"","background-repeat":"repeat","background-position":"center center","background-size":"auto","background-attachment":"scroll","background-type":"","background-media":"","overlay-type":"","overlay-color":"","overlay-opacity":"","overlay-gradient":""},"mobile":{"background-color":"var(--ast-global-color-5)","background-image":"","background-repeat":"repeat","background-position":"center center","background-size":"auto","background-attachment":"scroll","background-type":"","background-media":"","overlay-type":"","overlay-color":"","overlay-opacity":"","overlay-gradient":""}}},"product_brand":[],"product_cat":[48,49,430,40],"product_tag":[1151,202,449,457,438,437,215,964,186,686,184,456],"class_list":{"0":"post-6105","1":"product","2":"type-product","3":"status-publish","4":"has-post-thumbnail","6":"product_cat-casual","7":"product_cat-loafer","8":"product_cat-men","9":"product_cat-mens-shoes","10":"product_tag-breathable-shoes","11":"product_tag-calf-leather","12":"product_tag-casual-shoes","13":"product_tag-classic-loafers","14":"product_tag-eva-sole","15":"product_tag-goat-leather","16":"product_tag-leather-loafers","17":"product_tag-mens-casual-footwear","18":"product_tag-mens-loafers","19":"product_tag-perforated-shoes","20":"product_tag-slip-on-shoes","21":"product_tag-wholesale-loafers","22":"desktop-align-center","23":"tablet-align-center","24":"mobile-align-center","26":"first","27":"instock","28":"shipping-taxable","29":"purchasable","30":"product-type-variable","31":"has-default-attributes"},"acf":[],"uagb_featured_image_src":{"full":["https:\/\/turkishtrade.co\/wp-content\/uploads\/2026\/01\/2400EJOMN00303-DARK-BLUE-X_7802-3-USD.png",453,250,false],"thumbnail":["https:\/\/turkishtrade.co\/wp-content\/uploads\/2026\/01\/2400EJOMN00303-DARK-BLUE-X_7802-3-USD-150x150.png",150,150,true],"medium":["https:\/\/turkishtrade.co\/wp-content\/uploads\/2026\/01\/2400EJOMN00303-DARK-BLUE-X_7802-3-USD-300x166.png",300,166,true],"medium_large":["https:\/\/turkishtrade.co\/wp-content\/uploads\/2026\/01\/2400EJOMN00303-DARK-BLUE-X_7802-3-USD.png",453,250,false],"large":["https:\/\/turkishtrade.co\/wp-content\/uploads\/2026\/01\/2400EJOMN00303-DARK-BLUE-X_7802-3-USD.png",453,250,false],"1536x1536":["https:\/\/turkishtrade.co\/wp-content\/uploads\/2026\/01\/2400EJOMN00303-DARK-BLUE-X_7802-3-USD.png",453,250,false],"2048x2048":["https:\/\/turkishtrade.co\/wp-content\/uploads\/2026\/01\/2400EJOMN00303-DARK-BLUE-X_7802-3-USD.png",453,250,false],"trp-custom-language-flag":["https:\/\/turkishtrade.co\/wp-content\/uploads\/2026\/01\/2400EJOMN00303-DARK-BLUE-X_7802-3-USD-18x10.png",18,10,true],"woocommerce_thumbnail":["https:\/\/turkishtrade.co\/wp-content\/uploads\/2026\/01\/2400EJOMN00303-DARK-BLUE-X_7802-3-USD-400x250.png",400,250,true],"woocommerce_single":["https:\/\/turkishtrade.co\/wp-content\/uploads\/2026\/01\/2400EJOMN00303-DARK-BLUE-X_7802-3-USD.png",453,250,false],"woocommerce_gallery_thumbnail":["https:\/\/turkishtrade.co\/wp-content\/uploads\/2026\/01\/2400EJOMN00303-DARK-BLUE-X_7802-3-USD-100x100.png",100,100,true]},"uagb_author_info":{"display_name":"yaser olabi","author_link":"https:\/\/turkishtrade.co\/fr\/author\/"},"uagb_comment_info":0,"uagb_excerpt":"Exquisite Material Blend: Premium calf leather upper with breathable goat leather lining. Ultimate Comfort: Lightweight and flexible EVA sole provides all-day cushioning. Stylish Perforated Design: Adds a touch of modern sophistication and enhanced breathability. Versatile Elegance: Perfect for smart-casual wear, offering timeless appeal in multiple colors. Sizes Available: EU 39, 40, 41, 42, 43, 44,\u2026","_links":{"self":[{"href":"https:\/\/turkishtrade.co\/fr\/wp-json\/wp\/v2\/product\/6105","targetHints":{"allow":["GET"]}}],"collection":[{"href":"https:\/\/turkishtrade.co\/fr\/wp-json\/wp\/v2\/product"}],"about":[{"href":"https:\/\/turkishtrade.co\/fr\/wp-json\/wp\/v2\/types\/product"}],"wp:featuredmedia":[{"embeddable":true,"href":"https:\/\/turkishtrade.co\/fr\/wp-json\/wp\/v2\/media\/4084"}],"wp:attachment":[{"href":"https:\/\/turkishtrade.co\/fr\/wp-json\/wp\/v2\/media?parent=6105"}],"wp:term":[{"taxonomy":"product_brand","embeddable":true,"href":"https:\/\/turkishtrade.co\/fr\/wp-json\/wp\/v2\/product_brand?post=6105"},{"taxonomy":"product_cat","embeddable":true,"href":"https:\/\/turkishtrade.co\/fr\/wp-json\/wp\/v2\/product_cat?post=6105"},{"taxonomy":"product_tag","embeddable":true,"href":"https:\/\/turkishtrade.co\/fr\/wp-json\/wp\/v2\/product_tag?post=6105"}],"curies":[{"name":"wp","href":"https:\/\/api.w.org\/{rel}","templated":true}]}}