{"id":6102,"date":"2026-01-14T14:08:49","date_gmt":"2026-01-14T14:08:49","guid":{"rendered":"https:\/\/turkishtrade.co\/product\/mens-leather-casual-loafers-6\/"},"modified":"2026-04-09T19:13:10","modified_gmt":"2026-04-09T19:13:10","slug":"mens-leather-casual-loafers-6","status":"publish","type":"product","link":"https:\/\/turkishtrade.co\/fr\/shop\/mens-leather-casual-loafers-6\/","title":{"rendered":"Mocassins d\u00e9contract\u00e9s en cuir de premi\u00e8re qualit\u00e9 pour hommes"},"content":{"rendered":"<p><strong>Mocassins d\u00e9contract\u00e9s en cuir pour hommes<\/strong><\/p>\n<p>Entrez dans un monde de confort sophistiqu\u00e9 gr\u00e2ce \u00e0 nos produits exquis. <b>Mocassins d\u00e9contract\u00e9s en cuir de premi\u00e8re qualit\u00e9 pour hommes<\/b>. Con\u00e7us pour l'homme moderne qui appr\u00e9cie \u00e0 la fois le style et la substance, ces mocassins sont l'incarnation de l'\u00e9l\u00e9gance d\u00e9contract\u00e9e. Qu'il s'agisse d'une journ\u00e9e de travail bien remplie ou d'un week-end d\u00e9contract\u00e9, nos mocassins sont l'incarnation de l'\u00e9l\u00e9gance d\u00e9contract\u00e9e. <b>Mocassins d\u00e9contract\u00e9s en cuir pour hommes<\/b> offrent un m\u00e9lange parfait de polyvalence et de luxe.<\/p>\n<p>Fabriqu\u00e9es avec une attention m\u00e9ticuleuse aux d\u00e9tails, ces chaussures promettent de rehausser votre garde-robe et de vous offrir un confort durable tout au long de la journ\u00e9e.<\/p>\n<p><h3>Un confort in\u00e9gal\u00e9 et des mat\u00e9riaux de premi\u00e8re qualit\u00e9<\/h3>\n<\/p>\n<p>Au c\u0153ur de ces projets d'exception <b>Mocassins d\u00e9contract\u00e9s en cuir pour hommes<\/b> est un engagement in\u00e9branlable en faveur de la qualit\u00e9. L'ext\u00e9rieur est fabriqu\u00e9 en cuir de veau riche et souple, connu pour son incroyable durabilit\u00e9, sa texture lisse et sa finition \u00e9l\u00e9gante. Ce cuir de qualit\u00e9 sup\u00e9rieure n'est pas seulement superbe, il se moule \u00e9galement \u00e0 votre pied au fil du temps, garantissant ainsi un ajustement personnalis\u00e9.<\/p>\n<p>L'ext\u00e9rieur robuste est compl\u00e9t\u00e9 par une somptueuse doublure en cuir de ch\u00e8vre souple. Cette mati\u00e8re naturelle offre une respirabilit\u00e9 sup\u00e9rieure, gardant vos pieds au frais et au sec, et procure une sensation douce et luxueuse sur la peau. Sous vos pieds, une semelle EVA l\u00e9g\u00e8re mais incroyablement r\u00e9sistante offre un amorti et une flexibilit\u00e9 in\u00e9gal\u00e9s.<\/p>\n<p>Ce mat\u00e9riau de semelle innovant absorbe efficacement les chocs, ce qui fait de chaque pas un plaisir et garantit que ces semelles ne se cassent pas la figure. <b>Mocassins d\u00e9contract\u00e9s en cuir pour hommes<\/b> sont confortables pour une utilisation prolong\u00e9e.<\/p>\n<p><h3>Un design intemporel pour toutes les occasions<\/h3>\n<\/p>\n<p>Notre <b>Mocassins d\u00e9contract\u00e9s en cuir de premi\u00e8re qualit\u00e9 pour hommes<\/b> pr\u00e9sentent une esth\u00e9tique intemporelle qui permet de passer sans effort d'une tenue d\u00e9contract\u00e9e \u00e0 une tenue semi-d\u00e9contract\u00e9e. La silhouette classique des mocassins, rehauss\u00e9e par des coutures raffin\u00e9es et un talon subtil de 1 \u00e0 3 cm, projette un air de sophistication discr\u00e8te. Disponibles dans une palette polyvalente, comprenant un marron riche et chaud et un bleu profond et \u00e9l\u00e9gant, ces mocassins sont con\u00e7us pour s'associer \u00e0 un large \u00e9ventail de tenues.<\/p>\n<p>Associez-les \u00e0 un pantalon chino et \u00e0 un polo pour un look raffin\u00e9 le week-end, ou \u00e0 un pantalon de tailleur et \u00e0 un blazer pour un ensemble \u00e9l\u00e9gant au bureau. La facilit\u00e9 d'enfilage de ces <b>Mocassins d\u00e9contract\u00e9s en cuir pour hommes<\/b> en font un choix id\u00e9al pour l'homme en d\u00e9placement, offrant un style sans effort sans compromis sur le confort.<\/p>\n<p><h3>Dimensionnement flexible et disponibilit\u00e9 en vrac<\/h3>\n<\/p>\n<p>Nous comprenons l'importance d'un ajustement parfait, c'est pourquoi nos <b>Mocassins d\u00e9contract\u00e9s en cuir pour hommes<\/b> sont disponibles dans une gamme compl\u00e8te de tailles allant de 39 \u00e0 45. Pour r\u00e9pondre aux besoins des d\u00e9taillants et des acheteurs en gros, ces mocassins de qualit\u00e9 sup\u00e9rieure sont disponibles avec une quantit\u00e9 minimale de commande de 8 paires. Notre syst\u00e8me de production et de livraison efficace garantit que votre commande sera pr\u00eate \u00e0 \u00eatre exp\u00e9di\u00e9e dans un d\u00e9lai de 12 jours, suivi des d\u00e9lais d'exp\u00e9dition standard.<\/p>\n<p>Investir dans notre <b>Mocassins d\u00e9contract\u00e9s en cuir de premi\u00e8re qualit\u00e9 pour hommes<\/b> aujourd'hui et offrez \u00e0 vos clients un produit qui illustre la qualit\u00e9, le confort et le style intemporel.<\/p>","protected":false},"excerpt":{"rendered":"<ul>\n<li>La tige en cuir de veau de premi\u00e8re qualit\u00e9 est fabriqu\u00e9e de mani\u00e8re experte pour une durabilit\u00e9 et un style sophistiqu\u00e9.<\/li>\n<li>La doublure int\u00e9rieure en cuir de ch\u00e8vre luxueux assure un confort et une respirabilit\u00e9 in\u00e9gal\u00e9s.<\/li>\n<li>La semelle EVA l\u00e9g\u00e8re et flexible offre un amorti sup\u00e9rieur et une portabilit\u00e9 tout au long de la journ\u00e9e.<\/li>\n<li>Il s'agit d'un mocassin classique dot\u00e9 d'un talon confortable d'une hauteur de 1 \u00e0 3 cm.<\/li>\n<li>Disponible dans une large gamme de tailles allant de 39 \u00e0 45.<\/li>\n<li>Quantit\u00e9 minimale de commande : 8 paires.<\/li>\n<li>D\u00e9lai de livraison : 12 jours + frais de port.<\/li>\n<\/ul>","protected":false},"featured_media":4081,"template":"","meta":{"_acf_changed":false,"_uag_custom_page_level_css":"","site-sidebar-layout":"default","site-content-layout":"","ast-site-content-layout":"default","site-content-style":"default","site-sidebar-style":"default","ast-global-header-display":"","ast-banner-title-visibility":"","ast-main-header-display":"","ast-hfb-above-header-display":"","ast-hfb-below-header-display":"","ast-hfb-mobile-header-display":"","site-post-title":"","ast-breadcrumbs-content":"","ast-featured-img":"","footer-sml-layout":"","ast-disable-related-posts":"","theme-transparent-header-meta":"","adv-header-id-meta":"","stick-header-meta":"","header-above-stick-meta":"","header-main-stick-meta":"","header-below-stick-meta":"","astra-migrate-meta-layouts":"default","ast-page-background-enabled":"default","ast-page-background-meta":{"desktop":{"background-color":"var(--ast-global-color-4)","background-image":"","background-repeat":"repeat","background-position":"center center","background-size":"auto","background-attachment":"scroll","background-type":"","background-media":"","overlay-type":"","overlay-color":"","overlay-opacity":"","overlay-gradient":""},"tablet":{"background-color":"","background-image":"","background-repeat":"repeat","background-position":"center center","background-size":"auto","background-attachment":"scroll","background-type":"","background-media":"","overlay-type":"","overlay-color":"","overlay-opacity":"","overlay-gradient":""},"mobile":{"background-color":"","background-image":"","background-repeat":"repeat","background-position":"center center","background-size":"auto","background-attachment":"scroll","background-type":"","background-media":"","overlay-type":"","overlay-color":"","overlay-opacity":"","overlay-gradient":""}},"ast-content-background-meta":{"desktop":{"background-color":"var(--ast-global-color-5)","background-image":"","background-repeat":"repeat","background-position":"center center","background-size":"auto","background-attachment":"scroll","background-type":"","background-media":"","overlay-type":"","overlay-color":"","overlay-opacity":"","overlay-gradient":""},"tablet":{"background-color":"var(--ast-global-color-5)","background-image":"","background-repeat":"repeat","background-position":"center center","background-size":"auto","background-attachment":"scroll","background-type":"","background-media":"","overlay-type":"","overlay-color":"","overlay-opacity":"","overlay-gradient":""},"mobile":{"background-color":"var(--ast-global-color-5)","background-image":"","background-repeat":"repeat","background-position":"center center","background-size":"auto","background-attachment":"scroll","background-type":"","background-media":"","overlay-type":"","overlay-color":"","overlay-opacity":"","overlay-gradient":""}}},"product_brand":[],"product_cat":[48,49,430,40],"product_tag":[635,147,202,449,457,220,438,437,215,966,632,184],"class_list":{"0":"post-6102","1":"product","2":"type-product","3":"status-publish","4":"has-post-thumbnail","6":"product_cat-casual","7":"product_cat-loafer","8":"product_cat-men","9":"product_cat-mens-shoes","10":"product_tag-blue-loafers","11":"product_tag-brown-loafers","12":"product_tag-calf-leather","13":"product_tag-casual-shoes","14":"product_tag-classic-loafers","15":"product_tag-comfortable-loafers","16":"product_tag-eva-sole","17":"product_tag-goat-leather","18":"product_tag-leather-loafers","19":"product_tag-mens-leather-casual-loafers","20":"product_tag-premium-leather-shoes","21":"product_tag-slip-on-shoes","22":"desktop-align-center","23":"tablet-align-center","24":"mobile-align-center","26":"first","27":"instock","28":"shipping-taxable","29":"purchasable","30":"product-type-variable","31":"has-default-attributes"},"acf":[],"uagb_featured_image_src":{"full":["https:\/\/turkishtrade.co\/wp-content\/uploads\/2026\/01\/2400EJOMN00298-DARK-BLUE-X_1343-Fusped-1-usd.png",453,250,false],"thumbnail":["https:\/\/turkishtrade.co\/wp-content\/uploads\/2026\/01\/2400EJOMN00298-DARK-BLUE-X_1343-Fusped-1-usd-150x150.png",150,150,true],"medium":["https:\/\/turkishtrade.co\/wp-content\/uploads\/2026\/01\/2400EJOMN00298-DARK-BLUE-X_1343-Fusped-1-usd-300x166.png",300,166,true],"medium_large":["https:\/\/turkishtrade.co\/wp-content\/uploads\/2026\/01\/2400EJOMN00298-DARK-BLUE-X_1343-Fusped-1-usd.png",453,250,false],"large":["https:\/\/turkishtrade.co\/wp-content\/uploads\/2026\/01\/2400EJOMN00298-DARK-BLUE-X_1343-Fusped-1-usd.png",453,250,false],"1536x1536":["https:\/\/turkishtrade.co\/wp-content\/uploads\/2026\/01\/2400EJOMN00298-DARK-BLUE-X_1343-Fusped-1-usd.png",453,250,false],"2048x2048":["https:\/\/turkishtrade.co\/wp-content\/uploads\/2026\/01\/2400EJOMN00298-DARK-BLUE-X_1343-Fusped-1-usd.png",453,250,false],"trp-custom-language-flag":["https:\/\/turkishtrade.co\/wp-content\/uploads\/2026\/01\/2400EJOMN00298-DARK-BLUE-X_1343-Fusped-1-usd-18x10.png",18,10,true],"woocommerce_thumbnail":["https:\/\/turkishtrade.co\/wp-content\/uploads\/2026\/01\/2400EJOMN00298-DARK-BLUE-X_1343-Fusped-1-usd-400x250.png",400,250,true],"woocommerce_single":["https:\/\/turkishtrade.co\/wp-content\/uploads\/2026\/01\/2400EJOMN00298-DARK-BLUE-X_1343-Fusped-1-usd.png",453,250,false],"woocommerce_gallery_thumbnail":["https:\/\/turkishtrade.co\/wp-content\/uploads\/2026\/01\/2400EJOMN00298-DARK-BLUE-X_1343-Fusped-1-usd-100x100.png",100,100,true]},"uagb_author_info":{"display_name":"yaser olabi","author_link":"https:\/\/turkishtrade.co\/fr\/author\/"},"uagb_comment_info":0,"uagb_excerpt":"Expertly crafted with a premium calf leather upper for durability and sophisticated style. Luxurious goat leather inner lining ensures unparalleled comfort and breathability. Lightweight and flexible EVA sole provides superior cushioning and all-day wearability. Features a classic loafer design with a comfortable 1-3 cm heel height. Available in a comprehensive range of sizes from 39\u2026","_links":{"self":[{"href":"https:\/\/turkishtrade.co\/fr\/wp-json\/wp\/v2\/product\/6102","targetHints":{"allow":["GET"]}}],"collection":[{"href":"https:\/\/turkishtrade.co\/fr\/wp-json\/wp\/v2\/product"}],"about":[{"href":"https:\/\/turkishtrade.co\/fr\/wp-json\/wp\/v2\/types\/product"}],"wp:featuredmedia":[{"embeddable":true,"href":"https:\/\/turkishtrade.co\/fr\/wp-json\/wp\/v2\/media\/4081"}],"wp:attachment":[{"href":"https:\/\/turkishtrade.co\/fr\/wp-json\/wp\/v2\/media?parent=6102"}],"wp:term":[{"taxonomy":"product_brand","embeddable":true,"href":"https:\/\/turkishtrade.co\/fr\/wp-json\/wp\/v2\/product_brand?post=6102"},{"taxonomy":"product_cat","embeddable":true,"href":"https:\/\/turkishtrade.co\/fr\/wp-json\/wp\/v2\/product_cat?post=6102"},{"taxonomy":"product_tag","embeddable":true,"href":"https:\/\/turkishtrade.co\/fr\/wp-json\/wp\/v2\/product_tag?post=6102"}],"curies":[{"name":"wp","href":"https:\/\/api.w.org\/{rel}","templated":true}]}}