{"id":6098,"date":"2026-01-14T14:08:28","date_gmt":"2026-01-14T14:08:28","guid":{"rendered":"https:\/\/turkishtrade.co\/product\/mens-genuine-leather-loafers\/"},"modified":"2026-04-09T19:13:21","modified_gmt":"2026-04-09T19:13:21","slug":"mens-genuine-leather-loafers","status":"publish","type":"product","link":"https:\/\/turkishtrade.co\/fr\/shop\/mens-genuine-leather-loafers\/","title":{"rendered":"Mocassins \u00e0 boucle en cuir v\u00e9ritable pour hommes"},"content":{"rendered":"<p><strong>Mocassins en cuir v\u00e9ritable pour hommes<\/strong><\/p>\n<p>D\u00e9couvrez l'incarnation d'un style intemporel et d'un confort in\u00e9gal\u00e9 avec notre exquise <strong>Mocassins en cuir v\u00e9ritable pour hommes<\/strong>. Con\u00e7us pour le gentleman moderne, ces mocassins allient harmonieusement une esth\u00e9tique classique \u00e0 un style contemporain, ce qui en fait un compl\u00e9ment indispensable \u00e0 toute garde-robe exigeante. Chaque paire de ces mocassins <strong>mocassins en cuir v\u00e9ritable pour hommes<\/strong> est m\u00e9ticuleusement fabriqu\u00e9e pour garantir une durabilit\u00e9 exceptionnelle et une finition sophistiqu\u00e9e qui se d\u00e9marque vraiment.<\/p>\n<p><h3>Un savoir-faire in\u00e9gal\u00e9 et des mat\u00e9riaux de qualit\u00e9 sup\u00e9rieure<\/h3>\n<\/p>\n<p>Au c\u0153ur de ces chaussures exceptionnelles se trouve une composition de mat\u00e9riaux de qualit\u00e9 sup\u00e9rieure. La surface ext\u00e9rieure est fabriqu\u00e9e \u00e0 partir de cuir de veau de qualit\u00e9 sup\u00e9rieure, r\u00e9put\u00e9 pour sa texture douce, sa r\u00e9sistance et son aspect \u00e9l\u00e9gant. En compl\u00e9ment, l'int\u00e9rieur est en cuir de ch\u00e8vre luxueux, offrant un environnement incroyablement doux et respirant pour vos pieds, garantissant un confort tout au long de la journ\u00e9e.<\/p>\n<p>La semelle en EVA, \u00e0 la fois l\u00e9g\u00e8re et robuste, offre un excellent amorti et un bon soutien, ce qui fait de ces chaussures un produit de choix. <strong>mocassins en cuir v\u00e9ritable pour hommes<\/strong> parfait pour une utilisation prolong\u00e9e, que vous naviguiez dans les rues de la ville ou que vous assistiez \u00e0 un \u00e9v\u00e9nement sp\u00e9cial.<\/p>\n<p>Le talon subtil de 1 \u00e0 3 cm de hauteur ajoute une touche de sophistication classique sans compromettre le confort, incarnant le style id\u00e9al du \u2018mocassin classique d\u00e9contract\u00e9\u2019.<\/p>\n<p><h3>Un design distinctif pour toutes les occasions<\/h3>\n<\/p>\n<p>Le design distinctif est agr\u00e9ment\u00e9 d'une boucle \u00e9l\u00e9gante, ajoutant une touche unique de caract\u00e8re \u00e0 ces chaussures polyvalentes. <strong>mocassins en cuir v\u00e9ritable pour hommes<\/strong>. Disponibles dans une gamme de pointures allant du 39 au 45, nous garantissons un ajustement parfait pour un large \u00e9ventail de pieds. Que vous pr\u00e9f\u00e9riez le noir classique, le marron riche ou le marron fonc\u00e9 (comme indiqu\u00e9 sur les images), ces <strong>mocassins en cuir v\u00e9ritable pour hommes<\/strong> offrent un look soign\u00e9 qui permet de passer sans effort d'une sortie d\u00e9contract\u00e9e \u00e0 un rassemblement plus formel.<\/p>\n<p>Ce ne sont pas de simples chaussures ; elles sont l'expression d'un go\u00fbt raffin\u00e9 et d'un savoir-faire de qualit\u00e9. Lorsque vous choisissez nos <strong>mocassins en cuir v\u00e9ritable pour hommes<\/strong>, vous choisissez un style durable.<\/p>\n<p><h3>Id\u00e9al pour les d\u00e9taillants : Disponibilit\u00e9 en vrac<\/h3>\n<\/p>\n<p>Pour nos partenaires grossistes, il s'agit de <strong>mocassins en cuir v\u00e9ritable pour hommes<\/strong> sont disponibles avec une quantit\u00e9 minimale de commande de seulement 8 paires, ce qui en fait un excellent choix pour \u00e9largir votre stock avec des chaussures de qualit\u00e9 tr\u00e8s demand\u00e9es.<\/p>\n<p>Avec un d\u00e9lai de livraison fiable de 12 jours plus les frais de port, vous pouvez vous approvisionner en toute confiance. Investissez dans l'attrait durable et le confort supr\u00eame de nos produits. <strong>mocassins en cuir v\u00e9ritable pour hommes<\/strong> et rehausser votre collection de chaussures, ou offrir \u00e0 vos clients ce qu'il y a de mieux en mati\u00e8re de chaussures en cuir v\u00e9ritable. Ces chaussures <strong>mocassins en cuir v\u00e9ritable pour hommes<\/strong> repr\u00e9sentent un investissement dans la qualit\u00e9 et le style qui durera des ann\u00e9es.<\/p>\n<p>D\u00e9couvrez la diff\u00e9rence qu'apporte un v\u00e9ritable savoir-faire artisanal \u00e0 chaque \u00e9tape de ces remarquables <strong>mocassins en cuir v\u00e9ritable pour hommes<\/strong>.<\/p>","protected":false},"excerpt":{"rendered":"<ul>\n<li><strong>Mat\u00e9riau ext\u00e9rieur :<\/strong> Cuir de veau de qualit\u00e9 sup\u00e9rieure<\/li>\n<li><strong>Mat\u00e9riau int\u00e9rieur :<\/strong> Cuir de ch\u00e8vre souple et respirant<\/li>\n<li><strong>Semelle :<\/strong> L\u00e9g\u00e8ret\u00e9 et soutien de l'EVA<\/li>\n<li><strong>Hauteur du talon :<\/strong> Classique 1-3 cm pour un confort optimal<\/li>\n<li><strong>Style :<\/strong> Mocassins d\u00e9contract\u00e9s avec boucle \u00e9l\u00e9gante<\/li>\n<li><strong>Tailles disponibles :<\/strong> UE 39, 40, 41, 42, 43, 44, 45<\/li>\n<li><strong>Commande minimale :<\/strong> 8 paires pour les achats en gros<\/li>\n<li><strong>D\u00e9lai de livraison :<\/strong> 12 jours + Exp\u00e9dition<\/li>\n<\/ul>","protected":false},"featured_media":4079,"template":"","meta":{"_acf_changed":false,"_uag_custom_page_level_css":"","site-sidebar-layout":"default","site-content-layout":"","ast-site-content-layout":"default","site-content-style":"default","site-sidebar-style":"default","ast-global-header-display":"","ast-banner-title-visibility":"","ast-main-header-display":"","ast-hfb-above-header-display":"","ast-hfb-below-header-display":"","ast-hfb-mobile-header-display":"","site-post-title":"","ast-breadcrumbs-content":"","ast-featured-img":"","footer-sml-layout":"","ast-disable-related-posts":"","theme-transparent-header-meta":"","adv-header-id-meta":"","stick-header-meta":"","header-above-stick-meta":"","header-main-stick-meta":"","header-below-stick-meta":"","astra-migrate-meta-layouts":"default","ast-page-background-enabled":"default","ast-page-background-meta":{"desktop":{"background-color":"var(--ast-global-color-4)","background-image":"","background-repeat":"repeat","background-position":"center center","background-size":"auto","background-attachment":"scroll","background-type":"","background-media":"","overlay-type":"","overlay-color":"","overlay-opacity":"","overlay-gradient":""},"tablet":{"background-color":"","background-image":"","background-repeat":"repeat","background-position":"center center","background-size":"auto","background-attachment":"scroll","background-type":"","background-media":"","overlay-type":"","overlay-color":"","overlay-opacity":"","overlay-gradient":""},"mobile":{"background-color":"","background-image":"","background-repeat":"repeat","background-position":"center center","background-size":"auto","background-attachment":"scroll","background-type":"","background-media":"","overlay-type":"","overlay-color":"","overlay-opacity":"","overlay-gradient":""}},"ast-content-background-meta":{"desktop":{"background-color":"var(--ast-global-color-5)","background-image":"","background-repeat":"repeat","background-position":"center center","background-size":"auto","background-attachment":"scroll","background-type":"","background-media":"","overlay-type":"","overlay-color":"","overlay-opacity":"","overlay-gradient":""},"tablet":{"background-color":"var(--ast-global-color-5)","background-image":"","background-repeat":"repeat","background-position":"center center","background-size":"auto","background-attachment":"scroll","background-type":"","background-media":"","overlay-type":"","overlay-color":"","overlay-opacity":"","overlay-gradient":""},"mobile":{"background-color":"var(--ast-global-color-5)","background-image":"","background-repeat":"repeat","background-position":"center center","background-size":"auto","background-attachment":"scroll","background-type":"","background-media":"","overlay-type":"","overlay-color":"","overlay-opacity":"","overlay-gradient":""}}},"product_brand":[],"product_cat":[48,49,430,40],"product_tag":[315,555,213,438,959,952,189,219,186,1155,456],"class_list":{"0":"post-6098","1":"product","2":"type-product","3":"status-publish","4":"has-post-thumbnail","6":"product_cat-casual","7":"product_cat-loafer","8":"product_cat-men","9":"product_cat-mens-shoes","10":"product_tag-buckle-loafers","11":"product_tag-calfskin-loafers","12":"product_tag-casual-dress-shoes","13":"product_tag-eva-sole","14":"product_tag-formal-casual-shoes","15":"product_tag-genuine-leather-shoes","16":"product_tag-goat-leather-lining","17":"product_tag-handmade-shoes","18":"product_tag-mens-loafers","19":"product_tag-slip-on-loafers","20":"product_tag-wholesale-loafers","21":"desktop-align-center","22":"tablet-align-center","23":"mobile-align-center","25":"first","26":"instock","27":"shipping-taxable","28":"purchasable","29":"product-type-variable","30":"has-default-attributes"},"acf":[],"uagb_featured_image_src":{"full":["https:\/\/turkishtrade.co\/wp-content\/uploads\/2026\/01\/2400EJOMN00293-DARK-BROWN-X_1342-Fusped-1-usd.png",453,250,false],"thumbnail":["https:\/\/turkishtrade.co\/wp-content\/uploads\/2026\/01\/2400EJOMN00293-DARK-BROWN-X_1342-Fusped-1-usd-150x150.png",150,150,true],"medium":["https:\/\/turkishtrade.co\/wp-content\/uploads\/2026\/01\/2400EJOMN00293-DARK-BROWN-X_1342-Fusped-1-usd-300x166.png",300,166,true],"medium_large":["https:\/\/turkishtrade.co\/wp-content\/uploads\/2026\/01\/2400EJOMN00293-DARK-BROWN-X_1342-Fusped-1-usd.png",453,250,false],"large":["https:\/\/turkishtrade.co\/wp-content\/uploads\/2026\/01\/2400EJOMN00293-DARK-BROWN-X_1342-Fusped-1-usd.png",453,250,false],"1536x1536":["https:\/\/turkishtrade.co\/wp-content\/uploads\/2026\/01\/2400EJOMN00293-DARK-BROWN-X_1342-Fusped-1-usd.png",453,250,false],"2048x2048":["https:\/\/turkishtrade.co\/wp-content\/uploads\/2026\/01\/2400EJOMN00293-DARK-BROWN-X_1342-Fusped-1-usd.png",453,250,false],"trp-custom-language-flag":["https:\/\/turkishtrade.co\/wp-content\/uploads\/2026\/01\/2400EJOMN00293-DARK-BROWN-X_1342-Fusped-1-usd-18x10.png",18,10,true],"woocommerce_thumbnail":["https:\/\/turkishtrade.co\/wp-content\/uploads\/2026\/01\/2400EJOMN00293-DARK-BROWN-X_1342-Fusped-1-usd-400x250.png",400,250,true],"woocommerce_single":["https:\/\/turkishtrade.co\/wp-content\/uploads\/2026\/01\/2400EJOMN00293-DARK-BROWN-X_1342-Fusped-1-usd.png",453,250,false],"woocommerce_gallery_thumbnail":["https:\/\/turkishtrade.co\/wp-content\/uploads\/2026\/01\/2400EJOMN00293-DARK-BROWN-X_1342-Fusped-1-usd-100x100.png",100,100,true]},"uagb_author_info":{"display_name":"yaser olabi","author_link":"https:\/\/turkishtrade.co\/fr\/author\/"},"uagb_comment_info":0,"uagb_excerpt":"Outer Material: High-grade Calfskin Leather Inner Material: Soft, breathable Goat Leather Sole: Lightweight and supportive EVA Heel Height: Classic 1-3 cm for optimal comfort Style: Casual Loafer with elegant buckle detail Available Sizes: EU 39, 40, 41, 42, 43, 44, 45 Minimum Order: 8 pairs for wholesale purchases Delivery Time: 12 Days + Shipping","_links":{"self":[{"href":"https:\/\/turkishtrade.co\/fr\/wp-json\/wp\/v2\/product\/6098","targetHints":{"allow":["GET"]}}],"collection":[{"href":"https:\/\/turkishtrade.co\/fr\/wp-json\/wp\/v2\/product"}],"about":[{"href":"https:\/\/turkishtrade.co\/fr\/wp-json\/wp\/v2\/types\/product"}],"wp:featuredmedia":[{"embeddable":true,"href":"https:\/\/turkishtrade.co\/fr\/wp-json\/wp\/v2\/media\/4079"}],"wp:attachment":[{"href":"https:\/\/turkishtrade.co\/fr\/wp-json\/wp\/v2\/media?parent=6098"}],"wp:term":[{"taxonomy":"product_brand","embeddable":true,"href":"https:\/\/turkishtrade.co\/fr\/wp-json\/wp\/v2\/product_brand?post=6098"},{"taxonomy":"product_cat","embeddable":true,"href":"https:\/\/turkishtrade.co\/fr\/wp-json\/wp\/v2\/product_cat?post=6098"},{"taxonomy":"product_tag","embeddable":true,"href":"https:\/\/turkishtrade.co\/fr\/wp-json\/wp\/v2\/product_tag?post=6098"}],"curies":[{"name":"wp","href":"https:\/\/api.w.org\/{rel}","templated":true}]}}