{"id":6092,"date":"2026-01-14T14:07:44","date_gmt":"2026-01-14T14:07:44","guid":{"rendered":"https:\/\/turkishtrade.co\/product\/men-s-suede-casual-derby-shoes\/"},"modified":"2026-04-09T19:13:41","modified_gmt":"2026-04-09T19:13:41","slug":"mens-suede-casual-derby-shoes-2","status":"publish","type":"product","link":"https:\/\/turkishtrade.co\/fr\/shop\/mens-suede-casual-derby-shoes-2\/","title":{"rendered":"Chaussures de derby d\u00e9contract\u00e9es en daim de qualit\u00e9 sup\u00e9rieure pour hommes"},"content":{"rendered":"<p><strong>Chaussures de derby en daim pour hommes<\/strong><\/p>\n<p>Entrez dans un style et un confort in\u00e9gal\u00e9s gr\u00e2ce \u00e0 nos magnifiques <b>Chaussures de derby en daim pour hommes<\/b>. Con\u00e7ues pour l'homme moderne qui appr\u00e9cie \u00e0 la fois l'esth\u00e9tique et la fonctionnalit\u00e9, ces chaussures sont un m\u00e9lange parfait d'\u00e9l\u00e9gance classique et d'aisance au quotidien. Que vous vous rendiez \u00e0 un \u00e9v\u00e9nement chic et d\u00e9contract\u00e9 ou que vous profitiez d'une sortie d\u00e9contract\u00e9e le week-end, ces chaussures polyvalentes vous permettront de vous sentir \u00e0 l'aise dans la vie de tous les jours. <b>Chaussures de derby en daim pour hommes<\/b> rehaussera votre look sans effort.<\/p>\n<h3>Un savoir-faire in\u00e9gal\u00e9 et des mat\u00e9riaux de premi\u00e8re qualit\u00e9<\/h3>\n<p>Chaque paire de ces <b>Chaussures de derby en daim pour hommes<\/b> est m\u00e9ticuleusement fabriqu\u00e9 \u00e0 partir de mat\u00e9riaux de haute qualit\u00e9 afin de garantir sa durabilit\u00e9 et son attrait sophistiqu\u00e9. L'ext\u00e9rieur est en cuir de veau velours luxueux, offrant une texture raffin\u00e9e et une r\u00e9sistance remarquable. \u00c0 l'int\u00e9rieur, vos pieds b\u00e9n\u00e9ficieront du confort moelleux de la doublure en cuir de ch\u00e8vre v\u00e9ritable, qui assure une respirabilit\u00e9 optimale et un toucher doux sur la peau.<\/p>\n<p>La semelle EVA, \u00e0 la fois l\u00e9g\u00e8re et robuste, offre un excellent amorti et un bon soutien, ce qui en fait une chaussure id\u00e9ale \u00e0 porter tout au long de la journ\u00e9e. Notre engagement en faveur d'un savoir-faire de qualit\u00e9 sup\u00e9rieure garantit que chaque point contribue \u00e0 la cr\u00e9ation d'une chaussure non seulement \u00e9l\u00e9gante, mais aussi con\u00e7ue pour r\u00e9sister \u00e0 l'\u00e9preuve du temps.<\/p>\n<h3>Un style intemporel pour une polyvalence au quotidien<\/h3>\n<p>La silhouette Derby intemporelle, associ\u00e9e \u00e0 la riche texture du daim, fait de ces chaussures bien plus que de simples chaussures d\u00e9contract\u00e9es. Disponibles dans des teintes polyvalentes comme le marron classique et le gris clair sophistiqu\u00e9, elles s'associent sans effort \u00e0 toute une s\u00e9rie de tenues, du pantalon chino au jean chic. Leur hauteur de talon classique de 1 \u00e0 3 cm leur conf\u00e8re une \u00e9l\u00e9vation subtile sans compromettre le confort, ce qui en fait un choix polyvalent pour diverses occasions.<\/p>\n<p>Ces <b>Chaussures de derby en daim pour hommes<\/b> sont con\u00e7us pour \u00eatre la pierre angulaire de votre garde-robe, s'adaptant aussi bien \u00e0 des situations d\u00e9contract\u00e9es qu'\u00e0 des situations semi-formelles, et vous permettant de toujours mettre en avant votre meilleur profil.<\/p>\n<h3>Disponible pour les commandes en vrac<\/h3>\n<p>Pour les entreprises qui souhaitent stocker des chaussures de haute qualit\u00e9, nos <b>Chaussures de derby en daim pour hommes<\/b> sont disponibles pour les commandes en gros avec une quantit\u00e9 minimale de 8 paires. Nous proposons des prix comp\u00e9titifs et un d\u00e9lai de livraison fiable d'environ 12 jours, frais de port en sus. Investissez dans un confort sup\u00e9rieur, une qualit\u00e9 durable et un style ind\u00e9niable avec ces chaussures essentielles. <b>Chaussures de derby en daim pour hommes<\/b>. D\u00e9couvrez la combinaison parfaite du luxe et de la praticit\u00e9 pour votre client\u00e8le.<\/p>","protected":false},"excerpt":{"rendered":"<ul>\n<li><b>Mati\u00e8re sup\u00e9rieure :<\/b> Cuir de veau velours luxueux<\/li>\n<li><b>Doublure int\u00e9rieure :<\/b> Cuir de ch\u00e8vre souple et respirant<\/li>\n<li><b>Semelle :<\/b> EVA l\u00e9ger et durable<\/li>\n<li><b>Hauteur du talon :<\/b> Classique 1-3 cm pour une \u00e9l\u00e9vation et un confort subtils<\/li>\n<li><b>Tailles disponibles :<\/b> UE 39, 40, 41, 42, 43, 44, 45<\/li>\n<li><b>Commandes en gros :<\/b> Quantit\u00e9 minimale de commande de 8 paires disponibles.<\/li>\n<li><b>D\u00e9lai de livraison :<\/b> Environ 12 jours plus les frais de port.<\/li>\n<\/ul>","protected":false},"featured_media":4073,"template":"","meta":{"_acf_changed":false,"_uag_custom_page_level_css":"","site-sidebar-layout":"default","site-content-layout":"","ast-site-content-layout":"default","site-content-style":"default","site-sidebar-style":"default","ast-global-header-display":"","ast-banner-title-visibility":"","ast-main-header-display":"","ast-hfb-above-header-display":"","ast-hfb-below-header-display":"","ast-hfb-mobile-header-display":"","site-post-title":"","ast-breadcrumbs-content":"","ast-featured-img":"","footer-sml-layout":"","ast-disable-related-posts":"","theme-transparent-header-meta":"default","adv-header-id-meta":"","stick-header-meta":"","header-above-stick-meta":"","header-main-stick-meta":"","header-below-stick-meta":"","astra-migrate-meta-layouts":"set","ast-page-background-enabled":"default","ast-page-background-meta":{"desktop":{"background-color":"var(--ast-global-color-4)","background-image":"","background-repeat":"repeat","background-position":"center center","background-size":"auto","background-attachment":"scroll","background-type":"","background-media":"","overlay-type":"","overlay-color":"","overlay-opacity":"","overlay-gradient":""},"tablet":{"background-color":"","background-image":"","background-repeat":"repeat","background-position":"center center","background-size":"auto","background-attachment":"scroll","background-type":"","background-media":"","overlay-type":"","overlay-color":"","overlay-opacity":"","overlay-gradient":""},"mobile":{"background-color":"","background-image":"","background-repeat":"repeat","background-position":"center center","background-size":"auto","background-attachment":"scroll","background-type":"","background-media":"","overlay-type":"","overlay-color":"","overlay-opacity":"","overlay-gradient":""}},"ast-content-background-meta":{"desktop":{"background-color":"var(--ast-global-color-5)","background-image":"","background-repeat":"repeat","background-position":"center center","background-size":"auto","background-attachment":"scroll","background-type":"","background-media":"","overlay-type":"","overlay-color":"","overlay-opacity":"","overlay-gradient":""},"tablet":{"background-color":"var(--ast-global-color-5)","background-image":"","background-repeat":"repeat","background-position":"center center","background-size":"auto","background-attachment":"scroll","background-type":"","background-media":"","overlay-type":"","overlay-color":"","overlay-opacity":"","overlay-gradient":""},"mobile":{"background-color":"var(--ast-global-color-5)","background-image":"","background-repeat":"repeat","background-position":"center center","background-size":"auto","background-attachment":"scroll","background-type":"","background-media":"","overlay-type":"","overlay-color":"","overlay-opacity":"","overlay-gradient":""}}},"product_brand":[],"product_cat":[48,49,430,40],"product_tag":[348,453,202,449,222,212,438,437,1153,198,210,283],"class_list":{"0":"post-6092","1":"product","2":"type-product","3":"status-publish","4":"has-post-thumbnail","6":"product_cat-casual","7":"product_cat-loafer","8":"product_cat-men","9":"product_cat-mens-shoes","10":"product_tag-brown-suede-shoes","11":"product_tag-bulk-footwear","12":"product_tag-calf-leather","13":"product_tag-casual-shoes","14":"product_tag-comfortable-shoes","15":"product_tag-derby-shoes","16":"product_tag-eva-sole","17":"product_tag-goat-leather","18":"product_tag-light-grey-suede-shoes","19":"product_tag-mens-fashion","20":"product_tag-smart-casual","21":"product_tag-suede-shoes","22":"desktop-align-center","23":"tablet-align-center","24":"mobile-align-center","26":"first","27":"instock","28":"shipping-taxable","29":"purchasable","30":"product-type-variable","31":"has-default-attributes"},"acf":[],"uagb_featured_image_src":{"full":["https:\/\/turkishtrade.co\/wp-content\/uploads\/2026\/01\/2400EJOMN00250-STONE-X_1350-Tabani-yok-dks-435-tabani-kullanabiliriz.png",453,250,false],"thumbnail":["https:\/\/turkishtrade.co\/wp-content\/uploads\/2026\/01\/2400EJOMN00250-STONE-X_1350-Tabani-yok-dks-435-tabani-kullanabiliriz-150x150.png",150,150,true],"medium":["https:\/\/turkishtrade.co\/wp-content\/uploads\/2026\/01\/2400EJOMN00250-STONE-X_1350-Tabani-yok-dks-435-tabani-kullanabiliriz-300x166.png",300,166,true],"medium_large":["https:\/\/turkishtrade.co\/wp-content\/uploads\/2026\/01\/2400EJOMN00250-STONE-X_1350-Tabani-yok-dks-435-tabani-kullanabiliriz.png",453,250,false],"large":["https:\/\/turkishtrade.co\/wp-content\/uploads\/2026\/01\/2400EJOMN00250-STONE-X_1350-Tabani-yok-dks-435-tabani-kullanabiliriz.png",453,250,false],"1536x1536":["https:\/\/turkishtrade.co\/wp-content\/uploads\/2026\/01\/2400EJOMN00250-STONE-X_1350-Tabani-yok-dks-435-tabani-kullanabiliriz.png",453,250,false],"2048x2048":["https:\/\/turkishtrade.co\/wp-content\/uploads\/2026\/01\/2400EJOMN00250-STONE-X_1350-Tabani-yok-dks-435-tabani-kullanabiliriz.png",453,250,false],"trp-custom-language-flag":["https:\/\/turkishtrade.co\/wp-content\/uploads\/2026\/01\/2400EJOMN00250-STONE-X_1350-Tabani-yok-dks-435-tabani-kullanabiliriz-18x10.png",18,10,true],"woocommerce_thumbnail":["https:\/\/turkishtrade.co\/wp-content\/uploads\/2026\/01\/2400EJOMN00250-STONE-X_1350-Tabani-yok-dks-435-tabani-kullanabiliriz-400x250.png",400,250,true],"woocommerce_single":["https:\/\/turkishtrade.co\/wp-content\/uploads\/2026\/01\/2400EJOMN00250-STONE-X_1350-Tabani-yok-dks-435-tabani-kullanabiliriz.png",453,250,false],"woocommerce_gallery_thumbnail":["https:\/\/turkishtrade.co\/wp-content\/uploads\/2026\/01\/2400EJOMN00250-STONE-X_1350-Tabani-yok-dks-435-tabani-kullanabiliriz-100x100.png",100,100,true]},"uagb_author_info":{"display_name":"yaser olabi","author_link":"https:\/\/turkishtrade.co\/fr\/author\/"},"uagb_comment_info":0,"uagb_excerpt":"Upper Material: Luxurious Calf Suede Leather Inner Lining: Soft and Breathable Goat Leather Sole: Lightweight and Durable EVA Heel Height: Classic 1-3 cm for subtle lift and comfort Available Sizes: EU 39, 40, 41, 42, 43, 44, 45 Bulk Orders: Minimum order quantity of 8 pairs available. Delivery Time: Approximately 12 days plus shipping.","_links":{"self":[{"href":"https:\/\/turkishtrade.co\/fr\/wp-json\/wp\/v2\/product\/6092","targetHints":{"allow":["GET"]}}],"collection":[{"href":"https:\/\/turkishtrade.co\/fr\/wp-json\/wp\/v2\/product"}],"about":[{"href":"https:\/\/turkishtrade.co\/fr\/wp-json\/wp\/v2\/types\/product"}],"wp:featuredmedia":[{"embeddable":true,"href":"https:\/\/turkishtrade.co\/fr\/wp-json\/wp\/v2\/media\/4073"}],"wp:attachment":[{"href":"https:\/\/turkishtrade.co\/fr\/wp-json\/wp\/v2\/media?parent=6092"}],"wp:term":[{"taxonomy":"product_brand","embeddable":true,"href":"https:\/\/turkishtrade.co\/fr\/wp-json\/wp\/v2\/product_brand?post=6092"},{"taxonomy":"product_cat","embeddable":true,"href":"https:\/\/turkishtrade.co\/fr\/wp-json\/wp\/v2\/product_cat?post=6092"},{"taxonomy":"product_tag","embeddable":true,"href":"https:\/\/turkishtrade.co\/fr\/wp-json\/wp\/v2\/product_tag?post=6092"}],"curies":[{"name":"wp","href":"https:\/\/api.w.org\/{rel}","templated":true}]}}