{"id":6082,"date":"2026-01-14T14:06:44","date_gmt":"2026-01-14T14:06:44","guid":{"rendered":"https:\/\/turkishtrade.co\/product\/mens-suede-casual-derby-shoes\/"},"modified":"2026-04-09T19:14:06","modified_gmt":"2026-04-09T19:14:06","slug":"mens-suede-casual-derby-shoes","status":"publish","type":"product","link":"https:\/\/turkishtrade.co\/fr\/shop\/mens-suede-casual-derby-shoes\/","title":{"rendered":"Premium Chaussures de derby en daim pour hommes"},"content":{"rendered":"<p><strong>Chaussures de derby en daim pour hommes<\/strong><\/p>\n<p>Entrez dans un style et un confort in\u00e9gal\u00e9s gr\u00e2ce \u00e0 nos magnifiques <b>Chaussures derby d\u00e9contract\u00e9es en daim pour hommes<\/b>. Con\u00e7ues pour le gentleman moderne qui appr\u00e9cie \u00e0 la fois l'esth\u00e9tique et la facilit\u00e9, ces chaussures t\u00e9moignent d'un savoir-faire sup\u00e9rieur et d'une conception r\u00e9fl\u00e9chie. Parfaites pour une myriade d'occasions, qu'il s'agisse de sorties d\u00e9contract\u00e9es ou d'environnements de bureau d\u00e9contract\u00e9s, ces chaussures ont \u00e9t\u00e9 con\u00e7ues pour \u00eatre port\u00e9es en toute s\u00e9curit\u00e9. <b>Chaussures derby d\u00e9contract\u00e9es en daim pour hommes<\/b> offrent un compl\u00e9ment polyvalent \u00e0 toute garde-robe exigeante.<\/p>\n<p>D\u00e9couvrez le m\u00e9lange parfait entre l'art traditionnel de la fabrication de chaussures et la mode contemporaine \u00e0 chaque pas.<\/p>\n<h3>Qualit\u00e9 et mat\u00e9riaux in\u00e9gal\u00e9s<\/h3>\n<p>Chaque paire de ces <b>Chaussures derby d\u00e9contract\u00e9es en daim pour hommes<\/b> est m\u00e9ticuleusement fabriqu\u00e9 \u00e0 partir des mat\u00e9riaux les plus nobles. L'ext\u00e9rieur est en cuir de veau luxueux, fini de mani\u00e8re experte pour obtenir une texture douce et sophistiqu\u00e9e de daim qui non seulement a un aspect fantastique, mais est aussi incroyablement souple. L'ext\u00e9rieur est compl\u00e9t\u00e9 par une doublure int\u00e9rieure en cuir de ch\u00e8vre lisse et respirant, qui garantit un port confortable et ajust\u00e9 tout au long de la journ\u00e9e.<\/p>\n<p>Cette s\u00e9lection minutieuse de mat\u00e9riaux naturels garantit la durabilit\u00e9, la respirabilit\u00e9 et une sensation g\u00e9n\u00e9rale de qualit\u00e9 sup\u00e9rieure in\u00e9gal\u00e9e, ce qui en fait votre choix de pr\u00e9dilection. <b>Chaussures derby d\u00e9contract\u00e9es en daim pour hommes<\/b>.<\/p>\n<h3>Con\u00e7u pour le confort et le style<\/h3>\n<p>Le confort est primordial dans nos <b>Chaussures derby d\u00e9contract\u00e9es en daim pour hommes<\/b>. La semelle EVA, \u00e0 la fois l\u00e9g\u00e8re et robuste, est un \u00e9l\u00e9ment cl\u00e9 qui offre un amorti exceptionnel, une absorption des chocs et une adh\u00e9rence fiable sur diff\u00e9rentes surfaces. Cette conception innovante de la semelle, associ\u00e9e \u00e0 une hauteur de talon classique de 1 \u00e0 3 cm, offre un soutien stable sans compromettre le style.<\/p>\n<p>Le syst\u00e8me de la\u00e7age embl\u00e9matique de Derby permet d'ajuster la coupe, ce qui fait de ces chaussures des chaussures de sport. <b>Chaussures derby d\u00e9contract\u00e9es en daim pour hommes<\/b> adapt\u00e9es \u00e0 diff\u00e9rentes largeurs de pied. L'\u00e9l\u00e9gante couture moc-toe ajoute une touche de d\u00e9contraction raffin\u00e9e, ce qui les fait ressortir de la meilleure fa\u00e7on qui soit. Que vous choisissiez le bleu marine profond ou le beige sophistiqu\u00e9, ces chaussures se distinguent par leur \u00e9l\u00e9gance. <b>Chaussures derby d\u00e9contract\u00e9es en daim pour hommes<\/b> sont con\u00e7us pour impressionner et pour \u00eatre port\u00e9s toute la journ\u00e9e.<\/p>\n<h3>Possibilit\u00e9s de vente en gros et livraison en temps voulu<\/h3>\n<p>Notre <b>Chaussures derby d\u00e9contract\u00e9es en daim pour hommes<\/b> ne se limitent pas \u00e0 un style individuel ; elles sont \u00e9galement disponibles pour des commandes en gros, ce qui en fait un choix id\u00e9al pour les d\u00e9taillants ou les entreprises \u00e0 la recherche de chaussures de haute qualit\u00e9 et \u00e0 la mode.<\/p>\n<p>Avec une quantit\u00e9 minimale de commande de 8 paires seulement et un d\u00e9lai de livraison d'environ 12 jours plus les frais d'exp\u00e9dition, le stockage de ces produits d'exception est tr\u00e8s important. <b>Chaussures derby d\u00e9contract\u00e9es en daim pour hommes<\/b> est \u00e0 la fois pratique et efficace.<\/p>\n<p>Offrez \u00e0 votre client\u00e8le le nec plus ultra en mati\u00e8re d'\u00e9l\u00e9gance d\u00e9contract\u00e9e, en veillant \u00e0 ce qu'elle sorte avec confiance et confort. Ces chaussures <b>Chaussures derby d\u00e9contract\u00e9es en daim pour hommes<\/b> repr\u00e9sentent un investissement de qualit\u00e9 et un attrait intemporel pour toute collection.<\/p>","protected":false},"excerpt":{"rendered":"<ul>\n<li>Fabriqu\u00e9 \u00e0 la main \u00e0 partir d'un cuir de veau de premi\u00e8re qualit\u00e9 pour une finition en daim sophistiqu\u00e9e.<\/li>\n<li>La doublure int\u00e9rieure en cuir de ch\u00e8vre luxueux assure un confort et une respirabilit\u00e9 exceptionnels.<\/li>\n<li>Semelle EVA l\u00e9g\u00e8re et durable offrant un amorti sup\u00e9rieur et une adh\u00e9rence fiable.<\/li>\n<li>Disponible dans une large gamme de tailles : EU 39, 40, 41, 42, 43, 44, 45.<\/li>\n<li>Il est dot\u00e9 d'un talon classique de 1 \u00e0 3 cm de hauteur pour un attrait intemporel.<\/li>\n<li>Quantit\u00e9 minimale de commande : 8 paires, id\u00e9al pour les achats en gros et en masse.<\/li>\n<li>Livraison dans les 12 jours + frais de port pour un r\u00e9approvisionnement efficace des stocks.<\/li>\n<\/ul>","protected":false},"featured_media":4067,"template":"","meta":{"_acf_changed":false,"_uag_custom_page_level_css":"","site-sidebar-layout":"default","site-content-layout":"","ast-site-content-layout":"default","site-content-style":"default","site-sidebar-style":"default","ast-global-header-display":"","ast-banner-title-visibility":"","ast-main-header-display":"","ast-hfb-above-header-display":"","ast-hfb-below-header-display":"","ast-hfb-mobile-header-display":"","site-post-title":"","ast-breadcrumbs-content":"","ast-featured-img":"","footer-sml-layout":"","ast-disable-related-posts":"","theme-transparent-header-meta":"default","adv-header-id-meta":"","stick-header-meta":"","header-above-stick-meta":"","header-main-stick-meta":"","header-below-stick-meta":"","astra-migrate-meta-layouts":"set","ast-page-background-enabled":"default","ast-page-background-meta":{"desktop":{"background-color":"var(--ast-global-color-4)","background-image":"","background-repeat":"repeat","background-position":"center center","background-size":"auto","background-attachment":"scroll","background-type":"","background-media":"","overlay-type":"","overlay-color":"","overlay-opacity":"","overlay-gradient":""},"tablet":{"background-color":"","background-image":"","background-repeat":"repeat","background-position":"center center","background-size":"auto","background-attachment":"scroll","background-type":"","background-media":"","overlay-type":"","overlay-color":"","overlay-opacity":"","overlay-gradient":""},"mobile":{"background-color":"","background-image":"","background-repeat":"repeat","background-position":"center center","background-size":"auto","background-attachment":"scroll","background-type":"","background-media":"","overlay-type":"","overlay-color":"","overlay-opacity":"","overlay-gradient":""}},"ast-content-background-meta":{"desktop":{"background-color":"var(--ast-global-color-5)","background-image":"","background-repeat":"repeat","background-position":"center center","background-size":"auto","background-attachment":"scroll","background-type":"","background-media":"","overlay-type":"","overlay-color":"","overlay-opacity":"","overlay-gradient":""},"tablet":{"background-color":"var(--ast-global-color-5)","background-image":"","background-repeat":"repeat","background-position":"center center","background-size":"auto","background-attachment":"scroll","background-type":"","background-media":"","overlay-type":"","overlay-color":"","overlay-opacity":"","overlay-gradient":""},"mobile":{"background-color":"var(--ast-global-color-5)","background-image":"","background-repeat":"repeat","background-position":"center center","background-size":"auto","background-attachment":"scroll","background-type":"","background-media":"","overlay-type":"","overlay-color":"","overlay-opacity":"","overlay-gradient":""}}},"product_brand":[],"product_cat":[48,49,430,40],"product_tag":[1141,674,202,449,145,222,212,438,437,198,479,350,283,281],"class_list":{"0":"post-6082","1":"product","2":"type-product","3":"status-publish","4":"has-post-thumbnail","6":"product_cat-casual","7":"product_cat-loafer","8":"product_cat-men","9":"product_cat-mens-shoes","10":"product_tag-beige-shoes","11":"product_tag-bulk-shoes","12":"product_tag-calf-leather","13":"product_tag-casual-shoes","14":"product_tag-classic-shoes","15":"product_tag-comfortable-shoes","16":"product_tag-derby-shoes","17":"product_tag-eva-sole","18":"product_tag-goat-leather","19":"product_tag-mens-fashion","20":"product_tag-navy-shoes","21":"product_tag-stylish-mens-footwear","22":"product_tag-suede-shoes","23":"product_tag-wholesale-shoes","24":"desktop-align-center","25":"tablet-align-center","26":"mobile-align-center","28":"first","29":"instock","30":"sale","31":"shipping-taxable","32":"purchasable","33":"product-type-variable","34":"has-default-attributes"},"acf":[],"uagb_featured_image_src":{"full":["https:\/\/turkishtrade.co\/wp-content\/uploads\/2026\/01\/2400EJOMN00232-CAMEL-DKS_431-3-USD.png",453,250,false],"thumbnail":["https:\/\/turkishtrade.co\/wp-content\/uploads\/2026\/01\/2400EJOMN00232-CAMEL-DKS_431-3-USD-150x150.png",150,150,true],"medium":["https:\/\/turkishtrade.co\/wp-content\/uploads\/2026\/01\/2400EJOMN00232-CAMEL-DKS_431-3-USD-300x166.png",300,166,true],"medium_large":["https:\/\/turkishtrade.co\/wp-content\/uploads\/2026\/01\/2400EJOMN00232-CAMEL-DKS_431-3-USD.png",453,250,false],"large":["https:\/\/turkishtrade.co\/wp-content\/uploads\/2026\/01\/2400EJOMN00232-CAMEL-DKS_431-3-USD.png",453,250,false],"1536x1536":["https:\/\/turkishtrade.co\/wp-content\/uploads\/2026\/01\/2400EJOMN00232-CAMEL-DKS_431-3-USD.png",453,250,false],"2048x2048":["https:\/\/turkishtrade.co\/wp-content\/uploads\/2026\/01\/2400EJOMN00232-CAMEL-DKS_431-3-USD.png",453,250,false],"trp-custom-language-flag":["https:\/\/turkishtrade.co\/wp-content\/uploads\/2026\/01\/2400EJOMN00232-CAMEL-DKS_431-3-USD-18x10.png",18,10,true],"woocommerce_thumbnail":["https:\/\/turkishtrade.co\/wp-content\/uploads\/2026\/01\/2400EJOMN00232-CAMEL-DKS_431-3-USD-400x250.png",400,250,true],"woocommerce_single":["https:\/\/turkishtrade.co\/wp-content\/uploads\/2026\/01\/2400EJOMN00232-CAMEL-DKS_431-3-USD.png",453,250,false],"woocommerce_gallery_thumbnail":["https:\/\/turkishtrade.co\/wp-content\/uploads\/2026\/01\/2400EJOMN00232-CAMEL-DKS_431-3-USD-100x100.png",100,100,true]},"uagb_author_info":{"display_name":"yaser olabi","author_link":"https:\/\/turkishtrade.co\/fr\/author\/"},"uagb_comment_info":0,"uagb_excerpt":"Handcrafted from premium calf leather exterior for a sophisticated suede finish. Luxurious goat leather interior lining ensures exceptional comfort and breathability. Lightweight and durable EVA sole provides superior cushioning and reliable grip. Available in a wide range of sizes: EU 39, 40, 41, 42, 43, 44, 45. Features a classic 1-3 cm heel height for\u2026","_links":{"self":[{"href":"https:\/\/turkishtrade.co\/fr\/wp-json\/wp\/v2\/product\/6082","targetHints":{"allow":["GET"]}}],"collection":[{"href":"https:\/\/turkishtrade.co\/fr\/wp-json\/wp\/v2\/product"}],"about":[{"href":"https:\/\/turkishtrade.co\/fr\/wp-json\/wp\/v2\/types\/product"}],"wp:featuredmedia":[{"embeddable":true,"href":"https:\/\/turkishtrade.co\/fr\/wp-json\/wp\/v2\/media\/4067"}],"wp:attachment":[{"href":"https:\/\/turkishtrade.co\/fr\/wp-json\/wp\/v2\/media?parent=6082"}],"wp:term":[{"taxonomy":"product_brand","embeddable":true,"href":"https:\/\/turkishtrade.co\/fr\/wp-json\/wp\/v2\/product_brand?post=6082"},{"taxonomy":"product_cat","embeddable":true,"href":"https:\/\/turkishtrade.co\/fr\/wp-json\/wp\/v2\/product_cat?post=6082"},{"taxonomy":"product_tag","embeddable":true,"href":"https:\/\/turkishtrade.co\/fr\/wp-json\/wp\/v2\/product_tag?post=6082"}],"curies":[{"name":"wp","href":"https:\/\/api.w.org\/{rel}","templated":true}]}}