{"id":6069,"date":"2026-01-14T14:05:09","date_gmt":"2026-01-14T14:05:09","guid":{"rendered":"https:\/\/turkishtrade.co\/product\/mens-suede-loafers\/"},"modified":"2026-04-09T19:14:38","modified_gmt":"2026-04-09T19:14:38","slug":"mens-suede-loafers","status":"publish","type":"product","link":"https:\/\/turkishtrade.co\/fr\/shop\/mens-suede-loafers\/","title":{"rendered":"Mocassins en daim de qualit\u00e9 sup\u00e9rieure pour hommes avec semelle en EVA"},"content":{"rendered":"<p><strong>Mocassins en daim pour hommes<\/strong><\/p>\n<p>Entrez dans un confort sophistiqu\u00e9 avec notre collection de <strong>Mocassins en daim pour hommes<\/strong>, Ces chaussures ont \u00e9t\u00e9 con\u00e7ues pour le gentleman moderne qui appr\u00e9cie \u00e0 la fois le style et la substance. Ces chaussures \u00e0 enfiler de qualit\u00e9 sup\u00e9rieure sont l'incarnation de l'\u00e9l\u00e9gance d\u00e9contract\u00e9e, alliant harmonieusement un design intemporel \u00e0 des mat\u00e9riaux contemporains pour offrir une exp\u00e9rience incomparable en mati\u00e8re de chaussures. Qu'il s'agisse d'un week-end d\u00e9contract\u00e9 ou d'une tenue de bureau \u00e9l\u00e9gante et d\u00e9contract\u00e9e, ces <strong>mocassins en daim pour hommes<\/strong> sont votre compagnon id\u00e9al.<\/p>\n<h3>Une qualit\u00e9 et un savoir-faire in\u00e9gal\u00e9s<\/h3>\n<p>Notre <strong>mocassins en daim pour hommes<\/strong> sont m\u00e9ticuleusement fabriqu\u00e9s \u00e0 l'aide des mat\u00e9riaux les plus nobles. L'ext\u00e9rieur est en daim de veau v\u00e9ritable, connu pour sa texture douce, son toucher luxueux et son aspect riche. Ce daim de qualit\u00e9 sup\u00e9rieure offre une finition sophistiqu\u00e9e, \u00e0 la fois durable et attrayante, qui permet \u00e0 vos mocassins de se d\u00e9marquer dans n'importe quel contexte.<\/p>\n<p>L'int\u00e9rieur est enti\u00e8rement doubl\u00e9 de cuir de ch\u00e8vre souple. Cette doublure naturelle offre une respirabilit\u00e9 exceptionnelle et une forme de gant, \u00e9pousant la forme de vos pieds pour un confort ultime tout au long de la journ\u00e9e.<\/p>\n<h3>Con\u00e7u pour le confort et la durabilit\u00e9<\/h3>\n<p>Profitez d'un confort in\u00e9gal\u00e9 \u00e0 chaque pas, gr\u00e2ce \u00e0 la semelle EVA innovante. Cette semelle l\u00e9g\u00e8re et flexible absorbe parfaitement les chocs, ce qui r\u00e9duit la fatigue et rend ces chaussures encore plus agr\u00e9ables \u00e0 porter. <strong>mocassins en daim<\/strong> id\u00e9al pour une utilisation prolong\u00e9e. Le talon classique de 1 \u00e0 3 cm de hauteur assure une foul\u00e9e naturelle et confortable, parfaite pour les tenues d\u00e9contract\u00e9es de tous les jours. Ces caract\u00e9ristiques font de nos <strong>mocassins en daim pour hommes<\/strong> non seulement \u00e9l\u00e9gants, mais aussi incroyablement pratiques et confortables.<\/p>\n<h3>Un style polyvalent pour toutes les occasions<\/h3>\n<p>Le design intemporel de ces <strong>mocassins en daim<\/strong> les rend incroyablement polyvalents. Disponibles dans une gamme de tailles allant du 39 au 45, elles s'adressent \u00e0 un large \u00e9ventail de clients. Associez-les \u00e0 un pantalon chino et \u00e0 une chemise boutonn\u00e9e pour un look d\u00e9contract\u00e9 et raffin\u00e9, ou \u00e0 un jean et \u00e0 un polo pour un ensemble d\u00e9contract\u00e9 mais raffin\u00e9.<\/p>\n<p>Ces <strong>mocassins d\u00e9contract\u00e9s<\/strong> sont un compl\u00e9ment essentiel \u00e0 toute garde-robe exigeante, offrant un style sans effort qui transcende les saisons et les tendances.<\/p>\n<h3>Opportunit\u00e9 de vente en gros pour les entreprises<\/h3>\n<p>Pour les d\u00e9taillants et les entreprises \u00e0 la recherche de chaussures de haute qualit\u00e9, nos <strong>mocassins en daim pour hommes<\/strong> sont disponibles \u00e0 l'achat en gros. Avec une quantit\u00e9 minimale de commande de seulement 8 paires, il est facile de s'approvisionner en ces styles recherch\u00e9s. Nous assurons un processus de livraison fluide et efficace, les commandes \u00e9tant g\u00e9n\u00e9ralement exp\u00e9di\u00e9es sous 12 jours, plus le d\u00e9lai d'exp\u00e9dition standard. Offrez \u00e0 vos clients ce qu'il y a de mieux en mati\u00e8re de chaussures d\u00e9contract\u00e9es de qualit\u00e9 sup\u00e9rieure avec notre gamme exceptionnelle de <strong>mocassins en daim pour hommes<\/strong>.<\/p>","protected":false},"excerpt":{"rendered":"<ul>\n<li>Fabriqu\u00e9 en daim de veau v\u00e9ritable pour une finition ext\u00e9rieure luxueuse.<\/li>\n<li>Doubl\u00e9 de cuir de ch\u00e8vre doux pour un confort int\u00e9rieur sup\u00e9rieur.<\/li>\n<li>Semelle EVA l\u00e9g\u00e8re et durable pour une utilisation tout au long de la journ\u00e9e.<\/li>\n<li>Talon classique de 1 \u00e0 3 cm de hauteur, id\u00e9al pour les occasions d\u00e9contract\u00e9es et \u00e9l\u00e9gantes.<\/li>\n<li>Disponible en tailles : 39, 40, 41, 42, 43, 44, 45.<\/li>\n<li>Disponibilit\u00e9 en vrac : Quantit\u00e9 minimale de commande de 8 paires.<\/li>\n<li>Livraison en gros : Environ 12 jours plus le temps d'exp\u00e9dition.<\/li>\n<\/ul>","protected":false},"featured_media":4054,"template":"","meta":{"_acf_changed":false,"_uag_custom_page_level_css":"","site-sidebar-layout":"default","site-content-layout":"","ast-site-content-layout":"default","site-content-style":"default","site-sidebar-style":"default","ast-global-header-display":"","ast-banner-title-visibility":"","ast-main-header-display":"","ast-hfb-above-header-display":"","ast-hfb-below-header-display":"","ast-hfb-mobile-header-display":"","site-post-title":"","ast-breadcrumbs-content":"","ast-featured-img":"","footer-sml-layout":"","ast-disable-related-posts":"","theme-transparent-header-meta":"default","adv-header-id-meta":"","stick-header-meta":"","header-above-stick-meta":"","header-main-stick-meta":"","header-below-stick-meta":"","astra-migrate-meta-layouts":"set","ast-page-background-enabled":"default","ast-page-background-meta":{"desktop":{"background-color":"var(--ast-global-color-4)","background-image":"","background-repeat":"repeat","background-position":"center center","background-size":"auto","background-attachment":"scroll","background-type":"","background-media":"","overlay-type":"","overlay-color":"","overlay-opacity":"","overlay-gradient":""},"tablet":{"background-color":"","background-image":"","background-repeat":"repeat","background-position":"center center","background-size":"auto","background-attachment":"scroll","background-type":"","background-media":"","overlay-type":"","overlay-color":"","overlay-opacity":"","overlay-gradient":""},"mobile":{"background-color":"","background-image":"","background-repeat":"repeat","background-position":"center center","background-size":"auto","background-attachment":"scroll","background-type":"","background-media":"","overlay-type":"","overlay-color":"","overlay-opacity":"","overlay-gradient":""}},"ast-content-background-meta":{"desktop":{"background-color":"var(--ast-global-color-5)","background-image":"","background-repeat":"repeat","background-position":"center center","background-size":"auto","background-attachment":"scroll","background-type":"","background-media":"","overlay-type":"","overlay-color":"","overlay-opacity":"","overlay-gradient":""},"tablet":{"background-color":"var(--ast-global-color-5)","background-image":"","background-repeat":"repeat","background-position":"center center","background-size":"auto","background-attachment":"scroll","background-type":"","background-media":"","overlay-type":"","overlay-color":"","overlay-opacity":"","overlay-gradient":""},"mobile":{"background-color":"var(--ast-global-color-5)","background-image":"","background-repeat":"repeat","background-position":"center center","background-size":"auto","background-attachment":"scroll","background-type":"","background-media":"","overlay-type":"","overlay-color":"","overlay-opacity":"","overlay-gradient":""}}},"product_brand":[],"product_cat":[48,49,430,40],"product_tag":[582,512,272,438,583,215,762,921,374,184,149,254],"class_list":{"0":"post-6069","1":"product","2":"type-product","3":"status-publish","4":"has-post-thumbnail","6":"product_cat-casual","7":"product_cat-loafer","8":"product_cat-men","9":"product_cat-mens-shoes","10":"product_tag-calfskin","11":"product_tag-casual-loafers","12":"product_tag-comfort-shoes","13":"product_tag-eva-sole","14":"product_tag-goatskin","15":"product_tag-leather-loafers","16":"product_tag-loafer-shoes","17":"product_tag-mens-suede-loafers","18":"product_tag-premium-loafers","19":"product_tag-slip-on-shoes","20":"product_tag-suede-loafers","21":"product_tag-wholesale-footwear","22":"desktop-align-center","23":"tablet-align-center","24":"mobile-align-center","26":"first","27":"instock","28":"shipping-taxable","29":"purchasable","30":"product-type-variable","31":"has-default-attributes"},"acf":[],"uagb_featured_image_src":{"full":["https:\/\/turkishtrade.co\/wp-content\/uploads\/2026\/01\/2400EJOMN00226-CAMEL-X_081-4-USD.png",453,250,false],"thumbnail":["https:\/\/turkishtrade.co\/wp-content\/uploads\/2026\/01\/2400EJOMN00226-CAMEL-X_081-4-USD-150x150.png",150,150,true],"medium":["https:\/\/turkishtrade.co\/wp-content\/uploads\/2026\/01\/2400EJOMN00226-CAMEL-X_081-4-USD-300x166.png",300,166,true],"medium_large":["https:\/\/turkishtrade.co\/wp-content\/uploads\/2026\/01\/2400EJOMN00226-CAMEL-X_081-4-USD.png",453,250,false],"large":["https:\/\/turkishtrade.co\/wp-content\/uploads\/2026\/01\/2400EJOMN00226-CAMEL-X_081-4-USD.png",453,250,false],"1536x1536":["https:\/\/turkishtrade.co\/wp-content\/uploads\/2026\/01\/2400EJOMN00226-CAMEL-X_081-4-USD.png",453,250,false],"2048x2048":["https:\/\/turkishtrade.co\/wp-content\/uploads\/2026\/01\/2400EJOMN00226-CAMEL-X_081-4-USD.png",453,250,false],"trp-custom-language-flag":["https:\/\/turkishtrade.co\/wp-content\/uploads\/2026\/01\/2400EJOMN00226-CAMEL-X_081-4-USD-18x10.png",18,10,true],"woocommerce_thumbnail":["https:\/\/turkishtrade.co\/wp-content\/uploads\/2026\/01\/2400EJOMN00226-CAMEL-X_081-4-USD-400x250.png",400,250,true],"woocommerce_single":["https:\/\/turkishtrade.co\/wp-content\/uploads\/2026\/01\/2400EJOMN00226-CAMEL-X_081-4-USD.png",453,250,false],"woocommerce_gallery_thumbnail":["https:\/\/turkishtrade.co\/wp-content\/uploads\/2026\/01\/2400EJOMN00226-CAMEL-X_081-4-USD-100x100.png",100,100,true]},"uagb_author_info":{"display_name":"yaser olabi","author_link":"https:\/\/turkishtrade.co\/fr\/author\/"},"uagb_comment_info":0,"uagb_excerpt":"Crafted from genuine calfskin suede for a luxurious outer finish. Lined with soft goatskin leather ensuring superior inner comfort. Features a lightweight and durable EVA sole for all-day wear. Classic 1-3 cm heel height, ideal for casual and smart-casual occasions. Available in sizes: 39, 40, 41, 42, 43, 44, 45. Bulk Availability: Minimum order quantity\u2026","_links":{"self":[{"href":"https:\/\/turkishtrade.co\/fr\/wp-json\/wp\/v2\/product\/6069","targetHints":{"allow":["GET"]}}],"collection":[{"href":"https:\/\/turkishtrade.co\/fr\/wp-json\/wp\/v2\/product"}],"about":[{"href":"https:\/\/turkishtrade.co\/fr\/wp-json\/wp\/v2\/types\/product"}],"wp:featuredmedia":[{"embeddable":true,"href":"https:\/\/turkishtrade.co\/fr\/wp-json\/wp\/v2\/media\/4054"}],"wp:attachment":[{"href":"https:\/\/turkishtrade.co\/fr\/wp-json\/wp\/v2\/media?parent=6069"}],"wp:term":[{"taxonomy":"product_brand","embeddable":true,"href":"https:\/\/turkishtrade.co\/fr\/wp-json\/wp\/v2\/product_brand?post=6069"},{"taxonomy":"product_cat","embeddable":true,"href":"https:\/\/turkishtrade.co\/fr\/wp-json\/wp\/v2\/product_cat?post=6069"},{"taxonomy":"product_tag","embeddable":true,"href":"https:\/\/turkishtrade.co\/fr\/wp-json\/wp\/v2\/product_tag?post=6069"}],"curies":[{"name":"wp","href":"https:\/\/api.w.org\/{rel}","templated":true}]}}