{"id":6060,"date":"2026-01-14T14:03:49","date_gmt":"2026-01-14T14:03:49","guid":{"rendered":"https:\/\/turkishtrade.co\/product\/mens-beige-suede-casual-shoes\/"},"modified":"2026-04-10T08:11:42","modified_gmt":"2026-04-10T08:11:42","slug":"mens-beige-suede-casual-shoes","status":"publish","type":"product","link":"https:\/\/turkishtrade.co\/fr\/shop\/mens-beige-suede-casual-shoes\/","title":{"rendered":"Chaussures d\u00e9contract\u00e9es en daim beige Premium pour hommes"},"content":{"rendered":"<p><strong>Chaussures casual en daim beige pour hommes<\/strong><\/p>\n<p>Faites l'exp\u00e9rience d'un m\u00e9lange parfait de style et de confort, avec notre exquise <strong>Chaussures casual en daim beige pour hommes<\/strong>. Con\u00e7ues pour les hommes exigeants, ces chaussures promettent de rehausser votre garde-robe de tous les jours gr\u00e2ce \u00e0 leur attrait sophistiqu\u00e9 et \u00e0 leur qualit\u00e9 de fabrication sup\u00e9rieure. Qu'il s'agisse d'une promenade le week-end ou d'une tenue de bureau \u00e9l\u00e9gante et d\u00e9contract\u00e9e, ces chaussures polyvalentes en daim beige pour hommes sont con\u00e7ues pour impressionner.<\/p>\n<p>L'utilisation de mat\u00e9riaux de premi\u00e8re qualit\u00e9 est au c\u0153ur de ces exceptionnelles chaussures casual en daim beige pour hommes. La surface ext\u00e9rieure est m\u00e9ticuleusement fabriqu\u00e9e en daim de veau v\u00e9ritable de haute qualit\u00e9, offrant une texture douce et luxueuse et une esth\u00e9tique raffin\u00e9e qui r\u00e9siste \u00e0 l'\u00e9preuve du temps. La belle teinte beige apporte une \u00e9l\u00e9gance intemporelle, faisant de ces chaussures casual en daim beige pour homme un choix incroyablement polyvalent qui s'associe sans effort \u00e0 un large \u00e9ventail de tenues.<\/p>\n<h3>Un confort in\u00e9gal\u00e9 avec des mat\u00e9riaux de premi\u00e8re qualit\u00e9<\/h3>\n<p>Entrez et d\u00e9couvrez le confort ultime offert par la somptueuse doublure en cuir de ch\u00e8vre. Cette mati\u00e8re naturelle assure une bonne respirabilit\u00e9 et une sensation de douceur sur la peau, pour que vos pieds soient \u00e0 l'aise tout au long de la journ\u00e9e. En compl\u00e9ment, la semelle en EVA, l\u00e9g\u00e8re et durable, offre un amorti et une flexibilit\u00e9 sup\u00e9rieurs, permettant des mouvements sans effort.<\/p>\n<p>Le talon de 1 \u00e0 3 cm \u00e0 profil bas ajoute une \u00e9l\u00e9vation subtile sans compromettre le design d\u00e9contract\u00e9 et confortable de ces chaussures d\u00e9contract\u00e9es en daim beige pour hommes.<\/p>\n<h3>Design classique, attrait moderne<\/h3>\n<p>Ces chaussures d\u00e9contract\u00e9es en daim beige pour homme pr\u00e9sentent un style Derby classique \u00e0 lacets, orn\u00e9 de coutures pr\u00e9cises et soign\u00e9es qui soulignent la construction m\u00e9ticuleuse de la chaussure. Ce mod\u00e8le allie l'art de la cordonnerie traditionnelle \u00e0 une ambiance d\u00e9contract\u00e9e contemporaine, ce qui vous permet d'avoir une allure \u00e9l\u00e9gante sans vous sentir trop habill\u00e9. Ces chaussures sont la solution id\u00e9ale pour les hommes qui appr\u00e9cient la qualit\u00e9 et une apparence \u00e0 la fois d\u00e9contract\u00e9e et soign\u00e9e.<\/p>\n<p>Disponibles dans une gamme compl\u00e8te de tailles allant du 39 au 45, il est facile de trouver la chaussure id\u00e9ale. Nous comprenons l'importance du style, mais aussi du confort et de la durabilit\u00e9, et ces chaussures casual en daim beige pour hommes excellent dans tous les domaines. Leur construction robuste garantit leur long\u00e9vit\u00e9, ce qui en fait un investissement judicieux pour votre collection de chaussures.<\/p>\n<h3>Informations sur les commandes en gros et les livraisons<\/h3>\n<p>Pour les entreprises ou les particuliers qui ont besoin de quantit\u00e9s plus importantes, nous proposons des options flexibles de commande en gros. Une commande minimum de 8 paires est requise, avec un d\u00e9lai de livraison d'environ 12 jours plus les frais de port. Cela fait de nos chaussures de sport en daim beige pour hommes un excellent choix pour les d\u00e9taillants, les cadeaux d'entreprise ou toute personne cherchant \u00e0 s'approvisionner en chaussures \u00e9l\u00e9gantes et de haute qualit\u00e9.<\/p>\n<p>Investissez d\u00e8s aujourd'hui dans une paire de ces \u00e9l\u00e9gantes chaussures casual en daim beige pour hommes et entrez dans un monde o\u00f9 le confort rencontre un style in\u00e9gal\u00e9.<\/p>","protected":false},"excerpt":{"rendered":"<ul>\n<li>Ext\u00e9rieur en cuir de veau velours de premi\u00e8re qualit\u00e9 pour un aspect et un toucher luxueux.<\/li>\n<li>La doublure en cuir de ch\u00e8vre souple et respirant assure un confort tout au long de la journ\u00e9e.<\/li>\n<li>Semelle EVA l\u00e9g\u00e8re et flexible pour un amorti sup\u00e9rieur.<\/li>\n<li>Disponible dans les tailles 39-45 pour un ajustement parfait.<\/li>\n<li>Commandes group\u00e9es accept\u00e9es : Minimum 8 paires, livr\u00e9es en 12 jours + frais de port.<\/li>\n<\/ul>","protected":false},"featured_media":4045,"template":"","meta":{"_acf_changed":false,"_uag_custom_page_level_css":"","site-sidebar-layout":"default","site-content-layout":"","ast-site-content-layout":"default","site-content-style":"default","site-sidebar-style":"default","ast-global-header-display":"","ast-banner-title-visibility":"","ast-main-header-display":"","ast-hfb-above-header-display":"","ast-hfb-below-header-display":"","ast-hfb-mobile-header-display":"","site-post-title":"","ast-breadcrumbs-content":"","ast-featured-img":"","footer-sml-layout":"","ast-disable-related-posts":"","theme-transparent-header-meta":"default","adv-header-id-meta":"","stick-header-meta":"","header-above-stick-meta":"","header-main-stick-meta":"","header-below-stick-meta":"","astra-migrate-meta-layouts":"set","ast-page-background-enabled":"default","ast-page-background-meta":{"desktop":{"background-color":"var(--ast-global-color-4)","background-image":"","background-repeat":"repeat","background-position":"center center","background-size":"auto","background-attachment":"scroll","background-type":"","background-media":"","overlay-type":"","overlay-color":"","overlay-opacity":"","overlay-gradient":""},"tablet":{"background-color":"","background-image":"","background-repeat":"repeat","background-position":"center center","background-size":"auto","background-attachment":"scroll","background-type":"","background-media":"","overlay-type":"","overlay-color":"","overlay-opacity":"","overlay-gradient":""},"mobile":{"background-color":"","background-image":"","background-repeat":"repeat","background-position":"center center","background-size":"auto","background-attachment":"scroll","background-type":"","background-media":"","overlay-type":"","overlay-color":"","overlay-opacity":"","overlay-gradient":""}},"ast-content-background-meta":{"desktop":{"background-color":"var(--ast-global-color-5)","background-image":"","background-repeat":"repeat","background-position":"center center","background-size":"auto","background-attachment":"scroll","background-type":"","background-media":"","overlay-type":"","overlay-color":"","overlay-opacity":"","overlay-gradient":""},"tablet":{"background-color":"var(--ast-global-color-5)","background-image":"","background-repeat":"repeat","background-position":"center center","background-size":"auto","background-attachment":"scroll","background-type":"","background-media":"","overlay-type":"","overlay-color":"","overlay-opacity":"","overlay-gradient":""},"mobile":{"background-color":"var(--ast-global-color-5)","background-image":"","background-repeat":"repeat","background-position":"center center","background-size":"auto","background-attachment":"scroll","background-type":"","background-media":"","overlay-type":"","overlay-color":"","overlay-opacity":"","overlay-gradient":""}}},"product_brand":[],"product_cat":[152,151,430,40],"product_tag":[1141,566,449,222,212,438,189,198,406,210,764,283,281],"class_list":{"0":"post-6060","1":"product","2":"type-product","3":"status-publish","4":"has-post-thumbnail","6":"product_cat-casual-2","7":"product_cat-classic-2","8":"product_cat-men","9":"product_cat-mens-shoes","10":"product_tag-beige-shoes","11":"product_tag-calfskin-shoes","12":"product_tag-casual-shoes","13":"product_tag-comfortable-shoes","14":"product_tag-derby-shoes","15":"product_tag-eva-sole","16":"product_tag-goat-leather-lining","17":"product_tag-mens-fashion","18":"product_tag-premium-shoes","19":"product_tag-smart-casual","20":"product_tag-stylish-footwear","21":"product_tag-suede-shoes","22":"product_tag-wholesale-shoes","23":"desktop-align-center","24":"tablet-align-center","25":"mobile-align-center","27":"first","28":"instock","29":"shipping-taxable","30":"purchasable","31":"product-type-variable","32":"has-default-attributes"},"acf":[],"uagb_featured_image_src":{"full":["https:\/\/turkishtrade.co\/wp-content\/uploads\/2026\/01\/2400EJOMN00221BEIGE-X_620-3-USD.png",453,250,false],"thumbnail":["https:\/\/turkishtrade.co\/wp-content\/uploads\/2026\/01\/2400EJOMN00221BEIGE-X_620-3-USD-150x150.png",150,150,true],"medium":["https:\/\/turkishtrade.co\/wp-content\/uploads\/2026\/01\/2400EJOMN00221BEIGE-X_620-3-USD-300x166.png",300,166,true],"medium_large":["https:\/\/turkishtrade.co\/wp-content\/uploads\/2026\/01\/2400EJOMN00221BEIGE-X_620-3-USD.png",453,250,false],"large":["https:\/\/turkishtrade.co\/wp-content\/uploads\/2026\/01\/2400EJOMN00221BEIGE-X_620-3-USD.png",453,250,false],"1536x1536":["https:\/\/turkishtrade.co\/wp-content\/uploads\/2026\/01\/2400EJOMN00221BEIGE-X_620-3-USD.png",453,250,false],"2048x2048":["https:\/\/turkishtrade.co\/wp-content\/uploads\/2026\/01\/2400EJOMN00221BEIGE-X_620-3-USD.png",453,250,false],"trp-custom-language-flag":["https:\/\/turkishtrade.co\/wp-content\/uploads\/2026\/01\/2400EJOMN00221BEIGE-X_620-3-USD-18x10.png",18,10,true],"woocommerce_thumbnail":["https:\/\/turkishtrade.co\/wp-content\/uploads\/2026\/01\/2400EJOMN00221BEIGE-X_620-3-USD-400x250.png",400,250,true],"woocommerce_single":["https:\/\/turkishtrade.co\/wp-content\/uploads\/2026\/01\/2400EJOMN00221BEIGE-X_620-3-USD.png",453,250,false],"woocommerce_gallery_thumbnail":["https:\/\/turkishtrade.co\/wp-content\/uploads\/2026\/01\/2400EJOMN00221BEIGE-X_620-3-USD-100x100.png",100,100,true]},"uagb_author_info":{"display_name":"yaser olabi","author_link":"https:\/\/turkishtrade.co\/fr\/author\/"},"uagb_comment_info":0,"uagb_excerpt":"Premium calfskin suede outer for a luxurious look and feel. Soft, breathable goat leather lining ensures all-day comfort. Lightweight and flexible EVA sole for superior cushioning. Available in sizes 39-45 for a perfect fit. Bulk orders accepted: Minimum 8 pairs, delivered in 12 days + shipping.","_links":{"self":[{"href":"https:\/\/turkishtrade.co\/fr\/wp-json\/wp\/v2\/product\/6060","targetHints":{"allow":["GET"]}}],"collection":[{"href":"https:\/\/turkishtrade.co\/fr\/wp-json\/wp\/v2\/product"}],"about":[{"href":"https:\/\/turkishtrade.co\/fr\/wp-json\/wp\/v2\/types\/product"}],"wp:featuredmedia":[{"embeddable":true,"href":"https:\/\/turkishtrade.co\/fr\/wp-json\/wp\/v2\/media\/4045"}],"wp:attachment":[{"href":"https:\/\/turkishtrade.co\/fr\/wp-json\/wp\/v2\/media?parent=6060"}],"wp:term":[{"taxonomy":"product_brand","embeddable":true,"href":"https:\/\/turkishtrade.co\/fr\/wp-json\/wp\/v2\/product_brand?post=6060"},{"taxonomy":"product_cat","embeddable":true,"href":"https:\/\/turkishtrade.co\/fr\/wp-json\/wp\/v2\/product_cat?post=6060"},{"taxonomy":"product_tag","embeddable":true,"href":"https:\/\/turkishtrade.co\/fr\/wp-json\/wp\/v2\/product_tag?post=6060"}],"curies":[{"name":"wp","href":"https:\/\/api.w.org\/{rel}","templated":true}]}}