{"id":6046,"date":"2026-01-14T14:02:02","date_gmt":"2026-01-14T14:02:02","guid":{"rendered":"https:\/\/turkishtrade.co\/product\/men-s-suede-casual-shoes-2\/"},"modified":"2026-04-09T19:15:29","modified_gmt":"2026-04-09T19:15:29","slug":"mens-suede-casual-shoes","status":"publish","type":"product","link":"https:\/\/turkishtrade.co\/fr\/shop\/mens-suede-casual-shoes\/","title":{"rendered":"Chaussures de derby confortables en daim \u00e0 bouts ronds pour hommes"},"content":{"rendered":"<p><strong>Chaussures d\u00e9contract\u00e9es en daim pour hommes<\/strong><\/p>\n<p>Entrez dans un style et un confort in\u00e9gal\u00e9s gr\u00e2ce \u00e0 notre collection exquise de <b>chaussures d\u00e9contract\u00e9es en daim pour hommes<\/b>. Con\u00e7ues pour les personnes exigeantes, ces chaussures allient sophistication classique et aisance contemporaine, ce qui en fait un \u00e9l\u00e9ment essentiel de toute garde-robe. Fabriqu\u00e9es \u00e0 partir des mat\u00e9riaux les plus nobles, elles offrent \u00e0 la fois une durabilit\u00e9 et une sensation de luxe qui dure toute la journ\u00e9e.<\/p>\n<p>L'ext\u00e9rieur de ces chaussures exceptionnelles est en daim de veau de premi\u00e8re qualit\u00e9, r\u00e9put\u00e9 pour sa texture douce, son apparence \u00e9l\u00e9gante et sa qualit\u00e9 robuste. Ce daim de qualit\u00e9 sup\u00e9rieure ne se contente pas d'offrir un look sophistiqu\u00e9, il garantit \u00e9galement une longue dur\u00e9e de vie et s'adapte parfaitement \u00e0 votre pied au fil du temps. Disponibles dans des teintes polyvalentes comme le marron riche et le beige\/gris clair, ces chaussures en cuir de veau de qualit\u00e9 sup\u00e9rieure ont un aspect sophistiqu\u00e9 et garantissent un port durable. <b>chaussures d\u00e9contract\u00e9es en daim pour hommes<\/b> sont parfaits pour \u00eatre coordonn\u00e9s avec un large \u00e9ventail de tenues, des chinos et des jeans aux pantalons d\u00e9contract\u00e9s plus ajust\u00e9s.<\/p>\n<p><h3>Un confort et un savoir-faire in\u00e9gal\u00e9s<\/h3>\n<\/p>\n<p>Le confort est au rendez-vous \u00e0 chaque pas, gr\u00e2ce \u00e0 la doublure int\u00e9rieure en peau de ch\u00e8vre. Cette mati\u00e8re naturelle est tr\u00e8s respirante, ce qui permet \u00e0 vos pieds de rester au frais et au sec, m\u00eame en cas de port prolong\u00e9. La doublure int\u00e9rieure enveloppe votre pied de douceur, \u00e9vitant les irritations et am\u00e9liorant le confort g\u00e9n\u00e9ral.<\/p>\n<p>L'int\u00e9rieur luxueux est compl\u00e9t\u00e9 par une semelle EVA l\u00e9g\u00e8re et flexible, qui offre un excellent amorti et une bonne absorption des chocs. Avec une hauteur de talon subtile de 1 \u00e0 3 cm, ces chaussures offrent un soutien stable sans compromettre leur profil \u00e9l\u00e9gant et d\u00e9contract\u00e9.<\/p>\n<p>Le mod\u00e8le pr\u00e9sente une silhouette Derby classique avec des coutures moc-toe distinctives, offrant une touche de modernit\u00e9 \u00e0 un style intemporel. Cette construction bien pens\u00e9e assure un ajustement confortable et ajoute une touche de charme artisanal. Que vous vous rendiez \u00e0 une r\u00e9union d'affaires d\u00e9contract\u00e9e, que vous profitiez d'une escapade le week-end ou que vous recherchiez simplement des chaussures de tous les jours raffin\u00e9es, ces <b>chaussures d\u00e9contract\u00e9es en daim pour hommes<\/b> sont votre choix id\u00e9al.<\/p>\n<p>Nous nous adressons aux grossistes et proposons ces chaussures de haute qualit\u00e9 dans une gamme compl\u00e8te de pointures allant du 39 au 45. Avec une quantit\u00e9 minimale de commande de seulement 8 paires, les entreprises peuvent facilement s'approvisionner en ces chaussures populaires et \u00e9l\u00e9gantes. Notre processus de production efficace garantit un d\u00e9lai de livraison de 12 jours, plus les frais d'exp\u00e9dition, ce qui vous permet de renouveler rapidement votre stock avec des chaussures de qualit\u00e9 sup\u00e9rieure.<\/p>\n<p>Am\u00e9liorez votre collection et offrez \u00e0 vos clients des chaussures qui se distinguent vraiment en termes de qualit\u00e9, de confort et de style durable.<\/p>","protected":false},"excerpt":{"rendered":"<ul>\n<li>Ext\u00e9rieur en cuir de veau de premi\u00e8re qualit\u00e9<\/li>\n<li>Doublure int\u00e9rieure en peau de ch\u00e8vre douce pour une meilleure respirabilit\u00e9<\/li>\n<li>Semelle EVA l\u00e9g\u00e8re et flexible (hauteur du talon de 1 \u00e0 3 cm)<\/li>\n<li>Disponible dans les tailles 39-45<\/li>\n<li>Derby polyvalent \u00e0 bouts ronds<\/li>\n<li>Commande minimale en gros : 8 paires<\/li>\n<li>Production et livraison : 12 jours + exp\u00e9dition<\/li>\n<\/ul>","protected":false},"featured_media":4036,"template":"","meta":{"_acf_changed":false,"_uag_custom_page_level_css":"","site-sidebar-layout":"default","site-content-layout":"","ast-site-content-layout":"default","site-content-style":"default","site-sidebar-style":"default","ast-global-header-display":"","ast-banner-title-visibility":"","ast-main-header-display":"","ast-hfb-above-header-display":"","ast-hfb-below-header-display":"","ast-hfb-mobile-header-display":"","site-post-title":"","ast-breadcrumbs-content":"","ast-featured-img":"","footer-sml-layout":"","ast-disable-related-posts":"","theme-transparent-header-meta":"","adv-header-id-meta":"","stick-header-meta":"","header-above-stick-meta":"","header-main-stick-meta":"","header-below-stick-meta":"","astra-migrate-meta-layouts":"default","ast-page-background-enabled":"default","ast-page-background-meta":{"desktop":{"background-color":"var(--ast-global-color-4)","background-image":"","background-repeat":"repeat","background-position":"center center","background-size":"auto","background-attachment":"scroll","background-type":"","background-media":"","overlay-type":"","overlay-color":"","overlay-opacity":"","overlay-gradient":""},"tablet":{"background-color":"","background-image":"","background-repeat":"repeat","background-position":"center center","background-size":"auto","background-attachment":"scroll","background-type":"","background-media":"","overlay-type":"","overlay-color":"","overlay-opacity":"","overlay-gradient":""},"mobile":{"background-color":"","background-image":"","background-repeat":"repeat","background-position":"center center","background-size":"auto","background-attachment":"scroll","background-type":"","background-media":"","overlay-type":"","overlay-color":"","overlay-opacity":"","overlay-gradient":""}},"ast-content-background-meta":{"desktop":{"background-color":"var(--ast-global-color-5)","background-image":"","background-repeat":"repeat","background-position":"center center","background-size":"auto","background-attachment":"scroll","background-type":"","background-media":"","overlay-type":"","overlay-color":"","overlay-opacity":"","overlay-gradient":""},"tablet":{"background-color":"var(--ast-global-color-5)","background-image":"","background-repeat":"repeat","background-position":"center center","background-size":"auto","background-attachment":"scroll","background-type":"","background-media":"","overlay-type":"","overlay-color":"","overlay-opacity":"","overlay-gradient":""},"mobile":{"background-color":"var(--ast-global-color-5)","background-image":"","background-repeat":"repeat","background-position":"center center","background-size":"auto","background-attachment":"scroll","background-type":"","background-media":"","overlay-type":"","overlay-color":"","overlay-opacity":"","overlay-gradient":""}}},"product_brand":[],"product_cat":[48,49,430,40],"product_tag":[582,211,212,438,583,198,1135,283,281],"class_list":{"0":"post-6046","1":"product","2":"type-product","3":"status-publish","4":"has-post-thumbnail","6":"product_cat-casual","7":"product_cat-loafer","8":"product_cat-men","9":"product_cat-mens-shoes","10":"product_tag-calfskin","11":"product_tag-comfort-footwear","12":"product_tag-derby-shoes","13":"product_tag-eva-sole","14":"product_tag-goatskin","15":"product_tag-mens-fashion","16":"product_tag-moc-toe-loafers","17":"product_tag-suede-shoes","18":"product_tag-wholesale-shoes","19":"desktop-align-center","20":"tablet-align-center","21":"mobile-align-center","23":"first","24":"instock","25":"shipping-taxable","26":"purchasable","27":"product-type-variable","28":"has-default-attributes"},"acf":[],"uagb_featured_image_src":{"full":["https:\/\/turkishtrade.co\/wp-content\/uploads\/2026\/01\/2400EJOMN00217-STONE-X_082-4-USD.png",453,250,false],"thumbnail":["https:\/\/turkishtrade.co\/wp-content\/uploads\/2026\/01\/2400EJOMN00217-STONE-X_082-4-USD-150x150.png",150,150,true],"medium":["https:\/\/turkishtrade.co\/wp-content\/uploads\/2026\/01\/2400EJOMN00217-STONE-X_082-4-USD-300x166.png",300,166,true],"medium_large":["https:\/\/turkishtrade.co\/wp-content\/uploads\/2026\/01\/2400EJOMN00217-STONE-X_082-4-USD.png",453,250,false],"large":["https:\/\/turkishtrade.co\/wp-content\/uploads\/2026\/01\/2400EJOMN00217-STONE-X_082-4-USD.png",453,250,false],"1536x1536":["https:\/\/turkishtrade.co\/wp-content\/uploads\/2026\/01\/2400EJOMN00217-STONE-X_082-4-USD.png",453,250,false],"2048x2048":["https:\/\/turkishtrade.co\/wp-content\/uploads\/2026\/01\/2400EJOMN00217-STONE-X_082-4-USD.png",453,250,false],"trp-custom-language-flag":["https:\/\/turkishtrade.co\/wp-content\/uploads\/2026\/01\/2400EJOMN00217-STONE-X_082-4-USD-18x10.png",18,10,true],"woocommerce_thumbnail":["https:\/\/turkishtrade.co\/wp-content\/uploads\/2026\/01\/2400EJOMN00217-STONE-X_082-4-USD-400x250.png",400,250,true],"woocommerce_single":["https:\/\/turkishtrade.co\/wp-content\/uploads\/2026\/01\/2400EJOMN00217-STONE-X_082-4-USD.png",453,250,false],"woocommerce_gallery_thumbnail":["https:\/\/turkishtrade.co\/wp-content\/uploads\/2026\/01\/2400EJOMN00217-STONE-X_082-4-USD-100x100.png",100,100,true]},"uagb_author_info":{"display_name":"yaser olabi","author_link":"https:\/\/turkishtrade.co\/fr\/author\/"},"uagb_comment_info":0,"uagb_excerpt":"Premium Calfskin Suede Exterior Soft Goatskin Interior Lining for breathability Lightweight &amp; Flexible EVA Sole (1-3 cm heel height) Available in sizes 39-45 Versatile Moc-Toe Derby Style Wholesale Minimum Order: 8 Pairs Production &amp; Delivery: 12 days + shipping","_links":{"self":[{"href":"https:\/\/turkishtrade.co\/fr\/wp-json\/wp\/v2\/product\/6046","targetHints":{"allow":["GET"]}}],"collection":[{"href":"https:\/\/turkishtrade.co\/fr\/wp-json\/wp\/v2\/product"}],"about":[{"href":"https:\/\/turkishtrade.co\/fr\/wp-json\/wp\/v2\/types\/product"}],"wp:featuredmedia":[{"embeddable":true,"href":"https:\/\/turkishtrade.co\/fr\/wp-json\/wp\/v2\/media\/4036"}],"wp:attachment":[{"href":"https:\/\/turkishtrade.co\/fr\/wp-json\/wp\/v2\/media?parent=6046"}],"wp:term":[{"taxonomy":"product_brand","embeddable":true,"href":"https:\/\/turkishtrade.co\/fr\/wp-json\/wp\/v2\/product_brand?post=6046"},{"taxonomy":"product_cat","embeddable":true,"href":"https:\/\/turkishtrade.co\/fr\/wp-json\/wp\/v2\/product_cat?post=6046"},{"taxonomy":"product_tag","embeddable":true,"href":"https:\/\/turkishtrade.co\/fr\/wp-json\/wp\/v2\/product_tag?post=6046"}],"curies":[{"name":"wp","href":"https:\/\/api.w.org\/{rel}","templated":true}]}}