{"id":6038,"date":"2026-01-14T14:01:20","date_gmt":"2026-01-14T14:01:20","guid":{"rendered":"https:\/\/turkishtrade.co\/product\/men-s-suede-casual-loafers-3\/"},"modified":"2026-04-09T19:15:51","modified_gmt":"2026-04-09T19:15:51","slug":"mens-suede-casual-loafers-5","status":"publish","type":"product","link":"https:\/\/turkishtrade.co\/fr\/shop\/mens-suede-casual-loafers-5\/","title":{"rendered":"Mocassins d\u00e9contract\u00e9s en daim pour hommes Premium"},"content":{"rendered":"<p><strong>Mocassins d\u00e9contract\u00e9s en daim pour hommes<\/strong><\/p>\n<p>Profitez d'un confort in\u00e9gal\u00e9 et d'un style intemporel gr\u00e2ce \u00e0 notre collection de <strong>Mocassins d\u00e9contract\u00e9s en daim pour hommes<\/strong>. Con\u00e7us pour les personnes exigeantes qui appr\u00e9cient \u00e0 la fois l'\u00e9l\u00e9gance et la facilit\u00e9 d'utilisation au quotidien, ces mocassins t\u00e9moignent d'une qualit\u00e9 de fabrication sup\u00e9rieure et de mat\u00e9riaux de haute qualit\u00e9. Parfaits pour compl\u00e9ter un large \u00e9ventail de tenues, qu'il s'agisse d'une tenue d\u00e9contract\u00e9e ou d'une tenue d'affaires d\u00e9contract\u00e9e, ces mocassins sont un compl\u00e9ment essentiel \u00e0 toute garde-robe moderne.<\/p>\n<h3>Une qualit\u00e9 et un savoir-faire in\u00e9gal\u00e9s<\/h3>\n<p>Chaque paire de nos <strong>Mocassins d\u00e9contract\u00e9s en daim pour hommes<\/strong> est m\u00e9ticuleusement fabriqu\u00e9 \u00e0 partir de mat\u00e9riaux de premi\u00e8re qualit\u00e9. La surface ext\u00e9rieure est en daim de veau exquis, connu pour sa texture douce, son toucher luxueux et son aspect sophistiqu\u00e9. Ce cuir durable mais souple garantit la long\u00e9vit\u00e9 et une esth\u00e9tique riche qui ne fait que s'am\u00e9liorer avec l'\u00e2ge.<\/p>\n<p>A l'int\u00e9rieur, vos pieds seront berc\u00e9s par une doublure en cuir de ch\u00e8vre lisse et respirante, offrant un confort exceptionnel et aidant \u00e0 r\u00e9guler la temp\u00e9rature, ce qui rend ces chaussures id\u00e9ales pour toutes les saisons. L'association du daim de veau et du cuir de ch\u00e8vre garantit une exp\u00e9rience de port sup\u00e9rieure d\u00e8s l'instant o\u00f9 vous les enfilez.<\/p>\n<h3>Con\u00e7u pour un confort et un style modernes<\/h3>\n<p>Nos mocassins d\u00e9contract\u00e9s sont dot\u00e9s d'une semelle EVA l\u00e9g\u00e8re et flexible, con\u00e7ue pour offrir un excellent amorti et un bon soutien sans compromettre le style. Le talon classique de 1 \u00e0 3 cm de hauteur maintient la silhouette traditionnelle des mocassins, offrant une \u00e9l\u00e9vation subtile et garantissant le confort pour un usage prolong\u00e9. La conception \u00e0 enfiler est pratique et facile, tandis que les coutures raffin\u00e9es et les lignes \u00e9pur\u00e9es en disent long sur la qualit\u00e9 et l'attention port\u00e9e aux d\u00e9tails.<\/p>\n<p>Disponibles dans une large gamme de tailles allant de 39 \u00e0 45, ces mocassins sont con\u00e7us pour s'adapter parfaitement \u00e0 une large client\u00e8le, ce qui en fait un choix polyvalent pour tout d\u00e9taillant cherchant \u00e0 stocker des chaussures tr\u00e8s demand\u00e9es.<\/p>\n<h3>L'avantage du commerce de gros : Am\u00e9liorez vos stocks<\/h3>\n<p>Pour les d\u00e9taillants et les entreprises qui souhaitent proposer des chaussures exceptionnelles, nos <strong>Mocassins d\u00e9contract\u00e9s en daim pour hommes<\/strong> repr\u00e9sentent une excellente opportunit\u00e9 de vente en gros. Avec une quantit\u00e9 minimale de commande de seulement 8 paires, il est facile de s'approvisionner en ces mod\u00e8les recherch\u00e9s. Nous sommes fiers de l'efficacit\u00e9 de notre production et de notre livraison, avec un d\u00e9lai d'environ 12 jours, plus les frais d'exp\u00e9dition.<\/p>\n<p>Vous pouvez ainsi r\u00e9approvisionner rapidement votre stock et r\u00e9pondre \u00e0 la demande de vos clients. Offrez \u00e0 vos clients un m\u00e9lange de design classique, de mat\u00e9riaux luxueux et de confort quotidien qui distingue votre collection. Faites \u00e9quipe avec nous pour b\u00e9n\u00e9ficier de prix comp\u00e9titifs et d'un produit qui d\u00e9passe constamment les attentes.<\/p>","protected":false},"excerpt":{"rendered":"<ul>\n<li style=\"list-style-type: none;\">\n<ul>\n<li>Upper Material: Luxurious Calf Suede for a sophisticated look.<\/li>\n<li>Inner Lining: Soft and breathable Goat Leather for superior comfort.<\/li>\n<li>Sole: Lightweight and flexible EVA sole for all-day wear.<\/li>\n<li>Heel Height: Classic 1-3 cm for a traditional loafer profile.<\/li>\n<li>Available Sizes:EU 39, 40, 41, 42, 43, 44, 45.<\/li>\n<li>Bulk Availability: Minimum order of 8 pairs.<\/li>\n<li>Delivery: Lead time of 12 days + shipping for wholesale orders.<\/li>\n<\/ul>\n<\/li>\n<\/ul>","protected":false},"featured_media":4032,"template":"","meta":{"_acf_changed":false,"_uag_custom_page_level_css":"","site-sidebar-layout":"default","site-content-layout":"","ast-site-content-layout":"default","site-content-style":"default","site-sidebar-style":"default","ast-global-header-display":"","ast-banner-title-visibility":"","ast-main-header-display":"","ast-hfb-above-header-display":"","ast-hfb-below-header-display":"","ast-hfb-mobile-header-display":"","site-post-title":"","ast-breadcrumbs-content":"","ast-featured-img":"","footer-sml-layout":"","ast-disable-related-posts":"","theme-transparent-header-meta":"default","adv-header-id-meta":"","stick-header-meta":"","header-above-stick-meta":"","header-main-stick-meta":"","header-below-stick-meta":"","astra-migrate-meta-layouts":"set","ast-page-background-enabled":"default","ast-page-background-meta":{"desktop":{"background-color":"var(--ast-global-color-4)","background-image":"","background-repeat":"repeat","background-position":"center center","background-size":"auto","background-attachment":"scroll","background-type":"","background-media":"","overlay-type":"","overlay-color":"","overlay-opacity":"","overlay-gradient":""},"tablet":{"background-color":"","background-image":"","background-repeat":"repeat","background-position":"center center","background-size":"auto","background-attachment":"scroll","background-type":"","background-media":"","overlay-type":"","overlay-color":"","overlay-opacity":"","overlay-gradient":""},"mobile":{"background-color":"","background-image":"","background-repeat":"repeat","background-position":"center center","background-size":"auto","background-attachment":"scroll","background-type":"","background-media":"","overlay-type":"","overlay-color":"","overlay-opacity":"","overlay-gradient":""}},"ast-content-background-meta":{"desktop":{"background-color":"var(--ast-global-color-5)","background-image":"","background-repeat":"repeat","background-position":"center center","background-size":"auto","background-attachment":"scroll","background-type":"","background-media":"","overlay-type":"","overlay-color":"","overlay-opacity":"","overlay-gradient":""},"tablet":{"background-color":"var(--ast-global-color-5)","background-image":"","background-repeat":"repeat","background-position":"center center","background-size":"auto","background-attachment":"scroll","background-type":"","background-media":"","overlay-type":"","overlay-color":"","overlay-opacity":"","overlay-gradient":""},"mobile":{"background-color":"var(--ast-global-color-5)","background-image":"","background-repeat":"repeat","background-position":"center center","background-size":"auto","background-attachment":"scroll","background-type":"","background-media":"","overlay-type":"","overlay-color":"","overlay-opacity":"","overlay-gradient":""}}},"product_brand":[],"product_cat":[48,49,430,40],"product_tag":[1028,449,438,922,437,215,186,184,149,254],"class_list":{"0":"post-6038","1":"product","2":"type-product","3":"status-publish","4":"has-post-thumbnail","6":"product_cat-casual","7":"product_cat-loafer","8":"product_cat-men","9":"product_cat-mens-shoes","10":"product_tag-calf-suede","11":"product_tag-casual-shoes","12":"product_tag-eva-sole","13":"product_tag-fashion-loafers","14":"product_tag-goat-leather","15":"product_tag-leather-loafers","16":"product_tag-mens-loafers","17":"product_tag-slip-on-shoes","18":"product_tag-suede-loafers","19":"product_tag-wholesale-footwear","20":"desktop-align-center","21":"tablet-align-center","22":"mobile-align-center","24":"first","25":"instock","26":"shipping-taxable","27":"purchasable","28":"product-type-variable","29":"has-default-attributes"},"acf":[],"uagb_featured_image_src":{"full":["https:\/\/turkishtrade.co\/wp-content\/uploads\/2026\/01\/2400EJOMN00214-LIGHT-BROWN-X_7804-1-usd-1.png",453,250,false],"thumbnail":["https:\/\/turkishtrade.co\/wp-content\/uploads\/2026\/01\/2400EJOMN00214-LIGHT-BROWN-X_7804-1-usd-1-150x150.png",150,150,true],"medium":["https:\/\/turkishtrade.co\/wp-content\/uploads\/2026\/01\/2400EJOMN00214-LIGHT-BROWN-X_7804-1-usd-1-300x166.png",300,166,true],"medium_large":["https:\/\/turkishtrade.co\/wp-content\/uploads\/2026\/01\/2400EJOMN00214-LIGHT-BROWN-X_7804-1-usd-1.png",453,250,false],"large":["https:\/\/turkishtrade.co\/wp-content\/uploads\/2026\/01\/2400EJOMN00214-LIGHT-BROWN-X_7804-1-usd-1.png",453,250,false],"1536x1536":["https:\/\/turkishtrade.co\/wp-content\/uploads\/2026\/01\/2400EJOMN00214-LIGHT-BROWN-X_7804-1-usd-1.png",453,250,false],"2048x2048":["https:\/\/turkishtrade.co\/wp-content\/uploads\/2026\/01\/2400EJOMN00214-LIGHT-BROWN-X_7804-1-usd-1.png",453,250,false],"trp-custom-language-flag":["https:\/\/turkishtrade.co\/wp-content\/uploads\/2026\/01\/2400EJOMN00214-LIGHT-BROWN-X_7804-1-usd-1-18x10.png",18,10,true],"woocommerce_thumbnail":["https:\/\/turkishtrade.co\/wp-content\/uploads\/2026\/01\/2400EJOMN00214-LIGHT-BROWN-X_7804-1-usd-1-400x250.png",400,250,true],"woocommerce_single":["https:\/\/turkishtrade.co\/wp-content\/uploads\/2026\/01\/2400EJOMN00214-LIGHT-BROWN-X_7804-1-usd-1.png",453,250,false],"woocommerce_gallery_thumbnail":["https:\/\/turkishtrade.co\/wp-content\/uploads\/2026\/01\/2400EJOMN00214-LIGHT-BROWN-X_7804-1-usd-1-100x100.png",100,100,true]},"uagb_author_info":{"display_name":"yaser olabi","author_link":"https:\/\/turkishtrade.co\/fr\/author\/"},"uagb_comment_info":0,"uagb_excerpt":"Upper Material: Luxurious Calf Suede for a sophisticated look. Inner Lining: Soft and breathable Goat Leather for superior comfort. Sole: Lightweight and flexible EVA sole for all-day wear. Heel Height: Classic 1-3 cm for a traditional loafer profile. Available Sizes:EU 39, 40, 41, 42, 43, 44, 45. Bulk Availability: Minimum order of 8 pairs. Delivery:\u2026","_links":{"self":[{"href":"https:\/\/turkishtrade.co\/fr\/wp-json\/wp\/v2\/product\/6038","targetHints":{"allow":["GET"]}}],"collection":[{"href":"https:\/\/turkishtrade.co\/fr\/wp-json\/wp\/v2\/product"}],"about":[{"href":"https:\/\/turkishtrade.co\/fr\/wp-json\/wp\/v2\/types\/product"}],"wp:featuredmedia":[{"embeddable":true,"href":"https:\/\/turkishtrade.co\/fr\/wp-json\/wp\/v2\/media\/4032"}],"wp:attachment":[{"href":"https:\/\/turkishtrade.co\/fr\/wp-json\/wp\/v2\/media?parent=6038"}],"wp:term":[{"taxonomy":"product_brand","embeddable":true,"href":"https:\/\/turkishtrade.co\/fr\/wp-json\/wp\/v2\/product_brand?post=6038"},{"taxonomy":"product_cat","embeddable":true,"href":"https:\/\/turkishtrade.co\/fr\/wp-json\/wp\/v2\/product_cat?post=6038"},{"taxonomy":"product_tag","embeddable":true,"href":"https:\/\/turkishtrade.co\/fr\/wp-json\/wp\/v2\/product_tag?post=6038"}],"curies":[{"name":"wp","href":"https:\/\/api.w.org\/{rel}","templated":true}]}}