{"id":6034,"date":"2026-01-14T14:00:55","date_gmt":"2026-01-14T14:00:55","guid":{"rendered":"https:\/\/turkishtrade.co\/product\/men-s-casual-loafers\/"},"modified":"2026-04-09T19:16:02","modified_gmt":"2026-04-09T19:16:02","slug":"mens-casual-loafers","status":"publish","type":"product","link":"https:\/\/turkishtrade.co\/fr\/shop\/mens-casual-loafers\/","title":{"rendered":"Mocassins d\u00e9contract\u00e9s en daim de qualit\u00e9 sup\u00e9rieure pour hommes"},"content":{"rendered":"<p><strong>Mocassins d\u00e9contract\u00e9s pour hommes<\/strong><\/p>\n<p>Entrez dans un confort sophistiqu\u00e9 gr\u00e2ce \u00e0 notre collection exquise de <strong>Mocassins d\u00e9contract\u00e9s en daim de qualit\u00e9 sup\u00e9rieure pour hommes<\/strong>. Con\u00e7us pour l'homme moderne qui appr\u00e9cie \u00e0 la fois le style et la facilit\u00e9, ces mocassins sont l'incarnation de la chaussure polyvalente. Que vous vous rendiez \u00e0 un brunch d\u00e9contract\u00e9, que vous conduisiez ou que vous profitiez d'une soir\u00e9e d\u00e9contract\u00e9e, ces mocassins sont l'incarnation m\u00eame de la chaussure polyvalente. <strong>mocassins d\u00e9contract\u00e9s pour hommes<\/strong> offrent un m\u00e9lange in\u00e9gal\u00e9 d'\u00e9l\u00e9gance et de charme d\u00e9contract\u00e9.<\/p>\n<p>Con\u00e7ue avec une attention m\u00e9ticuleuse aux d\u00e9tails, chaque paire promet d'\u00e9lever votre look quotidien gr\u00e2ce \u00e0 sa silhouette raffin\u00e9e et ses mat\u00e9riaux de qualit\u00e9 sup\u00e9rieure.<\/p>\n<p><h3>Un savoir-faire in\u00e9gal\u00e9 et des mat\u00e9riaux de premi\u00e8re qualit\u00e9<\/h3>\n<\/p>\n<p>Notre <strong>mocassins d\u00e9contract\u00e9s pour hommes<\/strong> sont fabriqu\u00e9es \u00e0 partir du meilleur cuir de veau velours de premi\u00e8re qualit\u00e9 pour la surface ext\u00e9rieure, offrant un toucher luxueux et un aspect distingu\u00e9 qui ne fait que s'am\u00e9liorer avec l'\u00e2ge. Le daim de veau doux et souple garantit une bonne respirabilit\u00e9 et un ajustement confortable d\u00e8s la premi\u00e8re utilisation. \u00c0 l'int\u00e9rieur, vos pieds seront berc\u00e9s par une luxueuse doublure en cuir de ch\u00e8vre, connue pour sa douceur exceptionnelle et ses propri\u00e9t\u00e9s d'\u00e9vacuation de l'humidit\u00e9, garantissant un confort tout au long de la journ\u00e9e.<\/p>\n<p>La semelle l\u00e9g\u00e8re et flexible en EVA offre une excellente absorption des chocs et une grande durabilit\u00e9. <strong>mocassins en daim<\/strong> id\u00e9al pour un usage prolong\u00e9. Avec une hauteur de talon classique de 1 \u00e0 3 cm, ces mocassins offrent juste ce qu'il faut de hauteur sans compromettre le confort.<\/p>\n<p><h3>Con\u00e7u pour le confort et le style polyvalent<\/h3>\n<\/p>\n<p>Ces mocassins exceptionnellement confortables vous procureront un v\u00e9ritable plaisir de marcher. Gr\u00e2ce \u00e0 leur conception ergonomique et aux mat\u00e9riaux de haute qualit\u00e9, ces <strong>mocassins d\u00e9contract\u00e9s pour hommes<\/strong> ne se contentent pas d'\u00eatre esth\u00e9tiques, elles sont con\u00e7ues pour un confort r\u00e9el. Le style \u00e0 enfiler assure la commodit\u00e9, tandis que la construction robuste garantit la long\u00e9vit\u00e9.<\/p>\n<p>Disponibles dans une gamme de couleurs intemporelles, dont le marron riche et le beige clair \u00e9l\u00e9gant, ces <strong>mocassins en cuir<\/strong> compl\u00e8tent sans effort une vari\u00e9t\u00e9 de tenues, des chinos et des shorts aux pantalons d\u00e9contract\u00e9s plus habill\u00e9s.<\/p>\n<p>Elles constituent le choix id\u00e9al pour tous ceux qui recherchent des chaussures \u00e0 la fois \u00e9l\u00e9gantes et pratiques.<\/p>\n<p><h3>Votre choix pour toutes les occasions<\/h3>\n<\/p>\n<p>Ces <strong>mocassins d\u00e9contract\u00e9s pour hommes<\/strong> sont plus que de simples chaussures, elles sont un investissement dans un style polyvalent. Leur design intemporel vous assure qu'elles resteront un \u00e9l\u00e9ment essentiel de votre garde-robe pour les saisons \u00e0 venir. Rehaussez votre collection de chaussures avec ces chaussures exceptionnelles. <strong>mocassins en daim<\/strong>, Les hommes qui appr\u00e9cient la qualit\u00e9 et le confort y trouveront leur compte.<\/p>\n<p>Pour nos partenaires grossistes, nous proposons des options de commande flexibles avec une quantit\u00e9 minimale de 8 paires. Notre processus de production efficace garantit que votre commande de ces chaussures de qualit\u00e9 sup\u00e9rieure sera accept\u00e9e. <strong>mocassins d\u00e9contract\u00e9s pour hommes<\/strong> sera pr\u00eat \u00e0 \u00eatre exp\u00e9di\u00e9 dans un d\u00e9lai d'environ 12 jours, plus le temps d'acheminement. Ajoutez ces incontournables <strong>mocassins d\u00e9contract\u00e9s pour hommes<\/strong> \u00e0 votre inventaire et offrez \u00e0 vos clients le nec plus ultra en mati\u00e8re de confort sophistiqu\u00e9.<\/p>","protected":false},"excerpt":{"rendered":"<ul>\n<li><b>Mat\u00e9riau ext\u00e9rieur :<\/b> Cuir de veau velours de premi\u00e8re qualit\u00e9<\/li>\n<li><b>Mat\u00e9riau int\u00e9rieur :<\/b> Doublure en cuir de ch\u00e8vre souple<\/li>\n<li><b>Semelle :<\/b> EVA l\u00e9ger et flexible<\/li>\n<li><b>Hauteur du talon :<\/b> Classique 1-3 cm<\/li>\n<li><b>Tailles disponibles :<\/b> UE 39-45<\/li>\n<li><b>Quantit\u00e9 minimale de commande :<\/b> 8 paires<\/li>\n<li><b>Production et livraison :<\/b> Environ 12 jours + exp\u00e9dition<\/li>\n<\/ul>","protected":false},"featured_media":4028,"template":"","meta":{"_acf_changed":false,"_uag_custom_page_level_css":"","site-sidebar-layout":"default","site-content-layout":"","ast-site-content-layout":"default","site-content-style":"default","site-sidebar-style":"default","ast-global-header-display":"","ast-banner-title-visibility":"","ast-main-header-display":"","ast-hfb-above-header-display":"","ast-hfb-below-header-display":"","ast-hfb-mobile-header-display":"","site-post-title":"","ast-breadcrumbs-content":"","ast-featured-img":"","footer-sml-layout":"","ast-disable-related-posts":"","theme-transparent-header-meta":"","adv-header-id-meta":"","stick-header-meta":"","header-above-stick-meta":"","header-main-stick-meta":"","header-below-stick-meta":"","astra-migrate-meta-layouts":"default","ast-page-background-enabled":"default","ast-page-background-meta":{"desktop":{"background-color":"var(--ast-global-color-4)","background-image":"","background-repeat":"repeat","background-position":"center center","background-size":"auto","background-attachment":"scroll","background-type":"","background-media":"","overlay-type":"","overlay-color":"","overlay-opacity":"","overlay-gradient":""},"tablet":{"background-color":"","background-image":"","background-repeat":"repeat","background-position":"center center","background-size":"auto","background-attachment":"scroll","background-type":"","background-media":"","overlay-type":"","overlay-color":"","overlay-opacity":"","overlay-gradient":""},"mobile":{"background-color":"","background-image":"","background-repeat":"repeat","background-position":"center center","background-size":"auto","background-attachment":"scroll","background-type":"","background-media":"","overlay-type":"","overlay-color":"","overlay-opacity":"","overlay-gradient":""}},"ast-content-background-meta":{"desktop":{"background-color":"var(--ast-global-color-5)","background-image":"","background-repeat":"repeat","background-position":"center center","background-size":"auto","background-attachment":"scroll","background-type":"","background-media":"","overlay-type":"","overlay-color":"","overlay-opacity":"","overlay-gradient":""},"tablet":{"background-color":"var(--ast-global-color-5)","background-image":"","background-repeat":"repeat","background-position":"center center","background-size":"auto","background-attachment":"scroll","background-type":"","background-media":"","overlay-type":"","overlay-color":"","overlay-opacity":"","overlay-gradient":""},"mobile":{"background-color":"var(--ast-global-color-5)","background-image":"","background-repeat":"repeat","background-position":"center center","background-size":"auto","background-attachment":"scroll","background-type":"","background-media":"","overlay-type":"","overlay-color":"","overlay-opacity":"","overlay-gradient":""}}},"product_brand":[],"product_cat":[48,49,430,40],"product_tag":[1028,449,222,278,438,189,215,148,374,184,670,149],"class_list":{"0":"post-6034","1":"product","2":"type-product","3":"status-publish","4":"has-post-thumbnail","6":"product_cat-casual","7":"product_cat-loafer","8":"product_cat-men","9":"product_cat-mens-shoes","10":"product_tag-calf-suede","11":"product_tag-casual-shoes","12":"product_tag-comfortable-shoes","13":"product_tag-driving-shoes","14":"product_tag-eva-sole","15":"product_tag-goat-leather-lining","16":"product_tag-leather-loafers","17":"product_tag-loafers","18":"product_tag-premium-loafers","19":"product_tag-slip-on-shoes","20":"product_tag-stylish-loafers","21":"product_tag-suede-loafers","22":"desktop-align-center","23":"tablet-align-center","24":"mobile-align-center","26":"first","27":"instock","28":"shipping-taxable","29":"purchasable","30":"product-type-variable","31":"has-default-attributes"},"acf":[],"uagb_featured_image_src":{"full":["https:\/\/turkishtrade.co\/wp-content\/uploads\/2026\/01\/2400EJOMN00213-STONE-X_1341-Fusped-1-usd.png",453,250,false],"thumbnail":["https:\/\/turkishtrade.co\/wp-content\/uploads\/2026\/01\/2400EJOMN00213-STONE-X_1341-Fusped-1-usd-150x150.png",150,150,true],"medium":["https:\/\/turkishtrade.co\/wp-content\/uploads\/2026\/01\/2400EJOMN00213-STONE-X_1341-Fusped-1-usd-300x166.png",300,166,true],"medium_large":["https:\/\/turkishtrade.co\/wp-content\/uploads\/2026\/01\/2400EJOMN00213-STONE-X_1341-Fusped-1-usd.png",453,250,false],"large":["https:\/\/turkishtrade.co\/wp-content\/uploads\/2026\/01\/2400EJOMN00213-STONE-X_1341-Fusped-1-usd.png",453,250,false],"1536x1536":["https:\/\/turkishtrade.co\/wp-content\/uploads\/2026\/01\/2400EJOMN00213-STONE-X_1341-Fusped-1-usd.png",453,250,false],"2048x2048":["https:\/\/turkishtrade.co\/wp-content\/uploads\/2026\/01\/2400EJOMN00213-STONE-X_1341-Fusped-1-usd.png",453,250,false],"trp-custom-language-flag":["https:\/\/turkishtrade.co\/wp-content\/uploads\/2026\/01\/2400EJOMN00213-STONE-X_1341-Fusped-1-usd-18x10.png",18,10,true],"woocommerce_thumbnail":["https:\/\/turkishtrade.co\/wp-content\/uploads\/2026\/01\/2400EJOMN00213-STONE-X_1341-Fusped-1-usd-400x250.png",400,250,true],"woocommerce_single":["https:\/\/turkishtrade.co\/wp-content\/uploads\/2026\/01\/2400EJOMN00213-STONE-X_1341-Fusped-1-usd.png",453,250,false],"woocommerce_gallery_thumbnail":["https:\/\/turkishtrade.co\/wp-content\/uploads\/2026\/01\/2400EJOMN00213-STONE-X_1341-Fusped-1-usd-100x100.png",100,100,true]},"uagb_author_info":{"display_name":"yaser olabi","author_link":"https:\/\/turkishtrade.co\/fr\/author\/"},"uagb_comment_info":0,"uagb_excerpt":"Outer Material: Premium Calf Suede Leather Inner Material: Soft Goat Leather Lining Sole: Lightweight &amp; Flexible EVA Heel Height: Classic 1-3 cm Available Sizes: EU 39-45 Minimum Order Quantity: 8 Pairs Production &amp; Delivery: Approximately 12 Days + Shipping","_links":{"self":[{"href":"https:\/\/turkishtrade.co\/fr\/wp-json\/wp\/v2\/product\/6034","targetHints":{"allow":["GET"]}}],"collection":[{"href":"https:\/\/turkishtrade.co\/fr\/wp-json\/wp\/v2\/product"}],"about":[{"href":"https:\/\/turkishtrade.co\/fr\/wp-json\/wp\/v2\/types\/product"}],"wp:featuredmedia":[{"embeddable":true,"href":"https:\/\/turkishtrade.co\/fr\/wp-json\/wp\/v2\/media\/4028"}],"wp:attachment":[{"href":"https:\/\/turkishtrade.co\/fr\/wp-json\/wp\/v2\/media?parent=6034"}],"wp:term":[{"taxonomy":"product_brand","embeddable":true,"href":"https:\/\/turkishtrade.co\/fr\/wp-json\/wp\/v2\/product_brand?post=6034"},{"taxonomy":"product_cat","embeddable":true,"href":"https:\/\/turkishtrade.co\/fr\/wp-json\/wp\/v2\/product_cat?post=6034"},{"taxonomy":"product_tag","embeddable":true,"href":"https:\/\/turkishtrade.co\/fr\/wp-json\/wp\/v2\/product_tag?post=6034"}],"curies":[{"name":"wp","href":"https:\/\/api.w.org\/{rel}","templated":true}]}}