{"id":6033,"date":"2026-01-14T14:00:36","date_gmt":"2026-01-14T14:00:36","guid":{"rendered":"https:\/\/turkishtrade.co\/product\/men-s-suede-casual-loafers-2\/"},"modified":"2026-04-09T19:16:05","modified_gmt":"2026-04-09T19:16:05","slug":"mens-suede-casual-loafers-6","status":"publish","type":"product","link":"https:\/\/turkishtrade.co\/fr\/shop\/mens-suede-casual-loafers-6\/","title":{"rendered":"Mocassins d\u00e9contract\u00e9s en daim de premi\u00e8re qualit\u00e9 pour hommes avec semelle EVA"},"content":{"rendered":"<p><strong>Mocassins d\u00e9contract\u00e9s en daim pour hommes<\/strong><\/p>\n<p>Rehaussez votre style de tous les jours avec notre collection exquise de <strong>mocassins d\u00e9contract\u00e9s en daim pour hommes<\/strong>. Con\u00e7us pour l'homme moderne qui appr\u00e9cie \u00e0 la fois une esth\u00e9tique sophistiqu\u00e9e et un confort in\u00e9gal\u00e9, ces mocassins t\u00e9moignent d'un savoir-faire artisanal sup\u00e9rieur. Chaque paire de ces mocassins exceptionnels <strong>mocassins d\u00e9contract\u00e9s en daim pour hommes<\/strong> est m\u00e9ticuleusement fabriqu\u00e9e \u00e0 partir des mat\u00e9riaux les plus fins, garantissant une exp\u00e9rience luxueuse d\u00e8s le moment o\u00f9 vous l'enfilez.<\/p>\n<p>L'ext\u00e9rieur est en daim de veau de premi\u00e8re qualit\u00e9, r\u00e9put\u00e9 pour son toucher doux, sa texture riche et sa qualit\u00e9 durable. Ce daim \u00e9l\u00e9gant offre un look raffin\u00e9 qui permet de passer sans effort d'une sortie d\u00e9contract\u00e9e le week-end \u00e0 un environnement de travail \u00e9l\u00e9gant et d\u00e9contract\u00e9. En compl\u00e9ment de la beaut\u00e9 ext\u00e9rieure, l'int\u00e9rieur est doubl\u00e9 de cuir de ch\u00e8vre souple, offrant une respirabilit\u00e9 exceptionnelle et une sensation de douceur et de confort au pied.<\/p>\n<p>Ce choix judicieux du mat\u00e9riau interne permet de garder vos pieds au frais et au sec. <strong>mocassins d\u00e9contract\u00e9s en daim pour hommes<\/strong> un choix id\u00e9al pour une utilisation prolong\u00e9e.<\/p>\n<h3>Un confort in\u00e9gal\u00e9 et un style polyvalent<\/h3>\n<p>Cette conception luxueuse s'appuie sur une semelle EVA robuste mais incroyablement l\u00e9g\u00e8re. Cette technologie de pointe offre un amorti et une absorption des chocs sup\u00e9rieurs, pour que chaque pas soit un plaisir. Le talon bas et classique (environ 1-3 cm) ajoute \u00e0 l'\u00e9l\u00e9gance d\u00e9contract\u00e9e et au confort, faisant de ces chaussures de style derby moc-toe des chaussures parfaites pour \u00eatre port\u00e9es toute la journ\u00e9e sans fatigue.<\/p>\n<p>Les coutures moc-toe complexes et le design classique \u00e0 lacets ajoutent une touche de charme intemporel. <strong>mocassins d\u00e9contract\u00e9s en daim pour hommes<\/strong> un compl\u00e9ment polyvalent \u00e0 toute garde-robe.<\/p>\n<h3>Avantage du commerce de gros pour les partenaires commerciaux<\/h3>\n<p>Nous comprenons les besoins de nos partenaires grossistes. Ces produits <strong>mocassins d\u00e9contract\u00e9s en daim pour hommes<\/strong> sont disponibles pour les commandes en gros avec une quantit\u00e9 minimale de 8 paires. Nous proposons des prix comp\u00e9titifs et notre production efficace garantit une livraison dans un d\u00e9lai d'environ 12 jours, plus les frais d'exp\u00e9dition.<\/p>\n<p>Disponibles dans une gamme compl\u00e8te de tailles europ\u00e9ennes allant de 39 \u00e0 45, ces mocassins s'adressent \u00e0 une large client\u00e8le. Investissez dans des chaussures qui allient un style durable, un confort exceptionnel et une durabilit\u00e9 pratique. Choisissez nos <strong>mocassins d\u00e9contract\u00e9s en daim pour hommes<\/strong> pour un aspect et une sensation distingu\u00e9s qui se d\u00e9marquent vraiment.<\/p>","protected":false},"excerpt":{"rendered":"<ul>\n<li>Fabriqu\u00e9 en veau velours de premi\u00e8re qualit\u00e9 pour un look sophistiqu\u00e9.<\/li>\n<li>La doublure en cuir de ch\u00e8vre luxueux assure une respirabilit\u00e9 et un confort sup\u00e9rieurs.<\/li>\n<li>La semelle EVA l\u00e9g\u00e8re et flexible offre un amorti exceptionnel pour une utilisation tout au long de la journ\u00e9e.<\/li>\n<li>Elle est dot\u00e9e d'une couture moc-toe classique et d'un talon confortable de 1 \u00e0 3 cm de hauteur.<\/li>\n<li>Disponible dans les tailles 39-45 de l'UE pour convenir \u00e0 un large \u00e9ventail de clients.<\/li>\n<li>Quantit\u00e9 minimale de commande : 8 paires, id\u00e9al pour les achats en gros et en masse.<\/li>\n<li>D\u00e9lai de livraison : Environ 12 jours + frais de port.<\/li>\n<\/ul>","protected":false},"featured_media":4025,"template":"","meta":{"_acf_changed":false,"_uag_custom_page_level_css":"","site-sidebar-layout":"default","site-content-layout":"","ast-site-content-layout":"default","site-content-style":"default","site-sidebar-style":"default","ast-global-header-display":"","ast-banner-title-visibility":"","ast-main-header-display":"","ast-hfb-above-header-display":"","ast-hfb-below-header-display":"","ast-hfb-mobile-header-display":"","site-post-title":"","ast-breadcrumbs-content":"","ast-featured-img":"","footer-sml-layout":"","ast-disable-related-posts":"","theme-transparent-header-meta":"default","adv-header-id-meta":"","stick-header-meta":"","header-above-stick-meta":"","header-main-stick-meta":"","header-below-stick-meta":"","astra-migrate-meta-layouts":"set","ast-page-background-enabled":"default","ast-page-background-meta":{"desktop":{"background-color":"var(--ast-global-color-4)","background-image":"","background-repeat":"repeat","background-position":"center center","background-size":"auto","background-attachment":"scroll","background-type":"","background-media":"","overlay-type":"","overlay-color":"","overlay-opacity":"","overlay-gradient":""},"tablet":{"background-color":"","background-image":"","background-repeat":"repeat","background-position":"center center","background-size":"auto","background-attachment":"scroll","background-type":"","background-media":"","overlay-type":"","overlay-color":"","overlay-opacity":"","overlay-gradient":""},"mobile":{"background-color":"","background-image":"","background-repeat":"repeat","background-position":"center center","background-size":"auto","background-attachment":"scroll","background-type":"","background-media":"","overlay-type":"","overlay-color":"","overlay-opacity":"","overlay-gradient":""}},"ast-content-background-meta":{"desktop":{"background-color":"var(--ast-global-color-5)","background-image":"","background-repeat":"repeat","background-position":"center center","background-size":"auto","background-attachment":"scroll","background-type":"","background-media":"","overlay-type":"","overlay-color":"","overlay-opacity":"","overlay-gradient":""},"tablet":{"background-color":"var(--ast-global-color-5)","background-image":"","background-repeat":"repeat","background-position":"center center","background-size":"auto","background-attachment":"scroll","background-type":"","background-media":"","overlay-type":"","overlay-color":"","overlay-opacity":"","overlay-gradient":""},"mobile":{"background-color":"var(--ast-global-color-5)","background-image":"","background-repeat":"repeat","background-position":"center center","background-size":"auto","background-attachment":"scroll","background-type":"","background-media":"","overlay-type":"","overlay-color":"","overlay-opacity":"","overlay-gradient":""}}},"product_brand":[],"product_cat":[48,49,430,40],"product_tag":[629,1133,449,222,212,756,438,556,1096,1134,198,186,208,283,254],"class_list":{"0":"post-6033","1":"product","2":"type-product","3":"status-publish","4":"has-post-thumbnail","6":"product_cat-casual","7":"product_cat-loafer","8":"product_cat-men","9":"product_cat-mens-shoes","10":"product_tag-bulk-order-shoes","11":"product_tag-calfskin-suede","12":"product_tag-casual-shoes","13":"product_tag-comfortable-shoes","14":"product_tag-derby-shoes","15":"product_tag-european-sizes","16":"product_tag-eva-sole","17":"product_tag-goatskin-lining","18":"product_tag-grey-loafers","19":"product_tag-light-grey-shoes","20":"product_tag-mens-fashion","21":"product_tag-mens-loafers","22":"product_tag-moc-toe","23":"product_tag-suede-shoes","24":"product_tag-wholesale-footwear","25":"desktop-align-center","26":"tablet-align-center","27":"mobile-align-center","29":"first","30":"instock","31":"shipping-taxable","32":"purchasable","33":"product-type-variable","34":"has-default-attributes"},"acf":[],"uagb_featured_image_src":{"full":["https:\/\/turkishtrade.co\/wp-content\/uploads\/2026\/01\/2400EJOMN00212-STONE-X_1343-Fusped-1-usd.png",453,250,false],"thumbnail":["https:\/\/turkishtrade.co\/wp-content\/uploads\/2026\/01\/2400EJOMN00212-STONE-X_1343-Fusped-1-usd-150x150.png",150,150,true],"medium":["https:\/\/turkishtrade.co\/wp-content\/uploads\/2026\/01\/2400EJOMN00212-STONE-X_1343-Fusped-1-usd-300x166.png",300,166,true],"medium_large":["https:\/\/turkishtrade.co\/wp-content\/uploads\/2026\/01\/2400EJOMN00212-STONE-X_1343-Fusped-1-usd.png",453,250,false],"large":["https:\/\/turkishtrade.co\/wp-content\/uploads\/2026\/01\/2400EJOMN00212-STONE-X_1343-Fusped-1-usd.png",453,250,false],"1536x1536":["https:\/\/turkishtrade.co\/wp-content\/uploads\/2026\/01\/2400EJOMN00212-STONE-X_1343-Fusped-1-usd.png",453,250,false],"2048x2048":["https:\/\/turkishtrade.co\/wp-content\/uploads\/2026\/01\/2400EJOMN00212-STONE-X_1343-Fusped-1-usd.png",453,250,false],"trp-custom-language-flag":["https:\/\/turkishtrade.co\/wp-content\/uploads\/2026\/01\/2400EJOMN00212-STONE-X_1343-Fusped-1-usd-18x10.png",18,10,true],"woocommerce_thumbnail":["https:\/\/turkishtrade.co\/wp-content\/uploads\/2026\/01\/2400EJOMN00212-STONE-X_1343-Fusped-1-usd-400x250.png",400,250,true],"woocommerce_single":["https:\/\/turkishtrade.co\/wp-content\/uploads\/2026\/01\/2400EJOMN00212-STONE-X_1343-Fusped-1-usd.png",453,250,false],"woocommerce_gallery_thumbnail":["https:\/\/turkishtrade.co\/wp-content\/uploads\/2026\/01\/2400EJOMN00212-STONE-X_1343-Fusped-1-usd-100x100.png",100,100,true]},"uagb_author_info":{"display_name":"yaser olabi","author_link":"https:\/\/turkishtrade.co\/fr\/author\/"},"uagb_comment_info":0,"uagb_excerpt":"Crafted from premium calfskin suede upper for a sophisticated look. Luxurious goatskin leather lining ensures superior breathability and comfort. Lightweight and flexible EVA sole provides exceptional cushioning for all-day wear. Features a classic moc-toe stitching and a comfortable 1-3 cm heel height. Available in EU sizes 39-45 to fit a wide range of customers. Minimum\u2026","_links":{"self":[{"href":"https:\/\/turkishtrade.co\/fr\/wp-json\/wp\/v2\/product\/6033","targetHints":{"allow":["GET"]}}],"collection":[{"href":"https:\/\/turkishtrade.co\/fr\/wp-json\/wp\/v2\/product"}],"about":[{"href":"https:\/\/turkishtrade.co\/fr\/wp-json\/wp\/v2\/types\/product"}],"wp:featuredmedia":[{"embeddable":true,"href":"https:\/\/turkishtrade.co\/fr\/wp-json\/wp\/v2\/media\/4025"}],"wp:attachment":[{"href":"https:\/\/turkishtrade.co\/fr\/wp-json\/wp\/v2\/media?parent=6033"}],"wp:term":[{"taxonomy":"product_brand","embeddable":true,"href":"https:\/\/turkishtrade.co\/fr\/wp-json\/wp\/v2\/product_brand?post=6033"},{"taxonomy":"product_cat","embeddable":true,"href":"https:\/\/turkishtrade.co\/fr\/wp-json\/wp\/v2\/product_cat?post=6033"},{"taxonomy":"product_tag","embeddable":true,"href":"https:\/\/turkishtrade.co\/fr\/wp-json\/wp\/v2\/product_tag?post=6033"}],"curies":[{"name":"wp","href":"https:\/\/api.w.org\/{rel}","templated":true}]}}