{"id":6031,"date":"2026-01-14T14:00:20","date_gmt":"2026-01-14T14:00:20","guid":{"rendered":"https:\/\/turkishtrade.co\/product\/men-s-black-suede-loafers\/"},"modified":"2026-04-09T19:16:08","modified_gmt":"2026-04-09T19:16:08","slug":"mens-black-suede-loafers","status":"publish","type":"product","link":"https:\/\/turkishtrade.co\/fr\/shop\/mens-black-suede-loafers\/","title":{"rendered":"Mocassins Premium en daim noir pour hommes"},"content":{"rendered":"<p><strong>mocassins en daim noir pour hommes<\/strong><\/p>\n<p>Rehaussez votre style de tous les jours avec notre collection exquise de <b>mocassins en daim noir pour hommes<\/b>. Con\u00e7us pour les hommes exigeants, ces mocassins allient parfaitement l'\u00e9l\u00e9gance classique au confort moderne. Id\u00e9aux pour les sorties d\u00e9contract\u00e9es et les \u00e9v\u00e9nements chics et d\u00e9contract\u00e9s, les mocassins de notre collection de mocassins. <b>mocassins en daim noir pour hommes<\/b> sont un \u00e9l\u00e9ment essentiel de toute garde-robe sophistiqu\u00e9e, offrant une polyvalence qui transcende les saisons et les tendances.<\/p>\n<p>Faites l'exp\u00e9rience de la fusion parfaite du luxe et de la praticit\u00e9 \u00e0 chaque pas que vous faites, en vous assurant de toujours faire une impression durable.<\/p>\n<h3>Un savoir-faire in\u00e9gal\u00e9 et des mat\u00e9riaux de premi\u00e8re qualit\u00e9<\/h3>\n<p>Fabriqu\u00e9e avec une attention m\u00e9ticuleuse aux d\u00e9tails, chaque paire de ces <b>mocassins en daim noir pour hommes<\/b> est dot\u00e9 d'un ext\u00e9rieur en cuir de veau de premi\u00e8re qualit\u00e9, offrant une finition en daim doux et velout\u00e9 tr\u00e8s recherch\u00e9e. La riche texture du daim n'est pas seulement attrayante visuellement, elle est aussi incroyablement souple au toucher, garantissant une sensation de luxe. \u00c0 l'int\u00e9rieur, vos pieds seront berc\u00e9s par une doublure en cuir de ch\u00e8vre doux comme du beurre, r\u00e9put\u00e9e pour sa respirabilit\u00e9 et son confort, faisant de ces chaussures un v\u00e9ritable plaisir \u00e0 porter.<\/p>\n<p>Cette combinaison exquise de mat\u00e9riaux garantit une durabilit\u00e9 exceptionnelle et une exp\u00e9rience de port v\u00e9ritablement haut de gamme. La base de ces \u00e9l\u00e9gants <b>mocassins en daim noir pour hommes<\/b> est une semelle EVA \u00e0 la fois l\u00e9g\u00e8re et robuste, con\u00e7ue pour offrir un amorti et un soutien sup\u00e9rieurs avec une hauteur de talon classique de 1 \u00e0 3 cm, ce qui les rend parfaites pour \u00eatre port\u00e9es toute la journ\u00e9e sans compromettre le style.<\/p>\n<h3>Un style polyvalent pour toutes les occasions<\/h3>\n<p>Que vous vous rendiez \u00e0 une r\u00e9union d'affaires d\u00e9contract\u00e9e, que vous profitiez d'un brunch d\u00e9contract\u00e9 le week-end ou que vous recherchiez simplement un confort sophistiqu\u00e9 pour votre tenue de tous les jours, ces <b>mocassins en daim noir pour hommes<\/b> sont votre meilleur choix. Leur conception \u00e0 enfiler assure un style sans effort, vous permettant de passer sans probl\u00e8me d'un engagement \u00e0 l'autre, tandis que la construction robuste offre une performance fiable. La finition intemporelle en daim noir ajoute une touche de luxe discret qui s'associe sans effort avec des pantalons, des chinos ou m\u00eame des jeans de qualit\u00e9 sup\u00e9rieure.<\/p>\n<p>Disponible dans une large gamme de tailles allant de l'UE 39 \u00e0 l'UE 45, vous trouverez votre bonheur parmi nos <b>mocassins en daim noir pour hommes<\/b> est facile, ce qui permet \u00e0 tout le monde de profiter de leur confort sup\u00e9rieur et de leur attrait intemporel.<\/p>\n<h3>Commandes group\u00e9es et livraison fiable<\/h3>\n<p>Investissez dans la qualit\u00e9 et le style avec <b>mocassins en daim noir pour hommes<\/b> qui promettent d'enrichir votre collection de chaussures et d'offrir une valeur durable. Nous comprenons le besoin d'un style individuel et d'options d'achat en gros, c'est pourquoi nous offrons ces produits exceptionnels. <b>mocassins en daim noir pour hommes<\/b> avec une quantit\u00e9 minimale de commande de 8 paires, ce qui en fait la solution id\u00e9ale pour les d\u00e9taillants, les cadeaux d'entreprise ou les achats group\u00e9s.<\/p>\n<p>Nous sommes fiers de notre efficacit\u00e9 ; attendez-vous \u00e0 ce que votre commande soit trait\u00e9e et pr\u00eate \u00e0 \u00eatre exp\u00e9di\u00e9e dans les 12 jours, plus le d\u00e9lai de livraison standard par cargo jusqu'\u00e0 votre lieu de r\u00e9sidence. Choisissez notre <b>mocassins en daim noir pour hommes<\/b> pour un m\u00e9lange in\u00e9gal\u00e9 de sophistication, de confort et de qualit\u00e9 durable qui r\u00e9siste \u00e0 l'\u00e9preuve du temps, refl\u00e9tant un go\u00fbt excellent et un investissement intelligent.<\/p>","protected":false},"excerpt":{"rendered":"<ul>\n<li><b>Excellence mat\u00e9rielle :<\/b> Ext\u00e9rieur en cuir de veau de premi\u00e8re qualit\u00e9 (finition su\u00e8de) et doublure int\u00e9rieure en cuir de ch\u00e8vre souple.<\/li>\n<li><b>Confort ultime :<\/b> Semelle EVA l\u00e9g\u00e8re et durable avec un talon classique de 1 \u00e0 3 cm pour une utilisation tout au long de la journ\u00e9e.<\/li>\n<li><b>Design classique :<\/b> Style mocassin intemporel, parfait pour les occasions d\u00e9contract\u00e9es et \u00e9l\u00e9gantes.<\/li>\n<li><b>Tailles disponibles :<\/b> Large gamme de produits allant de l'UE 39 \u00e0 l'UE 45.<\/li>\n<li><b>Disponibilit\u00e9 en vrac :<\/b> Quantit\u00e9 minimale de commande de 8 paires.<\/li>\n<li><b>Livraison efficace :<\/b> Votre commande est exp\u00e9di\u00e9e dans les 12 jours, plus le temps d'acheminement.<\/li>\n<\/ul>","protected":false},"featured_media":4024,"template":"","meta":{"_acf_changed":false,"_uag_custom_page_level_css":"","site-sidebar-layout":"default","site-content-layout":"","ast-site-content-layout":"default","site-content-style":"default","site-sidebar-style":"default","ast-global-header-display":"","ast-banner-title-visibility":"","ast-main-header-display":"","ast-hfb-above-header-display":"","ast-hfb-below-header-display":"","ast-hfb-mobile-header-display":"","site-post-title":"","ast-breadcrumbs-content":"","ast-featured-img":"","footer-sml-layout":"","ast-disable-related-posts":"","theme-transparent-header-meta":"default","adv-header-id-meta":"","stick-header-meta":"","header-above-stick-meta":"","header-main-stick-meta":"","header-below-stick-meta":"","astra-migrate-meta-layouts":"set","ast-page-background-enabled":"default","ast-page-background-meta":{"desktop":{"background-color":"var(--ast-global-color-4)","background-image":"","background-repeat":"repeat","background-position":"center center","background-size":"auto","background-attachment":"scroll","background-type":"","background-media":"","overlay-type":"","overlay-color":"","overlay-opacity":"","overlay-gradient":""},"tablet":{"background-color":"","background-image":"","background-repeat":"repeat","background-position":"center center","background-size":"auto","background-attachment":"scroll","background-type":"","background-media":"","overlay-type":"","overlay-color":"","overlay-opacity":"","overlay-gradient":""},"mobile":{"background-color":"","background-image":"","background-repeat":"repeat","background-position":"center center","background-size":"auto","background-attachment":"scroll","background-type":"","background-media":"","overlay-type":"","overlay-color":"","overlay-opacity":"","overlay-gradient":""}},"ast-content-background-meta":{"desktop":{"background-color":"var(--ast-global-color-5)","background-image":"","background-repeat":"repeat","background-position":"center center","background-size":"auto","background-attachment":"scroll","background-type":"","background-media":"","overlay-type":"","overlay-color":"","overlay-opacity":"","overlay-gradient":""},"tablet":{"background-color":"var(--ast-global-color-5)","background-image":"","background-repeat":"repeat","background-position":"center center","background-size":"auto","background-attachment":"scroll","background-type":"","background-media":"","overlay-type":"","overlay-color":"","overlay-opacity":"","overlay-gradient":""},"mobile":{"background-color":"var(--ast-global-color-5)","background-image":"","background-repeat":"repeat","background-position":"center center","background-size":"auto","background-attachment":"scroll","background-type":"","background-media":"","overlay-type":"","overlay-color":"","overlay-opacity":"","overlay-gradient":""}}},"product_brand":[],"product_cat":[48,49,430,40],"product_tag":[370,202,449,457,220,438,960,437,198,186,362,184,210,149],"class_list":{"0":"post-6031","1":"product","2":"type-product","3":"status-publish","4":"has-post-thumbnail","6":"product_cat-casual","7":"product_cat-loafer","8":"product_cat-men","9":"product_cat-mens-shoes","10":"product_tag-black-loafers","11":"product_tag-calf-leather","12":"product_tag-casual-shoes","13":"product_tag-classic-loafers","14":"product_tag-comfortable-loafers","15":"product_tag-eva-sole","16":"product_tag-formal-casual","17":"product_tag-goat-leather","18":"product_tag-mens-fashion","19":"product_tag-mens-loafers","20":"product_tag-premium-footwear","21":"product_tag-slip-on-shoes","22":"product_tag-smart-casual","23":"product_tag-suede-loafers","24":"desktop-align-center","25":"tablet-align-center","26":"mobile-align-center","28":"first","29":"instock","30":"shipping-taxable","31":"purchasable","32":"product-type-variable","33":"has-default-attributes"},"acf":[],"uagb_featured_image_src":{"full":["https:\/\/turkishtrade.co\/wp-content\/uploads\/2026\/01\/2400EJOMN00211-BLACK-DKS_419-4-USD.png",453,250,false],"thumbnail":["https:\/\/turkishtrade.co\/wp-content\/uploads\/2026\/01\/2400EJOMN00211-BLACK-DKS_419-4-USD-150x150.png",150,150,true],"medium":["https:\/\/turkishtrade.co\/wp-content\/uploads\/2026\/01\/2400EJOMN00211-BLACK-DKS_419-4-USD-300x166.png",300,166,true],"medium_large":["https:\/\/turkishtrade.co\/wp-content\/uploads\/2026\/01\/2400EJOMN00211-BLACK-DKS_419-4-USD.png",453,250,false],"large":["https:\/\/turkishtrade.co\/wp-content\/uploads\/2026\/01\/2400EJOMN00211-BLACK-DKS_419-4-USD.png",453,250,false],"1536x1536":["https:\/\/turkishtrade.co\/wp-content\/uploads\/2026\/01\/2400EJOMN00211-BLACK-DKS_419-4-USD.png",453,250,false],"2048x2048":["https:\/\/turkishtrade.co\/wp-content\/uploads\/2026\/01\/2400EJOMN00211-BLACK-DKS_419-4-USD.png",453,250,false],"trp-custom-language-flag":["https:\/\/turkishtrade.co\/wp-content\/uploads\/2026\/01\/2400EJOMN00211-BLACK-DKS_419-4-USD-18x10.png",18,10,true],"woocommerce_thumbnail":["https:\/\/turkishtrade.co\/wp-content\/uploads\/2026\/01\/2400EJOMN00211-BLACK-DKS_419-4-USD-400x250.png",400,250,true],"woocommerce_single":["https:\/\/turkishtrade.co\/wp-content\/uploads\/2026\/01\/2400EJOMN00211-BLACK-DKS_419-4-USD.png",453,250,false],"woocommerce_gallery_thumbnail":["https:\/\/turkishtrade.co\/wp-content\/uploads\/2026\/01\/2400EJOMN00211-BLACK-DKS_419-4-USD-100x100.png",100,100,true]},"uagb_author_info":{"display_name":"yaser olabi","author_link":"https:\/\/turkishtrade.co\/fr\/author\/"},"uagb_comment_info":0,"uagb_excerpt":"Material Excellence: Premium calf leather outer (suede finish) and soft goat leather inner lining. Ultimate Comfort: Lightweight and durable EVA sole with a 1-3 cm classic heel for all-day wear. Classic Design: Timeless loafer style, perfect for casual and smart-casual occasions. Available Sizes: Wide range from EU 39 to 45. Bulk Availability: Minimum order quantity\u2026","_links":{"self":[{"href":"https:\/\/turkishtrade.co\/fr\/wp-json\/wp\/v2\/product\/6031","targetHints":{"allow":["GET"]}}],"collection":[{"href":"https:\/\/turkishtrade.co\/fr\/wp-json\/wp\/v2\/product"}],"about":[{"href":"https:\/\/turkishtrade.co\/fr\/wp-json\/wp\/v2\/types\/product"}],"wp:featuredmedia":[{"embeddable":true,"href":"https:\/\/turkishtrade.co\/fr\/wp-json\/wp\/v2\/media\/4024"}],"wp:attachment":[{"href":"https:\/\/turkishtrade.co\/fr\/wp-json\/wp\/v2\/media?parent=6031"}],"wp:term":[{"taxonomy":"product_brand","embeddable":true,"href":"https:\/\/turkishtrade.co\/fr\/wp-json\/wp\/v2\/product_brand?post=6031"},{"taxonomy":"product_cat","embeddable":true,"href":"https:\/\/turkishtrade.co\/fr\/wp-json\/wp\/v2\/product_cat?post=6031"},{"taxonomy":"product_tag","embeddable":true,"href":"https:\/\/turkishtrade.co\/fr\/wp-json\/wp\/v2\/product_tag?post=6031"}],"curies":[{"name":"wp","href":"https:\/\/api.w.org\/{rel}","templated":true}]}}