{"id":6021,"date":"2026-01-14T13:59:16","date_gmt":"2026-01-14T13:59:16","guid":{"rendered":"https:\/\/turkishtrade.co\/product\/mens-suede-tassel-loafers-2\/"},"modified":"2026-04-09T19:16:33","modified_gmt":"2026-04-09T19:16:33","slug":"mens-suede-tassel-loafers-2","status":"publish","type":"product","link":"https:\/\/turkishtrade.co\/fr\/shop\/mens-suede-tassel-loafers-2\/","title":{"rendered":"Mocassins classiques en daim de veau avec semelle EVA"},"content":{"rendered":"<p><strong>Mocassins \u00e0 glands en daim pour hommes<\/strong><\/p>\n<p><h3>D\u00e9couvrez le summum du confort et du style : Mocassins \u00e0 glands en daim pour hommes<\/h3>\n<\/p>\n<p>Profitez d'un confort in\u00e9gal\u00e9 et d'un style sophistiqu\u00e9 gr\u00e2ce \u00e0 nos produits exquis. <strong>Mocassins \u00e0 glands en daim pour hommes<\/strong>. Con\u00e7us pour les personnes exigeantes, ces mocassins classiques allient \u00e9l\u00e9gance intemporelle et confort moderne, ce qui en fait un \u00e9l\u00e9ment indispensable de toute garde-robe. Fabriqu\u00e9s avec une attention m\u00e9ticuleuse aux d\u00e9tails, ils sont la quintessence de la chaussure de qualit\u00e9, parfaite pour un \u00e9ventail de situations \u00e9l\u00e9gantes et d\u00e9contract\u00e9es au quotidien.<\/p>\n<p><h3>Un savoir-faire et des mat\u00e9riaux de premi\u00e8re qualit\u00e9<\/h3>\n<\/p>\n<p>Chaque paire de ces <strong>mocassins \u00e0 glands en daim pour hommes de qualit\u00e9 sup\u00e9rieure<\/strong> pr\u00e9sente une surface ext\u00e9rieure luxueuse en cuir de veau velours v\u00e9ritable. Ce mat\u00e9riau de qualit\u00e9 sup\u00e9rieure offre non seulement une texture douce et riche, mais aussi une durabilit\u00e9 et une esth\u00e9tique raffin\u00e9e. L'int\u00e9rieur est doubl\u00e9 de cuir de ch\u00e8vre souple, r\u00e9put\u00e9 pour sa douceur et sa respirabilit\u00e9 exceptionnelles, afin que vos pieds restent confortables et frais tout au long de la journ\u00e9e.<\/p>\n<p>D\u00e8s le premier port, vous appr\u00e9cierez la douce \u00e9treinte des mati\u00e8res naturelles.<\/p>\n<p><h3>Semelle EVA innovante pour un confort ultime<\/h3>\n<\/p>\n<p>Marchez sans effort gr\u00e2ce \u00e0 notre semelle EVA l\u00e9g\u00e8re et flexible. Contrairement aux semelles lourdes traditionnelles, la semelle EVA offre un amorti sup\u00e9rieur, une absorption des chocs et une excellente traction, ce qui fait de ces mocassins des chaussures id\u00e9ales pour un usage prolong\u00e9. La hauteur subtile du talon, g\u00e9n\u00e9ralement comprise entre 1 et 3 cm, offre juste ce qu'il faut pour un profil confortable et classique.<\/p>\n<p>La bande d'accent distincte autour de la semelle ajoute une touche d'\u00e9l\u00e9gance contemporaine, disponible dans des couleurs compl\u00e9mentaires telles que l'orange vibrant pour le mod\u00e8le tan\/cognac ou le vert sophistiqu\u00e9 pour l'option marine, mettant ainsi en valeur l'image de marque de l'entreprise. <strong>mocassins en daim pour hommes<\/strong> un attrait unique.<\/p>\n<p><h3>Design classique, polyvalence moderne<\/h3>\n<\/p>\n<p>Le d\u00e9tail embl\u00e9matique du pompon sur ces mocassins ajoute une touche de charme sartorial, les \u00e9levant au-del\u00e0 de la simple chaussure d\u00e9contract\u00e9e. Que vous choisissiez les tons chauds et terreux du tan\/cognac ou la nuance profonde et \u00e9l\u00e9gante du bleu marine, ces mocassins sont un mod\u00e8le d'\u00e9l\u00e9gance. <strong>mocassins classiques en daim pour hommes<\/strong> sont incroyablement polyvalents. Associez-les \u00e0 un pantalon chino pour un look sophistiqu\u00e9 le week-end, habillez-les d'un pantalon \u00e9l\u00e9gant pour un ensemble d\u00e9contract\u00e9, ou portez-les simplement avec un jean pour une allure d\u00e9contract\u00e9e et \u00e9l\u00e9gante \u00e0 la fois.<\/p>\n<p><h3>Opportunit\u00e9s pour le commerce de gros<\/h3>\n<\/p>\n<p>Pour les entreprises qui souhaitent stocker des chaussures de haute qualit\u00e9, ces <strong>mocassins \u00e0 glands en daim pour hommes<\/strong> sont disponibles pour les achats en gros. Nous demandons une quantit\u00e9 minimale de 8 paires, avec un d\u00e9lai de livraison estim\u00e9 \u00e0 12 jours plus les frais de port. Nos prix comp\u00e9titifs sont disponibles sur notre liste de prix d\u00e9taill\u00e9e, pour r\u00e9pondre \u00e0 vos besoins de vente en gros.<\/p>\n<p>Investissez dans une paire de mocassins qui se distingue par sa qualit\u00e9, son confort et son style. Nos mocassins <strong>Mocassins \u00e0 glands en daim pour hommes<\/strong> ne sont pas de simples chaussures ; elles sont l'expression d'un go\u00fbt raffin\u00e9 et d'un savoir-faire exceptionnel. D\u00e9couvrez d\u00e8s aujourd'hui la paire id\u00e9ale.<\/p>","protected":false},"excerpt":{"rendered":"<ul>\n<li>Fabriqu\u00e9 \u00e0 la main en cuir de veau velours v\u00e9ritable pour une finition luxueuse.<\/li>\n<li>La doublure en cuir de ch\u00e8vre souple assure un confort supr\u00eame tout au long de la journ\u00e9e.<\/li>\n<li>Semelle EVA l\u00e9g\u00e8re et flexible offrant un excellent amorti et une bonne adh\u00e9rence.<\/li>\n<li>Mocassins classiques \u00e0 glands, parfaits pour les occasions d\u00e9contract\u00e9es et \u00e9l\u00e9gantes.<\/li>\n<li>Disponible dans les tailles 39-45 de l'UE.<\/li>\n<li>Quantit\u00e9 minimale de commande : 8 paires.<\/li>\n<li>La livraison est estim\u00e9e \u00e0 12 jours plus les frais de port.<\/li>\n<\/ul>","protected":false},"featured_media":4017,"template":"","meta":{"_acf_changed":false,"_uag_custom_page_level_css":"","site-sidebar-layout":"default","site-content-layout":"","ast-site-content-layout":"default","site-content-style":"default","site-sidebar-style":"default","ast-global-header-display":"","ast-banner-title-visibility":"","ast-main-header-display":"","ast-hfb-above-header-display":"","ast-hfb-below-header-display":"","ast-hfb-mobile-header-display":"","site-post-title":"","ast-breadcrumbs-content":"","ast-featured-img":"","footer-sml-layout":"","ast-disable-related-posts":"","theme-transparent-header-meta":"","adv-header-id-meta":"","stick-header-meta":"","header-above-stick-meta":"","header-main-stick-meta":"","header-below-stick-meta":"","astra-migrate-meta-layouts":"default","ast-page-background-enabled":"default","ast-page-background-meta":{"desktop":{"background-color":"var(--ast-global-color-4)","background-image":"","background-repeat":"repeat","background-position":"center center","background-size":"auto","background-attachment":"scroll","background-type":"","background-media":"","overlay-type":"","overlay-color":"","overlay-opacity":"","overlay-gradient":""},"tablet":{"background-color":"","background-image":"","background-repeat":"repeat","background-position":"center center","background-size":"auto","background-attachment":"scroll","background-type":"","background-media":"","overlay-type":"","overlay-color":"","overlay-opacity":"","overlay-gradient":""},"mobile":{"background-color":"","background-image":"","background-repeat":"repeat","background-position":"center center","background-size":"auto","background-attachment":"scroll","background-type":"","background-media":"","overlay-type":"","overlay-color":"","overlay-opacity":"","overlay-gradient":""}},"ast-content-background-meta":{"desktop":{"background-color":"var(--ast-global-color-5)","background-image":"","background-repeat":"repeat","background-position":"center center","background-size":"auto","background-attachment":"scroll","background-type":"","background-media":"","overlay-type":"","overlay-color":"","overlay-opacity":"","overlay-gradient":""},"tablet":{"background-color":"var(--ast-global-color-5)","background-image":"","background-repeat":"repeat","background-position":"center center","background-size":"auto","background-attachment":"scroll","background-type":"","background-media":"","overlay-type":"","overlay-color":"","overlay-opacity":"","overlay-gradient":""},"mobile":{"background-color":"var(--ast-global-color-5)","background-image":"","background-repeat":"repeat","background-position":"center center","background-size":"auto","background-attachment":"scroll","background-type":"","background-media":"","overlay-type":"","overlay-color":"","overlay-opacity":"","overlay-gradient":""}}},"product_brand":[],"product_cat":[48,49,430,40],"product_tag":[674,339,512,220,438,189,953,186,406,280,149,349,281],"class_list":{"0":"post-6021","1":"product","2":"type-product","3":"status-publish","4":"has-post-thumbnail","6":"product_cat-casual","7":"product_cat-loafer","8":"product_cat-men","9":"product_cat-mens-shoes","10":"product_tag-bulk-shoes","11":"product_tag-calf-suede-shoes","12":"product_tag-casual-loafers","13":"product_tag-comfortable-loafers","14":"product_tag-eva-sole","15":"product_tag-goat-leather-lining","16":"product_tag-mens-dress-casual","17":"product_tag-mens-loafers","18":"product_tag-premium-shoes","19":"product_tag-smart-casual-shoes","20":"product_tag-suede-loafers","21":"product_tag-tassel-loafers","22":"product_tag-wholesale-shoes","23":"desktop-align-center","24":"tablet-align-center","25":"mobile-align-center","27":"first","28":"instock","29":"shipping-taxable","30":"purchasable","31":"product-type-variable","32":"has-default-attributes"},"acf":[],"uagb_featured_image_src":{"full":["https:\/\/turkishtrade.co\/wp-content\/uploads\/2026\/01\/2400EJOMN00208-DARK-BLUE-X_432-2-4-USD.png",453,250,false],"thumbnail":["https:\/\/turkishtrade.co\/wp-content\/uploads\/2026\/01\/2400EJOMN00208-DARK-BLUE-X_432-2-4-USD.png",150,83,false],"medium":["https:\/\/turkishtrade.co\/wp-content\/uploads\/2026\/01\/2400EJOMN00208-DARK-BLUE-X_432-2-4-USD.png",300,166,false],"medium_large":["https:\/\/turkishtrade.co\/wp-content\/uploads\/2026\/01\/2400EJOMN00208-DARK-BLUE-X_432-2-4-USD.png",453,250,false],"large":["https:\/\/turkishtrade.co\/wp-content\/uploads\/2026\/01\/2400EJOMN00208-DARK-BLUE-X_432-2-4-USD.png",453,250,false],"1536x1536":["https:\/\/turkishtrade.co\/wp-content\/uploads\/2026\/01\/2400EJOMN00208-DARK-BLUE-X_432-2-4-USD.png",453,250,false],"2048x2048":["https:\/\/turkishtrade.co\/wp-content\/uploads\/2026\/01\/2400EJOMN00208-DARK-BLUE-X_432-2-4-USD.png",453,250,false],"trp-custom-language-flag":["https:\/\/turkishtrade.co\/wp-content\/uploads\/2026\/01\/2400EJOMN00208-DARK-BLUE-X_432-2-4-USD.png",18,10,false],"woocommerce_thumbnail":["https:\/\/turkishtrade.co\/wp-content\/uploads\/2026\/01\/2400EJOMN00208-DARK-BLUE-X_432-2-4-USD-400x250.png",400,250,true],"woocommerce_single":["https:\/\/turkishtrade.co\/wp-content\/uploads\/2026\/01\/2400EJOMN00208-DARK-BLUE-X_432-2-4-USD.png",453,250,false],"woocommerce_gallery_thumbnail":["https:\/\/turkishtrade.co\/wp-content\/uploads\/2026\/01\/2400EJOMN00208-DARK-BLUE-X_432-2-4-USD-100x100.png",100,100,true]},"uagb_author_info":{"display_name":"yaser olabi","author_link":"https:\/\/turkishtrade.co\/fr\/author\/"},"uagb_comment_info":0,"uagb_excerpt":"Handcrafted from genuine calf suede leather for a luxurious finish. Soft goat leather lining ensures supreme all-day comfort. Lightweight and flexible EVA sole provides excellent cushioning and traction. Classic tassel loafer design, perfect for smart-casual occasions. Available in EU sizes 39-45. Minimum order quantity: 8 pairs. Estimated delivery within 12 days plus shipping.","_links":{"self":[{"href":"https:\/\/turkishtrade.co\/fr\/wp-json\/wp\/v2\/product\/6021","targetHints":{"allow":["GET"]}}],"collection":[{"href":"https:\/\/turkishtrade.co\/fr\/wp-json\/wp\/v2\/product"}],"about":[{"href":"https:\/\/turkishtrade.co\/fr\/wp-json\/wp\/v2\/types\/product"}],"wp:featuredmedia":[{"embeddable":true,"href":"https:\/\/turkishtrade.co\/fr\/wp-json\/wp\/v2\/media\/4017"}],"wp:attachment":[{"href":"https:\/\/turkishtrade.co\/fr\/wp-json\/wp\/v2\/media?parent=6021"}],"wp:term":[{"taxonomy":"product_brand","embeddable":true,"href":"https:\/\/turkishtrade.co\/fr\/wp-json\/wp\/v2\/product_brand?post=6021"},{"taxonomy":"product_cat","embeddable":true,"href":"https:\/\/turkishtrade.co\/fr\/wp-json\/wp\/v2\/product_cat?post=6021"},{"taxonomy":"product_tag","embeddable":true,"href":"https:\/\/turkishtrade.co\/fr\/wp-json\/wp\/v2\/product_tag?post=6021"}],"curies":[{"name":"wp","href":"https:\/\/api.w.org\/{rel}","templated":true}]}}