{"id":6013,"date":"2026-01-14T13:58:06","date_gmt":"2026-01-14T13:58:06","guid":{"rendered":"https:\/\/turkishtrade.co\/product\/premium-brown-calf-leather-sneakers\/"},"modified":"2026-04-09T19:16:51","modified_gmt":"2026-04-09T19:16:51","slug":"premium-brown-calf-leather-sneakers","status":"publish","type":"product","link":"https:\/\/turkishtrade.co\/fr\/shop\/premium-brown-calf-leather-sneakers\/","title":{"rendered":"Premium Brown Calf Leather Men's Casual Sneakers"},"content":{"rendered":"<p><strong>baskets en cuir de veau marron de qualit\u00e9 sup\u00e9rieure<\/strong><\/p>\n<p>Entrez dans un style et un confort in\u00e9gal\u00e9s gr\u00e2ce \u00e0 nos magnifiques <strong>baskets en cuir de veau marron de qualit\u00e9 sup\u00e9rieure<\/strong>. Con\u00e7ues pour l'homme moderne qui appr\u00e9cie \u00e0 la fois le luxe et l'aspect pratique, ces chaussures de sport ont \u00e9t\u00e9 con\u00e7ues pour r\u00e9pondre aux besoins de l'homme moderne. <strong>baskets en cuir de veau marron de qualit\u00e9 sup\u00e9rieure<\/strong> sont la quintessence d'une tenue d\u00e9contract\u00e9e et sophistiqu\u00e9e. Fabriqu\u00e9s avec une attention m\u00e9ticuleuse aux d\u00e9tails, ils offrent un m\u00e9lange d'\u00e9l\u00e9gance intemporelle et de design contemporain, ce qui en fait un compl\u00e9ment indispensable \u00e0 toute garde-robe exigeante.<\/p>\n<p>Il ne s'agit pas de n'importe quelles chaussures, mais d'un investissement dans un style et un confort durables.<\/p>\n<p>L'aspect ext\u00e9rieur de ces v\u00e9hicules d'exception <strong>baskets en cuir de veau marron de qualit\u00e9 sup\u00e9rieure<\/strong> est fabriqu\u00e9e en cuir de veau v\u00e9ritable de haute qualit\u00e9, offrant une riche teinte brune qui est \u00e0 la fois polyvalente et visuellement frappante. Ce choix de mat\u00e9riau n'apporte pas seulement un aspect luxueux, mais garantit \u00e9galement une durabilit\u00e9 \u00e0 long terme et une sensation de souplesse qui se moule \u00e0 votre pied au fil du temps. En outre, l'int\u00e9rieur est dot\u00e9 d'une doublure en cuir de ch\u00e8vre souple et respirant, garantissant un confort supr\u00eame \u00e0 chaque pas.<\/p>\n<p>La semelle en EVA, \u00e0 la fois l\u00e9g\u00e8re et robuste, offre un excellent amorti et un bon soutien, ce qui fait de ces chaussures un produit de choix. <strong>baskets en cuir de veau marron de qualit\u00e9 sup\u00e9rieure<\/strong> parfait pour \u00eatre port\u00e9 toute la journ\u00e9e, que vous naviguiez dans les rues de la ville ou que vous profitiez d'un week-end d\u00e9contract\u00e9.<\/p>\n<p><h3>Un confort in\u00e9gal\u00e9 et un design intemporel<\/h3>\n<\/p>\n<p>Avec une hauteur de talon classique de 1 \u00e0 3 cm, ces <strong>baskets en cuir de veau marron de qualit\u00e9 sup\u00e9rieure<\/strong> trouvent l'\u00e9quilibre parfait entre le confort et une \u00e9l\u00e9vation subtile, id\u00e9ale pour maintenir une apparence chic sans effort. Elles passent sans probl\u00e8me d'un environnement de bureau d\u00e9contract\u00e9 \u00e0 des sorties le week-end, et s'associent \u00e0 merveille avec tous les types de pantalons, des chinos et des jeans fonc\u00e9s. D\u00e9couvrez la qualit\u00e9 sup\u00e9rieure et le design qui caract\u00e9risent ces <strong>baskets en cuir de veau marron de qualit\u00e9 sup\u00e9rieure<\/strong> et de consolider leur place en tant qu'\u00e9l\u00e9ments essentiels de l'\u00e9conomie europ\u00e9enne. <strong>baskets en cuir de veau marron de qualit\u00e9 sup\u00e9rieure<\/strong> dans votre collection.<\/p>\n<p><h3>Opportunit\u00e9s de vente en gros et service fiable<\/h3>\n<\/p>\n<p>Disponibles dans une large gamme de tailles allant de l'UE 39 \u00e0 l'UE 45, ces chaussures conviennent parfaitement \u00e0 un large \u00e9ventail de clients. Pour les d\u00e9taillants et les entreprises, ces <strong>baskets en cuir de veau marron de qualit\u00e9 sup\u00e9rieure<\/strong> sont disponibles pour les achats en gros, avec une quantit\u00e9 minimale de commande de 8 paires. Nous sommes fiers de notre service efficace, avec un d\u00e9lai de production estim\u00e9 \u00e0 12 jours, plus les frais d'exp\u00e9dition, ce qui garantit que votre commande arrivera rapidement.<\/p>\n<p>Am\u00e9liorez votre collection de chaussures ou \u00e9largissez votre offre de vente au d\u00e9tail gr\u00e2ce \u00e0 ces chaussures exceptionnelles. <strong>baskets en cuir de veau marron de qualit\u00e9 sup\u00e9rieure<\/strong>.<\/p>","protected":false},"excerpt":{"rendered":"<ul>\n<li><strong>Mat\u00e9riaux de qualit\u00e9 sup\u00e9rieure :<\/strong> Ext\u00e9rieur en cuir de veau v\u00e9ritable, int\u00e9rieur en cuir de ch\u00e8vre souple pour un confort optimal.<\/li>\n<li><strong>Semelle confortable :<\/strong> Semelle EVA l\u00e9g\u00e8re et durable pour un excellent amorti.<\/li>\n<li><strong>Style polyvalent :<\/strong> Mod\u00e8le classique avec un talon subtil de 1 \u00e0 3 cm de hauteur, id\u00e9al pour les tenues d\u00e9contract\u00e9es de tous les jours.<\/li>\n<li><strong>Tailles disponibles :<\/strong> Propos\u00e9 dans les tailles europ\u00e9ennes 39, 40, 41, 42, 43, 44, 45 pour garantir un ajustement parfait.<\/li>\n<li><strong>Disponibilit\u00e9 en vrac :<\/strong> Quantit\u00e9 minimale de commande de 8 paires disponible pour la vente en gros.<\/li>\n<li><strong>Livraison efficace :<\/strong> Le d\u00e9lai de production est estim\u00e9 \u00e0 12 jours, plus les frais d'exp\u00e9dition.<\/li>\n<\/ul>","protected":false},"featured_media":4012,"template":"","meta":{"_acf_changed":false,"_uag_custom_page_level_css":"","site-sidebar-layout":"default","site-content-layout":"","ast-site-content-layout":"default","site-content-style":"default","site-sidebar-style":"default","ast-global-header-display":"","ast-banner-title-visibility":"","ast-main-header-display":"","ast-hfb-above-header-display":"","ast-hfb-below-header-display":"","ast-hfb-mobile-header-display":"","site-post-title":"","ast-breadcrumbs-content":"","ast-featured-img":"","footer-sml-layout":"","ast-disable-related-posts":"","theme-transparent-header-meta":"","adv-header-id-meta":"","stick-header-meta":"","header-above-stick-meta":"","header-main-stick-meta":"","header-below-stick-meta":"","astra-migrate-meta-layouts":"default","ast-page-background-enabled":"default","ast-page-background-meta":{"desktop":{"background-color":"var(--ast-global-color-4)","background-image":"","background-repeat":"repeat","background-position":"center center","background-size":"auto","background-attachment":"scroll","background-type":"","background-media":"","overlay-type":"","overlay-color":"","overlay-opacity":"","overlay-gradient":""},"tablet":{"background-color":"","background-image":"","background-repeat":"repeat","background-position":"center center","background-size":"auto","background-attachment":"scroll","background-type":"","background-media":"","overlay-type":"","overlay-color":"","overlay-opacity":"","overlay-gradient":""},"mobile":{"background-color":"","background-image":"","background-repeat":"repeat","background-position":"center center","background-size":"auto","background-attachment":"scroll","background-type":"","background-media":"","overlay-type":"","overlay-color":"","overlay-opacity":"","overlay-gradient":""}},"ast-content-background-meta":{"desktop":{"background-color":"var(--ast-global-color-5)","background-image":"","background-repeat":"repeat","background-position":"center center","background-size":"auto","background-attachment":"scroll","background-type":"","background-media":"","overlay-type":"","overlay-color":"","overlay-opacity":"","overlay-gradient":""},"tablet":{"background-color":"var(--ast-global-color-5)","background-image":"","background-repeat":"repeat","background-position":"center center","background-size":"auto","background-attachment":"scroll","background-type":"","background-media":"","overlay-type":"","overlay-color":"","overlay-opacity":"","overlay-gradient":""},"mobile":{"background-color":"var(--ast-global-color-5)","background-image":"","background-repeat":"repeat","background-position":"center center","background-size":"auto","background-attachment":"scroll","background-type":"","background-media":"","overlay-type":"","overlay-color":"","overlay-opacity":"","overlay-gradient":""}}},"product_brand":[],"product_cat":[48,49,430,40,50],"product_tag":[292,1130,202,1056,1117,438,189,224,198,362,1123],"class_list":{"0":"post-6013","1":"product","2":"type-product","3":"status-publish","4":"has-post-thumbnail","6":"product_cat-casual","7":"product_cat-loafer","8":"product_cat-men","9":"product_cat-mens-shoes","10":"product_cat-sneakers","11":"product_tag-brown-leather-shoes","12":"product_tag-brown-sneakers","13":"product_tag-calf-leather","14":"product_tag-casual-elegance","15":"product_tag-comfortable-sneakers","16":"product_tag-eva-sole","17":"product_tag-goat-leather-lining","18":"product_tag-leather-sneakers","19":"product_tag-mens-fashion","20":"product_tag-premium-footwear","21":"product_tag-wholesale-sneakers","22":"desktop-align-center","23":"tablet-align-center","24":"mobile-align-center","26":"first","27":"instock","28":"shipping-taxable","29":"purchasable","30":"product-type-variable","31":"has-default-attributes"},"acf":[],"uagb_featured_image_src":{"full":["https:\/\/turkishtrade.co\/wp-content\/uploads\/2026\/01\/2400EJOMN00205-BROWN-X_1320-4-USD.png",453,250,false],"thumbnail":["https:\/\/turkishtrade.co\/wp-content\/uploads\/2026\/01\/2400EJOMN00205-BROWN-X_1320-4-USD-150x150.png",150,150,true],"medium":["https:\/\/turkishtrade.co\/wp-content\/uploads\/2026\/01\/2400EJOMN00205-BROWN-X_1320-4-USD-300x166.png",300,166,true],"medium_large":["https:\/\/turkishtrade.co\/wp-content\/uploads\/2026\/01\/2400EJOMN00205-BROWN-X_1320-4-USD.png",453,250,false],"large":["https:\/\/turkishtrade.co\/wp-content\/uploads\/2026\/01\/2400EJOMN00205-BROWN-X_1320-4-USD.png",453,250,false],"1536x1536":["https:\/\/turkishtrade.co\/wp-content\/uploads\/2026\/01\/2400EJOMN00205-BROWN-X_1320-4-USD.png",453,250,false],"2048x2048":["https:\/\/turkishtrade.co\/wp-content\/uploads\/2026\/01\/2400EJOMN00205-BROWN-X_1320-4-USD.png",453,250,false],"trp-custom-language-flag":["https:\/\/turkishtrade.co\/wp-content\/uploads\/2026\/01\/2400EJOMN00205-BROWN-X_1320-4-USD-18x10.png",18,10,true],"woocommerce_thumbnail":["https:\/\/turkishtrade.co\/wp-content\/uploads\/2026\/01\/2400EJOMN00205-BROWN-X_1320-4-USD-400x250.png",400,250,true],"woocommerce_single":["https:\/\/turkishtrade.co\/wp-content\/uploads\/2026\/01\/2400EJOMN00205-BROWN-X_1320-4-USD.png",453,250,false],"woocommerce_gallery_thumbnail":["https:\/\/turkishtrade.co\/wp-content\/uploads\/2026\/01\/2400EJOMN00205-BROWN-X_1320-4-USD-100x100.png",100,100,true]},"uagb_author_info":{"display_name":"yaser olabi","author_link":"https:\/\/turkishtrade.co\/fr\/author\/"},"uagb_comment_info":0,"uagb_excerpt":"Superior Materials: Outer crafted from genuine Calf Leather, inner lined with soft Goat Leather for ultimate comfort. Comfortable Sole: Features a lightweight and durable EVA sole for excellent cushioning. Versatile Style: Classic design with a subtle 1-3 cm heel height, ideal for everyday casual wear. Available Sizes: Offered in EU sizes 39, 40, 41, 42,\u2026","_links":{"self":[{"href":"https:\/\/turkishtrade.co\/fr\/wp-json\/wp\/v2\/product\/6013","targetHints":{"allow":["GET"]}}],"collection":[{"href":"https:\/\/turkishtrade.co\/fr\/wp-json\/wp\/v2\/product"}],"about":[{"href":"https:\/\/turkishtrade.co\/fr\/wp-json\/wp\/v2\/types\/product"}],"wp:featuredmedia":[{"embeddable":true,"href":"https:\/\/turkishtrade.co\/fr\/wp-json\/wp\/v2\/media\/4012"}],"wp:attachment":[{"href":"https:\/\/turkishtrade.co\/fr\/wp-json\/wp\/v2\/media?parent=6013"}],"wp:term":[{"taxonomy":"product_brand","embeddable":true,"href":"https:\/\/turkishtrade.co\/fr\/wp-json\/wp\/v2\/product_brand?post=6013"},{"taxonomy":"product_cat","embeddable":true,"href":"https:\/\/turkishtrade.co\/fr\/wp-json\/wp\/v2\/product_cat?post=6013"},{"taxonomy":"product_tag","embeddable":true,"href":"https:\/\/turkishtrade.co\/fr\/wp-json\/wp\/v2\/product_tag?post=6013"}],"curies":[{"name":"wp","href":"https:\/\/api.w.org\/{rel}","templated":true}]}}