{"id":6002,"date":"2026-01-14T13:56:44","date_gmt":"2026-01-14T13:56:44","guid":{"rendered":"https:\/\/turkishtrade.co\/product\/men-s-leather-casual-loafers\/"},"modified":"2026-04-09T19:17:18","modified_gmt":"2026-04-09T19:17:18","slug":"mens-leather-casual-loafers-7","status":"publish","type":"product","link":"https:\/\/turkishtrade.co\/fr\/shop\/mens-leather-casual-loafers-7\/","title":{"rendered":"Mocassins d\u00e9contract\u00e9s en cuir de premi\u00e8re qualit\u00e9 pour hommes avec semelle EVA"},"content":{"rendered":"<p><strong>Mocassins d\u00e9contract\u00e9s en cuir pour hommes<\/strong><\/p>\n<p>Entrez dans un style et un confort in\u00e9gal\u00e9s gr\u00e2ce \u00e0 nos magnifiques <strong>Mocassins d\u00e9contract\u00e9s en cuir pour hommes<\/strong>. Con\u00e7us pour l'homme moderne qui appr\u00e9cie \u00e0 la fois l'\u00e9l\u00e9gance et la facilit\u00e9, ces mocassins t\u00e9moignent d'un savoir-faire sup\u00e9rieur et de mat\u00e9riaux de premi\u00e8re qualit\u00e9. Que vous vous rendiez \u00e0 une r\u00e9union d\u00e9contract\u00e9e, que vous partiez en week-end ou que vous recherchiez simplement des chaussures sophistiqu\u00e9es pour tous les jours, nos mocassins sont faits pour vous. <strong>Mocassins d\u00e9contract\u00e9s en cuir pour hommes<\/strong> sont le choix id\u00e9al.<\/p>\n<p><h3>Une qualit\u00e9 et un savoir-faire in\u00e9gal\u00e9s<\/h3>\n<\/p>\n<p>Chaque paire de ces produits d'exception <strong>Mocassins d\u00e9contract\u00e9s en cuir pour hommes<\/strong> est m\u00e9ticuleusement fabriqu\u00e9 \u00e0 partir des mat\u00e9riaux les plus nobles. L'ext\u00e9rieur est en cuir de veau luxueux, r\u00e9put\u00e9 pour sa durabilit\u00e9, sa texture souple et sa finition \u00e9l\u00e9gante. Ce cuir de haute qualit\u00e9 conf\u00e8re un aspect raffin\u00e9 qui vieillit magnifiquement, garantissant que vos mocassins resteront un \u00e9l\u00e9ment essentiel de votre garde-robe pour les ann\u00e9es \u00e0 venir.<\/p>\n<p>A l'int\u00e9rieur, vos pieds seront berc\u00e9s par la douce \u00e9treinte d'une doublure en cuir de ch\u00e8vre v\u00e9ritable, offrant un confort respirant et une exp\u00e9rience douce et sans frottement d\u00e8s que vous les enfilez.<\/p>\n<p><h3>Un design moderne pour un confort quotidien<\/h3>\n<\/p>\n<p>Outre leur construction en cuir de premi\u00e8re qualit\u00e9, ces <strong>Mocassins d\u00e9contract\u00e9s en cuir pour hommes<\/strong> pr\u00e9sentent un design contemporain ancr\u00e9 par une semelle EVA l\u00e9g\u00e8re et flexible. La semelle EVA offre non seulement un excellent amorti et une bonne absorption des chocs, mais elle conf\u00e8re \u00e9galement une esth\u00e9tique moderne et distinctive gr\u00e2ce \u00e0 sa finition blanche impeccable. Le talon mocassin bas et d\u00e9contract\u00e9 (environ 1-3 cm) assure stabilit\u00e9 et confort tout au long de la journ\u00e9e, ce qui rend ces chaussures id\u00e9ales pour les longues p\u00e9riodes pass\u00e9es debout.<\/p>\n<p>Disponible dans une large gamme de tailles allant du 39 au 45, vous trouverez votre bonheur sans effort.<\/p>\n<p><h3>Un style polyvalent pour toutes les occasions<\/h3>\n<\/p>\n<p>Notre <strong>Mocassins d\u00e9contract\u00e9s en cuir pour hommes<\/strong> offrent une incroyable polyvalence et s'adaptent \u00e0 de nombreuses tenues et occasions. Choisissez entre le cuir noir intemporel pour une allure \u00e9l\u00e9gante et sophistiqu\u00e9e, le cuir marine profond pour une touche subtile mais distinctive, ou le daim marron riche pour un aspect plus d\u00e9contract\u00e9 et textur\u00e9. Ces mocassins s'adaptent parfaitement aux ensembles d\u00e9contract\u00e9s avec des chinos ou des shorts ajust\u00e9s, ainsi qu'aux looks plus d\u00e9contract\u00e9s avec des jeans.<\/p>\n<p>Elles sont vraiment le compl\u00e9ment polyvalent ultime \u00e0 la collection de chaussures de tout gentleman exigeant.<\/p>\n<p><h3>Possibilit\u00e9s de vente en gros et livraison fiable<\/h3>\n<\/p>\n<p>Pour les entreprises qui souhaitent offrir des chaussures de haute qualit\u00e9 \u00e0 leurs clients, nos <strong>Mocassins d\u00e9contract\u00e9s en cuir pour hommes<\/strong> sont disponibles pour les achats en gros. Nous demandons une quantit\u00e9 minimale de 8 paires, ce qui vous permet de vous approvisionner efficacement. Avec un d\u00e9lai de livraison d'environ 12 jours plus les frais d'exp\u00e9dition, vous pouvez planifier vos stocks en toute confiance.<\/p>\n<p>Associez-vous \u00e0 nous pour offrir \u00e0 votre client\u00e8le des services de qualit\u00e9 sup\u00e9rieure. <strong>Mocassins d\u00e9contract\u00e9s en cuir pour hommes<\/strong> qui allient style, confort et qualit\u00e9 exceptionnelle.<\/p>","protected":false},"excerpt":{"rendered":"<ul>\n<li>Faites l'exp\u00e9rience d'un confort et d'un style ultimes avec notre <strong>Mocassins d\u00e9contract\u00e9s en cuir pour hommes<\/strong>.<\/li>\n<li>Fabriqu\u00e9 avec un luxueux ext\u00e9rieur en cuir de veau et un int\u00e9rieur en cuir de ch\u00e8vre souple.<\/li>\n<li>Semelle EVA l\u00e9g\u00e8re et flexible pour une utilisation tout au long de la journ\u00e9e.<\/li>\n<li>Disponible en plusieurs tailles : 39-45.<\/li>\n<li>Quantit\u00e9 minimale de commande : 8 paires.<\/li>\n<li>D\u00e9lai de livraison : 12 jours + frais de port.<\/li>\n<li>Parfait pour les achats en gros et en masse.<\/li>\n<\/ul>","protected":false},"featured_media":4006,"template":"","meta":{"_acf_changed":false,"_uag_custom_page_level_css":"","site-sidebar-layout":"default","site-content-layout":"","ast-site-content-layout":"default","site-content-style":"default","site-sidebar-style":"default","ast-global-header-display":"","ast-banner-title-visibility":"","ast-main-header-display":"","ast-hfb-above-header-display":"","ast-hfb-below-header-display":"","ast-hfb-mobile-header-display":"","site-post-title":"","ast-breadcrumbs-content":"","ast-featured-img":"","footer-sml-layout":"","ast-disable-related-posts":"","theme-transparent-header-meta":"","adv-header-id-meta":"","stick-header-meta":"","header-above-stick-meta":"","header-main-stick-meta":"","header-below-stick-meta":"","astra-migrate-meta-layouts":"default","ast-page-background-enabled":"default","ast-page-background-meta":{"desktop":{"background-color":"var(--ast-global-color-4)","background-image":"","background-repeat":"repeat","background-position":"center center","background-size":"auto","background-attachment":"scroll","background-type":"","background-media":"","overlay-type":"","overlay-color":"","overlay-opacity":"","overlay-gradient":""},"tablet":{"background-color":"","background-image":"","background-repeat":"repeat","background-position":"center center","background-size":"auto","background-attachment":"scroll","background-type":"","background-media":"","overlay-type":"","overlay-color":"","overlay-opacity":"","overlay-gradient":""},"mobile":{"background-color":"","background-image":"","background-repeat":"repeat","background-position":"center center","background-size":"auto","background-attachment":"scroll","background-type":"","background-media":"","overlay-type":"","overlay-color":"","overlay-opacity":"","overlay-gradient":""}},"ast-content-background-meta":{"desktop":{"background-color":"var(--ast-global-color-5)","background-image":"","background-repeat":"repeat","background-position":"center center","background-size":"auto","background-attachment":"scroll","background-type":"","background-media":"","overlay-type":"","overlay-color":"","overlay-opacity":"","overlay-gradient":""},"tablet":{"background-color":"var(--ast-global-color-5)","background-image":"","background-repeat":"repeat","background-position":"center center","background-size":"auto","background-attachment":"scroll","background-type":"","background-media":"","overlay-type":"","overlay-color":"","overlay-opacity":"","overlay-gradient":""},"mobile":{"background-color":"var(--ast-global-color-5)","background-image":"","background-repeat":"repeat","background-position":"center center","background-size":"auto","background-attachment":"scroll","background-type":"","background-media":"","overlay-type":"","overlay-color":"","overlay-opacity":"","overlay-gradient":""}}},"product_brand":[],"product_cat":[48,49,430,40,50],"product_tag":[370,1126,1127,674,185,512,272,271,438,189,215,966,186,1022,557,374,280,456],"class_list":{"0":"post-6002","1":"product","2":"type-product","3":"status-publish","4":"has-post-thumbnail","6":"product_cat-casual","7":"product_cat-loafer","8":"product_cat-men","9":"product_cat-mens-shoes","10":"product_cat-sneakers","11":"product_tag-black-loafers","12":"product_tag-boat-shoes","13":"product_tag-brown-suede-loafers","14":"product_tag-bulk-shoes","15":"product_tag-calf-leather-shoes","16":"product_tag-casual-loafers","17":"product_tag-comfort-shoes","18":"product_tag-deck-shoes","19":"product_tag-eva-sole","20":"product_tag-goat-leather-lining","21":"product_tag-leather-loafers","22":"product_tag-mens-leather-casual-loafers","23":"product_tag-mens-loafers","24":"product_tag-mens-style","25":"product_tag-navy-loafers","26":"product_tag-premium-loafers","27":"product_tag-smart-casual-shoes","28":"product_tag-wholesale-loafers","29":"desktop-align-center","30":"tablet-align-center","31":"mobile-align-center","33":"first","34":"instock","35":"shipping-taxable","36":"purchasable","37":"product-type-variable","38":"has-default-attributes"},"acf":[],"uagb_featured_image_src":{"full":["https:\/\/turkishtrade.co\/wp-content\/uploads\/2026\/01\/2400EJOMN00202-DARK-BLUE-X_1322-4-USD.png",453,250,false],"thumbnail":["https:\/\/turkishtrade.co\/wp-content\/uploads\/2026\/01\/2400EJOMN00202-DARK-BLUE-X_1322-4-USD-150x150.png",150,150,true],"medium":["https:\/\/turkishtrade.co\/wp-content\/uploads\/2026\/01\/2400EJOMN00202-DARK-BLUE-X_1322-4-USD-300x166.png",300,166,true],"medium_large":["https:\/\/turkishtrade.co\/wp-content\/uploads\/2026\/01\/2400EJOMN00202-DARK-BLUE-X_1322-4-USD.png",453,250,false],"large":["https:\/\/turkishtrade.co\/wp-content\/uploads\/2026\/01\/2400EJOMN00202-DARK-BLUE-X_1322-4-USD.png",453,250,false],"1536x1536":["https:\/\/turkishtrade.co\/wp-content\/uploads\/2026\/01\/2400EJOMN00202-DARK-BLUE-X_1322-4-USD.png",453,250,false],"2048x2048":["https:\/\/turkishtrade.co\/wp-content\/uploads\/2026\/01\/2400EJOMN00202-DARK-BLUE-X_1322-4-USD.png",453,250,false],"trp-custom-language-flag":["https:\/\/turkishtrade.co\/wp-content\/uploads\/2026\/01\/2400EJOMN00202-DARK-BLUE-X_1322-4-USD-18x10.png",18,10,true],"woocommerce_thumbnail":["https:\/\/turkishtrade.co\/wp-content\/uploads\/2026\/01\/2400EJOMN00202-DARK-BLUE-X_1322-4-USD-400x250.png",400,250,true],"woocommerce_single":["https:\/\/turkishtrade.co\/wp-content\/uploads\/2026\/01\/2400EJOMN00202-DARK-BLUE-X_1322-4-USD.png",453,250,false],"woocommerce_gallery_thumbnail":["https:\/\/turkishtrade.co\/wp-content\/uploads\/2026\/01\/2400EJOMN00202-DARK-BLUE-X_1322-4-USD-100x100.png",100,100,true]},"uagb_author_info":{"display_name":"yaser olabi","author_link":"https:\/\/turkishtrade.co\/fr\/author\/"},"uagb_comment_info":0,"uagb_excerpt":"Experience ultimate comfort and style with our Men's Leather Casual Loafers. Crafted with a luxurious calf leather exterior and soft goat leather interior. Features a lightweight and flexible EVA sole for all-day wear. Available in a range of sizes: 39-45. Minimum order quantity: 8 pairs. Delivery Time: 12 days + shipping. Perfect for wholesale and\u2026","_links":{"self":[{"href":"https:\/\/turkishtrade.co\/fr\/wp-json\/wp\/v2\/product\/6002","targetHints":{"allow":["GET"]}}],"collection":[{"href":"https:\/\/turkishtrade.co\/fr\/wp-json\/wp\/v2\/product"}],"about":[{"href":"https:\/\/turkishtrade.co\/fr\/wp-json\/wp\/v2\/types\/product"}],"wp:featuredmedia":[{"embeddable":true,"href":"https:\/\/turkishtrade.co\/fr\/wp-json\/wp\/v2\/media\/4006"}],"wp:attachment":[{"href":"https:\/\/turkishtrade.co\/fr\/wp-json\/wp\/v2\/media?parent=6002"}],"wp:term":[{"taxonomy":"product_brand","embeddable":true,"href":"https:\/\/turkishtrade.co\/fr\/wp-json\/wp\/v2\/product_brand?post=6002"},{"taxonomy":"product_cat","embeddable":true,"href":"https:\/\/turkishtrade.co\/fr\/wp-json\/wp\/v2\/product_cat?post=6002"},{"taxonomy":"product_tag","embeddable":true,"href":"https:\/\/turkishtrade.co\/fr\/wp-json\/wp\/v2\/product_tag?post=6002"}],"curies":[{"name":"wp","href":"https:\/\/api.w.org\/{rel}","templated":true}]}}