{"id":5999,"date":"2026-01-14T13:56:20","date_gmt":"2026-01-14T13:56:20","guid":{"rendered":"https:\/\/turkishtrade.co\/product\/mens-suede-casual-loafers\/"},"modified":"2026-04-09T19:17:24","modified_gmt":"2026-04-09T19:17:24","slug":"mens-suede-casual-loafers","status":"publish","type":"product","link":"https:\/\/turkishtrade.co\/fr\/shop\/mens-suede-casual-loafers\/","title":{"rendered":"Mocassins d\u00e9contract\u00e9s en daim pour hommes Premium"},"content":{"rendered":"<p><strong>Mocassins d\u00e9contract\u00e9s en daim pour hommes<\/strong><\/p>\n<p>D\u00e9couvrez la quintessence de l'\u00e9l\u00e9gance d\u00e9contract\u00e9e avec nos mocassins d\u00e9contract\u00e9s en daim pour hommes. Con\u00e7us pour le gentleman moderne qui appr\u00e9cie \u00e0 la fois le style et le confort, ces mocassins exceptionnels sont un ajout indispensable \u00e0 toute garde-robe. Chaque paire de ces luxueux <a href=\"\/men's-suede-casual-loafers\">mocassins d\u00e9contract\u00e9s en daim pour hommes<\/a> est m\u00e9ticuleusement fabriqu\u00e9e, alliant l'art traditionnel de la cordonnerie \u00e0 des \u00e9l\u00e9ments de design contemporains pour cr\u00e9er des chaussures qui se distinguent et offrent un look raffin\u00e9.<\/p>\n<p><h3>Un confort in\u00e9gal\u00e9 et une qualit\u00e9 de fabrication sup\u00e9rieure<\/h3>\n<\/p>\n<p>Profitez d'un confort in\u00e9gal\u00e9 d\u00e8s que vous enfilez ces chaussures exquises. L'ext\u00e9rieur est fabriqu\u00e9 \u00e0 partir de mat\u00e9riaux souples. <b>cuir de veau daim<\/b>, Le daim v\u00e9ritable est connu pour sa texture douce, sa durabilit\u00e9 et son aspect sophistiqu\u00e9. Ce mat\u00e9riau de qualit\u00e9 sup\u00e9rieure garantit un toucher luxueux et un aspect distingu\u00e9 que seul le daim v\u00e9ritable peut offrir.<\/p>\n<p>L'int\u00e9rieur est dot\u00e9 d'une doublure en tissu incroyablement doux. <b>cuir de ch\u00e8vre<\/b>, La chaussure de sport est dot\u00e9e d'une semelle en cuir, qui offre un environnement respirant et confortable \u00e0 vos pieds, m\u00eame en cas de port prolong\u00e9. En compl\u00e9ment des cuirs de qualit\u00e9 sup\u00e9rieure, la technologie de pointe du <b>Semelle EVA<\/b> offre un amorti l\u00e9ger et une excellente absorption des chocs, ce qui rend ces mocassins d\u00e9contract\u00e9s en daim pour hommes parfaits pour une utilisation tout au long de la journ\u00e9e, que vous naviguiez dans les rues de la ville ou que vous profitiez d'un week-end d\u00e9contract\u00e9.<\/p>\n<p>Le talon subtil de 1 \u00e0 3 cm de hauteur ajoute juste ce qu'il faut de relief sans compromettre le confort.<\/p>\n<p><h3>Un style polyvalent pour toutes les occasions<\/h3>\n<\/p>\n<p>Notre collection de mocassins d\u00e9contract\u00e9s en daim pour homme se d\u00e9cline dans une palette de couleurs sophistiqu\u00e9es, dont le beige intemporel, le bleu classique et le marron riche, ce qui vous permet de les assortir sans effort \u00e0 une grande vari\u00e9t\u00e9 de tenues.<\/p>\n<p>Gr\u00e2ce \u00e0 leur conception polyvalente, ces <a href=\"\/men's-suede-casual-loafers\">mocassins d\u00e9contract\u00e9s<\/a> pour de nombreuses occasions. Associez-les \u00e0 un pantalon chino et \u00e0 un polo pour un ensemble chic et d\u00e9contract\u00e9, ou habillez-les d'un short pour un look d\u00e9contract\u00e9 et pr\u00eat pour les vacances. Gr\u00e2ce \u00e0 leurs d\u00e9tails subtils et \u00e0 leur silhouette raffin\u00e9e, ces mocassins d\u00e9contract\u00e9s en daim pour homme rehaussent n'importe quelle tenue, apportant une touche de luxe discret qui en dit long sur vos go\u00fbts.<\/p>\n<p>Ce ne sont pas de simples chaussures, c'est une d\u00e9claration de sophistication sans effort.<\/p>\n<p><h3>Con\u00e7u pour la qualit\u00e9 et les commandes en masse<\/h3>\n<\/p>\n<p>Nous sommes fiers de la construction m\u00e9ticuleuse et des mat\u00e9riaux de premi\u00e8re qualit\u00e9 utilis\u00e9s dans chaque paire de nos mocassins d\u00e9contract\u00e9s en daim pour hommes. Disponibles dans une gamme compl\u00e8te de tailles allant du 39 au 45, nous garantissons un ajustement parfait pour un large \u00e9ventail de clients. Pour les entreprises et les d\u00e9taillants, nous offrons des options attrayantes pour les achats en gros avec une quantit\u00e9 minimale de commande de 8 paires.<\/p>\n<p>Notre processus de production efficace garantit une livraison dans les 12 jours, plus le d\u00e9lai d'exp\u00e9dition, ce qui vous permet de stocker ces produits tr\u00e8s demand\u00e9s. <a href=\"\/men's-suede-casual-loafers\">mocassins d\u00e9contract\u00e9s en daim<\/a> rapidement. Investissez dans la qualit\u00e9, le confort et le style avec nos exceptionnels mocassins d\u00e9contract\u00e9s en daim pour hommes, con\u00e7us pour d\u00e9passer les attentes et impressionner une client\u00e8le exigeante qui appr\u00e9cie les chaussures de qualit\u00e9 sup\u00e9rieure.<\/p>","protected":false},"excerpt":{"rendered":"<ul>\n<li><b>Mat\u00e9riaux de premi\u00e8re qualit\u00e9 :<\/b> Fabriqu\u00e9 de mani\u00e8re experte avec un ext\u00e9rieur en cuir de veau v\u00e9ritable et une doublure int\u00e9rieure en cuir de ch\u00e8vre doux et respirant.<\/li>\n<li><b>L\u00e9ger et confortable :<\/b> Dot\u00e9e d'une semelle EVA avanc\u00e9e pour un amorti sup\u00e9rieur et une portabilit\u00e9 tout au long de la journ\u00e9e, avec une hauteur de talon de 1 \u00e0 3 cm.<\/li>\n<li><b>Style d\u00e9contract\u00e9 sophistiqu\u00e9 :<\/b> Un design intemporel disponible en beige \u00e9l\u00e9gant, bleu classique et marron riche, parfait pour un look raffin\u00e9 et d\u00e9contract\u00e9.<\/li>\n<li><b>Large gamme de tailles :<\/b> Propos\u00e9 dans les tailles 39, 40, 41, 42, 43, 44, 45 pour garantir un ajustement parfait.<\/li>\n<li><b>Disponibilit\u00e9 en vrac :<\/b> Quantit\u00e9 minimale de commande de 8 paires avec un d\u00e9lai de livraison de 12 jours + frais de port.<\/li>\n<\/ul>","protected":false},"featured_media":4003,"template":"","meta":{"_acf_changed":false,"_uag_custom_page_level_css":"","site-sidebar-layout":"default","site-content-layout":"","ast-site-content-layout":"default","site-content-style":"default","site-sidebar-style":"default","ast-global-header-display":"","ast-banner-title-visibility":"","ast-main-header-display":"","ast-hfb-above-header-display":"","ast-hfb-below-header-display":"","ast-hfb-mobile-header-display":"","site-post-title":"","ast-breadcrumbs-content":"","ast-featured-img":"","footer-sml-layout":"","ast-disable-related-posts":"","theme-transparent-header-meta":"","adv-header-id-meta":"","stick-header-meta":"","header-above-stick-meta":"","header-main-stick-meta":"","header-below-stick-meta":"","astra-migrate-meta-layouts":"default","ast-page-background-enabled":"default","ast-page-background-meta":{"desktop":{"background-color":"var(--ast-global-color-4)","background-image":"","background-repeat":"repeat","background-position":"center center","background-size":"auto","background-attachment":"scroll","background-type":"","background-media":"","overlay-type":"","overlay-color":"","overlay-opacity":"","overlay-gradient":""},"tablet":{"background-color":"","background-image":"","background-repeat":"repeat","background-position":"center center","background-size":"auto","background-attachment":"scroll","background-type":"","background-media":"","overlay-type":"","overlay-color":"","overlay-opacity":"","overlay-gradient":""},"mobile":{"background-color":"","background-image":"","background-repeat":"repeat","background-position":"center center","background-size":"auto","background-attachment":"scroll","background-type":"","background-media":"","overlay-type":"","overlay-color":"","overlay-opacity":"","overlay-gradient":""}},"ast-content-background-meta":{"desktop":{"background-color":"var(--ast-global-color-5)","background-image":"","background-repeat":"repeat","background-position":"center center","background-size":"auto","background-attachment":"scroll","background-type":"","background-media":"","overlay-type":"","overlay-color":"","overlay-opacity":"","overlay-gradient":""},"tablet":{"background-color":"var(--ast-global-color-5)","background-image":"","background-repeat":"repeat","background-position":"center center","background-size":"auto","background-attachment":"scroll","background-type":"","background-media":"","overlay-type":"","overlay-color":"","overlay-opacity":"","overlay-gradient":""},"mobile":{"background-color":"var(--ast-global-color-5)","background-image":"","background-repeat":"repeat","background-position":"center center","background-size":"auto","background-attachment":"scroll","background-type":"","background-media":"","overlay-type":"","overlay-color":"","overlay-opacity":"","overlay-gradient":""}}},"product_brand":[],"product_cat":[48,49,430,40,50],"product_tag":[275,635,147,202,512,222,271,1125,438,437,215,384,964,198,184,546,149],"class_list":{"0":"post-5999","1":"product","2":"type-product","3":"status-publish","4":"has-post-thumbnail","6":"product_cat-casual","7":"product_cat-loafer","8":"product_cat-men","9":"product_cat-mens-shoes","10":"product_cat-sneakers","11":"product_tag-beige-loafers","12":"product_tag-blue-loafers","13":"product_tag-brown-loafers","14":"product_tag-calf-leather","15":"product_tag-casual-loafers","16":"product_tag-comfortable-shoes","17":"product_tag-deck-shoes","18":"product_tag-driving-mocs","19":"product_tag-eva-sole","20":"product_tag-goat-leather","21":"product_tag-leather-loafers","22":"product_tag-luxury-loafers","23":"product_tag-mens-casual-footwear","24":"product_tag-mens-fashion","25":"product_tag-slip-on-shoes","26":"product_tag-stylish-mens-shoes","27":"product_tag-suede-loafers","28":"desktop-align-center","29":"tablet-align-center","30":"mobile-align-center","32":"first","33":"instock","34":"shipping-taxable","35":"purchasable","36":"product-type-variable","37":"has-default-attributes"},"acf":[],"uagb_featured_image_src":{"full":["https:\/\/turkishtrade.co\/wp-content\/uploads\/2026\/01\/2400EJOMN00201-SMOKED-X_13224-USD.png",453,250,false],"thumbnail":["https:\/\/turkishtrade.co\/wp-content\/uploads\/2026\/01\/2400EJOMN00201-SMOKED-X_13224-USD-150x150.png",150,150,true],"medium":["https:\/\/turkishtrade.co\/wp-content\/uploads\/2026\/01\/2400EJOMN00201-SMOKED-X_13224-USD-300x166.png",300,166,true],"medium_large":["https:\/\/turkishtrade.co\/wp-content\/uploads\/2026\/01\/2400EJOMN00201-SMOKED-X_13224-USD.png",453,250,false],"large":["https:\/\/turkishtrade.co\/wp-content\/uploads\/2026\/01\/2400EJOMN00201-SMOKED-X_13224-USD.png",453,250,false],"1536x1536":["https:\/\/turkishtrade.co\/wp-content\/uploads\/2026\/01\/2400EJOMN00201-SMOKED-X_13224-USD.png",453,250,false],"2048x2048":["https:\/\/turkishtrade.co\/wp-content\/uploads\/2026\/01\/2400EJOMN00201-SMOKED-X_13224-USD.png",453,250,false],"trp-custom-language-flag":["https:\/\/turkishtrade.co\/wp-content\/uploads\/2026\/01\/2400EJOMN00201-SMOKED-X_13224-USD-18x10.png",18,10,true],"woocommerce_thumbnail":["https:\/\/turkishtrade.co\/wp-content\/uploads\/2026\/01\/2400EJOMN00201-SMOKED-X_13224-USD-400x250.png",400,250,true],"woocommerce_single":["https:\/\/turkishtrade.co\/wp-content\/uploads\/2026\/01\/2400EJOMN00201-SMOKED-X_13224-USD.png",453,250,false],"woocommerce_gallery_thumbnail":["https:\/\/turkishtrade.co\/wp-content\/uploads\/2026\/01\/2400EJOMN00201-SMOKED-X_13224-USD-100x100.png",100,100,true]},"uagb_author_info":{"display_name":"yaser olabi","author_link":"https:\/\/turkishtrade.co\/fr\/author\/"},"uagb_comment_info":0,"uagb_excerpt":"Premium Materials: Expertly crafted with a genuine calf leather suede exterior and a soft, breathable goat leather interior lining. Lightweight &amp; Comfortable: Features an advanced EVA sole for superior cushioning and all-day wearability, with a 1-3 cm heel height. Sophisticated Casual Style: A timeless design available in elegant beige, classic blue, and rich brown, perfect\u2026","_links":{"self":[{"href":"https:\/\/turkishtrade.co\/fr\/wp-json\/wp\/v2\/product\/5999","targetHints":{"allow":["GET"]}}],"collection":[{"href":"https:\/\/turkishtrade.co\/fr\/wp-json\/wp\/v2\/product"}],"about":[{"href":"https:\/\/turkishtrade.co\/fr\/wp-json\/wp\/v2\/types\/product"}],"wp:featuredmedia":[{"embeddable":true,"href":"https:\/\/turkishtrade.co\/fr\/wp-json\/wp\/v2\/media\/4003"}],"wp:attachment":[{"href":"https:\/\/turkishtrade.co\/fr\/wp-json\/wp\/v2\/media?parent=5999"}],"wp:term":[{"taxonomy":"product_brand","embeddable":true,"href":"https:\/\/turkishtrade.co\/fr\/wp-json\/wp\/v2\/product_brand?post=5999"},{"taxonomy":"product_cat","embeddable":true,"href":"https:\/\/turkishtrade.co\/fr\/wp-json\/wp\/v2\/product_cat?post=5999"},{"taxonomy":"product_tag","embeddable":true,"href":"https:\/\/turkishtrade.co\/fr\/wp-json\/wp\/v2\/product_tag?post=5999"}],"curies":[{"name":"wp","href":"https:\/\/api.w.org\/{rel}","templated":true}]}}