{"id":5996,"date":"2026-01-14T13:55:54","date_gmt":"2026-01-14T13:55:54","guid":{"rendered":"https:\/\/turkishtrade.co\/product\/men-s-calf-leather-sneakers\/"},"modified":"2026-04-09T19:17:31","modified_gmt":"2026-04-09T19:17:31","slug":"mens-calf-leather-sneakers","status":"publish","type":"product","link":"https:\/\/turkishtrade.co\/fr\/shop\/mens-calf-leather-sneakers\/","title":{"rendered":"Baskets d\u00e9contract\u00e9es en cuir de veau Premium pour hommes"},"content":{"rendered":"<p><strong>Baskets en cuir de veau pour hommes<\/strong><\/p>\n<p>D\u00e9couvrez l'incarnation de l'\u00e9l\u00e9gance d\u00e9contract\u00e9e avec notre collection exquise de <b>Baskets en cuir de veau pour hommes<\/b>. Con\u00e7ues pour l'homme moderne qui appr\u00e9cie \u00e0 la fois un style sophistiqu\u00e9 et un confort in\u00e9gal\u00e9, ces chaussures de sport en cuir de qualit\u00e9 sup\u00e9rieure ont \u00e9t\u00e9 con\u00e7ues pour r\u00e9pondre aux besoins de l'homme moderne. <b>baskets en cuir de veau de premi\u00e8re qualit\u00e9<\/b> t\u00e9moignent d'un savoir-faire sup\u00e9rieur. Chaque paire est m\u00e9ticuleusement fabriqu\u00e9e \u00e0 l'aide des mat\u00e9riaux les plus nobles, garantissant une exp\u00e9rience durable et luxueuse \u00e0 chaque pas.<\/p>\n<p><h3>Une qualit\u00e9 et un savoir-faire in\u00e9gal\u00e9s<\/h3>\n<\/p>\n<p>Notre <b>Baskets en cuir de veau pour hommes<\/b> sont dot\u00e9es d'une surface ext\u00e9rieure robuste en cuir de veau v\u00e9ritable 100%. Ce choix de mat\u00e9riau n'apporte pas seulement un aspect \u00e9l\u00e9gant et raffin\u00e9, mais garantit \u00e9galement une long\u00e9vit\u00e9 exceptionnelle, en s'adaptant parfaitement \u00e0 votre pied au fil du temps. La doublure int\u00e9rieure, en cuir de ch\u00e8vre souple et respirant, assure le confort du pied et \u00e9vite toute g\u00eane, m\u00eame en cas de port prolong\u00e9.<\/p>\n<p>Cette combinaison de cuirs de qualit\u00e9 sup\u00e9rieure \u00e9l\u00e8ve ces <b>baskets en cuir de veau pour hommes<\/b> bien plus que les chaussures d\u00e9contract\u00e9es classiques, offrant un avantage certain tant au niveau du toucher que de la finition.<\/p>\n<p><h3>Con\u00e7u pour le confort et la polyvalence<\/h3>\n<\/p>\n<p>D\u00e9couvrez un nouveau niveau de l\u00e9g\u00e8ret\u00e9 et de soutien gr\u00e2ce \u00e0 la semelle EVA. Ce mat\u00e9riau haute performance offre un amorti et une absorption des chocs sup\u00e9rieurs, ce qui fait de nos chaussures de sport des chaussures \u00e0 la fois l\u00e9g\u00e8res et confortables. <b>Baskets en cuir de veau pour hommes<\/b> id\u00e9ales pour un usage quotidien, que vous naviguiez dans les rues de la ville ou que vous profitiez d'un week-end d\u00e9contract\u00e9. Avec une hauteur de talon confortable de 1 \u00e0 3 cm, ces baskets offrent un \u00e9quilibre parfait entre une \u00e9l\u00e9vation subtile et une sensation naturelle.<\/p>\n<p>Disponibles dans une large gamme de tailles allant du 39 au 45 et dans diff\u00e9rents coloris sophistiqu\u00e9s, dont le noir classique et le bleu marine \u00e9l\u00e9gant, ces v\u00eatements polyvalents ont \u00e9t\u00e9 con\u00e7us pour r\u00e9pondre aux besoins de tous. <b>baskets en cuir de veau pour hommes<\/b> sont con\u00e7us pour compl\u00e9ter toute garde-robe contemporaine, qu'il s'agisse de v\u00eatements \u00e9l\u00e9gants ou d\u00e9contract\u00e9s de tous les jours.<\/p>\n<p><h3>Votre choix pour le style et les commandes en gros<\/h3>\n<\/p>\n<p>Au-del\u00e0 du style individuel, notre <b>baskets en cuir de veau de premi\u00e8re qualit\u00e9<\/b> sont \u00e9galement disponibles pour les commandes en gros, ce qui en fait un excellent choix pour les d\u00e9taillants, les entreprises de mode ou les cadeaux d'entreprise. Avec un minimum de commande de 8 paires et un d\u00e9lai de livraison d'environ 12 jours plus les frais d'exp\u00e9dition, vous pouvez vous approvisionner en ces chaussures tr\u00e8s recherch\u00e9es. <b>baskets en cuir de veau pour hommes<\/b> est pratique et efficace.<\/p>\n<p>Nous sommes fiers d'offrir des prix comp\u00e9titifs \u00e0 nos partenaires grossistes. Investissez dans la qualit\u00e9, le confort et le style durable avec nos produits exceptionnels. <b>baskets en cuir de veau pour hommes<\/b>, et offrez \u00e0 vos clients des chaussures qui se distinguent vraiment.<\/p>","protected":false},"excerpt":{"rendered":"<ul>\n<li>Fabriqu\u00e9 en cuir de veau de premi\u00e8re qualit\u00e9 pour une durabilit\u00e9 et un style intemporel.<\/li>\n<li>L'int\u00e9rieur en cuir de ch\u00e8vre luxueux assure un confort et une respirabilit\u00e9 ultimes.<\/li>\n<li>Semelle l\u00e9g\u00e8re en EVA offrant un amorti et un soutien exceptionnels (hauteur du talon de 1 \u00e0 3 cm).<\/li>\n<li>Disponible dans les tailles 39 \u00e0 45 et dans des couleurs sophistiqu\u00e9es telles que le noir et le bleu marine.<\/li>\n<li>Commande minimum de 8 paires - id\u00e9al pour les demandes en gros et en masse.<\/li>\n<\/ul>","protected":false},"featured_media":3999,"template":"","meta":{"_acf_changed":false,"_uag_custom_page_level_css":"","site-sidebar-layout":"default","site-content-layout":"","ast-site-content-layout":"default","site-content-style":"default","site-sidebar-style":"default","ast-global-header-display":"","ast-banner-title-visibility":"","ast-main-header-display":"","ast-hfb-above-header-display":"","ast-hfb-below-header-display":"","ast-hfb-mobile-header-display":"","site-post-title":"","ast-breadcrumbs-content":"","ast-featured-img":"","footer-sml-layout":"","ast-disable-related-posts":"","theme-transparent-header-meta":"","adv-header-id-meta":"","stick-header-meta":"","header-above-stick-meta":"","header-main-stick-meta":"","header-below-stick-meta":"","astra-migrate-meta-layouts":"default","ast-page-background-enabled":"default","ast-page-background-meta":{"desktop":{"background-color":"var(--ast-global-color-4)","background-image":"","background-repeat":"repeat","background-position":"center center","background-size":"auto","background-attachment":"scroll","background-type":"","background-media":"","overlay-type":"","overlay-color":"","overlay-opacity":"","overlay-gradient":""},"tablet":{"background-color":"","background-image":"","background-repeat":"repeat","background-position":"center center","background-size":"auto","background-attachment":"scroll","background-type":"","background-media":"","overlay-type":"","overlay-color":"","overlay-opacity":"","overlay-gradient":""},"mobile":{"background-color":"","background-image":"","background-repeat":"repeat","background-position":"center center","background-size":"auto","background-attachment":"scroll","background-type":"","background-media":"","overlay-type":"","overlay-color":"","overlay-opacity":"","overlay-gradient":""}},"ast-content-background-meta":{"desktop":{"background-color":"var(--ast-global-color-5)","background-image":"","background-repeat":"repeat","background-position":"center center","background-size":"auto","background-attachment":"scroll","background-type":"","background-media":"","overlay-type":"","overlay-color":"","overlay-opacity":"","overlay-gradient":""},"tablet":{"background-color":"var(--ast-global-color-5)","background-image":"","background-repeat":"repeat","background-position":"center center","background-size":"auto","background-attachment":"scroll","background-type":"","background-media":"","overlay-type":"","overlay-color":"","overlay-opacity":"","overlay-gradient":""},"mobile":{"background-color":"var(--ast-global-color-5)","background-image":"","background-repeat":"repeat","background-position":"center center","background-size":"auto","background-attachment":"scroll","background-type":"","background-media":"","overlay-type":"","overlay-color":"","overlay-opacity":"","overlay-gradient":""}}},"product_brand":[],"product_cat":[48,49,430,40,50],"product_tag":[1120,453,202,449,1117,438,189,224,365,214,1121,1116,1124,1123],"class_list":{"0":"post-5996","1":"product","2":"type-product","3":"status-publish","4":"has-post-thumbnail","6":"product_cat-casual","7":"product_cat-loafer","8":"product_cat-men","9":"product_cat-mens-shoes","10":"product_cat-sneakers","11":"product_tag-black-sneakers","12":"product_tag-bulk-footwear","13":"product_tag-calf-leather","14":"product_tag-casual-shoes","15":"product_tag-comfortable-sneakers","16":"product_tag-eva-sole","17":"product_tag-goat-leather-lining","18":"product_tag-leather-sneakers","19":"product_tag-luxury-sneakers","20":"product_tag-mens-sneakers","21":"product_tag-navy-sneakers","22":"product_tag-premium-sneakers","23":"product_tag-stylish-sneakers","24":"product_tag-wholesale-sneakers","25":"desktop-align-center","26":"tablet-align-center","27":"mobile-align-center","29":"first","30":"instock","31":"shipping-taxable","32":"purchasable","33":"product-type-variable","34":"has-default-attributes"},"acf":[],"uagb_featured_image_src":{"full":["https:\/\/turkishtrade.co\/wp-content\/uploads\/2026\/01\/2400EJOMN00200-DAEK-BLUE-X_1321-4-USD.png",453,250,false],"thumbnail":["https:\/\/turkishtrade.co\/wp-content\/uploads\/2026\/01\/2400EJOMN00200-DAEK-BLUE-X_1321-4-USD-150x150.png",150,150,true],"medium":["https:\/\/turkishtrade.co\/wp-content\/uploads\/2026\/01\/2400EJOMN00200-DAEK-BLUE-X_1321-4-USD-300x166.png",300,166,true],"medium_large":["https:\/\/turkishtrade.co\/wp-content\/uploads\/2026\/01\/2400EJOMN00200-DAEK-BLUE-X_1321-4-USD.png",453,250,false],"large":["https:\/\/turkishtrade.co\/wp-content\/uploads\/2026\/01\/2400EJOMN00200-DAEK-BLUE-X_1321-4-USD.png",453,250,false],"1536x1536":["https:\/\/turkishtrade.co\/wp-content\/uploads\/2026\/01\/2400EJOMN00200-DAEK-BLUE-X_1321-4-USD.png",453,250,false],"2048x2048":["https:\/\/turkishtrade.co\/wp-content\/uploads\/2026\/01\/2400EJOMN00200-DAEK-BLUE-X_1321-4-USD.png",453,250,false],"trp-custom-language-flag":["https:\/\/turkishtrade.co\/wp-content\/uploads\/2026\/01\/2400EJOMN00200-DAEK-BLUE-X_1321-4-USD-18x10.png",18,10,true],"woocommerce_thumbnail":["https:\/\/turkishtrade.co\/wp-content\/uploads\/2026\/01\/2400EJOMN00200-DAEK-BLUE-X_1321-4-USD-400x250.png",400,250,true],"woocommerce_single":["https:\/\/turkishtrade.co\/wp-content\/uploads\/2026\/01\/2400EJOMN00200-DAEK-BLUE-X_1321-4-USD.png",453,250,false],"woocommerce_gallery_thumbnail":["https:\/\/turkishtrade.co\/wp-content\/uploads\/2026\/01\/2400EJOMN00200-DAEK-BLUE-X_1321-4-USD-100x100.png",100,100,true]},"uagb_author_info":{"display_name":"yaser olabi","author_link":"https:\/\/turkishtrade.co\/fr\/author\/"},"uagb_comment_info":0,"uagb_excerpt":"Crafted from premium calf leather for durability and timeless style. Luxurious goat leather interior ensures ultimate comfort and breathability. Lightweight EVA sole provides exceptional cushioning and support (1-3 cm heel height). Available in sizes 39-45 and sophisticated color options including black and navy. Minimum order of 8 pairs \u2013 ideal for wholesale and bulk inquiries.","_links":{"self":[{"href":"https:\/\/turkishtrade.co\/fr\/wp-json\/wp\/v2\/product\/5996","targetHints":{"allow":["GET"]}}],"collection":[{"href":"https:\/\/turkishtrade.co\/fr\/wp-json\/wp\/v2\/product"}],"about":[{"href":"https:\/\/turkishtrade.co\/fr\/wp-json\/wp\/v2\/types\/product"}],"wp:featuredmedia":[{"embeddable":true,"href":"https:\/\/turkishtrade.co\/fr\/wp-json\/wp\/v2\/media\/3999"}],"wp:attachment":[{"href":"https:\/\/turkishtrade.co\/fr\/wp-json\/wp\/v2\/media?parent=5996"}],"wp:term":[{"taxonomy":"product_brand","embeddable":true,"href":"https:\/\/turkishtrade.co\/fr\/wp-json\/wp\/v2\/product_brand?post=5996"},{"taxonomy":"product_cat","embeddable":true,"href":"https:\/\/turkishtrade.co\/fr\/wp-json\/wp\/v2\/product_cat?post=5996"},{"taxonomy":"product_tag","embeddable":true,"href":"https:\/\/turkishtrade.co\/fr\/wp-json\/wp\/v2\/product_tag?post=5996"}],"curies":[{"name":"wp","href":"https:\/\/api.w.org\/{rel}","templated":true}]}}