{"id":5988,"date":"2026-01-14T13:54:52","date_gmt":"2026-01-14T13:54:52","guid":{"rendered":"https:\/\/turkishtrade.co\/product\/mens-leather-casual-sneakers\/"},"modified":"2026-04-09T19:17:48","modified_gmt":"2026-04-09T19:17:48","slug":"mens-leather-casual-sneakers","status":"publish","type":"product","link":"https:\/\/turkishtrade.co\/fr\/shop\/mens-leather-casual-sneakers\/","title":{"rendered":"Baskets d\u00e9contract\u00e9es en cuir de premi\u00e8re qualit\u00e9 pour hommes avec semelle en EVA"},"content":{"rendered":"<p><strong>Baskets d\u00e9contract\u00e9es en cuir pour hommes<\/strong><\/p>\n<p>Profitez d'un confort in\u00e9gal\u00e9 et d'un style sophistiqu\u00e9 gr\u00e2ce \u00e0 notre collection exclusive d'articles d'habillement. <strong>chaussures de sport d\u00e9contract\u00e9es en cuir pour hommes<\/strong>. Con\u00e7us pour l'homme moderne qui appr\u00e9cie \u00e0 la fois l'esth\u00e9tique et la fonctionnalit\u00e9, ces produits de qualit\u00e9 sup\u00e9rieure sont con\u00e7us pour r\u00e9pondre aux besoins de l'homme de tous les \u00e2ges. <strong>chaussures de sport d\u00e9contract\u00e9es en cuir pour hommes<\/strong> associent en toute transparence des mat\u00e9riaux de premier ordre \u00e0 un savoir-faire d'expert. Que vous naviguiez dans des paysages urbains ou que vous profitiez d'un week-end d\u00e9contract\u00e9, nos produits d'exception vous permettront de vous sentir \u00e0 l'aise. <strong>chaussures de sport d\u00e9contract\u00e9es en cuir pour hommes<\/strong> constituent la base parfaite de toute tenue, vous garantissant une apparence soign\u00e9e et un confort optimal tout au long de la journ\u00e9e.<\/p>\n<p><h3>Un savoir-faire sup\u00e9rieur et des mat\u00e9riaux de premi\u00e8re qualit\u00e9 pour vos pieds<\/h3>\n<\/p>\n<p>Chaque paire de nos <strong>chaussures de sport d\u00e9contract\u00e9es en cuir pour hommes<\/strong> est m\u00e9ticuleusement fabriqu\u00e9 \u00e0 l'aide des mat\u00e9riaux les plus nobles. L'ext\u00e9rieur est en cuir de vachette v\u00e9ritable, connu pour sa durabilit\u00e9 exceptionnelle, sa texture luxueuse et sa capacit\u00e9 \u00e0 vieillir magnifiquement au fil du temps. Cette robuste coque ext\u00e9rieure ne se contente pas d'assurer une longue dur\u00e9e de vie, elle offre \u00e9galement un look \u00e9l\u00e9gant et raffin\u00e9, disponible dans des teintes polyvalentes telles que le noir classique, le bleu marine sophistiqu\u00e9 avec de riches accents bruns, et le blanc \u00e9clatant.<\/p>\n<p>Il s'agit v\u00e9ritablement du nec plus ultra en mati\u00e8re de <strong>chaussures de sport d\u00e9contract\u00e9es en cuir pour hommes<\/strong> pour les go\u00fbts les plus exigeants.<\/p>\n<p>\u00c0 l'int\u00e9rieur, vos pieds sont berc\u00e9s par la douce \u00e9treinte de la doublure en cuir de ch\u00e8vre. Cette mati\u00e8re naturelle est r\u00e9put\u00e9e pour sa respirabilit\u00e9 sup\u00e9rieure, ses excellentes propri\u00e9t\u00e9s d'\u00e9vacuation de l'humidit\u00e9 et son incroyable souplesse, garantissant un confort maximal m\u00eame apr\u00e8s un port prolong\u00e9. La combinaison exquise de cuir de vachette durable et de cuir de ch\u00e8vre doux cr\u00e9e une exp\u00e9rience vraiment indulgente, faisant de ces chaussures plus que de simples chaussures - elles sont un investissement dans votre confort et votre style intemporel.<\/p>\n<p><h3>Confort l\u00e9ger gr\u00e2ce \u00e0 la technologie avanc\u00e9e de la semelle EVA<\/h3>\n<\/p>\n<p>Marcher sans effort gr\u00e2ce \u00e0 la semelle EVA (\u00e9thyl\u00e8ne-ac\u00e9tate de vinyle) int\u00e9gr\u00e9e dans chaque paire de nos chaussures. <strong>chaussures de sport d\u00e9contract\u00e9es en cuir pour hommes<\/strong>. Ce mat\u00e9riau l\u00e9ger mais incroyablement r\u00e9sistant offre un amorti et une absorption des chocs sup\u00e9rieurs, r\u00e9duisant consid\u00e9rablement la fatigue du pied et offrant un soutien exceptionnel \u00e0 vos pieds tout au long de la journ\u00e9e. Le talon bas, qui mesure subtilement entre 1 et 3 cm, ajoute un l\u00e9ger relief tout en pr\u00e9servant l'\u00e9l\u00e9gance d\u00e9contract\u00e9e de ces baskets exceptionnelles.<\/p>\n<p>Notre engagement in\u00e9branlable en faveur du confort s'\u00e9tend jusqu'\u00e0 la coupe parfaite, avec une gamme compl\u00e8te de tailles disponibles de l'UE 39 \u00e0 45, garantissant que chaque client puisse trouver son bonheur dans notre collection d'articles de luxe. <strong>chaussures de sport d\u00e9contract\u00e9es en cuir pour hommes<\/strong>. La conception classique \u00e0 lacets permet un ajustement s\u00fbr et facile, s'adaptant parfaitement aux contours uniques de votre pied pour un confort personnalis\u00e9.<\/p>\n<p><h3>Polyvalence pour toutes les occasions et disponibilit\u00e9 pratique en vrac<\/h3>\n<\/p>\n<p>Ces produits polyvalents <strong>chaussures de sport d\u00e9contract\u00e9es en cuir pour hommes<\/strong> sont la quintessence de la chaussure d\u00e9contract\u00e9e et \u00e9l\u00e9gante, ce qui les rend adapt\u00e9es \u00e0 une myriade d'occasions. Associez-les sans effort \u00e0 un pantalon de tailleur pour un look de bureau contemporain, ou habillez-les avec votre jean ou votre pantalon chino pr\u00e9f\u00e9r\u00e9 pour un ensemble d\u00e9contract\u00e9 mais raffin\u00e9 pour le week-end. Leur design intemporel vous assure qu'elles resteront un \u00e9l\u00e9ment essentiel de votre garde-robe pour les saisons \u00e0 venir.<\/p>\n<p>Pour les entreprises et les d\u00e9taillants, nous proposons des options de vente en gros attrayantes, ce qui facilite le stockage de ces produits de qualit\u00e9 sup\u00e9rieure tr\u00e8s demand\u00e9s. <strong>chaussures de sport d\u00e9contract\u00e9es en cuir pour hommes<\/strong>. Une quantit\u00e9 minimale de commande de 8 paires seulement permet une grande flexibilit\u00e9 et une grande commodit\u00e9. Profitez d'une logistique efficace avec un d\u00e9lai de livraison typique d'environ 12 jours, plus les frais d'exp\u00e9dition standard, garantissant que votre commande en gros arrive rapidement et efficacement.<\/p>\n<p>Am\u00e9liorez votre collection de chaussures gr\u00e2ce \u00e0 nos chaussures de qualit\u00e9 sup\u00e9rieure. <strong>chaussures de sport d\u00e9contract\u00e9es en cuir pour hommes<\/strong> - o\u00f9 le luxe rencontre la praticit\u00e9 et le style au quotidien.<\/p>","protected":false},"excerpt":{"rendered":"<ul>\n<li><b>Mat\u00e9riaux de premi\u00e8re qualit\u00e9 :<\/b> Fabriqu\u00e9 avec un ext\u00e9rieur en cuir de vachette durable et un int\u00e9rieur en cuir de ch\u00e8vre doux pour un confort sup\u00e9rieur.<\/li>\n<li><b>L\u00e9ger Confort :<\/b> Semelle EVA amortissante pour un confort et un soutien tout au long de la journ\u00e9e.<\/li>\n<li><b>\u00c9l\u00e9gant et polyvalent :<\/b> Le design classique \u00e0 lacets convient \u00e0 toutes les occasions, qu'elles soient d\u00e9contract\u00e9es ou \u00e9l\u00e9gantes.<\/li>\n<li><b>Tailles disponibles :<\/b> Large gamme de produits allant de l'UE 39 \u00e0 l'UE 45.<\/li>\n<li><b>Disponibilit\u00e9 en gros :<\/b> Quantit\u00e9 minimale de commande de 8 paires.<\/li>\n<li><b>Livraison efficace :<\/b> Le d\u00e9lai de livraison est de 12 jours, plus le temps d'exp\u00e9dition.<\/li>\n<\/ul>","protected":false},"featured_media":3993,"template":"","meta":{"_acf_changed":false,"_uag_custom_page_level_css":"","site-sidebar-layout":"default","site-content-layout":"","ast-site-content-layout":"default","site-content-style":"default","site-sidebar-style":"default","ast-global-header-display":"","ast-banner-title-visibility":"","ast-main-header-display":"","ast-hfb-above-header-display":"","ast-hfb-below-header-display":"","ast-hfb-mobile-header-display":"","site-post-title":"","ast-breadcrumbs-content":"","ast-featured-img":"","footer-sml-layout":"","ast-disable-related-posts":"","theme-transparent-header-meta":"","adv-header-id-meta":"","stick-header-meta":"","header-above-stick-meta":"","header-main-stick-meta":"","header-below-stick-meta":"","astra-migrate-meta-layouts":"default","ast-page-background-enabled":"default","ast-page-background-meta":{"desktop":{"background-color":"var(--ast-global-color-4)","background-image":"","background-repeat":"repeat","background-position":"center center","background-size":"auto","background-attachment":"scroll","background-type":"","background-media":"","overlay-type":"","overlay-color":"","overlay-opacity":"","overlay-gradient":""},"tablet":{"background-color":"","background-image":"","background-repeat":"repeat","background-position":"center center","background-size":"auto","background-attachment":"scroll","background-type":"","background-media":"","overlay-type":"","overlay-color":"","overlay-opacity":"","overlay-gradient":""},"mobile":{"background-color":"","background-image":"","background-repeat":"repeat","background-position":"center center","background-size":"auto","background-attachment":"scroll","background-type":"","background-media":"","overlay-type":"","overlay-color":"","overlay-opacity":"","overlay-gradient":""}},"ast-content-background-meta":{"desktop":{"background-color":"var(--ast-global-color-5)","background-image":"","background-repeat":"repeat","background-position":"center center","background-size":"auto","background-attachment":"scroll","background-type":"","background-media":"","overlay-type":"","overlay-color":"","overlay-opacity":"","overlay-gradient":""},"tablet":{"background-color":"var(--ast-global-color-5)","background-image":"","background-repeat":"repeat","background-position":"center center","background-size":"auto","background-attachment":"scroll","background-type":"","background-media":"","overlay-type":"","overlay-color":"","overlay-opacity":"","overlay-gradient":""},"mobile":{"background-color":"var(--ast-global-color-5)","background-image":"","background-repeat":"repeat","background-position":"center center","background-size":"auto","background-attachment":"scroll","background-type":"","background-media":"","overlay-type":"","overlay-color":"","overlay-opacity":"","overlay-gradient":""}}},"product_brand":[],"product_cat":[48,49,430,40,50],"product_tag":[238,449,1117,781,438,556,224,365,969,214,1116,546,386,254],"class_list":{"0":"post-5988","1":"product","2":"type-product","3":"status-publish","4":"has-post-thumbnail","6":"product_cat-casual","7":"product_cat-loafer","8":"product_cat-men","9":"product_cat-mens-shoes","10":"product_cat-sneakers","11":"product_tag-black-leather-sneakers","12":"product_tag-casual-shoes","13":"product_tag-comfortable-sneakers","14":"product_tag-cowhide-shoes","15":"product_tag-eva-sole","16":"product_tag-goatskin-lining","17":"product_tag-leather-sneakers","18":"product_tag-luxury-sneakers","19":"product_tag-mens-fashion-shoes","20":"product_tag-mens-sneakers","21":"product_tag-premium-sneakers","22":"product_tag-stylish-mens-shoes","23":"product_tag-white-sole-sneakers","24":"product_tag-wholesale-footwear","25":"desktop-align-center","26":"tablet-align-center","27":"mobile-align-center","29":"first","30":"instock","31":"shipping-taxable","32":"purchasable","33":"product-type-variable","34":"has-default-attributes"},"acf":[],"uagb_featured_image_src":{"full":["https:\/\/turkishtrade.co\/wp-content\/uploads\/2026\/01\/2400EJOMN00198-WHITE-X_1323-4-USD.png",453,250,false],"thumbnail":["https:\/\/turkishtrade.co\/wp-content\/uploads\/2026\/01\/2400EJOMN00198-WHITE-X_1323-4-USD-150x150.png",150,150,true],"medium":["https:\/\/turkishtrade.co\/wp-content\/uploads\/2026\/01\/2400EJOMN00198-WHITE-X_1323-4-USD-300x166.png",300,166,true],"medium_large":["https:\/\/turkishtrade.co\/wp-content\/uploads\/2026\/01\/2400EJOMN00198-WHITE-X_1323-4-USD.png",453,250,false],"large":["https:\/\/turkishtrade.co\/wp-content\/uploads\/2026\/01\/2400EJOMN00198-WHITE-X_1323-4-USD.png",453,250,false],"1536x1536":["https:\/\/turkishtrade.co\/wp-content\/uploads\/2026\/01\/2400EJOMN00198-WHITE-X_1323-4-USD.png",453,250,false],"2048x2048":["https:\/\/turkishtrade.co\/wp-content\/uploads\/2026\/01\/2400EJOMN00198-WHITE-X_1323-4-USD.png",453,250,false],"trp-custom-language-flag":["https:\/\/turkishtrade.co\/wp-content\/uploads\/2026\/01\/2400EJOMN00198-WHITE-X_1323-4-USD-18x10.png",18,10,true],"woocommerce_thumbnail":["https:\/\/turkishtrade.co\/wp-content\/uploads\/2026\/01\/2400EJOMN00198-WHITE-X_1323-4-USD-400x250.png",400,250,true],"woocommerce_single":["https:\/\/turkishtrade.co\/wp-content\/uploads\/2026\/01\/2400EJOMN00198-WHITE-X_1323-4-USD.png",453,250,false],"woocommerce_gallery_thumbnail":["https:\/\/turkishtrade.co\/wp-content\/uploads\/2026\/01\/2400EJOMN00198-WHITE-X_1323-4-USD-100x100.png",100,100,true]},"uagb_author_info":{"display_name":"yaser olabi","author_link":"https:\/\/turkishtrade.co\/fr\/author\/"},"uagb_comment_info":0,"uagb_excerpt":"Premium Materials: Crafted with a durable cowhide leather exterior and a soft goatskin leather interior for superior comfort. Lightweight Comfort: Features a shock-absorbing EVA sole for all-day ease and support. Stylish &amp; Versatile: Classic lace-up design suitable for various casual and smart-casual occasions. Available Sizes: Wide range from EU 39 to 45. Wholesale Availability: Minimum\u2026","_links":{"self":[{"href":"https:\/\/turkishtrade.co\/fr\/wp-json\/wp\/v2\/product\/5988","targetHints":{"allow":["GET"]}}],"collection":[{"href":"https:\/\/turkishtrade.co\/fr\/wp-json\/wp\/v2\/product"}],"about":[{"href":"https:\/\/turkishtrade.co\/fr\/wp-json\/wp\/v2\/types\/product"}],"wp:featuredmedia":[{"embeddable":true,"href":"https:\/\/turkishtrade.co\/fr\/wp-json\/wp\/v2\/media\/3993"}],"wp:attachment":[{"href":"https:\/\/turkishtrade.co\/fr\/wp-json\/wp\/v2\/media?parent=5988"}],"wp:term":[{"taxonomy":"product_brand","embeddable":true,"href":"https:\/\/turkishtrade.co\/fr\/wp-json\/wp\/v2\/product_brand?post=5988"},{"taxonomy":"product_cat","embeddable":true,"href":"https:\/\/turkishtrade.co\/fr\/wp-json\/wp\/v2\/product_cat?post=5988"},{"taxonomy":"product_tag","embeddable":true,"href":"https:\/\/turkishtrade.co\/fr\/wp-json\/wp\/v2\/product_tag?post=5988"}],"curies":[{"name":"wp","href":"https:\/\/api.w.org\/{rel}","templated":true}]}}