{"id":5983,"date":"2026-01-14T13:54:01","date_gmt":"2026-01-14T13:54:01","guid":{"rendered":"https:\/\/turkishtrade.co\/product\/mens-chunky-chain-loafers\/"},"modified":"2026-04-09T19:17:54","modified_gmt":"2026-04-09T19:17:54","slug":"mens-chunky-chain-loafers","status":"publish","type":"product","link":"https:\/\/turkishtrade.co\/fr\/shop\/mens-chunky-chain-loafers\/","title":{"rendered":"Premium Men's Chunky Chain Loafers | Calf Leather with Gold Hardware"},"content":{"rendered":"<p><strong>Mocassins \u00e0 cha\u00eenes pour hommes<\/strong><\/p>\n<p>D\u00e9couvrez l'alliance parfaite de la sophistication classique et du style contemporain avec notre Premium <strong>Mocassins \u00e0 cha\u00eenes pour hommes<\/strong>. Con\u00e7us \u00e0 la main pour les hommes exigeants, ces mocassins sont plus que de simples chaussures, ils sont une d\u00e9claration de luxe et de confort. Con\u00e7us pour l'\u00e9l\u00e9gance d\u00e9contract\u00e9e et les occasions chic et d\u00e9contract\u00e9es, nos mocassins sont des mod\u00e8les de luxe et de confort. <strong>Mocassins \u00e0 cha\u00eenes pour hommes<\/strong> rehaussera sans effort n'importe quelle tenue.<\/p>\n<h3>Un savoir-faire in\u00e9gal\u00e9 et des mat\u00e9riaux de premi\u00e8re qualit\u00e9<\/h3>\n<p>Chaque paire de ces exquises <strong>Mocassins \u00e0 cha\u00eenes pour hommes<\/strong> est m\u00e9ticuleusement fabriqu\u00e9 \u00e0 partir des mat\u00e9riaux les plus nobles. L'ext\u00e9rieur est en cuir de veau v\u00e9ritable, r\u00e9put\u00e9 pour sa texture souple, sa durabilit\u00e9 et sa brillance naturelle qui ne fait que s'am\u00e9liorer avec l'\u00e2ge. Ce cuir de veau de qualit\u00e9 sup\u00e9rieure n'apporte pas seulement une esth\u00e9tique sophistiqu\u00e9e, mais garantit \u00e9galement la long\u00e9vit\u00e9, faisant de ces mocassins un ajout pr\u00e9cieux \u00e0 toute garde-robe.<\/p>\n<p>\u00c0 l'int\u00e9rieur, vos pieds seront envelopp\u00e9s par la doublure en cuir de ch\u00e8vre souple, qui offre une respirabilit\u00e9 et un confort exceptionnels d\u00e8s la premi\u00e8re utilisation. Les coutures m\u00e9ticuleuses et les d\u00e9tails de finition en disent long sur la qualit\u00e9 et le soin apport\u00e9s \u00e0 chaque paire.<\/p>\n<h3>Un design moderne pour un confort durable<\/h3>\n<p>Ce qui d\u00e9termine notre <strong>Mocassins \u00e0 cha\u00eenes pour hommes<\/strong> En outre, ces mocassins sont dot\u00e9s d'un design unique, avec une cha\u00eene dor\u00e9e bien visible qui ajoute une touche de luxe moderne et de caract\u00e8re distinctif. La semelle robuste en EVA offre un excellent amorti et un bon soutien, ce qui rend ces mocassins incroyablement confortables \u00e0 porter tout au long de la journ\u00e9e, que vous naviguiez dans les rues de la ville ou que vous assistiez \u00e0 un \u00e9v\u00e9nement professionnel d\u00e9contract\u00e9. Avec une hauteur de talon subtile de 1 \u00e0 3 cm, ils offrent une \u00e9l\u00e9vation confortable sans compromettre la stabilit\u00e9.<\/p>\n<p>La semelle \u00e9paisse n'est pas seulement une tendance ; elle est con\u00e7ue pour une adh\u00e9rence et une durabilit\u00e9 sup\u00e9rieures, ce qui vous permet de sortir en toute confiance.<\/p>\n<h3>Une polyvalence pour toutes les occasions<\/h3>\n<p>Ces produits polyvalents <strong>Mocassins \u00e0 cha\u00eenes pour hommes<\/strong> sont disponibles dans une gamme compl\u00e8te de tailles allant du 39 au 45, garantissant ainsi un ajustement parfait \u00e0 un large \u00e9ventail de clients. Leur teinte brune intemporelle, combin\u00e9e \u00e0 l'\u00e9l\u00e9gance de la quincaillerie dor\u00e9e et \u00e0 la modernit\u00e9 de la semelle \u00e9paisse, leur permet de s'adapter \u00e0 diff\u00e9rents contextes - des tenues de bureau sophistiqu\u00e9es aux ensembles d\u00e9contract\u00e9s du week-end. Elles constituent le choix id\u00e9al pour les personnes \u00e0 la pointe de la mode qui recherchent \u00e0 la fois du style et de la substance dans leurs chaussures.<\/p>\n<p>Embrassez le confort et le style ind\u00e9niable de notre <strong>Mocassins \u00e0 cha\u00eenes pour hommes<\/strong> \u00e0 votre collection.<\/p>\n<h3>Avantage de la vente en gros et livraison fiable<\/h3>\n<p>Pour les d\u00e9taillants et les entreprises qui souhaitent proposer des chaussures \u00e9l\u00e9gantes et de haute qualit\u00e9, nos <strong>Mocassins \u00e0 cha\u00eenes pour hommes<\/strong> sont disponibles \u00e0 l'achat en gros. Nous exigeons une commande minimale de 8 paires seulement, ce qui permet aux entreprises de toutes tailles de stocker cet article populaire. Notre production et notre logistique efficaces garantissent un d\u00e9lai de livraison d'environ 12 jours, plus les frais d'exp\u00e9dition, ce qui vous permet de maintenir votre stock bien approvisionn\u00e9.<\/p>\n<p>En vous associant \u00e0 nous, vous offrirez \u00e0 vos clients des chaussures luxueuses, confortables et tendance qui deviendront sans aucun doute des best-sellers.<\/p>","protected":false},"excerpt":{"rendered":"<ul>\n<li>L'ext\u00e9rieur est en cuir de veau luxueux pour une \u00e9l\u00e9gance durable.<\/li>\n<li>L'int\u00e9rieur en cuir de ch\u00e8vre souple et respirant assure un confort sup\u00e9rieur.<\/li>\n<li>Il est orn\u00e9 d'une \u00e9l\u00e9gante cha\u00eene en m\u00e9tal dor\u00e9 pour un look raffin\u00e9.<\/li>\n<li>Con\u00e7ue avec une semelle moderne et confortable en EVA (hauteur de talon de 1 \u00e0 3 cm).<\/li>\n<li>Disponible dans une large gamme de tailles : 39, 40, 41, 42, 43, 44, 45.<\/li>\n<li>Id\u00e9al pour les commandes en gros avec une quantit\u00e9 minimale de 8 paires.<\/li>\n<li>Livraison efficace : 12 jours plus le d\u00e9lai d'exp\u00e9dition pour les achats en gros.<\/li>\n<\/ul>","protected":false},"featured_media":3989,"template":"","meta":{"_acf_changed":false,"_uag_custom_page_level_css":"","site-sidebar-layout":"default","site-content-layout":"","ast-site-content-layout":"default","site-content-style":"default","site-sidebar-style":"default","ast-global-header-display":"","ast-banner-title-visibility":"","ast-main-header-display":"","ast-hfb-above-header-display":"","ast-hfb-below-header-display":"","ast-hfb-mobile-header-display":"","site-post-title":"","ast-breadcrumbs-content":"","ast-featured-img":"","footer-sml-layout":"","ast-disable-related-posts":"","theme-transparent-header-meta":"default","adv-header-id-meta":"","stick-header-meta":"","header-above-stick-meta":"","header-main-stick-meta":"","header-below-stick-meta":"","astra-migrate-meta-layouts":"set","ast-page-background-enabled":"default","ast-page-background-meta":{"desktop":{"background-color":"var(--ast-global-color-4)","background-image":"","background-repeat":"repeat","background-position":"center center","background-size":"auto","background-attachment":"scroll","background-type":"","background-media":"","overlay-type":"","overlay-color":"","overlay-opacity":"","overlay-gradient":""},"tablet":{"background-color":"","background-image":"","background-repeat":"repeat","background-position":"center center","background-size":"auto","background-attachment":"scroll","background-type":"","background-media":"","overlay-type":"","overlay-color":"","overlay-opacity":"","overlay-gradient":""},"mobile":{"background-color":"","background-image":"","background-repeat":"repeat","background-position":"center center","background-size":"auto","background-attachment":"scroll","background-type":"","background-media":"","overlay-type":"","overlay-color":"","overlay-opacity":"","overlay-gradient":""}},"ast-content-background-meta":{"desktop":{"background-color":"var(--ast-global-color-5)","background-image":"","background-repeat":"repeat","background-position":"center center","background-size":"auto","background-attachment":"scroll","background-type":"","background-media":"","overlay-type":"","overlay-color":"","overlay-opacity":"","overlay-gradient":""},"tablet":{"background-color":"var(--ast-global-color-5)","background-image":"","background-repeat":"repeat","background-position":"center center","background-size":"auto","background-attachment":"scroll","background-type":"","background-media":"","overlay-type":"","overlay-color":"","overlay-opacity":"","overlay-gradient":""},"mobile":{"background-color":"var(--ast-global-color-5)","background-image":"","background-repeat":"repeat","background-position":"center center","background-size":"auto","background-attachment":"scroll","background-type":"","background-media":"","overlay-type":"","overlay-color":"","overlay-opacity":"","overlay-gradient":""}}},"product_brand":[],"product_cat":[430,40,15],"product_tag":[147,185,512,1114,409,438,352,189,1115,198,186,184,254],"class_list":{"0":"post-5983","1":"product","2":"type-product","3":"status-publish","4":"has-post-thumbnail","6":"product_cat-men","7":"product_cat-mens-shoes","8":"product_cat-uncategorized","9":"product_tag-brown-loafers","10":"product_tag-calf-leather-shoes","11":"product_tag-casual-loafers","12":"product_tag-chain-loafers","13":"product_tag-chunky-loafers","14":"product_tag-eva-sole","15":"product_tag-formal-loafers","16":"product_tag-goat-leather-lining","17":"product_tag-gold-hardware-loafers","18":"product_tag-mens-fashion","19":"product_tag-mens-loafers","20":"product_tag-slip-on-shoes","21":"product_tag-wholesale-footwear","22":"desktop-align-center","23":"tablet-align-center","24":"mobile-align-center","26":"first","27":"instock","28":"shipping-taxable","29":"purchasable","30":"product-type-variable","31":"has-default-attributes"},"acf":[],"uagb_featured_image_src":{"full":["https:\/\/turkishtrade.co\/wp-content\/uploads\/2026\/01\/2400EJOMN00490-BROWN-DKS_7654-fusped-2-USD.png",453,250,false],"thumbnail":["https:\/\/turkishtrade.co\/wp-content\/uploads\/2026\/01\/2400EJOMN00490-BROWN-DKS_7654-fusped-2-USD-150x150.png",150,150,true],"medium":["https:\/\/turkishtrade.co\/wp-content\/uploads\/2026\/01\/2400EJOMN00490-BROWN-DKS_7654-fusped-2-USD-300x166.png",300,166,true],"medium_large":["https:\/\/turkishtrade.co\/wp-content\/uploads\/2026\/01\/2400EJOMN00490-BROWN-DKS_7654-fusped-2-USD.png",453,250,false],"large":["https:\/\/turkishtrade.co\/wp-content\/uploads\/2026\/01\/2400EJOMN00490-BROWN-DKS_7654-fusped-2-USD.png",453,250,false],"1536x1536":["https:\/\/turkishtrade.co\/wp-content\/uploads\/2026\/01\/2400EJOMN00490-BROWN-DKS_7654-fusped-2-USD.png",453,250,false],"2048x2048":["https:\/\/turkishtrade.co\/wp-content\/uploads\/2026\/01\/2400EJOMN00490-BROWN-DKS_7654-fusped-2-USD.png",453,250,false],"trp-custom-language-flag":["https:\/\/turkishtrade.co\/wp-content\/uploads\/2026\/01\/2400EJOMN00490-BROWN-DKS_7654-fusped-2-USD-18x10.png",18,10,true],"woocommerce_thumbnail":["https:\/\/turkishtrade.co\/wp-content\/uploads\/2026\/01\/2400EJOMN00490-BROWN-DKS_7654-fusped-2-USD-400x250.png",400,250,true],"woocommerce_single":["https:\/\/turkishtrade.co\/wp-content\/uploads\/2026\/01\/2400EJOMN00490-BROWN-DKS_7654-fusped-2-USD.png",453,250,false],"woocommerce_gallery_thumbnail":["https:\/\/turkishtrade.co\/wp-content\/uploads\/2026\/01\/2400EJOMN00490-BROWN-DKS_7654-fusped-2-USD-100x100.png",100,100,true]},"uagb_author_info":{"display_name":"yaser olabi","author_link":"https:\/\/turkishtrade.co\/fr\/author\/"},"uagb_comment_info":0,"uagb_excerpt":"Crafted from luxurious Calf Leather exterior for lasting elegance. Soft, breathable Goat Leather interior ensures superior comfort. Features a stylish gold-tone chain embellishment for a refined look. Designed with a modern, comfortable EVA chunky sole (1-3 cm heel height). Available in a comprehensive range of sizes: 39, 40, 41, 42, 43, 44, 45. Ideal for\u2026","_links":{"self":[{"href":"https:\/\/turkishtrade.co\/fr\/wp-json\/wp\/v2\/product\/5983","targetHints":{"allow":["GET"]}}],"collection":[{"href":"https:\/\/turkishtrade.co\/fr\/wp-json\/wp\/v2\/product"}],"about":[{"href":"https:\/\/turkishtrade.co\/fr\/wp-json\/wp\/v2\/types\/product"}],"wp:featuredmedia":[{"embeddable":true,"href":"https:\/\/turkishtrade.co\/fr\/wp-json\/wp\/v2\/media\/3989"}],"wp:attachment":[{"href":"https:\/\/turkishtrade.co\/fr\/wp-json\/wp\/v2\/media?parent=5983"}],"wp:term":[{"taxonomy":"product_brand","embeddable":true,"href":"https:\/\/turkishtrade.co\/fr\/wp-json\/wp\/v2\/product_brand?post=5983"},{"taxonomy":"product_cat","embeddable":true,"href":"https:\/\/turkishtrade.co\/fr\/wp-json\/wp\/v2\/product_cat?post=5983"},{"taxonomy":"product_tag","embeddable":true,"href":"https:\/\/turkishtrade.co\/fr\/wp-json\/wp\/v2\/product_tag?post=5983"}],"curies":[{"name":"wp","href":"https:\/\/api.w.org\/{rel}","templated":true}]}}