{"id":5980,"date":"2026-01-14T13:53:37","date_gmt":"2026-01-14T13:53:37","guid":{"rendered":"https:\/\/turkishtrade.co\/product\/mens-navy-suede-chunky-loafers\/"},"modified":"2026-04-09T19:17:59","modified_gmt":"2026-04-09T19:17:59","slug":"mens-navy-suede-chunky-loafers","status":"publish","type":"product","link":"https:\/\/turkishtrade.co\/fr\/shop\/mens-navy-suede-chunky-loafers\/","title":{"rendered":"Premium Men's Chunky Loafers with Buckle en daim bleu marine"},"content":{"rendered":"<p><strong>Mocassins chunky en daim pour hommes, bleu marine<\/strong><\/p>\n<p>\u00c9levez votre collection de chaussures gr\u00e2ce \u00e0 nos chaussures exquises. <b>Mocassins chunky en daim pour hommes, bleu marine<\/b>, Ces mocassins ont \u00e9t\u00e9 con\u00e7us pour le gentleman moderne qui appr\u00e9cie \u00e0 la fois le style et le confort. Ces mocassins ne sont pas des mocassins comme les autres ; ils constituent une pi\u00e8ce ma\u00eetresse, alliant l'\u00e9l\u00e9gance classique \u00e0 la robustesse contemporaine. Parfaits pour ajouter une touche de charme sophistiqu\u00e9 \u00e0 n'importe quel ensemble, qu'il s'agisse d'une tenue d\u00e9contract\u00e9e ou d'un look plus d\u00e9contract\u00e9, ces mocassins sont parfaits pour les femmes. <b>Mocassins chunky en daim pour hommes, bleu marine<\/b> sont un must pour les personnes exigeantes.<\/p>\n<h3>Un savoir-faire in\u00e9gal\u00e9 et des mat\u00e9riaux de premi\u00e8re qualit\u00e9<\/h3>\n<p>Chaque paire de nos <b>Mocassins chunky en daim pour hommes, bleu marine<\/b> t\u00e9moigne d'un savoir-faire sup\u00e9rieur et de l'utilisation de mat\u00e9riaux de haute qualit\u00e9. L'ext\u00e9rieur est m\u00e9ticuleusement fa\u00e7onn\u00e9 en cuir de veau v\u00e9ritable avec une finition luxueuse en daim, offrant une texture douce et une riche teinte marine qui se d\u00e9marque dans n'importe quelle foule. L'int\u00e9rieur est enti\u00e8rement doubl\u00e9 de cuir de ch\u00e8vre souple, connu pour sa respirabilit\u00e9 et sa douceur au toucher.<\/p>\n<p>Cette combinaison bien pens\u00e9e garantit une exp\u00e9rience de port exceptionnelle, en gardant vos pieds \u00e0 l'aise tout au long de la journ\u00e9e. La base de ces mocassins est une semelle EVA robuste mais \u00e9tonnamment l\u00e9g\u00e8re, offrant une excellente absorption des chocs et une traction fiable sur diverses surfaces, ce qui fait de ces mocassins des mocassins \u00e0 la fois robustes et l\u00e9gers. <b>Mocassins chunky en daim pour hommes, bleu marine<\/b> aussi pratiques qu'\u00e9l\u00e9gants.<\/p>\n<h3>Un design \u00e9l\u00e9gant pour une polyvalence au quotidien<\/h3>\n<p>Ce qui distingue vraiment ces <b>Mocassins chunky en daim pour hommes, bleu marine<\/b> est leur design distinctif. La semelle \u00e9paisse et pro\u00e9minente s'aligne non seulement sur les tendances actuelles de la mode, mais offre \u00e9galement une position sur\u00e9lev\u00e9e et un amorti suppl\u00e9mentaire, garantissant le confort \u00e0 chaque pas. L'\u00e9l\u00e9gante tige en daim est compl\u00e9t\u00e9e par une boucle m\u00e9tallique raffin\u00e9e, qui ajoute une touche de sophistication classique sans dominer l'esth\u00e9tique moderne de la chaussure.<\/p>\n<p>Ces <b>Mocassins chunky en daim pour hommes, bleu marine<\/b> sont incroyablement polyvalents ; associez-les \u00e0 un pantalon de tailleur pour un look de bureau \u00e9l\u00e9gant et d\u00e9contract\u00e9, ou habillez-les d'un jean et d'un polo pour une sortie d\u00e9contract\u00e9e en fin de semaine.<\/p>\n<p>Elles sont con\u00e7ues pour passer sans probl\u00e8me de la journ\u00e9e \u00e0 la soir\u00e9e, pour que vous puissiez toujours sortir avec style et assurance.<\/p>\n<h3>Disponibilit\u00e9 et informations sur les commandes<\/h3>\n<p>Notre prime <b>Mocassins chunky en daim pour hommes, bleu marine<\/b> sont disponibles dans une large gamme de pointures europ\u00e9ennes, de 39 \u00e0 45, ce qui permet \u00e0 un grand nombre de clients de trouver chaussure \u00e0 leur pied. Nous nous adressons \u00e0 la fois aux amateurs de style et aux entreprises qui souhaitent stocker des chaussures de haute qualit\u00e9. Pour les demandes de vente en gros, veuillez noter qu'une quantit\u00e9 minimale de 8 paires est requise, ce qui en fait un produit id\u00e9al pour les d\u00e9taillants.<\/p>\n<p>Nous sommes fiers de l'efficacit\u00e9 de notre production, avec un d\u00e9lai de fabrication de seulement 12 jours, suivi d'une exp\u00e9dition rapide vers votre lieu de r\u00e9sidence. Investissez dans la qualit\u00e9, le confort et un style ind\u00e9niable avec ces chaussures exquises. <b>Mocassins chunky en daim pour hommes, bleu marine<\/b> - le compl\u00e9ment id\u00e9al de toute garde-robe exigeante.<\/p>","protected":false},"excerpt":{"rendered":"<ul>\n<li><b>Daim Premium Ext\u00e9rieur :<\/b> Confectionn\u00e9 en daim de veau de qualit\u00e9 sup\u00e9rieure pour un look sophistiqu\u00e9.<\/li>\n<li><b>Int\u00e9rieur luxueux :<\/b> Doubl\u00e9 de cuir de ch\u00e8vre souple et respirant pour un confort exceptionnel.<\/li>\n<li><b>Semelle durable et l\u00e9g\u00e8re :<\/b> Dot\u00e9e d'une semelle EVA \u00e0 la fois robuste et l\u00e9g\u00e8re pour une traction sup\u00e9rieure et une utilisation tout au long de la journ\u00e9e.<\/li>\n<li><b>Design contemporain :<\/b> Elle est dot\u00e9e d'une semelle \u00e9paisse distinctive et d'une boucle m\u00e9tallique \u00e9l\u00e9gante, parfaite pour la mode moderne.<\/li>\n<li><b>Tailles disponibles :<\/b> Propos\u00e9 dans une gamme compl\u00e8te de tailles europ\u00e9ennes allant de 39 \u00e0 45.<\/li>\n<li><b>Disponibilit\u00e9 en vrac :<\/b> Quantit\u00e9 minimale de commande de 8 paires disponible pour les achats en gros.<\/li>\n<li><b>Production et livraison :<\/b> Le d\u00e9lai de production est de 12 jours, plus les frais d'exp\u00e9dition.<\/li>\n<\/ul>","protected":false},"featured_media":3988,"template":"","meta":{"_acf_changed":false,"_uag_custom_page_level_css":"","site-sidebar-layout":"default","site-content-layout":"","ast-site-content-layout":"default","site-content-style":"default","site-sidebar-style":"default","ast-global-header-display":"","ast-banner-title-visibility":"","ast-main-header-display":"","ast-hfb-above-header-display":"","ast-hfb-below-header-display":"","ast-hfb-mobile-header-display":"","site-post-title":"","ast-breadcrumbs-content":"","ast-featured-img":"","footer-sml-layout":"","ast-disable-related-posts":"","theme-transparent-header-meta":"default","adv-header-id-meta":"","stick-header-meta":"","header-above-stick-meta":"","header-main-stick-meta":"","header-below-stick-meta":"","astra-migrate-meta-layouts":"set","ast-page-background-enabled":"default","ast-page-background-meta":{"desktop":{"background-color":"var(--ast-global-color-4)","background-image":"","background-repeat":"repeat","background-position":"center center","background-size":"auto","background-attachment":"scroll","background-type":"","background-media":"","overlay-type":"","overlay-color":"","overlay-opacity":"","overlay-gradient":""},"tablet":{"background-color":"","background-image":"","background-repeat":"repeat","background-position":"center center","background-size":"auto","background-attachment":"scroll","background-type":"","background-media":"","overlay-type":"","overlay-color":"","overlay-opacity":"","overlay-gradient":""},"mobile":{"background-color":"","background-image":"","background-repeat":"repeat","background-position":"center center","background-size":"auto","background-attachment":"scroll","background-type":"","background-media":"","overlay-type":"","overlay-color":"","overlay-opacity":"","overlay-gradient":""}},"ast-content-background-meta":{"desktop":{"background-color":"var(--ast-global-color-5)","background-image":"","background-repeat":"repeat","background-position":"center center","background-size":"auto","background-attachment":"scroll","background-type":"","background-media":"","overlay-type":"","overlay-color":"","overlay-opacity":"","overlay-gradient":""},"tablet":{"background-color":"var(--ast-global-color-5)","background-image":"","background-repeat":"repeat","background-position":"center center","background-size":"auto","background-attachment":"scroll","background-type":"","background-media":"","overlay-type":"","overlay-color":"","overlay-opacity":"","overlay-gradient":""},"mobile":{"background-color":"var(--ast-global-color-5)","background-image":"","background-repeat":"repeat","background-position":"center center","background-size":"auto","background-attachment":"scroll","background-type":"","background-media":"","overlay-type":"","overlay-color":"","overlay-opacity":"","overlay-gradient":""}}},"product_brand":[],"product_cat":[430,40,15],"product_tag":[315,1028,449,409,438,352,189,215,198,186,1093,479,362,184,546,149],"class_list":{"0":"post-5980","1":"product","2":"type-product","3":"status-publish","4":"has-post-thumbnail","6":"product_cat-men","7":"product_cat-mens-shoes","8":"product_cat-uncategorized","9":"product_tag-buckle-loafers","10":"product_tag-calf-suede","11":"product_tag-casual-shoes","12":"product_tag-chunky-loafers","13":"product_tag-eva-sole","14":"product_tag-formal-loafers","15":"product_tag-goat-leather-lining","16":"product_tag-leather-loafers","17":"product_tag-mens-fashion","18":"product_tag-mens-loafers","19":"product_tag-modern-loafers","20":"product_tag-navy-shoes","21":"product_tag-premium-footwear","22":"product_tag-slip-on-shoes","23":"product_tag-stylish-mens-shoes","24":"product_tag-suede-loafers","25":"desktop-align-center","26":"tablet-align-center","27":"mobile-align-center","29":"first","30":"instock","31":"shipping-taxable","32":"purchasable","33":"product-type-variable","34":"has-default-attributes"},"acf":[],"uagb_featured_image_src":{"full":["https:\/\/turkishtrade.co\/wp-content\/uploads\/2026\/01\/2400EJOMN00489-BLUE-DKS_7654-fusped-2-USD.png",453,250,false],"thumbnail":["https:\/\/turkishtrade.co\/wp-content\/uploads\/2026\/01\/2400EJOMN00489-BLUE-DKS_7654-fusped-2-USD-150x150.png",150,150,true],"medium":["https:\/\/turkishtrade.co\/wp-content\/uploads\/2026\/01\/2400EJOMN00489-BLUE-DKS_7654-fusped-2-USD-300x166.png",300,166,true],"medium_large":["https:\/\/turkishtrade.co\/wp-content\/uploads\/2026\/01\/2400EJOMN00489-BLUE-DKS_7654-fusped-2-USD.png",453,250,false],"large":["https:\/\/turkishtrade.co\/wp-content\/uploads\/2026\/01\/2400EJOMN00489-BLUE-DKS_7654-fusped-2-USD.png",453,250,false],"1536x1536":["https:\/\/turkishtrade.co\/wp-content\/uploads\/2026\/01\/2400EJOMN00489-BLUE-DKS_7654-fusped-2-USD.png",453,250,false],"2048x2048":["https:\/\/turkishtrade.co\/wp-content\/uploads\/2026\/01\/2400EJOMN00489-BLUE-DKS_7654-fusped-2-USD.png",453,250,false],"trp-custom-language-flag":["https:\/\/turkishtrade.co\/wp-content\/uploads\/2026\/01\/2400EJOMN00489-BLUE-DKS_7654-fusped-2-USD-18x10.png",18,10,true],"woocommerce_thumbnail":["https:\/\/turkishtrade.co\/wp-content\/uploads\/2026\/01\/2400EJOMN00489-BLUE-DKS_7654-fusped-2-USD-400x250.png",400,250,true],"woocommerce_single":["https:\/\/turkishtrade.co\/wp-content\/uploads\/2026\/01\/2400EJOMN00489-BLUE-DKS_7654-fusped-2-USD.png",453,250,false],"woocommerce_gallery_thumbnail":["https:\/\/turkishtrade.co\/wp-content\/uploads\/2026\/01\/2400EJOMN00489-BLUE-DKS_7654-fusped-2-USD-100x100.png",100,100,true]},"uagb_author_info":{"display_name":"yaser olabi","author_link":"https:\/\/turkishtrade.co\/fr\/author\/"},"uagb_comment_info":0,"uagb_excerpt":"Premium Suede Exterior: Expertly crafted from high-grade calf suede for a sophisticated look. Luxurious Interior: Lined with soft, breathable goat leather ensuring exceptional comfort. Durable &amp; Lightweight Sole: Features a robust yet lightweight EVA sole for superior traction and all-day wear. Contemporary Design: Boasts a distinctive chunky sole and stylish metal buckle detail, perfect for\u2026","_links":{"self":[{"href":"https:\/\/turkishtrade.co\/fr\/wp-json\/wp\/v2\/product\/5980","targetHints":{"allow":["GET"]}}],"collection":[{"href":"https:\/\/turkishtrade.co\/fr\/wp-json\/wp\/v2\/product"}],"about":[{"href":"https:\/\/turkishtrade.co\/fr\/wp-json\/wp\/v2\/types\/product"}],"wp:featuredmedia":[{"embeddable":true,"href":"https:\/\/turkishtrade.co\/fr\/wp-json\/wp\/v2\/media\/3988"}],"wp:attachment":[{"href":"https:\/\/turkishtrade.co\/fr\/wp-json\/wp\/v2\/media?parent=5980"}],"wp:term":[{"taxonomy":"product_brand","embeddable":true,"href":"https:\/\/turkishtrade.co\/fr\/wp-json\/wp\/v2\/product_brand?post=5980"},{"taxonomy":"product_cat","embeddable":true,"href":"https:\/\/turkishtrade.co\/fr\/wp-json\/wp\/v2\/product_cat?post=5980"},{"taxonomy":"product_tag","embeddable":true,"href":"https:\/\/turkishtrade.co\/fr\/wp-json\/wp\/v2\/product_tag?post=5980"}],"curies":[{"name":"wp","href":"https:\/\/api.w.org\/{rel}","templated":true}]}}