{"id":5978,"date":"2026-01-14T13:53:11","date_gmt":"2026-01-14T13:53:11","guid":{"rendered":"https:\/\/turkishtrade.co\/product\/men-s-crocodile-embossed-derbies\/"},"modified":"2026-04-09T19:18:03","modified_gmt":"2026-04-09T19:18:03","slug":"mens-crocodile-embossed-derbies","status":"publish","type":"product","link":"https:\/\/turkishtrade.co\/fr\/shop\/mens-crocodile-embossed-derbies\/","title":{"rendered":"Chaussures derby de luxe en cuir gaufr\u00e9 marron \u00e0 plateforme pour hommes"},"content":{"rendered":"<p><strong>Derbies gaufr\u00e9s en crocodile pour hommes<\/strong><\/p>\n<p>Am\u00e9liorez votre collection de chaussures avec notre magnifique <strong>Derbies gaufr\u00e9s en crocodile pour hommes<\/strong>, Ces chaussures sont un v\u00e9ritable t\u00e9moignage d'un design luxueux et d'un savoir-faire de qualit\u00e9 sup\u00e9rieure. Il ne s'agit pas de simples chaussures, mais d'une d\u00e9claration. M\u00e9ticuleusement fabriqu\u00e9es \u00e0 la main, ces chaussures derbies pr\u00e9sentent une riche finition marron d\u00e9grad\u00e9e avec un motif gaufr\u00e9 en crocodile frappant qui exsude la sophistication et un style unique. Con\u00e7ues pour le gentleman exigeant, ces chaussures allient harmonieusement l'\u00e9l\u00e9gance classique \u00e0 une touche contemporaine.<\/p>\n<p>L'ext\u00e9rieur de ces chaussures exceptionnelles est fabriqu\u00e9 en cuir de veau de qualit\u00e9 sup\u00e9rieure, r\u00e9put\u00e9 pour sa durabilit\u00e9, sa texture souple et sa capacit\u00e9 \u00e0 conserver des motifs complexes. Le gaufrage du crocodile n'est pas un simple motif, c'est une \u0153uvre d'art qui apporte une texture distincte et une profondeur visuelle qui feront tourner les t\u00eates. Cette luxueuse enveloppe ext\u00e9rieure est compl\u00e9t\u00e9e par un int\u00e9rieur doubl\u00e9 de cuir de ch\u00e8vre souple et respirant, garantissant un confort in\u00e9gal\u00e9 \u00e0 chaque pas.<\/p>\n<p>Le cuir de ch\u00e8vre se moule \u00e0 votre pied, offrant une sensation personnalis\u00e9e et \u00e9vacuant l'humidit\u00e9, ce qui rend ces derbies adapt\u00e9es \u00e0 un port prolong\u00e9.<\/p>\n<h3>Un confort in\u00e9gal\u00e9 pour un style audacieux<\/h3>\n<p>L'une des caract\u00e9ristiques les plus marquantes de ces <strong>Derbies gaufr\u00e9s en crocodile pour hommes<\/strong> est leur semelle compens\u00e9e EVA, robuste et l\u00e9g\u00e8re \u00e0 la fois. Cette semelle \u00e9paisse offre non seulement une excellente absorption des chocs et un confort tout au long de la journ\u00e9e, mais elle ajoute \u00e9galement un \u00e9l\u00e9ment de style important. Avec une hauteur de talon approximative de 4 \u00e0 9 cm, la semelle contribue \u00e0 un profil lift\u00e9 \u00e0 la mode sans compromettre la stabilit\u00e9.<\/p>\n<p>Le design unique en couches sur le c\u00f4t\u00e9 de la semelle renforce encore son attrait moderne, faisant de ces derbies un choix remarquable pour les occasions d\u00e9contract\u00e9es et semi-formelles.<\/p>\n<p>Que vous souhaitiez faire preuve d'audace lors d'une soir\u00e9e ou que vous recherchiez des chaussures sophistiqu\u00e9es pour votre tenue d\u00e9contract\u00e9e de tous les jours, ces chaussures sont faites pour vous. <strong>Derbies gaufr\u00e9s en crocodile pour hommes<\/strong> offrent une polyvalence exceptionnelle. Elles se marient parfaitement avec des pantalons de tailleur, des jeans \u00e9l\u00e9gants ou m\u00eame des costumes contemporains, ajoutant une touche de luxe exotique \u00e0 n'importe quel ensemble. Disponibles dans une large gamme de tailles allant du 39 au 45, elles s'adaptent parfaitement \u00e0 un large \u00e9ventail de pieds.<\/p>\n<h3>Commandez vos Derbies Premium d\u00e8s aujourd'hui<\/h3>\n<p>Pour les d\u00e9taillants et les entreprises, ces derbies de qualit\u00e9 sup\u00e9rieure sont disponibles pour les commandes en gros avec une quantit\u00e9 minimale de 8 paires. Nous sommes fiers de notre rapidit\u00e9 de livraison, les commandes \u00e9tant exp\u00e9di\u00e9es dans un d\u00e9lai de 12 jours plus le temps d'exp\u00e9dition. Investissez dans la qualit\u00e9, le confort et un style ind\u00e9niable avec ces chaussures exquises pour hommes qui promettent d'\u00eatre un ajout pr\u00e9cieux \u00e0 toute garde-robe.<\/p>","protected":false},"excerpt":{"rendered":"<ul>\n<li><strong>Un savoir-faire exquis :<\/strong> Fabriqu\u00e9 \u00e0 la main avec un ext\u00e9rieur en cuir de veau de premi\u00e8re qualit\u00e9, avec un motif gaufr\u00e9 en crocodile marron distinctif.<\/li>\n<li><strong>Confort sup\u00e9rieur :<\/strong> Doubl\u00e9 de cuir de ch\u00e8vre souple pour un confort int\u00e9rieur et une respirabilit\u00e9 exceptionnels.<\/li>\n<li><strong>Semelle compens\u00e9e en EVA :<\/strong> Elle est dot\u00e9e d'une semelle EVA durable et l\u00e9g\u00e8re et d'une plateforme unique (hauteur de talon d'environ 4 \u00e0 9 cm) pour une esth\u00e9tique moderne et un meilleur amorti.<\/li>\n<li><strong>Taille polyvalente :<\/strong> Disponible dans une gamme compl\u00e8te de tailles europ\u00e9ennes allant de 39 \u00e0 45.<\/li>\n<li><strong>Disponibilit\u00e9 des commandes en vrac :<\/strong> Commande minimum de 8 paires. Livraison dans les 12 jours plus les frais de port.<\/li>\n<\/ul>","protected":false},"featured_media":3987,"template":"","meta":{"_acf_changed":false,"_uag_custom_page_level_css":"","site-sidebar-layout":"default","site-content-layout":"","ast-site-content-layout":"default","site-content-style":"default","site-sidebar-style":"default","ast-global-header-display":"","ast-banner-title-visibility":"","ast-main-header-display":"","ast-hfb-above-header-display":"","ast-hfb-below-header-display":"","ast-hfb-mobile-header-display":"","site-post-title":"","ast-breadcrumbs-content":"","ast-featured-img":"","footer-sml-layout":"","ast-disable-related-posts":"","theme-transparent-header-meta":"default","adv-header-id-meta":"","stick-header-meta":"","header-above-stick-meta":"","header-main-stick-meta":"","header-below-stick-meta":"","astra-migrate-meta-layouts":"set","ast-page-background-enabled":"default","ast-page-background-meta":{"desktop":{"background-color":"var(--ast-global-color-4)","background-image":"","background-repeat":"repeat","background-position":"center center","background-size":"auto","background-attachment":"scroll","background-type":"","background-media":"","overlay-type":"","overlay-color":"","overlay-opacity":"","overlay-gradient":""},"tablet":{"background-color":"","background-image":"","background-repeat":"repeat","background-position":"center center","background-size":"auto","background-attachment":"scroll","background-type":"","background-media":"","overlay-type":"","overlay-color":"","overlay-opacity":"","overlay-gradient":""},"mobile":{"background-color":"","background-image":"","background-repeat":"repeat","background-position":"center center","background-size":"auto","background-attachment":"scroll","background-type":"","background-media":"","overlay-type":"","overlay-color":"","overlay-opacity":"","overlay-gradient":""}},"ast-content-background-meta":{"desktop":{"background-color":"var(--ast-global-color-5)","background-image":"","background-repeat":"repeat","background-position":"center center","background-size":"auto","background-attachment":"scroll","background-type":"","background-media":"","overlay-type":"","overlay-color":"","overlay-opacity":"","overlay-gradient":""},"tablet":{"background-color":"var(--ast-global-color-5)","background-image":"","background-repeat":"repeat","background-position":"center center","background-size":"auto","background-attachment":"scroll","background-type":"","background-media":"","overlay-type":"","overlay-color":"","overlay-opacity":"","overlay-gradient":""},"mobile":{"background-color":"var(--ast-global-color-5)","background-image":"","background-repeat":"repeat","background-position":"center center","background-size":"auto","background-attachment":"scroll","background-type":"","background-media":"","overlay-type":"","overlay-color":"","overlay-opacity":"","overlay-gradient":""}}},"product_brand":[],"product_cat":[48,49,430,40,15],"product_tag":[292,202,1112,212,438,697,732,959,437,450,1110,1111,406],"class_list":{"0":"post-5978","1":"product","2":"type-product","3":"status-publish","4":"has-post-thumbnail","6":"product_cat-casual","7":"product_cat-loafer","8":"product_cat-men","9":"product_cat-mens-shoes","10":"product_cat-uncategorized","11":"product_tag-brown-leather-shoes","12":"product_tag-calf-leather","13":"product_tag-chunky-sole-derbies","14":"product_tag-derby-shoes","15":"product_tag-eva-sole","16":"product_tag-exotic-leather-shoes","17":"product_tag-fashion-shoes","18":"product_tag-formal-casual-shoes","19":"product_tag-goat-leather","20":"product_tag-handcrafted-shoes","21":"product_tag-mens-crocodile-embossed-derbies","22":"product_tag-mens-platform-shoes","23":"product_tag-premium-shoes","24":"desktop-align-center","25":"tablet-align-center","26":"mobile-align-center","28":"first","29":"instock","30":"shipping-taxable","31":"purchasable","32":"product-type-variable","33":"has-default-attributes"},"acf":[],"uagb_featured_image_src":{"full":["https:\/\/turkishtrade.co\/wp-content\/uploads\/2026\/01\/2400EJOMN00488-BROWN-Y_12582-6-USD.png",453,250,false],"thumbnail":["https:\/\/turkishtrade.co\/wp-content\/uploads\/2026\/01\/2400EJOMN00488-BROWN-Y_12582-6-USD-150x150.png",150,150,true],"medium":["https:\/\/turkishtrade.co\/wp-content\/uploads\/2026\/01\/2400EJOMN00488-BROWN-Y_12582-6-USD-300x166.png",300,166,true],"medium_large":["https:\/\/turkishtrade.co\/wp-content\/uploads\/2026\/01\/2400EJOMN00488-BROWN-Y_12582-6-USD.png",453,250,false],"large":["https:\/\/turkishtrade.co\/wp-content\/uploads\/2026\/01\/2400EJOMN00488-BROWN-Y_12582-6-USD.png",453,250,false],"1536x1536":["https:\/\/turkishtrade.co\/wp-content\/uploads\/2026\/01\/2400EJOMN00488-BROWN-Y_12582-6-USD.png",453,250,false],"2048x2048":["https:\/\/turkishtrade.co\/wp-content\/uploads\/2026\/01\/2400EJOMN00488-BROWN-Y_12582-6-USD.png",453,250,false],"trp-custom-language-flag":["https:\/\/turkishtrade.co\/wp-content\/uploads\/2026\/01\/2400EJOMN00488-BROWN-Y_12582-6-USD-18x10.png",18,10,true],"woocommerce_thumbnail":["https:\/\/turkishtrade.co\/wp-content\/uploads\/2026\/01\/2400EJOMN00488-BROWN-Y_12582-6-USD-400x250.png",400,250,true],"woocommerce_single":["https:\/\/turkishtrade.co\/wp-content\/uploads\/2026\/01\/2400EJOMN00488-BROWN-Y_12582-6-USD.png",453,250,false],"woocommerce_gallery_thumbnail":["https:\/\/turkishtrade.co\/wp-content\/uploads\/2026\/01\/2400EJOMN00488-BROWN-Y_12582-6-USD-100x100.png",100,100,true]},"uagb_author_info":{"display_name":"yaser olabi","author_link":"https:\/\/turkishtrade.co\/fr\/author\/"},"uagb_comment_info":0,"uagb_excerpt":"Exquisite Craftsmanship: Handcrafted with premium calf leather exterior, featuring a distinctive brown crocodile embossed pattern. Superior Comfort: Lined with soft goat leather for exceptional interior comfort and breathability. Chunky EVA Platform Sole: Features a durable and lightweight EVA sole with a unique layered, chunky platform design (approx. 4-9cm heel height) for a modern aesthetic and\u2026","_links":{"self":[{"href":"https:\/\/turkishtrade.co\/fr\/wp-json\/wp\/v2\/product\/5978","targetHints":{"allow":["GET"]}}],"collection":[{"href":"https:\/\/turkishtrade.co\/fr\/wp-json\/wp\/v2\/product"}],"about":[{"href":"https:\/\/turkishtrade.co\/fr\/wp-json\/wp\/v2\/types\/product"}],"wp:featuredmedia":[{"embeddable":true,"href":"https:\/\/turkishtrade.co\/fr\/wp-json\/wp\/v2\/media\/3987"}],"wp:attachment":[{"href":"https:\/\/turkishtrade.co\/fr\/wp-json\/wp\/v2\/media?parent=5978"}],"wp:term":[{"taxonomy":"product_brand","embeddable":true,"href":"https:\/\/turkishtrade.co\/fr\/wp-json\/wp\/v2\/product_brand?post=5978"},{"taxonomy":"product_cat","embeddable":true,"href":"https:\/\/turkishtrade.co\/fr\/wp-json\/wp\/v2\/product_cat?post=5978"},{"taxonomy":"product_tag","embeddable":true,"href":"https:\/\/turkishtrade.co\/fr\/wp-json\/wp\/v2\/product_tag?post=5978"}],"curies":[{"name":"wp","href":"https:\/\/api.w.org\/{rel}","templated":true}]}}