{"id":5976,"date":"2026-01-14T13:52:50","date_gmt":"2026-01-14T13:52:50","guid":{"rendered":"https:\/\/turkishtrade.co\/product\/mens-leather-chunky-loafers\/"},"modified":"2026-04-09T19:18:06","modified_gmt":"2026-04-09T19:18:06","slug":"mens-leather-chunky-loafers","status":"publish","type":"product","link":"https:\/\/turkishtrade.co\/fr\/shop\/mens-leather-chunky-loafers\/","title":{"rendered":"Mocassins en cuir de qualit\u00e9 sup\u00e9rieure pour hommes avec d\u00e9tails en mors de cheval"},"content":{"rendered":"<p><strong>Mocassins en cuir pour hommes<\/strong><\/p>\n<p>Entrez dans un monde o\u00f9 l'\u00e9l\u00e9gance classique c\u00f4toie le style contemporain gr\u00e2ce \u00e0 nos magnifiques <strong>Mocassins en cuir pour hommes<\/strong>. M\u00e9ticuleusement con\u00e7us pour l'homme exigeant, ces mocassins ne sont pas seulement des chaussures, ils sont une d\u00e9claration de go\u00fbt sophistiqu\u00e9 et de confort in\u00e9gal\u00e9. Con\u00e7us pour passer en douceur de la tenue d'affaires d\u00e9contract\u00e9e \u00e0 la tenue chic du week-end, nos mocassins sont des chaussures de sport. <strong>Mocassins en cuir pour hommes<\/strong> se caract\u00e9risent par une riche teinte marron fonc\u00e9 qui s'adapte \u00e0 toutes les tenues.<\/p>\n<p>L'ext\u00e9rieur est fabriqu\u00e9 en cuir de veau souple de premi\u00e8re qualit\u00e9, r\u00e9put\u00e9 pour sa durabilit\u00e9 et son toucher luxueux. Cette surface ext\u00e9rieure de haute qualit\u00e9 promet de vieillir magnifiquement, en d\u00e9veloppant au fil du temps une patine unique qui raconte votre histoire personnelle. En compl\u00e9ment, l'int\u00e9rieur est dot\u00e9 d'une doublure en cuir de ch\u00e8vre v\u00e9ritable, qui garantit la respirabilit\u00e9 et une \u00e9treinte exceptionnellement douce pour vos pieds, m\u00eame en cas de port prolong\u00e9. D\u00e9couvrez le nec plus ultra en mati\u00e8re de confort et de soutien du pied.<\/p>\n<h3>Un design moderne pour un confort durable<\/h3>\n<p>Ces mocassins se distinguent par leur design moderne. Ils sont dot\u00e9s d'une semelle \u00e0 plateforme sur\u00e9lev\u00e9e et frappante, fabriqu\u00e9e \u00e0 partir d'un mat\u00e9riau EVA \u00e0 la fois l\u00e9ger et robuste. Cette semelle innovante offre non seulement un amorti sup\u00e9rieur et une absorption des chocs, mais elle ajoute \u00e9galement une touche contemporaine \u00e0 la silhouette traditionnelle des mocassins.<\/p>\n<p>La semelle \u00e9paisse offre une excellente traction. <strong>Mocassins en cuir pour hommes<\/strong> parfaites pour les terrains urbains les plus divers. L'empeigne est orn\u00e9e d'un \u00e9l\u00e9gant mors dor\u00e9, un accent intemporel qui ajoute une touche de raffinement classique et de luxe discret.<\/p>\n<h3>Polyvalence et possibilit\u00e9s de vente en gros<\/h3>\n<p>Que vous assistiez \u00e0 une r\u00e9union d'affaires d\u00e9contract\u00e9e, que vous vous promeniez tranquillement ou que vous vous rendiez \u00e0 un \u00e9v\u00e9nement en soir\u00e9e, ces v\u00eatements polyvalents vous permettront de vous sentir \u00e0 l'aise dans la vie de tous les jours. <strong>Mocassins en cuir pour hommes<\/strong> sont votre compagnon id\u00e9al. Disponibles dans une large gamme de pointures allant de l'UE 39 \u00e0 l'UE 45, nous garantissons un ajustement parfait \u00e0 chaque pied. Pour les d\u00e9taillants et les entreprises, ces <strong>Mocassins en cuir pour hommes<\/strong> sont disponibles \u00e0 l'achat en gros avec une commande minimum de 8 paires, offrant un excellent rapport qualit\u00e9-prix.<\/p>\n<p>Am\u00e9liorez votre inventaire et offrez \u00e0 vos clients le meilleur de la chaussure contemporaine avec ces chaussures exceptionnelles. <strong>Mocassins en cuir pour hommes<\/strong>.<\/p>","protected":false},"excerpt":{"rendered":"<ul>\n<li><strong>Mat\u00e9riau ext\u00e9rieur :<\/strong> 100% Cuir de veau v\u00e9ritable<\/li>\n<li><strong>Mat\u00e9riau int\u00e9rieur :<\/strong> 100% Cuir de ch\u00e8vre v\u00e9ritable<\/li>\n<li><strong>Semelle ext\u00e9rieure :<\/strong> EVA durable et l\u00e9ger<\/li>\n<li><strong>Type de talon :<\/strong> Semelle \u00e0 plateforme sur\u00e9lev\u00e9e<\/li>\n<li><strong>D\u00e9tail de la conception :<\/strong> \u00c9l\u00e9gant mors de cheval en m\u00e9tal dor\u00e9<\/li>\n<li><strong>Tailles disponibles :<\/strong> UE 39, 40, 41, 42, 43, 44, 45<\/li>\n<li><strong>Commande minimale :<\/strong> 8 paires (prix de gros disponible)<\/li>\n<li><strong>Livraison estim\u00e9e :<\/strong> 12 jours + Exp\u00e9dition<\/li>\n<\/ul>","protected":false},"featured_media":3986,"template":"","meta":{"_acf_changed":false,"_uag_custom_page_level_css":"","site-sidebar-layout":"default","site-content-layout":"","ast-site-content-layout":"default","site-content-style":"default","site-sidebar-style":"default","ast-global-header-display":"","ast-banner-title-visibility":"","ast-main-header-display":"","ast-hfb-above-header-display":"","ast-hfb-below-header-display":"","ast-hfb-mobile-header-display":"","site-post-title":"","ast-breadcrumbs-content":"","ast-featured-img":"","footer-sml-layout":"","ast-disable-related-posts":"","theme-transparent-header-meta":"default","adv-header-id-meta":"","stick-header-meta":"","header-above-stick-meta":"","header-main-stick-meta":"","header-below-stick-meta":"","astra-migrate-meta-layouts":"set","ast-page-background-enabled":"default","ast-page-background-meta":{"desktop":{"background-color":"var(--ast-global-color-4)","background-image":"","background-repeat":"repeat","background-position":"center center","background-size":"auto","background-attachment":"scroll","background-type":"","background-media":"","overlay-type":"","overlay-color":"","overlay-opacity":"","overlay-gradient":""},"tablet":{"background-color":"","background-image":"","background-repeat":"repeat","background-position":"center center","background-size":"auto","background-attachment":"scroll","background-type":"","background-media":"","overlay-type":"","overlay-color":"","overlay-opacity":"","overlay-gradient":""},"mobile":{"background-color":"","background-image":"","background-repeat":"repeat","background-position":"center center","background-size":"auto","background-attachment":"scroll","background-type":"","background-media":"","overlay-type":"","overlay-color":"","overlay-opacity":"","overlay-gradient":""}},"ast-content-background-meta":{"desktop":{"background-color":"var(--ast-global-color-5)","background-image":"","background-repeat":"repeat","background-position":"center center","background-size":"auto","background-attachment":"scroll","background-type":"","background-media":"","overlay-type":"","overlay-color":"","overlay-opacity":"","overlay-gradient":""},"tablet":{"background-color":"var(--ast-global-color-5)","background-image":"","background-repeat":"repeat","background-position":"center center","background-size":"auto","background-attachment":"scroll","background-type":"","background-media":"","overlay-type":"","overlay-color":"","overlay-opacity":"","overlay-gradient":""},"mobile":{"background-color":"var(--ast-global-color-5)","background-image":"","background-repeat":"repeat","background-position":"center center","background-size":"auto","background-attachment":"scroll","background-type":"","background-media":"","overlay-type":"","overlay-color":"","overlay-opacity":"","overlay-gradient":""}}},"product_brand":[],"product_cat":[48,49,430,40,15],"product_tag":[147,185,512,409,737,438,189,327,215,762,384,198,186,1093,1079,280,281],"class_list":{"0":"post-5976","1":"product","2":"type-product","3":"status-publish","4":"has-post-thumbnail","6":"product_cat-casual","7":"product_cat-loafer","8":"product_cat-men","9":"product_cat-mens-shoes","10":"product_cat-uncategorized","11":"product_tag-brown-loafers","12":"product_tag-calf-leather-shoes","13":"product_tag-casual-loafers","14":"product_tag-chunky-loafers","15":"product_tag-dress-loafers","16":"product_tag-eva-sole","17":"product_tag-goat-leather-lining","18":"product_tag-horsebit-loafers","19":"product_tag-leather-loafers","20":"product_tag-loafer-shoes","21":"product_tag-luxury-loafers","22":"product_tag-mens-fashion","23":"product_tag-mens-loafers","24":"product_tag-modern-loafers","25":"product_tag-platform-loafers","26":"product_tag-smart-casual-shoes","27":"product_tag-wholesale-shoes","28":"desktop-align-center","29":"tablet-align-center","30":"mobile-align-center","32":"first","33":"instock","34":"shipping-taxable","35":"purchasable","36":"product-type-variable","37":"has-default-attributes"},"acf":[],"uagb_featured_image_src":{"full":["https:\/\/turkishtrade.co\/wp-content\/uploads\/2026\/01\/2400EJOMN00486-BROWN-ZL_300-5-USD.png",453,250,false],"thumbnail":["https:\/\/turkishtrade.co\/wp-content\/uploads\/2026\/01\/2400EJOMN00486-BROWN-ZL_300-5-USD-150x150.png",150,150,true],"medium":["https:\/\/turkishtrade.co\/wp-content\/uploads\/2026\/01\/2400EJOMN00486-BROWN-ZL_300-5-USD-300x166.png",300,166,true],"medium_large":["https:\/\/turkishtrade.co\/wp-content\/uploads\/2026\/01\/2400EJOMN00486-BROWN-ZL_300-5-USD.png",453,250,false],"large":["https:\/\/turkishtrade.co\/wp-content\/uploads\/2026\/01\/2400EJOMN00486-BROWN-ZL_300-5-USD.png",453,250,false],"1536x1536":["https:\/\/turkishtrade.co\/wp-content\/uploads\/2026\/01\/2400EJOMN00486-BROWN-ZL_300-5-USD.png",453,250,false],"2048x2048":["https:\/\/turkishtrade.co\/wp-content\/uploads\/2026\/01\/2400EJOMN00486-BROWN-ZL_300-5-USD.png",453,250,false],"trp-custom-language-flag":["https:\/\/turkishtrade.co\/wp-content\/uploads\/2026\/01\/2400EJOMN00486-BROWN-ZL_300-5-USD-18x10.png",18,10,true],"woocommerce_thumbnail":["https:\/\/turkishtrade.co\/wp-content\/uploads\/2026\/01\/2400EJOMN00486-BROWN-ZL_300-5-USD-400x250.png",400,250,true],"woocommerce_single":["https:\/\/turkishtrade.co\/wp-content\/uploads\/2026\/01\/2400EJOMN00486-BROWN-ZL_300-5-USD.png",453,250,false],"woocommerce_gallery_thumbnail":["https:\/\/turkishtrade.co\/wp-content\/uploads\/2026\/01\/2400EJOMN00486-BROWN-ZL_300-5-USD-100x100.png",100,100,true]},"uagb_author_info":{"display_name":"yaser olabi","author_link":"https:\/\/turkishtrade.co\/fr\/author\/"},"uagb_comment_info":0,"uagb_excerpt":"Outer Material: 100% Genuine Calf Leather Inner Material: 100% Genuine Goat Leather Outsole: Durable and Lightweight EVA Heel Type: Elevated Chunky Platform Sole Design Detail: Elegant Gold-Tone Horsebit Accent Available Sizes: EU 39, 40, 41, 42, 43, 44, 45 Minimum Order: 8 Pairs (wholesale pricing available) Estimated Delivery: 12 Days + Shipping","_links":{"self":[{"href":"https:\/\/turkishtrade.co\/fr\/wp-json\/wp\/v2\/product\/5976","targetHints":{"allow":["GET"]}}],"collection":[{"href":"https:\/\/turkishtrade.co\/fr\/wp-json\/wp\/v2\/product"}],"about":[{"href":"https:\/\/turkishtrade.co\/fr\/wp-json\/wp\/v2\/types\/product"}],"wp:featuredmedia":[{"embeddable":true,"href":"https:\/\/turkishtrade.co\/fr\/wp-json\/wp\/v2\/media\/3986"}],"wp:attachment":[{"href":"https:\/\/turkishtrade.co\/fr\/wp-json\/wp\/v2\/media?parent=5976"}],"wp:term":[{"taxonomy":"product_brand","embeddable":true,"href":"https:\/\/turkishtrade.co\/fr\/wp-json\/wp\/v2\/product_brand?post=5976"},{"taxonomy":"product_cat","embeddable":true,"href":"https:\/\/turkishtrade.co\/fr\/wp-json\/wp\/v2\/product_cat?post=5976"},{"taxonomy":"product_tag","embeddable":true,"href":"https:\/\/turkishtrade.co\/fr\/wp-json\/wp\/v2\/product_tag?post=5976"}],"curies":[{"name":"wp","href":"https:\/\/api.w.org\/{rel}","templated":true}]}}