{"id":5970,"date":"2026-01-14T13:51:45","date_gmt":"2026-01-14T13:51:45","guid":{"rendered":"https:\/\/turkishtrade.co\/product\/mens-leather-chunky-derby\/"},"modified":"2026-04-09T19:18:15","modified_gmt":"2026-04-09T19:18:15","slug":"mens-leather-chunky-derby","status":"publish","type":"product","link":"https:\/\/turkishtrade.co\/fr\/shop\/mens-leather-chunky-derby\/","title":{"rendered":"Chaussures derby en cuir bleu vieilli pour hommes"},"content":{"rendered":"<p><strong>Derby Chunky en cuir pour hommes<\/strong><\/p>\n<p>D\u00e9couvrez le m\u00e9lange ultime de style robuste et de confort haut de gamme avec notre <strong>Chaussures derby en cuir pour hommes<\/strong>. Ces chaussures exceptionnelles red\u00e9finissent l'\u00e9l\u00e9gance d\u00e9contract\u00e9e, offrant une pi\u00e8ce audacieuse \u00e0 l'homme moderne. Fabriqu\u00e9e m\u00e9ticuleusement, chaque paire de ces <strong>Chaussures derby en cuir pour hommes<\/strong> associe l'art de la cordonnerie traditionnelle \u00e0 un design contemporain, ce qui en fait un compl\u00e9ment indispensable \u00e0 toute garde-robe exigeante.<\/p>\n<p>Faites l'exp\u00e9rience d'un savoir-faire sup\u00e9rieur \u00e0 chaque pas dans ces chaussures polyvalentes. <strong>Chaussures derby en cuir pour hommes<\/strong>.<\/p>\n<p><h3>Qualit\u00e9 et confort in\u00e9gal\u00e9s<\/h3>\n<\/p>\n<p>Notre <strong>Chaussures derby en cuir pour hommes<\/strong> sont dot\u00e9s d'une surface ext\u00e9rieure luxueuse en cuir de veau v\u00e9ritable, connu pour sa durabilit\u00e9, son toucher souple et sa finition \u00e9l\u00e9gante. La teinte bleue us\u00e9e ajoute un caract\u00e8re unique qui ne fera que s'am\u00e9liorer avec le temps. \u00c0 l'int\u00e9rieur, vos pieds seront berc\u00e9s par la douce \u00e9treinte d'une doublure en cuir de ch\u00e8vre de premi\u00e8re qualit\u00e9, garantissant une respirabilit\u00e9 et un confort in\u00e9gal\u00e9 tout au long de la journ\u00e9e.<\/p>\n<p>Les propri\u00e9t\u00e9s naturelles d'\u00e9vacuation de l'humidit\u00e9 de l'int\u00e9rieur permettent \u00e0 vos pieds de se sentir frais, ce qui rend ces chaussures tr\u00e8s agr\u00e9ables \u00e0 porter. <strong>Chaussures derby en cuir pour hommes<\/strong> parfait pour une utilisation prolong\u00e9e.<\/p>\n<p><h3>Design distinctif et semelle robuste<\/h3>\n<\/p>\n<p>Ce qui distingue vraiment ces chaussures derby, c'est leur semelle \u00e0 crampons en EVA qui attire l'attention. Offrant une plate-forme confortable d'environ 4 \u00e0 6 cm, cette semelle robuste offre une excellente traction et une grande durabilit\u00e9, convenant \u00e0 divers terrains et conditions m\u00e9t\u00e9orologiques. Le mat\u00e9riau EVA, \u00e0 la fois l\u00e9ger et robuste, permet \u00e0 ces chaussures d'avoir un aspect substantiel tout en restant \u00e9tonnamment confortables \u00e0 porter tout au long de la journ\u00e9e.<\/p>\n<p>Le design classique \u00e0 lacets assure un ajustement s\u00fbr et ajustable, compl\u00e9tant l'esth\u00e9tique g\u00e9n\u00e9rale de la chaussure, \u00e0 la fois robuste et raffin\u00e9e. Ces chaussures <strong>Chaussures derby en cuir pour hommes<\/strong> sont con\u00e7ues pour avoir un impact, que vous naviguiez dans les rues de la ville ou que vous profitiez d'une sortie d\u00e9contract\u00e9e le week-end.<\/p>\n<p><h3>Disponible pour les commandes en gros et personnalis\u00e9es<\/h3>\n<\/p>\n<p>Nous r\u00e9pondons aussi bien aux commandes individuelles qu'aux commandes group\u00e9es, avec une quantit\u00e9 minimale de 8 paires. Cela fait de nos <strong>Chaussures derby en cuir pour hommes<\/strong> un choix id\u00e9al pour les d\u00e9taillants qui souhaitent proposer des chaussures de haute qualit\u00e9 et \u00e0 la pointe de la mode. Disponibles dans une gamme compl\u00e8te de pointures allant du 39 au 45, ces chaussures conviennent parfaitement \u00e0 une large client\u00e8le.<\/p>\n<p>Veuillez consulter notre liste de prix pour conna\u00eetre les prix de gros d\u00e9taill\u00e9s. La livraison prend g\u00e9n\u00e9ralement 12 jours plus le temps d'exp\u00e9dition, ce qui garantit que votre commande arrive efficacement et pr\u00eate \u00e0 \u00eatre expos\u00e9e. Am\u00e9liorez votre collection de chaussures avec ces chaussures \u00e9l\u00e9gantes et durables. <strong>Chaussures derby en cuir pour hommes<\/strong>.<\/p>","protected":false},"excerpt":{"rendered":"<ul>\n<li>Tige en cuir de veau vieilli de premi\u00e8re qualit\u00e9<\/li>\n<li>Doublure en cuir de ch\u00e8vre souple pour un confort sup\u00e9rieur<\/li>\n<li>Semelle \u00e0 crampons en EVA pour une excellente adh\u00e9rence (plateforme d'environ 4-6 cm)<\/li>\n<li>Design classique \u00e0 lacets pour un ajustement s\u00fbr<\/li>\n<li>Disponible en tailles 39-45<\/li>\n<li>Quantit\u00e9 minimale de commande : 8 paires<\/li>\n<li>D\u00e9lai de livraison : 12 jours + exp\u00e9dition<\/li>\n<\/ul>","protected":false},"featured_media":3983,"template":"","meta":{"_acf_changed":false,"_uag_custom_page_level_css":"","site-sidebar-layout":"default","site-content-layout":"","ast-site-content-layout":"default","site-content-style":"default","site-sidebar-style":"default","ast-global-header-display":"","ast-banner-title-visibility":"","ast-main-header-display":"","ast-hfb-above-header-display":"","ast-hfb-below-header-display":"","ast-hfb-mobile-header-display":"","site-post-title":"","ast-breadcrumbs-content":"","ast-featured-img":"","footer-sml-layout":"","ast-disable-related-posts":"","theme-transparent-header-meta":"","adv-header-id-meta":"","stick-header-meta":"","header-above-stick-meta":"","header-main-stick-meta":"","header-below-stick-meta":"","astra-migrate-meta-layouts":"default","ast-page-background-enabled":"default","ast-page-background-meta":{"desktop":{"background-color":"var(--ast-global-color-4)","background-image":"","background-repeat":"repeat","background-position":"center center","background-size":"auto","background-attachment":"scroll","background-type":"","background-media":"","overlay-type":"","overlay-color":"","overlay-opacity":"","overlay-gradient":""},"tablet":{"background-color":"","background-image":"","background-repeat":"repeat","background-position":"center center","background-size":"auto","background-attachment":"scroll","background-type":"","background-media":"","overlay-type":"","overlay-color":"","overlay-opacity":"","overlay-gradient":""},"mobile":{"background-color":"","background-image":"","background-repeat":"repeat","background-position":"center center","background-size":"auto","background-attachment":"scroll","background-type":"","background-media":"","overlay-type":"","overlay-color":"","overlay-opacity":"","overlay-gradient":""}},"ast-content-background-meta":{"desktop":{"background-color":"var(--ast-global-color-5)","background-image":"","background-repeat":"repeat","background-position":"center center","background-size":"auto","background-attachment":"scroll","background-type":"","background-media":"","overlay-type":"","overlay-color":"","overlay-opacity":"","overlay-gradient":""},"tablet":{"background-color":"var(--ast-global-color-5)","background-image":"","background-repeat":"repeat","background-position":"center center","background-size":"auto","background-attachment":"scroll","background-type":"","background-media":"","overlay-type":"","overlay-color":"","overlay-opacity":"","overlay-gradient":""},"mobile":{"background-color":"var(--ast-global-color-5)","background-image":"","background-repeat":"repeat","background-position":"center center","background-size":"auto","background-attachment":"scroll","background-type":"","background-media":"","overlay-type":"","overlay-color":"","overlay-opacity":"","overlay-gradient":""}}},"product_brand":[],"product_cat":[430,40,15],"product_tag":[646,202,449,331,222,212,918,438,189,227,198,400,254],"class_list":{"0":"post-5970","1":"product","2":"type-product","3":"status-publish","4":"has-post-thumbnail","6":"product_cat-men","7":"product_cat-mens-shoes","8":"product_cat-uncategorized","9":"product_tag-blue-shoes","10":"product_tag-calf-leather","11":"product_tag-casual-shoes","12":"product_tag-chunky-sole-shoes","13":"product_tag-comfortable-shoes","14":"product_tag-derby-shoes","15":"product_tag-distressed-leather","16":"product_tag-eva-sole","17":"product_tag-goat-leather-lining","18":"product_tag-leather-shoes","19":"product_tag-mens-fashion","20":"product_tag-platform-shoes","21":"product_tag-wholesale-footwear","22":"desktop-align-center","23":"tablet-align-center","24":"mobile-align-center","26":"first","27":"instock","28":"shipping-taxable","29":"purchasable","30":"product-type-variable","31":"has-default-attributes"},"acf":[],"uagb_featured_image_src":{"full":["https:\/\/turkishtrade.co\/wp-content\/uploads\/2026\/01\/2400EJOMN00452-BLUE-DKS_7646-2-USD.png",453,250,false],"thumbnail":["https:\/\/turkishtrade.co\/wp-content\/uploads\/2026\/01\/2400EJOMN00452-BLUE-DKS_7646-2-USD-150x150.png",150,150,true],"medium":["https:\/\/turkishtrade.co\/wp-content\/uploads\/2026\/01\/2400EJOMN00452-BLUE-DKS_7646-2-USD-300x166.png",300,166,true],"medium_large":["https:\/\/turkishtrade.co\/wp-content\/uploads\/2026\/01\/2400EJOMN00452-BLUE-DKS_7646-2-USD.png",453,250,false],"large":["https:\/\/turkishtrade.co\/wp-content\/uploads\/2026\/01\/2400EJOMN00452-BLUE-DKS_7646-2-USD.png",453,250,false],"1536x1536":["https:\/\/turkishtrade.co\/wp-content\/uploads\/2026\/01\/2400EJOMN00452-BLUE-DKS_7646-2-USD.png",453,250,false],"2048x2048":["https:\/\/turkishtrade.co\/wp-content\/uploads\/2026\/01\/2400EJOMN00452-BLUE-DKS_7646-2-USD.png",453,250,false],"trp-custom-language-flag":["https:\/\/turkishtrade.co\/wp-content\/uploads\/2026\/01\/2400EJOMN00452-BLUE-DKS_7646-2-USD-18x10.png",18,10,true],"woocommerce_thumbnail":["https:\/\/turkishtrade.co\/wp-content\/uploads\/2026\/01\/2400EJOMN00452-BLUE-DKS_7646-2-USD-400x250.png",400,250,true],"woocommerce_single":["https:\/\/turkishtrade.co\/wp-content\/uploads\/2026\/01\/2400EJOMN00452-BLUE-DKS_7646-2-USD.png",453,250,false],"woocommerce_gallery_thumbnail":["https:\/\/turkishtrade.co\/wp-content\/uploads\/2026\/01\/2400EJOMN00452-BLUE-DKS_7646-2-USD-100x100.png",100,100,true]},"uagb_author_info":{"display_name":"yaser olabi","author_link":"https:\/\/turkishtrade.co\/fr\/author\/"},"uagb_comment_info":0,"uagb_excerpt":"Premium Distressed Calf Leather Upper Soft Goat Leather Lining for superior comfort Chunky EVA Lugged Sole for excellent traction (Approx. 4-6cm Platform) Classic Lace-Up Design for a secure fit Available in Sizes 39-45 Minimum Order Quantity: 8 Pairs Delivery Time: 12 Days + Shipping","_links":{"self":[{"href":"https:\/\/turkishtrade.co\/fr\/wp-json\/wp\/v2\/product\/5970","targetHints":{"allow":["GET"]}}],"collection":[{"href":"https:\/\/turkishtrade.co\/fr\/wp-json\/wp\/v2\/product"}],"about":[{"href":"https:\/\/turkishtrade.co\/fr\/wp-json\/wp\/v2\/types\/product"}],"wp:featuredmedia":[{"embeddable":true,"href":"https:\/\/turkishtrade.co\/fr\/wp-json\/wp\/v2\/media\/3983"}],"wp:attachment":[{"href":"https:\/\/turkishtrade.co\/fr\/wp-json\/wp\/v2\/media?parent=5970"}],"wp:term":[{"taxonomy":"product_brand","embeddable":true,"href":"https:\/\/turkishtrade.co\/fr\/wp-json\/wp\/v2\/product_brand?post=5970"},{"taxonomy":"product_cat","embeddable":true,"href":"https:\/\/turkishtrade.co\/fr\/wp-json\/wp\/v2\/product_cat?post=5970"},{"taxonomy":"product_tag","embeddable":true,"href":"https:\/\/turkishtrade.co\/fr\/wp-json\/wp\/v2\/product_tag?post=5970"}],"curies":[{"name":"wp","href":"https:\/\/api.w.org\/{rel}","templated":true}]}}