{"id":5968,"date":"2026-01-14T13:51:23","date_gmt":"2026-01-14T13:51:23","guid":{"rendered":"https:\/\/turkishtrade.co\/product\/men-s-suede-chunky-derbies\/"},"modified":"2026-04-09T19:18:18","modified_gmt":"2026-04-09T19:18:18","slug":"mens-suede-chunky-derbies","status":"publish","type":"product","link":"https:\/\/turkishtrade.co\/fr\/shop\/mens-suede-chunky-derbies\/","title":{"rendered":"Derbies en daim de qualit\u00e9 sup\u00e9rieure pour hommes"},"content":{"rendered":"<p><strong>Derbies en daim pour hommes<\/strong><\/p>\n<p>\u00c9levez votre collection de chaussures gr\u00e2ce \u00e0 nos chaussures exquises. <b>Derbies en daim pour hommes<\/b>, Ces derbies sont un m\u00e9lange parfait de sophistication classique et de style contemporain. Ces derbies exceptionnelles sont con\u00e7ues pour l'homme moderne qui appr\u00e9cie \u00e0 la fois l'esth\u00e9tique et le confort. La luxueuse finition en daim, m\u00e9ticuleusement fabriqu\u00e9e \u00e0 partir de cuir de veau de premi\u00e8re qualit\u00e9, offre une texture riche et un attrait intemporel, ce qui fait de ces derbies des chaussures \u00e0 la fois \u00e9l\u00e9gantes et confortables. <b>Derbies en daim pour hommes<\/b> un choix polyvalent pour diverses occasions.<\/p>\n<p>La semelle en EVA \u00e9paisse et distinctive constitue une affirmation audacieuse tout en garantissant un confort et un soutien sup\u00e9rieurs tout au long de la journ\u00e9e, ce qui les diff\u00e9rencie des chaussures ordinaires.<\/p>\n<h3>Un confort in\u00e9gal\u00e9 et des mat\u00e9riaux de qualit\u00e9<\/h3>\n<p>Profitez d'un confort in\u00e9gal\u00e9 \u00e0 chaque pas dans ces chaussures m\u00e9ticuleusement fabriqu\u00e9es. L'ext\u00e9rieur est en cuir de veau de haute qualit\u00e9, transform\u00e9 de mani\u00e8re experte en un daim moelleux qui est \u00e0 la fois \u00e9l\u00e9gant et durable. \u00c0 l'int\u00e9rieur, vos pieds seront berc\u00e9s par la douce \u00e9treinte de la doublure en cuir de ch\u00e8vre v\u00e9ritable, r\u00e9put\u00e9e pour sa respirabilit\u00e9 et son toucher doux, \u00e9vitant tout inconfort m\u00eame en cas de port prolong\u00e9.<\/p>\n<p>La semelle en EVA, \u00e0 la fois robuste et l\u00e9g\u00e8re, ajoute non seulement \u00e0 l'esth\u00e9tique contemporaine, mais offre \u00e9galement une excellente absorption des chocs, ce qui permet \u00e0 ces chaussures de s'adapter \u00e0 toutes les situations. <b>Derbies en daim pour hommes<\/b> incroyablement confortable pour les explorations urbaines ou les sorties d\u00e9contract\u00e9es.<\/p>\n<p>Cette combinaison de mat\u00e9riaux de qualit\u00e9 sup\u00e9rieure garantit la long\u00e9vit\u00e9 et une sensation de luxe.<\/p>\n<h3>Un style polyvalent et un savoir-faire d'expert<\/h3>\n<p>Con\u00e7us pour une polyvalence optimale, nos <b>Derbies en daim pour hommes<\/b> passent sans effort d'un look d\u00e9contract\u00e9 pour le week-end \u00e0 un ensemble \u00e9l\u00e9gant et d\u00e9contract\u00e9 pour le bureau. Associez-les \u00e0 un pantalon de tailleur, \u00e0 un pantalon chino ou \u00e0 votre jean pr\u00e9f\u00e9r\u00e9 pour une tenue imm\u00e9diatement plus \u00e9l\u00e9gante. Disponibles dans une large gamme de tailles allant de l'UE 39 \u00e0 l'UE 45, nous garantissons un ajustement parfait \u00e0 une large client\u00e8le.<\/p>\n<p>Chaque paire est le fruit d'un travail artisanal de qualit\u00e9 sup\u00e9rieure, avec une attention particuli\u00e8re port\u00e9e aux d\u00e9tails, des coutures pr\u00e9cises au syst\u00e8me de la\u00e7age durable, ce qui confirme leur statut d'\u00e9l\u00e9ments essentiels. <b>Derbies en daim pour hommes<\/b> dans toute garde-robe exigeante.<\/p>\n<p>Leur \u00e9l\u00e9gance discr\u00e8te avec une touche de modernit\u00e9 en fait un choix incontournable.<\/p>\n<h3>Opportunit\u00e9 de vente en gros pour les d\u00e9taillants<\/h3>\n<p>Pour les entreprises qui cherchent \u00e0 stocker des chaussures de haute qualit\u00e9 et \u00e0 la mode, ces <b>Derbies en daim pour hommes<\/b> sont un choix id\u00e9al. Nous proposons ces chaussures de qualit\u00e9 sup\u00e9rieure avec une quantit\u00e9 minimale de commande de 8 paires, r\u00e9pondant ainsi sp\u00e9cifiquement aux besoins des grossistes. Avec un d\u00e9lai de livraison d'environ 12 jours plus les frais d'exp\u00e9dition, vous pouvez planifier efficacement votre stock et r\u00e9pondre aux demandes de vos clients.<\/p>\n<p>Investissez dans ces produits recherch\u00e9s <b>Derbies en daim pour hommes<\/b> et offrez \u00e0 vos clients des chaussures qui se distinguent par leur qualit\u00e9, leur confort et leur style avant-gardiste. Ces chaussures sont un v\u00e9ritable investissement dans l'\u00e9l\u00e9gance intemporelle et le design moderne, ce qui promet de satisfaire les clients et de les fid\u00e9liser.<\/p>","protected":false},"excerpt":{"rendered":"<ul>\n<li>Ext\u00e9rieur en cuir de veau velours luxueux<\/li>\n<li>Doublure int\u00e9rieure en cuir de ch\u00e8vre souple et respirant pour un confort sup\u00e9rieur<\/li>\n<li>Semelle EVA massive, durable, l\u00e9g\u00e8re et moderne<\/li>\n<li>Disponible dans une large gamme de tailles : UE 39-45<\/li>\n<li>Quantit\u00e9 minimale de commande : 8 paires (id\u00e9al pour les partenaires grossistes)<\/li>\n<li>D\u00e9lai de livraison : Environ 12 jours + frais de port<\/li>\n<\/ul>","protected":false},"featured_media":3982,"template":"","meta":{"_acf_changed":false,"_uag_custom_page_level_css":"","site-sidebar-layout":"default","site-content-layout":"","ast-site-content-layout":"default","site-content-style":"default","site-sidebar-style":"default","ast-global-header-display":"","ast-banner-title-visibility":"","ast-main-header-display":"","ast-hfb-above-header-display":"","ast-hfb-below-header-display":"","ast-hfb-mobile-header-display":"","site-post-title":"","ast-breadcrumbs-content":"","ast-featured-img":"","footer-sml-layout":"","ast-disable-related-posts":"","theme-transparent-header-meta":"default","adv-header-id-meta":"","stick-header-meta":"","header-above-stick-meta":"","header-main-stick-meta":"","header-below-stick-meta":"","astra-migrate-meta-layouts":"set","ast-page-background-enabled":"default","ast-page-background-meta":{"desktop":{"background-color":"var(--ast-global-color-4)","background-image":"","background-repeat":"repeat","background-position":"center center","background-size":"auto","background-attachment":"scroll","background-type":"","background-media":"","overlay-type":"","overlay-color":"","overlay-opacity":"","overlay-gradient":""},"tablet":{"background-color":"","background-image":"","background-repeat":"repeat","background-position":"center center","background-size":"auto","background-attachment":"scroll","background-type":"","background-media":"","overlay-type":"","overlay-color":"","overlay-opacity":"","overlay-gradient":""},"mobile":{"background-color":"","background-image":"","background-repeat":"repeat","background-position":"center center","background-size":"auto","background-attachment":"scroll","background-type":"","background-media":"","overlay-type":"","overlay-color":"","overlay-opacity":"","overlay-gradient":""}},"ast-content-background-meta":{"desktop":{"background-color":"var(--ast-global-color-5)","background-image":"","background-repeat":"repeat","background-position":"center center","background-size":"auto","background-attachment":"scroll","background-type":"","background-media":"","overlay-type":"","overlay-color":"","overlay-opacity":"","overlay-gradient":""},"tablet":{"background-color":"var(--ast-global-color-5)","background-image":"","background-repeat":"repeat","background-position":"center center","background-size":"auto","background-attachment":"scroll","background-type":"","background-media":"","overlay-type":"","overlay-color":"","overlay-opacity":"","overlay-gradient":""},"mobile":{"background-color":"var(--ast-global-color-5)","background-image":"","background-repeat":"repeat","background-position":"center center","background-size":"auto","background-attachment":"scroll","background-type":"","background-media":"","overlay-type":"","overlay-color":"","overlay-opacity":"","overlay-gradient":""}}},"product_brand":[],"product_cat":[48,47,49,430,40],"product_tag":[202,449,331,222,438,437,227,396,1109,917,380,283,281],"class_list":{"0":"post-5968","1":"product","2":"type-product","3":"status-publish","4":"has-post-thumbnail","6":"product_cat-casual","7":"product_cat-classic","8":"product_cat-loafer","9":"product_cat-men","10":"product_cat-mens-shoes","11":"product_tag-calf-leather","12":"product_tag-casual-shoes","13":"product_tag-chunky-sole-shoes","14":"product_tag-comfortable-shoes","15":"product_tag-eva-sole","16":"product_tag-goat-leather","17":"product_tag-leather-shoes","18":"product_tag-mens-derbies","19":"product_tag-mens-suede-chunky-derbies","20":"product_tag-premium-quality","21":"product_tag-smart-casual-footwear","22":"product_tag-suede-shoes","23":"product_tag-wholesale-shoes","24":"desktop-align-center","25":"tablet-align-center","26":"mobile-align-center","28":"first","29":"instock","30":"shipping-taxable","31":"purchasable","32":"product-type-variable","33":"has-default-attributes"},"acf":[],"uagb_featured_image_src":{"full":["https:\/\/turkishtrade.co\/wp-content\/uploads\/2026\/01\/2400EJOMN00442-GREY-TOV_11-2-USD.png",453,250,false],"thumbnail":["https:\/\/turkishtrade.co\/wp-content\/uploads\/2026\/01\/2400EJOMN00442-GREY-TOV_11-2-USD-150x150.png",150,150,true],"medium":["https:\/\/turkishtrade.co\/wp-content\/uploads\/2026\/01\/2400EJOMN00442-GREY-TOV_11-2-USD-300x166.png",300,166,true],"medium_large":["https:\/\/turkishtrade.co\/wp-content\/uploads\/2026\/01\/2400EJOMN00442-GREY-TOV_11-2-USD.png",453,250,false],"large":["https:\/\/turkishtrade.co\/wp-content\/uploads\/2026\/01\/2400EJOMN00442-GREY-TOV_11-2-USD.png",453,250,false],"1536x1536":["https:\/\/turkishtrade.co\/wp-content\/uploads\/2026\/01\/2400EJOMN00442-GREY-TOV_11-2-USD.png",453,250,false],"2048x2048":["https:\/\/turkishtrade.co\/wp-content\/uploads\/2026\/01\/2400EJOMN00442-GREY-TOV_11-2-USD.png",453,250,false],"trp-custom-language-flag":["https:\/\/turkishtrade.co\/wp-content\/uploads\/2026\/01\/2400EJOMN00442-GREY-TOV_11-2-USD-18x10.png",18,10,true],"woocommerce_thumbnail":["https:\/\/turkishtrade.co\/wp-content\/uploads\/2026\/01\/2400EJOMN00442-GREY-TOV_11-2-USD-400x250.png",400,250,true],"woocommerce_single":["https:\/\/turkishtrade.co\/wp-content\/uploads\/2026\/01\/2400EJOMN00442-GREY-TOV_11-2-USD.png",453,250,false],"woocommerce_gallery_thumbnail":["https:\/\/turkishtrade.co\/wp-content\/uploads\/2026\/01\/2400EJOMN00442-GREY-TOV_11-2-USD-100x100.png",100,100,true]},"uagb_author_info":{"display_name":"yaser olabi","author_link":"https:\/\/turkishtrade.co\/fr\/author\/"},"uagb_comment_info":0,"uagb_excerpt":"Crafted from luxurious calf suede leather exterior Soft, breathable goat leather interior lining for superior comfort Durable, lightweight, and modern chunky EVA sole Available in a wide range of sizes: EU 39-45 Minimum order quantity: 8 pairs (ideal for wholesale partners) Delivery time: Approximately 12 days + shipping","_links":{"self":[{"href":"https:\/\/turkishtrade.co\/fr\/wp-json\/wp\/v2\/product\/5968","targetHints":{"allow":["GET"]}}],"collection":[{"href":"https:\/\/turkishtrade.co\/fr\/wp-json\/wp\/v2\/product"}],"about":[{"href":"https:\/\/turkishtrade.co\/fr\/wp-json\/wp\/v2\/types\/product"}],"wp:featuredmedia":[{"embeddable":true,"href":"https:\/\/turkishtrade.co\/fr\/wp-json\/wp\/v2\/media\/3982"}],"wp:attachment":[{"href":"https:\/\/turkishtrade.co\/fr\/wp-json\/wp\/v2\/media?parent=5968"}],"wp:term":[{"taxonomy":"product_brand","embeddable":true,"href":"https:\/\/turkishtrade.co\/fr\/wp-json\/wp\/v2\/product_brand?post=5968"},{"taxonomy":"product_cat","embeddable":true,"href":"https:\/\/turkishtrade.co\/fr\/wp-json\/wp\/v2\/product_cat?post=5968"},{"taxonomy":"product_tag","embeddable":true,"href":"https:\/\/turkishtrade.co\/fr\/wp-json\/wp\/v2\/product_tag?post=5968"}],"curies":[{"name":"wp","href":"https:\/\/api.w.org\/{rel}","templated":true}]}}