{"id":5966,"date":"2026-01-14T13:51:02","date_gmt":"2026-01-14T13:51:02","guid":{"rendered":"https:\/\/turkishtrade.co\/product\/men-s-leather-casual-shoes-2\/"},"modified":"2026-04-09T19:18:20","modified_gmt":"2026-04-09T19:18:20","slug":"mens-leather-casual-shoes-3","status":"publish","type":"product","link":"https:\/\/turkishtrade.co\/fr\/shop\/mens-leather-casual-shoes-3\/","title":{"rendered":"Chaussures de derby en cuir de veau de premi\u00e8re qualit\u00e9 pour hommes avec semelle EVA"},"content":{"rendered":"<p><strong>chaussures d\u00e9contract\u00e9es en cuir pour hommes<\/strong><\/p>\n<p>Entrez dans un style et un confort in\u00e9gal\u00e9s gr\u00e2ce \u00e0 notre collection exquise de <b>chaussures d\u00e9contract\u00e9es en cuir pour hommes<\/b>. Con\u00e7ues pour l'homme moderne qui appr\u00e9cie \u00e0 la fois l'esth\u00e9tique sophistiqu\u00e9e et la praticit\u00e9 au quotidien, ces chaussures derby de qualit\u00e9 sup\u00e9rieure t\u00e9moignent d'un savoir-faire artisanal de haut niveau. Chaque paire de ces chaussures d'exception <b>chaussures d\u00e9contract\u00e9es en cuir pour hommes<\/b> est m\u00e9ticuleusement fabriqu\u00e9e \u00e0 partir des mat\u00e9riaux les plus fins, ce qui lui conf\u00e8re une sensation de luxe et une qualit\u00e9 durable qui la distinguent des chaussures ordinaires.<\/p>\n<p>L'ext\u00e9rieur de ces remarquables <b>chaussures d\u00e9contract\u00e9es en cuir pour hommes<\/b> se compose de cuir de veau souple de qualit\u00e9 sup\u00e9rieure, r\u00e9put\u00e9 pour sa texture riche, sa brillance naturelle et sa remarquable durabilit\u00e9. Ce cuir de qualit\u00e9 sup\u00e9rieure n'est pas seulement magnifique, il se moule \u00e9galement \u00e0 votre pied au fil du temps, offrant un ajustement personnalis\u00e9 que seul le cuir v\u00e9ritable peut offrir. \u00c0 l'int\u00e9rieur, vos pieds seront envelopp\u00e9s dans la douceur luxueuse d'une doublure en cuir de ch\u00e8vre.<\/p>\n<p>Cet int\u00e9rieur respirant et lisse assure un confort maximal, \u00e9vitant toute g\u00eane m\u00eame apr\u00e8s un port prolong\u00e9, ce qui en fait le produit id\u00e9al. <b>chaussures d\u00e9contract\u00e9es en cuir pour hommes<\/b> pour toutes les occasions.<\/p>\n<p><h3>Un confort in\u00e9gal\u00e9 et un style polyvalent<\/h3>\n<\/p>\n<p>En dessous, la semelle EVA robuste mais incroyablement l\u00e9g\u00e8re offre un amorti et un soutien exceptionnels. Con\u00e7ue pour la flexibilit\u00e9 et l'absorption des chocs, la semelle EVA offre une foul\u00e9e confortable. <b>chaussures d\u00e9contract\u00e9es en cuir pour hommes<\/b> parfaites pour naviguer dans les rues de la ville ou pour profiter d'une sortie d\u00e9contract\u00e9e le week-end. Avec un talon classique d'une hauteur de 1 \u00e0 3 cm, elles offrent un \u00e9quilibre parfait entre aisance d\u00e9contract\u00e9e et \u00e9l\u00e9gance raffin\u00e9e.<\/p>\n<p>L'\u00e9l\u00e9gant syst\u00e8me de la\u00e7age Derby assure un ajustement s\u00fbr et r\u00e9glable, compl\u00e9tant l'attrait contemporain et intemporel de la chaussure. Ces chaussures <b>chaussures d\u00e9contract\u00e9es en cuir pour hommes<\/b> passent sans probl\u00e8me d'une tenue d'affaires semi-d\u00e9contract\u00e9e \u00e0 une tenue \u00e9l\u00e9gante pour le week-end, am\u00e9liorant ainsi la polyvalence de votre garde-robe.<\/p>\n<p><h3>Tailles et possibilit\u00e9s de vente en gros<\/h3>\n<\/p>\n<p>Nous sommes conscients de l'importance d'un ajustement parfait, c'est pourquoi ces produits de qualit\u00e9 sup\u00e9rieure ont \u00e9t\u00e9 con\u00e7us pour r\u00e9pondre aux besoins des consommateurs. <b>chaussures d\u00e9contract\u00e9es en cuir pour hommes<\/b> sont disponibles dans une large gamme de tailles allant de 39 \u00e0 45. Pour nos partenaires grossistes et d\u00e9taillants, nous proposons des options d'achat en gros int\u00e9ressantes. Avec une quantit\u00e9 minimale de commande de seulement 8 paires, vous pouvez facilement vous approvisionner en ces chaussures tr\u00e8s demand\u00e9es. <b>chaussures d\u00e9contract\u00e9es en cuir pour hommes<\/b> pour r\u00e9pondre aux besoins de vos clients.<\/p>\n<p>Notre processus de production et de livraison efficace garantit que votre commande arrive dans les 12 jours, frais d'exp\u00e9dition en sus, ce qui vous permet d'introduire rapidement ces produits exceptionnels. <b>chaussures d\u00e9contract\u00e9es en cuir pour hommes<\/b> \u00e0 votre client\u00e8le. Investissez dans la qualit\u00e9, le confort et le style intemporel avec nos chaussures derby en cuir de veau de premi\u00e8re qualit\u00e9 - un choix distingu\u00e9 pour les particuliers et les entreprises exigeants.<\/p>","protected":false},"excerpt":{"rendered":"<ul>\n<li>L'ext\u00e9rieur est en cuir de veau de premi\u00e8re qualit\u00e9 pour un style durable.<\/li>\n<li>Doubl\u00e9 de cuir de ch\u00e8vre souple et respirant pour un confort int\u00e9rieur optimal.<\/li>\n<li>Dot\u00e9e d'une semelle EVA l\u00e9g\u00e8re et souple, elle est con\u00e7ue pour \u00eatre port\u00e9e toute la journ\u00e9e.<\/li>\n<li>Hauteur de talon classique de 1 \u00e0 3 cm, assurant le confort sans compromettre le style.<\/li>\n<li>Disponible dans une large gamme de tailles : 39, 40, 41, 42, 43, 44, 45.<\/li>\n<li>Quantit\u00e9 minimale de commande : 8 paires (pour les partenaires grossistes).<\/li>\n<li>Livraison efficace : Les commandes sont exp\u00e9di\u00e9es dans un d\u00e9lai de 12 jours plus le temps de transport standard.<\/li>\n<\/ul>","protected":false},"featured_media":3981,"template":"","meta":{"_acf_changed":false,"_uag_custom_page_level_css":"","site-sidebar-layout":"default","site-content-layout":"","ast-site-content-layout":"default","site-content-style":"default","site-sidebar-style":"default","ast-global-header-display":"","ast-banner-title-visibility":"","ast-main-header-display":"","ast-hfb-above-header-display":"","ast-hfb-below-header-display":"","ast-hfb-mobile-header-display":"","site-post-title":"","ast-breadcrumbs-content":"","ast-featured-img":"","footer-sml-layout":"","ast-disable-related-posts":"","theme-transparent-header-meta":"","adv-header-id-meta":"","stick-header-meta":"","header-above-stick-meta":"","header-main-stick-meta":"","header-below-stick-meta":"","astra-migrate-meta-layouts":"default","ast-page-background-enabled":"default","ast-page-background-meta":{"desktop":{"background-color":"var(--ast-global-color-4)","background-image":"","background-repeat":"repeat","background-position":"center center","background-size":"auto","background-attachment":"scroll","background-type":"","background-media":"","overlay-type":"","overlay-color":"","overlay-opacity":"","overlay-gradient":""},"tablet":{"background-color":"","background-image":"","background-repeat":"repeat","background-position":"center center","background-size":"auto","background-attachment":"scroll","background-type":"","background-media":"","overlay-type":"","overlay-color":"","overlay-opacity":"","overlay-gradient":""},"mobile":{"background-color":"","background-image":"","background-repeat":"repeat","background-position":"center center","background-size":"auto","background-attachment":"scroll","background-type":"","background-media":"","overlay-type":"","overlay-color":"","overlay-opacity":"","overlay-gradient":""}},"ast-content-background-meta":{"desktop":{"background-color":"var(--ast-global-color-5)","background-image":"","background-repeat":"repeat","background-position":"center center","background-size":"auto","background-attachment":"scroll","background-type":"","background-media":"","overlay-type":"","overlay-color":"","overlay-opacity":"","overlay-gradient":""},"tablet":{"background-color":"var(--ast-global-color-5)","background-image":"","background-repeat":"repeat","background-position":"center center","background-size":"auto","background-attachment":"scroll","background-type":"","background-media":"","overlay-type":"","overlay-color":"","overlay-opacity":"","overlay-gradient":""},"mobile":{"background-color":"var(--ast-global-color-5)","background-image":"","background-repeat":"repeat","background-position":"center center","background-size":"auto","background-attachment":"scroll","background-type":"","background-media":"","overlay-type":"","overlay-color":"","overlay-opacity":"","overlay-gradient":""}}},"product_brand":[],"product_cat":[430,40,15],"product_tag":[674,202,449,222,212,438,1108,437,227,198,250,680,254],"class_list":{"0":"post-5966","1":"product","2":"type-product","3":"status-publish","4":"has-post-thumbnail","6":"product_cat-men","7":"product_cat-mens-shoes","8":"product_cat-uncategorized","9":"product_tag-bulk-shoes","10":"product_tag-calf-leather","11":"product_tag-casual-shoes","12":"product_tag-comfortable-shoes","13":"product_tag-derby-shoes","14":"product_tag-eva-sole","15":"product_tag-everyday-elegance","16":"product_tag-goat-leather","17":"product_tag-leather-shoes","18":"product_tag-mens-fashion","19":"product_tag-premium-leather","20":"product_tag-stylish-shoes","21":"product_tag-wholesale-footwear","22":"desktop-align-center","23":"tablet-align-center","24":"mobile-align-center","26":"first","27":"instock","28":"shipping-taxable","29":"purchasable","30":"product-type-variable","31":"has-default-attributes"},"acf":[],"uagb_featured_image_src":{"full":["https:\/\/turkishtrade.co\/wp-content\/uploads\/2026\/01\/2400EJOMN00441-BROWN-DKS_7650-2-USD.png",453,250,false],"thumbnail":["https:\/\/turkishtrade.co\/wp-content\/uploads\/2026\/01\/2400EJOMN00441-BROWN-DKS_7650-2-USD-150x150.png",150,150,true],"medium":["https:\/\/turkishtrade.co\/wp-content\/uploads\/2026\/01\/2400EJOMN00441-BROWN-DKS_7650-2-USD-300x166.png",300,166,true],"medium_large":["https:\/\/turkishtrade.co\/wp-content\/uploads\/2026\/01\/2400EJOMN00441-BROWN-DKS_7650-2-USD.png",453,250,false],"large":["https:\/\/turkishtrade.co\/wp-content\/uploads\/2026\/01\/2400EJOMN00441-BROWN-DKS_7650-2-USD.png",453,250,false],"1536x1536":["https:\/\/turkishtrade.co\/wp-content\/uploads\/2026\/01\/2400EJOMN00441-BROWN-DKS_7650-2-USD.png",453,250,false],"2048x2048":["https:\/\/turkishtrade.co\/wp-content\/uploads\/2026\/01\/2400EJOMN00441-BROWN-DKS_7650-2-USD.png",453,250,false],"trp-custom-language-flag":["https:\/\/turkishtrade.co\/wp-content\/uploads\/2026\/01\/2400EJOMN00441-BROWN-DKS_7650-2-USD-18x10.png",18,10,true],"woocommerce_thumbnail":["https:\/\/turkishtrade.co\/wp-content\/uploads\/2026\/01\/2400EJOMN00441-BROWN-DKS_7650-2-USD-400x250.png",400,250,true],"woocommerce_single":["https:\/\/turkishtrade.co\/wp-content\/uploads\/2026\/01\/2400EJOMN00441-BROWN-DKS_7650-2-USD.png",453,250,false],"woocommerce_gallery_thumbnail":["https:\/\/turkishtrade.co\/wp-content\/uploads\/2026\/01\/2400EJOMN00441-BROWN-DKS_7650-2-USD-100x100.png",100,100,true]},"uagb_author_info":{"display_name":"yaser olabi","author_link":"https:\/\/turkishtrade.co\/fr\/author\/"},"uagb_comment_info":0,"uagb_excerpt":"Expertly crafted with a premium Calf Leather exterior for lasting style. Lined with soft, breathable Goat Leather for ultimate interior comfort. Features a lightweight and supportive EVA sole, designed for all-day wear. Classic heel height of 1-3 cm, providing comfort without compromising style. Available in a comprehensive range of sizes: 39, 40, 41, 42, 43,\u2026","_links":{"self":[{"href":"https:\/\/turkishtrade.co\/fr\/wp-json\/wp\/v2\/product\/5966","targetHints":{"allow":["GET"]}}],"collection":[{"href":"https:\/\/turkishtrade.co\/fr\/wp-json\/wp\/v2\/product"}],"about":[{"href":"https:\/\/turkishtrade.co\/fr\/wp-json\/wp\/v2\/types\/product"}],"wp:featuredmedia":[{"embeddable":true,"href":"https:\/\/turkishtrade.co\/fr\/wp-json\/wp\/v2\/media\/3981"}],"wp:attachment":[{"href":"https:\/\/turkishtrade.co\/fr\/wp-json\/wp\/v2\/media?parent=5966"}],"wp:term":[{"taxonomy":"product_brand","embeddable":true,"href":"https:\/\/turkishtrade.co\/fr\/wp-json\/wp\/v2\/product_brand?post=5966"},{"taxonomy":"product_cat","embeddable":true,"href":"https:\/\/turkishtrade.co\/fr\/wp-json\/wp\/v2\/product_cat?post=5966"},{"taxonomy":"product_tag","embeddable":true,"href":"https:\/\/turkishtrade.co\/fr\/wp-json\/wp\/v2\/product_tag?post=5966"}],"curies":[{"name":"wp","href":"https:\/\/api.w.org\/{rel}","templated":true}]}}