{"id":5959,"date":"2026-01-14T13:49:49","date_gmt":"2026-01-14T13:49:49","guid":{"rendered":"https:\/\/turkishtrade.co\/product\/mens-brown-leather-loafers-4\/"},"modified":"2026-04-09T19:18:32","modified_gmt":"2026-04-09T19:18:32","slug":"mens-brown-leather-loafers-4","status":"publish","type":"product","link":"https:\/\/turkishtrade.co\/fr\/shop\/mens-brown-leather-loafers-4\/","title":{"rendered":"Mocassins Premium en cuir marron \u00e0 semelle \u00e9paisse pour hommes"},"content":{"rendered":"<p><strong>Mocassins en cuir brun pour hommes<\/strong><\/p>\n<p>\u00c9levez votre collection de chaussures avec ces chaussures d'exception. <strong>mocassins en cuir marron pour hommes<\/strong>, Ces mocassins ont \u00e9t\u00e9 con\u00e7us pour les hommes exigeants qui appr\u00e9cient \u00e0 la fois le style et la substance. Alliant parfaitement l'esth\u00e9tique d'un mocassin classique \u00e0 une semelle \u00e9paisse contemporaine, ces mocassins t\u00e9moignent d'un savoir-faire sup\u00e9rieur et de mat\u00e9riaux luxueux. De la salle de conf\u00e9rence aux sorties d\u00e9contract\u00e9es, ces mocassins sont la preuve d'un savoir-faire sup\u00e9rieur et de mat\u00e9riaux luxueux. <strong>mocassins en cuir marron pour hommes<\/strong> offrent une fusion in\u00e9gal\u00e9e de sophistication et de confort robuste.<\/p>\n<h3>Une qualit\u00e9 et un savoir-faire in\u00e9gal\u00e9s<\/h3>\n<p>Chaque paire de ces <strong>mocassins en cuir marron pour hommes<\/strong> est m\u00e9ticuleusement fabriqu\u00e9 \u00e0 partir des mat\u00e9riaux les plus nobles. L'ext\u00e9rieur est en cuir de veau riche et souple, connu pour son incroyable durabilit\u00e9, son aspect \u00e9l\u00e9gant et sa capacit\u00e9 \u00e0 s'adapter parfaitement \u00e0 votre pied au fil du temps. Ce cuir de veau de haute qualit\u00e9 garantit que vos mocassins ne seront pas seulement magnifiques, mais qu'ils r\u00e9sisteront aussi \u00e0 l'\u00e9preuve du temps, devenant un \u00e9l\u00e9ment pr\u00e9cieux de votre garde-robe pour les ann\u00e9es \u00e0 venir.<\/p>\n<p>La sensation de luxe se poursuit avec un int\u00e9rieur enti\u00e8rement doubl\u00e9 de cuir de ch\u00e8vre souple, offrant un environnement exceptionnellement doux et respirant pour vos pieds. Cette doublure naturelle \u00e9vacue l'humidit\u00e9, garantissant un confort tout au long de la journ\u00e9e.<\/p>\n<h3>Un design moderne pour un confort durable<\/h3>\n<p>La particularit\u00e9 de ces <strong>mocassins en cuir marron pour hommes<\/strong> est leur semelle chunky en EVA, \u00e0 la fois l\u00e9g\u00e8re et incroyablement robuste. Cette semelle moderne offre un amorti et un soutien excellents, ce qui les rend id\u00e9ales pour un usage prolong\u00e9 sans sacrifier le style. Le design chunky apporte une touche contemporaine \u00e0 la silhouette intemporelle des mocassins, ce qui vous permet d'affirmer votre confiance en vous o\u00f9 que vous alliez.<\/p>\n<p>Disponibles dans une gamme compl\u00e8te de tailles pour hommes allant du 39 au 45, il est facile de trouver la taille id\u00e9ale. Ces chaussures polyvalentes <strong>mocassins en cuir marron pour hommes<\/strong> sont plus que de simples chaussures ; elles sont un investissement dans le style et le confort.<\/p>\n<h3>Disponibilit\u00e9 en vrac et approvisionnement sans faille<\/h3>\n<p>Pour les d\u00e9taillants et les entreprises qui cherchent \u00e0 stocker des chaussures de haute qualit\u00e9, ces chaussures exquises ont \u00e9t\u00e9 con\u00e7ues pour r\u00e9pondre aux besoins de leurs clients. <strong>mocassins en cuir marron pour hommes<\/strong> sont disponibles pour les commandes en gros. Avec une quantit\u00e9 minimale de commande de seulement 8 paires, il est facile d'ajouter ces mocassins populaires \u00e0 votre inventaire. Nous garantissons un processus rationalis\u00e9 avec un d\u00e9lai de livraison d'environ 12 jours plus les frais d'exp\u00e9dition, ce qui permet \u00e0 ces mocassins de qualit\u00e9 sup\u00e9rieure d'\u00eatre livr\u00e9s dans les meilleurs d\u00e9lais. <strong>mocassins en cuir marron pour hommes<\/strong> directement \u00e0 votre porte.<\/p>\n<p>Ces mocassins incontournables allient parfaitement l'\u00e9l\u00e9gance traditionnelle et la praticit\u00e9 moderne.<\/p>","protected":false},"excerpt":{"rendered":"<ul>\n<li>Ext\u00e9rieur en cuir de veau exquis<\/li>\n<li>Int\u00e9rieur en cuir de ch\u00e8vre luxueux pour un confort supr\u00eame<\/li>\n<li>Semelle \u00e9paisse en EVA, durable et l\u00e9g\u00e8re<\/li>\n<li>Mocassins classiques avec une touche de modernit\u00e9<\/li>\n<li>Disponible en taille homme : 39, 40, 41, 42, 43, 44, 45<\/li>\n<li>Quantit\u00e9 minimale de commande : 8 paires<\/li>\n<li>D\u00e9lai de livraison : 12 jours + exp\u00e9dition<\/li>\n<\/ul>","protected":false},"featured_media":3978,"template":"","meta":{"_acf_changed":false,"_uag_custom_page_level_css":"","site-sidebar-layout":"default","site-content-layout":"","ast-site-content-layout":"default","site-content-style":"default","site-sidebar-style":"default","ast-global-header-display":"","ast-banner-title-visibility":"","ast-main-header-display":"","ast-hfb-above-header-display":"","ast-hfb-below-header-display":"","ast-hfb-mobile-header-display":"","site-post-title":"","ast-breadcrumbs-content":"","ast-featured-img":"","footer-sml-layout":"","ast-disable-related-posts":"","theme-transparent-header-meta":"default","adv-header-id-meta":"","stick-header-meta":"","header-above-stick-meta":"","header-main-stick-meta":"","header-below-stick-meta":"","astra-migrate-meta-layouts":"set","ast-page-background-enabled":"default","ast-page-background-meta":{"desktop":{"background-color":"var(--ast-global-color-4)","background-image":"","background-repeat":"repeat","background-position":"center center","background-size":"auto","background-attachment":"scroll","background-type":"","background-media":"","overlay-type":"","overlay-color":"","overlay-opacity":"","overlay-gradient":""},"tablet":{"background-color":"","background-image":"","background-repeat":"repeat","background-position":"center center","background-size":"auto","background-attachment":"scroll","background-type":"","background-media":"","overlay-type":"","overlay-color":"","overlay-opacity":"","overlay-gradient":""},"mobile":{"background-color":"","background-image":"","background-repeat":"repeat","background-position":"center center","background-size":"auto","background-attachment":"scroll","background-type":"","background-media":"","overlay-type":"","overlay-color":"","overlay-opacity":"","overlay-gradient":""}},"ast-content-background-meta":{"desktop":{"background-color":"var(--ast-global-color-5)","background-image":"","background-repeat":"repeat","background-position":"center center","background-size":"auto","background-attachment":"scroll","background-type":"","background-media":"","overlay-type":"","overlay-color":"","overlay-opacity":"","overlay-gradient":""},"tablet":{"background-color":"var(--ast-global-color-5)","background-image":"","background-repeat":"repeat","background-position":"center center","background-size":"auto","background-attachment":"scroll","background-type":"","background-media":"","overlay-type":"","overlay-color":"","overlay-opacity":"","overlay-gradient":""},"mobile":{"background-color":"var(--ast-global-color-5)","background-image":"","background-repeat":"repeat","background-position":"center center","background-size":"auto","background-attachment":"scroll","background-type":"","background-media":"","overlay-type":"","overlay-color":"","overlay-opacity":"","overlay-gradient":""}}},"product_brand":[],"product_cat":[430,40,15],"product_tag":[147,555,512,304,1105,978,438,908,215,198,186,362,670,456],"class_list":{"0":"post-5959","1":"product","2":"type-product","3":"status-publish","4":"has-post-thumbnail","6":"product_cat-men","7":"product_cat-mens-shoes","8":"product_cat-uncategorized","9":"product_tag-brown-loafers","10":"product_tag-calfskin-loafers","11":"product_tag-casual-loafers","12":"product_tag-chunky-sole-loafers","13":"product_tag-contemporary-loafers","14":"product_tag-dress-casual-shoes","15":"product_tag-eva-sole","16":"product_tag-goat-leather-shoes","17":"product_tag-leather-loafers","18":"product_tag-mens-fashion","19":"product_tag-mens-loafers","20":"product_tag-premium-footwear","21":"product_tag-stylish-loafers","22":"product_tag-wholesale-loafers","23":"desktop-align-center","24":"tablet-align-center","25":"mobile-align-center","27":"first","28":"instock","29":"shipping-taxable","30":"purchasable","31":"product-type-variable","32":"has-default-attributes"},"acf":[],"uagb_featured_image_src":{"full":["https:\/\/turkishtrade.co\/wp-content\/uploads\/2026\/01\/2400EJOMN00378-BROWN-YOK-10-2-USD.png",453,250,false],"thumbnail":["https:\/\/turkishtrade.co\/wp-content\/uploads\/2026\/01\/2400EJOMN00378-BROWN-YOK-10-2-USD-150x150.png",150,150,true],"medium":["https:\/\/turkishtrade.co\/wp-content\/uploads\/2026\/01\/2400EJOMN00378-BROWN-YOK-10-2-USD-300x166.png",300,166,true],"medium_large":["https:\/\/turkishtrade.co\/wp-content\/uploads\/2026\/01\/2400EJOMN00378-BROWN-YOK-10-2-USD.png",453,250,false],"large":["https:\/\/turkishtrade.co\/wp-content\/uploads\/2026\/01\/2400EJOMN00378-BROWN-YOK-10-2-USD.png",453,250,false],"1536x1536":["https:\/\/turkishtrade.co\/wp-content\/uploads\/2026\/01\/2400EJOMN00378-BROWN-YOK-10-2-USD.png",453,250,false],"2048x2048":["https:\/\/turkishtrade.co\/wp-content\/uploads\/2026\/01\/2400EJOMN00378-BROWN-YOK-10-2-USD.png",453,250,false],"trp-custom-language-flag":["https:\/\/turkishtrade.co\/wp-content\/uploads\/2026\/01\/2400EJOMN00378-BROWN-YOK-10-2-USD-18x10.png",18,10,true],"woocommerce_thumbnail":["https:\/\/turkishtrade.co\/wp-content\/uploads\/2026\/01\/2400EJOMN00378-BROWN-YOK-10-2-USD-400x250.png",400,250,true],"woocommerce_single":["https:\/\/turkishtrade.co\/wp-content\/uploads\/2026\/01\/2400EJOMN00378-BROWN-YOK-10-2-USD.png",453,250,false],"woocommerce_gallery_thumbnail":["https:\/\/turkishtrade.co\/wp-content\/uploads\/2026\/01\/2400EJOMN00378-BROWN-YOK-10-2-USD-100x100.png",100,100,true]},"uagb_author_info":{"display_name":"yaser olabi","author_link":"https:\/\/turkishtrade.co\/fr\/author\/"},"uagb_comment_info":0,"uagb_excerpt":"Exquisite Calfskin Leather Exterior Luxurious Goat Leather Interior for Supreme Comfort Durable, Lightweight EVA Chunky Sole Classic Loafer Style with a Modern Edge Available in Men's Sizes: 39, 40, 41, 42, 43, 44, 45 Minimum Order Quantity: 8 Pairs Delivery Time: 12 Days + Shipping","_links":{"self":[{"href":"https:\/\/turkishtrade.co\/fr\/wp-json\/wp\/v2\/product\/5959","targetHints":{"allow":["GET"]}}],"collection":[{"href":"https:\/\/turkishtrade.co\/fr\/wp-json\/wp\/v2\/product"}],"about":[{"href":"https:\/\/turkishtrade.co\/fr\/wp-json\/wp\/v2\/types\/product"}],"wp:featuredmedia":[{"embeddable":true,"href":"https:\/\/turkishtrade.co\/fr\/wp-json\/wp\/v2\/media\/3978"}],"wp:attachment":[{"href":"https:\/\/turkishtrade.co\/fr\/wp-json\/wp\/v2\/media?parent=5959"}],"wp:term":[{"taxonomy":"product_brand","embeddable":true,"href":"https:\/\/turkishtrade.co\/fr\/wp-json\/wp\/v2\/product_brand?post=5959"},{"taxonomy":"product_cat","embeddable":true,"href":"https:\/\/turkishtrade.co\/fr\/wp-json\/wp\/v2\/product_cat?post=5959"},{"taxonomy":"product_tag","embeddable":true,"href":"https:\/\/turkishtrade.co\/fr\/wp-json\/wp\/v2\/product_tag?post=5959"}],"curies":[{"name":"wp","href":"https:\/\/api.w.org\/{rel}","templated":true}]}}