{"id":5956,"date":"2026-01-14T13:49:25","date_gmt":"2026-01-14T13:49:25","guid":{"rendered":"https:\/\/turkishtrade.co\/product\/mens-chunky-leather-loafer\/"},"modified":"2026-04-09T19:18:34","modified_gmt":"2026-04-09T19:18:34","slug":"mens-chunky-leather-loafer","status":"publish","type":"product","link":"https:\/\/turkishtrade.co\/fr\/shop\/mens-chunky-leather-loafer\/","title":{"rendered":"Mocassins en cuir de qualit\u00e9 sup\u00e9rieure bleu marine pour hommes"},"content":{"rendered":"<p><strong>Mocassins en cuir pour hommes<\/strong><\/p>\n<p>D\u00e9couvrez l'ultime m\u00e9lange de style classique et de confort contemporain avec notre exquise <strong>Mocassins en cuir pour hommes<\/strong>. Con\u00e7u pour l'homme moderne qui appr\u00e9cie \u00e0 la fois l'\u00e9l\u00e9gance et l'aspect pratique, ce mocassin red\u00e9finit la sophistication d\u00e9contract\u00e9e. Fabriqu\u00e9 avec une attention m\u00e9ticuleuse aux d\u00e9tails, chaque paire promet d'\u00e9lever votre tenue de tous les jours, en faisant une d\u00e9claration subtile mais percutante.<\/p>\n<p>Il ne s'agit pas de n'importe quelle chaussure, mais d'un investissement dans un style durable et un confort in\u00e9gal\u00e9 qui fait de notre chaussure un produit de qualit\u00e9. <strong>mocassins en cuir pour hommes<\/strong> un must-have.<\/p>\n<h3>Qualit\u00e9 et mat\u00e9riaux in\u00e9gal\u00e9s<\/h3>\n<p>D\u00e9couvrez la sensation luxueuse des mat\u00e9riaux authentiques. L'ext\u00e9rieur de cet exceptionnel <strong>Mocassins en cuir pour hommes<\/strong> est fabriqu\u00e9 en cuir de veau de premi\u00e8re qualit\u00e9, r\u00e9put\u00e9 pour sa texture souple, sa durabilit\u00e9 et sa capacit\u00e9 \u00e0 vieillir en beaut\u00e9. La riche teinte bleu marine, visible sur l'image ci-jointe, apporte une touche polyvalente, parfaite pour s'associer \u00e0 un large \u00e9ventail de tenues, des pantalons de tailleur aux jeans d\u00e9contract\u00e9s.<\/p>\n<p>A l'int\u00e9rieur, vos pieds seront envelopp\u00e9s dans la douceur d'une doublure en cuir de ch\u00e8vre v\u00e9ritable, offrant une respirabilit\u00e9 sup\u00e9rieure et un confort exceptionnel d\u00e8s la premi\u00e8re utilisation.<\/p>\n<h3>Confort moderne avec une semelle audacieuse<\/h3>\n<p>Ce qui fait la particularit\u00e9 de cette <strong>Mocassins en cuir pour hommes<\/strong> La principale caract\u00e9ristique de la chaussure est sa semelle \u00e9paisse en EVA. Cette semelle l\u00e9g\u00e8re mais robuste offre un amorti sup\u00e9rieur et une excellente absorption des chocs, garantissant un confort tout au long de la journ\u00e9e, que vous naviguiez dans les rues de la ville ou que vous vous d\u00e9tendiez dans un caf\u00e9. La semelle substantielle n'apporte pas seulement une esth\u00e9tique moderne, mais aussi une adh\u00e9rence et une stabilit\u00e9 accrues, alliant harmonieusement forme et fonction.<\/p>\n<p>Il s'agit d'une mise \u00e0 jour audacieuse du mocassin traditionnel, injectant une sensibilit\u00e9 fra\u00eeche et avant-gardiste dans un design intemporel.<\/p>\n<h3>Polyvalence et possibilit\u00e9s de vente en gros<\/h3>\n<p>Id\u00e9ale pour diverses occasions, de la vie professionnelle d\u00e9contract\u00e9e aux sorties de fin de semaine, cette <strong>Mocassins en cuir pour hommes<\/strong> est remarquablement polyvalent. Son design pratique \u00e0 enfiler assure une grande facilit\u00e9 d'utilisation, tandis que sa construction de haute qualit\u00e9 garantit sa long\u00e9vit\u00e9. Nous comprenons l'importance d'un ajustement parfait, c'est pourquoi nos <strong>Mocassins en cuir pour hommes<\/strong> est disponible dans une large gamme de tailles allant de l'UE 39 \u00e0 45.<\/p>\n<p>Pour nos partenaires grossistes, nous offrons des options d'achat flexibles avec une quantit\u00e9 minimale de commande de seulement 8 paires, ce qui vous permet de vous approvisionner facilement dans ce style populaire. Attendez-vous \u00e0 ce que votre commande soit livr\u00e9e dans un d\u00e9lai de 12 jours plus les frais d'exp\u00e9dition, ce qui vous permettra d'avoir ces chaussures de qualit\u00e9 sup\u00e9rieure directement dans votre stock. Choisissez notre <strong>Mocassins en cuir pour hommes<\/strong> et offrez \u00e0 vos clients une chaussure qui allie mat\u00e9riaux luxueux, design innovant et confort ultime.<\/p>","protected":false},"excerpt":{"rendered":"<ul>\n<li>Ext\u00e9rieur en cuir de veau de premi\u00e8re qualit\u00e9 pour la durabilit\u00e9 et le style<\/li>\n<li>Doublure int\u00e9rieure en cuir de ch\u00e8vre luxueux pour un confort et une respirabilit\u00e9 exceptionnels<\/li>\n<li>Semelle en EVA \u00e9paisse, \u00e9l\u00e9gante et confortable, offrant un excellent amorti et un attrait moderne.<\/li>\n<li>Une version contemporaine d'un mocassin intemporel<\/li>\n<li>Disponible dans une large gamme de tailles : EU 39, 40, 41, 42, 43, 44, 45<\/li>\n<li>Quantit\u00e9 minimale de commande : 8 paires (pour les partenaires grossistes)<\/li>\n<li>D\u00e9lai de livraison estim\u00e9 : 12 jours + exp\u00e9dition<\/li>\n<\/ul>","protected":false},"featured_media":3977,"template":"","meta":{"_acf_changed":false,"_uag_custom_page_level_css":"","site-sidebar-layout":"default","site-content-layout":"","ast-site-content-layout":"default","site-content-style":"default","site-sidebar-style":"default","ast-global-header-display":"","ast-banner-title-visibility":"","ast-main-header-display":"","ast-hfb-above-header-display":"","ast-hfb-below-header-display":"","ast-hfb-mobile-header-display":"","site-post-title":"","ast-breadcrumbs-content":"","ast-featured-img":"","footer-sml-layout":"","ast-disable-related-posts":"","theme-transparent-header-meta":"default","adv-header-id-meta":"","stick-header-meta":"","header-above-stick-meta":"","header-main-stick-meta":"","header-below-stick-meta":"","astra-migrate-meta-layouts":"set","ast-page-background-enabled":"default","ast-page-background-meta":{"desktop":{"background-color":"var(--ast-global-color-4)","background-image":"","background-repeat":"repeat","background-position":"center center","background-size":"auto","background-attachment":"scroll","background-type":"","background-media":"","overlay-type":"","overlay-color":"","overlay-opacity":"","overlay-gradient":""},"tablet":{"background-color":"","background-image":"","background-repeat":"repeat","background-position":"center center","background-size":"auto","background-attachment":"scroll","background-type":"","background-media":"","overlay-type":"","overlay-color":"","overlay-opacity":"","overlay-gradient":""},"mobile":{"background-color":"","background-image":"","background-repeat":"repeat","background-position":"center center","background-size":"auto","background-attachment":"scroll","background-type":"","background-media":"","overlay-type":"","overlay-color":"","overlay-opacity":"","overlay-gradient":""}},"ast-content-background-meta":{"desktop":{"background-color":"var(--ast-global-color-5)","background-image":"","background-repeat":"repeat","background-position":"center center","background-size":"auto","background-attachment":"scroll","background-type":"","background-media":"","overlay-type":"","overlay-color":"","overlay-opacity":"","overlay-gradient":""},"tablet":{"background-color":"var(--ast-global-color-5)","background-image":"","background-repeat":"repeat","background-position":"center center","background-size":"auto","background-attachment":"scroll","background-type":"","background-media":"","overlay-type":"","overlay-color":"","overlay-opacity":"","overlay-gradient":""},"mobile":{"background-color":"var(--ast-global-color-5)","background-image":"","background-repeat":"repeat","background-position":"center center","background-size":"auto","background-attachment":"scroll","background-type":"","background-media":"","overlay-type":"","overlay-color":"","overlay-opacity":"","overlay-gradient":""}}},"product_brand":[],"product_cat":[430,40,15],"product_tag":[566,1100,1104,438,189,1101,1099,1103,1102,787],"class_list":{"0":"post-5956","1":"product","2":"type-product","3":"status-publish","4":"has-post-thumbnail","6":"product_cat-men","7":"product_cat-mens-shoes","8":"product_cat-uncategorized","9":"product_tag-calfskin-shoes","10":"product_tag-chunky-loafer","11":"product_tag-classic-modern-loafer","12":"product_tag-eva-sole","13":"product_tag-goat-leather-lining","14":"product_tag-leather-loafer","15":"product_tag-mens-loafer","16":"product_tag-navy-loafer","17":"product_tag-platform-loafer","18":"product_tag-premium-mens-shoes","19":"desktop-align-center","20":"tablet-align-center","21":"mobile-align-center","23":"first","24":"instock","25":"shipping-taxable","26":"purchasable","27":"product-type-variable","28":"has-default-attributes"},"acf":[],"uagb_featured_image_src":{"full":["https:\/\/turkishtrade.co\/wp-content\/uploads\/2026\/01\/2400EJOMN00374-DARK-BLUE-TOV_12-5-USD.png",453,250,false],"thumbnail":["https:\/\/turkishtrade.co\/wp-content\/uploads\/2026\/01\/2400EJOMN00374-DARK-BLUE-TOV_12-5-USD-150x150.png",150,150,true],"medium":["https:\/\/turkishtrade.co\/wp-content\/uploads\/2026\/01\/2400EJOMN00374-DARK-BLUE-TOV_12-5-USD-300x166.png",300,166,true],"medium_large":["https:\/\/turkishtrade.co\/wp-content\/uploads\/2026\/01\/2400EJOMN00374-DARK-BLUE-TOV_12-5-USD.png",453,250,false],"large":["https:\/\/turkishtrade.co\/wp-content\/uploads\/2026\/01\/2400EJOMN00374-DARK-BLUE-TOV_12-5-USD.png",453,250,false],"1536x1536":["https:\/\/turkishtrade.co\/wp-content\/uploads\/2026\/01\/2400EJOMN00374-DARK-BLUE-TOV_12-5-USD.png",453,250,false],"2048x2048":["https:\/\/turkishtrade.co\/wp-content\/uploads\/2026\/01\/2400EJOMN00374-DARK-BLUE-TOV_12-5-USD.png",453,250,false],"trp-custom-language-flag":["https:\/\/turkishtrade.co\/wp-content\/uploads\/2026\/01\/2400EJOMN00374-DARK-BLUE-TOV_12-5-USD-18x10.png",18,10,true],"woocommerce_thumbnail":["https:\/\/turkishtrade.co\/wp-content\/uploads\/2026\/01\/2400EJOMN00374-DARK-BLUE-TOV_12-5-USD-400x250.png",400,250,true],"woocommerce_single":["https:\/\/turkishtrade.co\/wp-content\/uploads\/2026\/01\/2400EJOMN00374-DARK-BLUE-TOV_12-5-USD.png",453,250,false],"woocommerce_gallery_thumbnail":["https:\/\/turkishtrade.co\/wp-content\/uploads\/2026\/01\/2400EJOMN00374-DARK-BLUE-TOV_12-5-USD-100x100.png",100,100,true]},"uagb_author_info":{"display_name":"yaser olabi","author_link":"https:\/\/turkishtrade.co\/fr\/author\/"},"uagb_comment_info":0,"uagb_excerpt":"Premium Calfskin Leather Exterior for durability and style Luxurious Goat Leather Interior lining for exceptional comfort and breathability Stylish &amp; Comfortable Chunky EVA Sole offering excellent cushioning and modern appeal A contemporary take on a timeless loafer design Available in an extensive range of sizes: EU 39, 40, 41, 42, 43, 44, 45 Minimum Order\u2026","_links":{"self":[{"href":"https:\/\/turkishtrade.co\/fr\/wp-json\/wp\/v2\/product\/5956","targetHints":{"allow":["GET"]}}],"collection":[{"href":"https:\/\/turkishtrade.co\/fr\/wp-json\/wp\/v2\/product"}],"about":[{"href":"https:\/\/turkishtrade.co\/fr\/wp-json\/wp\/v2\/types\/product"}],"wp:featuredmedia":[{"embeddable":true,"href":"https:\/\/turkishtrade.co\/fr\/wp-json\/wp\/v2\/media\/3977"}],"wp:attachment":[{"href":"https:\/\/turkishtrade.co\/fr\/wp-json\/wp\/v2\/media?parent=5956"}],"wp:term":[{"taxonomy":"product_brand","embeddable":true,"href":"https:\/\/turkishtrade.co\/fr\/wp-json\/wp\/v2\/product_brand?post=5956"},{"taxonomy":"product_cat","embeddable":true,"href":"https:\/\/turkishtrade.co\/fr\/wp-json\/wp\/v2\/product_cat?post=5956"},{"taxonomy":"product_tag","embeddable":true,"href":"https:\/\/turkishtrade.co\/fr\/wp-json\/wp\/v2\/product_tag?post=5956"}],"curies":[{"name":"wp","href":"https:\/\/api.w.org\/{rel}","templated":true}]}}