{"id":5952,"date":"2026-01-14T13:48:44","date_gmt":"2026-01-14T13:48:44","guid":{"rendered":"https:\/\/turkishtrade.co\/product\/men-chunky-leather-loafers\/"},"modified":"2026-04-09T19:18:41","modified_gmt":"2026-04-09T19:18:41","slug":"mens-chunky-leather-loafers-2","status":"publish","type":"product","link":"https:\/\/turkishtrade.co\/fr\/shop\/mens-chunky-leather-loafers-2\/","title":{"rendered":"Mocassins en cuir de veau de qualit\u00e9 sup\u00e9rieure \u00e0 semelle \u00e9paisse pour hommes"},"content":{"rendered":"<p><strong>Mocassins en cuir pour hommes<\/strong><\/p>\n<p>\u00c9levez votre collection de chaussures gr\u00e2ce \u00e0 nos chaussures exquises. <strong>Mocassins en cuir pour hommes<\/strong>, Ces mocassins ont \u00e9t\u00e9 con\u00e7us pour l'homme moderne qui appr\u00e9cie \u00e0 la fois le style et la substance. Ces mocassins haut de gamme affichent une esth\u00e9tique sophistiqu\u00e9e, ce qui en fait un compl\u00e9ment parfait aux ensembles d\u00e9contract\u00e9s et semi-formels. Fabriqu\u00e9s avec la plus grande attention aux d\u00e9tails, ces mocassins de qualit\u00e9 sup\u00e9rieure sont parfaits pour les ensembles d\u00e9contract\u00e9s et semi-formels. <strong>Mocassins en cuir pour hommes<\/strong> \u00e9tablissent une nouvelle norme pour les chaussures contemporaines.<\/p>\n<h3>Un confort et un savoir-faire in\u00e9gal\u00e9s<\/h3>\n<p>La surface ext\u00e9rieure robuste de ces <strong>Mocassins en cuir pour hommes<\/strong> est m\u00e9ticuleusement fabriqu\u00e9e en cuir de veau v\u00e9ritable, connu pour sa durabilit\u00e9 exceptionnelle et sa texture \u00e9l\u00e9gante, ce qui garantit qu'elle r\u00e9sistera \u00e0 l'\u00e9preuve du temps.<\/p>\n<p>\u00c0 l'int\u00e9rieur, vos pieds b\u00e9n\u00e9ficieront d'un confort in\u00e9gal\u00e9 gr\u00e2ce \u00e0 la doublure en cuir de ch\u00e8vre souple et respirant, qui vous procurera une sensation de luxe \u00e0 chaque pas. La semelle \u00e9paisse en EVA ne se contente pas d'apporter une touche contemporaine, elle offre \u00e9galement un amorti et une adh\u00e9rence sup\u00e9rieurs, ce qui fait de ces chaussures des chaussures de sport de qualit\u00e9. <strong>Mocassins en cuir pour hommes<\/strong> id\u00e9al pour une utilisation tout au long de la journ\u00e9e.<\/p>\n<h3>L'alliance parfaite du style et de la praticit\u00e9<\/h3>\n<p>Avec une hauteur de talon classique de 1 \u00e0 3 cm, ces mocassins offrent un \u00e9quilibre parfait entre style et praticit\u00e9. Chaque paire t\u00e9moigne d'un savoir-faire de qualit\u00e9, con\u00e7u pour durer et conserver son aspect raffin\u00e9. Que vous naviguiez dans les rues de la ville ou que vous assistiez \u00e0 un \u00e9v\u00e9nement professionnel d\u00e9contract\u00e9, ces mocassins sont parfaits. <strong>Mocassins en cuir pour hommes<\/strong> offrent la combinaison ultime de confort, de soutien et de style ind\u00e9niable.<\/p>\n<p>Nos mocassins polyvalents sont disponibles dans une large gamme de tailles allant du 39 au 45, ce qui permet de r\u00e9pondre aux besoins d'un grand nombre de clients. Le design intemporel, associ\u00e9 \u00e0 la semelle \u00e9paisse contemporaine, garantit que ces mocassins seront toujours \u00e0 la mode. <strong>Mocassins en cuir pour hommes<\/strong> reste un incontournable de toute garde-robe \u00e0 la pointe de la mode.<\/p>\n<h3>Opportunit\u00e9s de vente en gros pour les chaussures haut de gamme<\/h3>\n<p>Pour les entreprises qui souhaitent enrichir leur offre de produits, notre <strong>Mocassins en cuir pour hommes<\/strong> sont disponibles \u00e0 l'achat en gros. Nous demandons une commande minimale de 8 paires, ce qui vous permet de vous approvisionner efficacement. Nous comprenons l'importance d'une livraison rapide, et nous nous engageons \u00e0 exp\u00e9dier les commandes dans les 12 jours, suivies d'un envoi par cargo standard.<\/p>\n<p>Acc\u00e9dez \u00e0 des prix comp\u00e9titifs en demandant notre liste de prix d\u00e9taill\u00e9e. Investissez dans ces produits exceptionnels <strong>Mocassins en cuir pour hommes<\/strong> et offrez \u00e0 vos clients des chaussures qui se distinguent par leur qualit\u00e9 et leur design.<\/p>","protected":false},"excerpt":{"rendered":"<ul>\n<li><strong>Mat\u00e9riaux de premi\u00e8re qualit\u00e9 :<\/strong> Fabriqu\u00e9 en cuir de veau v\u00e9ritable \u00e0 l'ext\u00e9rieur et en cuir de ch\u00e8vre souple \u00e0 l'int\u00e9rieur pour une qualit\u00e9 sup\u00e9rieure.<\/li>\n<li><strong>Semelle EVA \u00e9paisse :<\/strong> Dot\u00e9 d'une semelle EVA durable et confortable, il offre une hauteur de talon \u00e9l\u00e9gante de 1 \u00e0 3 cm.<\/li>\n<li><strong>Large gamme de tailles :<\/strong> Disponible dans les tailles 39, 40, 41, 42, 43, 44, 45 pour r\u00e9pondre aux diff\u00e9rents besoins des clients.<\/li>\n<li><strong>Disponibilit\u00e9 en gros :<\/strong> Commande minimum de 8 paires ; id\u00e9al pour les d\u00e9taillants et les acheteurs en gros.<\/li>\n<li><strong>Livraison efficace :<\/strong> Les commandes sont exp\u00e9di\u00e9es dans un d\u00e9lai de 12 jours + d\u00e9lai d'exp\u00e9dition standard.<\/li>\n<\/ul>","protected":false},"featured_media":3974,"template":"","meta":{"_acf_changed":false,"_uag_custom_page_level_css":"","site-sidebar-layout":"default","site-content-layout":"","ast-site-content-layout":"default","site-content-style":"default","site-sidebar-style":"default","ast-global-header-display":"","ast-banner-title-visibility":"","ast-main-header-display":"","ast-hfb-above-header-display":"","ast-hfb-below-header-display":"","ast-hfb-mobile-header-display":"","site-post-title":"","ast-breadcrumbs-content":"","ast-featured-img":"","footer-sml-layout":"","ast-disable-related-posts":"","theme-transparent-header-meta":"default","adv-header-id-meta":"","stick-header-meta":"","header-above-stick-meta":"","header-main-stick-meta":"","header-below-stick-meta":"","astra-migrate-meta-layouts":"set","ast-page-background-enabled":"default","ast-page-background-meta":{"desktop":{"background-color":"var(--ast-global-color-4)","background-image":"","background-repeat":"repeat","background-position":"center center","background-size":"auto","background-attachment":"scroll","background-type":"","background-media":"","overlay-type":"","overlay-color":"","overlay-opacity":"","overlay-gradient":""},"tablet":{"background-color":"","background-image":"","background-repeat":"repeat","background-position":"center center","background-size":"auto","background-attachment":"scroll","background-type":"","background-media":"","overlay-type":"","overlay-color":"","overlay-opacity":"","overlay-gradient":""},"mobile":{"background-color":"","background-image":"","background-repeat":"repeat","background-position":"center center","background-size":"auto","background-attachment":"scroll","background-type":"","background-media":"","overlay-type":"","overlay-color":"","overlay-opacity":"","overlay-gradient":""}},"ast-content-background-meta":{"desktop":{"background-color":"var(--ast-global-color-5)","background-image":"","background-repeat":"repeat","background-position":"center center","background-size":"auto","background-attachment":"scroll","background-type":"","background-media":"","overlay-type":"","overlay-color":"","overlay-opacity":"","overlay-gradient":""},"tablet":{"background-color":"var(--ast-global-color-5)","background-image":"","background-repeat":"repeat","background-position":"center center","background-size":"auto","background-attachment":"scroll","background-type":"","background-media":"","overlay-type":"","overlay-color":"","overlay-opacity":"","overlay-gradient":""},"mobile":{"background-color":"var(--ast-global-color-5)","background-image":"","background-repeat":"repeat","background-position":"center center","background-size":"auto","background-attachment":"scroll","background-type":"","background-media":"","overlay-type":"","overlay-color":"","overlay-opacity":"","overlay-gradient":""}}},"product_brand":[],"product_cat":[430,40,15],"product_tag":[185,512,304,950,438,189,1096,351,1095,186,362,546,281],"class_list":{"0":"post-5952","1":"product","2":"type-product","3":"status-publish","4":"has-post-thumbnail","6":"product_cat-men","7":"product_cat-mens-shoes","8":"product_cat-uncategorized","9":"product_tag-calf-leather-shoes","10":"product_tag-casual-loafers","11":"product_tag-chunky-sole-loafers","12":"product_tag-comfort-loafers","13":"product_tag-eva-sole","14":"product_tag-goat-leather-lining","15":"product_tag-grey-loafers","16":"product_tag-leather-footwear","17":"product_tag-mens-chunky-leather-loafers","18":"product_tag-mens-loafers","19":"product_tag-premium-footwear","20":"product_tag-stylish-mens-shoes","21":"product_tag-wholesale-shoes","22":"desktop-align-center","23":"tablet-align-center","24":"mobile-align-center","26":"first","27":"instock","28":"shipping-taxable","29":"purchasable","30":"product-type-variable","31":"has-default-attributes"},"acf":[],"uagb_featured_image_src":{"full":["https:\/\/turkishtrade.co\/wp-content\/uploads\/2026\/01\/2400EJOMN00354-BEIGE-DKS_7654-2-USD.png",453,250,false],"thumbnail":["https:\/\/turkishtrade.co\/wp-content\/uploads\/2026\/01\/2400EJOMN00354-BEIGE-DKS_7654-2-USD-150x150.png",150,150,true],"medium":["https:\/\/turkishtrade.co\/wp-content\/uploads\/2026\/01\/2400EJOMN00354-BEIGE-DKS_7654-2-USD-300x166.png",300,166,true],"medium_large":["https:\/\/turkishtrade.co\/wp-content\/uploads\/2026\/01\/2400EJOMN00354-BEIGE-DKS_7654-2-USD.png",453,250,false],"large":["https:\/\/turkishtrade.co\/wp-content\/uploads\/2026\/01\/2400EJOMN00354-BEIGE-DKS_7654-2-USD.png",453,250,false],"1536x1536":["https:\/\/turkishtrade.co\/wp-content\/uploads\/2026\/01\/2400EJOMN00354-BEIGE-DKS_7654-2-USD.png",453,250,false],"2048x2048":["https:\/\/turkishtrade.co\/wp-content\/uploads\/2026\/01\/2400EJOMN00354-BEIGE-DKS_7654-2-USD.png",453,250,false],"trp-custom-language-flag":["https:\/\/turkishtrade.co\/wp-content\/uploads\/2026\/01\/2400EJOMN00354-BEIGE-DKS_7654-2-USD-18x10.png",18,10,true],"woocommerce_thumbnail":["https:\/\/turkishtrade.co\/wp-content\/uploads\/2026\/01\/2400EJOMN00354-BEIGE-DKS_7654-2-USD-400x250.png",400,250,true],"woocommerce_single":["https:\/\/turkishtrade.co\/wp-content\/uploads\/2026\/01\/2400EJOMN00354-BEIGE-DKS_7654-2-USD.png",453,250,false],"woocommerce_gallery_thumbnail":["https:\/\/turkishtrade.co\/wp-content\/uploads\/2026\/01\/2400EJOMN00354-BEIGE-DKS_7654-2-USD-100x100.png",100,100,true]},"uagb_author_info":{"display_name":"yaser olabi","author_link":"https:\/\/turkishtrade.co\/fr\/author\/"},"uagb_comment_info":0,"uagb_excerpt":"Premium Materials: Crafted with genuine calf leather outer and soft goat leather inner for superior quality. Chunky EVA Sole: Features a durable and comfortable EVA sole, offering a stylish 1-3 cm heel height. Wide Size Range: Available in sizes 39, 40, 41, 42, 43, 44, 45 to fit diverse customer needs. Wholesale Availability: Minimum order\u2026","_links":{"self":[{"href":"https:\/\/turkishtrade.co\/fr\/wp-json\/wp\/v2\/product\/5952","targetHints":{"allow":["GET"]}}],"collection":[{"href":"https:\/\/turkishtrade.co\/fr\/wp-json\/wp\/v2\/product"}],"about":[{"href":"https:\/\/turkishtrade.co\/fr\/wp-json\/wp\/v2\/types\/product"}],"wp:featuredmedia":[{"embeddable":true,"href":"https:\/\/turkishtrade.co\/fr\/wp-json\/wp\/v2\/media\/3974"}],"wp:attachment":[{"href":"https:\/\/turkishtrade.co\/fr\/wp-json\/wp\/v2\/media?parent=5952"}],"wp:term":[{"taxonomy":"product_brand","embeddable":true,"href":"https:\/\/turkishtrade.co\/fr\/wp-json\/wp\/v2\/product_brand?post=5952"},{"taxonomy":"product_cat","embeddable":true,"href":"https:\/\/turkishtrade.co\/fr\/wp-json\/wp\/v2\/product_cat?post=5952"},{"taxonomy":"product_tag","embeddable":true,"href":"https:\/\/turkishtrade.co\/fr\/wp-json\/wp\/v2\/product_tag?post=5952"}],"curies":[{"name":"wp","href":"https:\/\/api.w.org\/{rel}","templated":true}]}}