{"id":5950,"date":"2026-01-14T13:48:17","date_gmt":"2026-01-14T13:48:17","guid":{"rendered":"https:\/\/turkishtrade.co\/product\/mens-casual-leather-derby-shoes-4\/"},"modified":"2026-04-09T19:18:44","modified_gmt":"2026-04-09T19:18:44","slug":"mens-casual-leather-derby-shoes-4","status":"publish","type":"product","link":"https:\/\/turkishtrade.co\/fr\/shop\/mens-casual-leather-derby-shoes-4\/","title":{"rendered":"Chaussures de derby en cuir d\u00e9contract\u00e9 de premi\u00e8re qualit\u00e9 pour hommes avec semelle EVA \u00e9paisse"},"content":{"rendered":"<p><strong>Chaussures derby en cuir pour hommes<\/strong><\/p>\n<p>Entrez dans un style et un confort in\u00e9gal\u00e9s gr\u00e2ce \u00e0 nos magnifiques <strong>Chaussures derby en cuir pour hommes<\/strong>. M\u00e9ticuleusement con\u00e7ues pour l'homme moderne, ces chaussures associent des \u00e9l\u00e9ments de design classiques \u00e0 une robustesse contemporaine, ce qui en fait un compl\u00e9ment polyvalent \u00e0 toute garde-robe. Que vous naviguiez dans des paysages urbains ou que vous profitiez d'une escapade le week-end, ces chaussures \u00e0 lacets de qualit\u00e9 sup\u00e9rieure sont con\u00e7ues pour offrir \u00e0 la fois un attrait esth\u00e9tique et un soutien durable.<\/p>\n<p>Faites l'exp\u00e9rience de la fusion parfaite entre les mat\u00e9riaux de luxe et le design pratique \u00e0 chacun de vos pas.<\/p>\n<h3>Qualit\u00e9 et confort in\u00e9gal\u00e9s pour nos chaussures derby en cuir pour hommes<\/h3>\n<p>Notre engagement en faveur de la qualit\u00e9 commence par l'utilisation des mat\u00e9riaux les plus nobles pour la fabrication de nos produits. <strong>Chaussures derby en cuir pour hommes<\/strong>. L'ext\u00e9rieur de ces chaussures exceptionnelles est fabriqu\u00e9 en cuir de veau v\u00e9ritable 100%, r\u00e9put\u00e9 pour sa texture souple, sa finition riche et sa remarquable durabilit\u00e9. Ce cuir de qualit\u00e9 sup\u00e9rieure n'a pas seulement un aspect sophistiqu\u00e9, il s'adapte aussi parfaitement \u00e0 votre pied au fil du temps, garantissant ainsi un ajustement personnalis\u00e9.<\/p>\n<p>En compl\u00e9ment de l'ext\u00e9rieur robuste, l'int\u00e9rieur est doubl\u00e9 de cuir de ch\u00e8vre v\u00e9ritable 100%, offrant une respirabilit\u00e9 sup\u00e9rieure et une sensation de douceur luxueuse sur la peau. Cette combinaison garantit un confort maximal, m\u00eame en cas de port prolong\u00e9. La semelle en EVA (\u00e9thyl\u00e8ne-ac\u00e9tate de vinyle), \u00e0 la fois robuste et l\u00e9g\u00e8re, offre un excellent amorti et une bonne absorption des chocs, tandis que son design \u00e9pais offre une meilleure adh\u00e9rence et une touche d'\u00e9l\u00e9gance distinctive.<\/p>\n<p>Cette semelle robuste, d'une hauteur d'environ 3 \u00e0 4 cm, \u00e9quilibre parfaitement l'\u00e9l\u00e9vation et la stabilit\u00e9, ce qui en fait la semelle id\u00e9ale. <strong>Chaussures derby en cuir pour hommes<\/strong> pour une utilisation tout au long de la journ\u00e9e. L'attention port\u00e9e aux d\u00e9tails dans chaque couture garantit que ces chaussures sont vraiment de premi\u00e8re qualit\u00e9. <strong>Chaussures derby en cuir pour hommes<\/strong>.<\/p>\n<h3>Un style polyvalent pour toutes les occasions avec ces chaussures derby en cuir pour hommes.<\/h3>\n<p>La conception de ces <strong>Chaussures derby en cuir pour hommes<\/strong> est un \u00e9quilibre parfait entre l'\u00e9l\u00e9gance classique et le style d\u00e9contract\u00e9. Leur structure \u00e0 lacets offre un ajustement s\u00fbr et r\u00e9glable, tandis que la semelle \u00e9paisse contemporaine ajoute une touche de sophistication moderne. Ces chaussures sont incroyablement polyvalentes, passant sans effort d'un environnement de bureau \u00e9l\u00e9gant et d\u00e9contract\u00e9 \u00e0 une rencontre sociale d\u00e9contract\u00e9e.<\/p>\n<p>Associez-les \u00e0 un pantalon de tailleur pour une allure \u00e9l\u00e9gante, ou habillez-les d'un jean ou d'un pantalon chino pour une allure cool sans effort. L'attrait intemporel de ces chaussures Derby garantit qu'elles resteront un \u00e9l\u00e9ment essentiel de votre collection de chaussures pour les ann\u00e9es \u00e0 venir. Rehaussez votre style de tous les jours avec ces chaussures essentielles. <strong>Chaussures derby en cuir pour hommes<\/strong>, Les produits de la gamme sont con\u00e7us pour l'homme qui appr\u00e9cie \u00e0 la fois la forme et la fonction.<\/p>\n<h3>Opportunit\u00e9 de vente en gros et informations sur les commandes pour Chaussures derby en cuir pour hommes<\/h3>\n<p>Pour les d\u00e9taillants et les entreprises, ces <strong>Chaussures derby en cuir pour hommes<\/strong> sont disponibles pour des achats en gros avec une quantit\u00e9 minimum de 8 paires. Nous proposons des prix comp\u00e9titifs, que vous trouverez dans notre liste de prix d\u00e9taill\u00e9e. Votre commande sera trait\u00e9e avec un d\u00e9lai de livraison d'environ 12 jours, plus les frais de port.<\/p>\n<p>Nous nous engageons \u00e0 fournir des chaussures de haute qualit\u00e9 qui r\u00e9pondent aux exigences de vos clients. Disponibles dans une gamme compl\u00e8te de pointures europ\u00e9ennes allant de 39 \u00e0 45, elles vous permettent de r\u00e9pondre aux besoins d'une large client\u00e8le. Investissez dans des chaussures qui se distinguent par leur savoir-faire, leur confort et leur style durable.<\/p>\n<p>Ils sont vraiment sup\u00e9rieurs <strong>Chaussures derby en cuir pour hommes<\/strong> qui promettent la satisfaction du client et la fid\u00e9lisation de la client\u00e8le.<\/p>","protected":false},"excerpt":{"rendered":"<ul>\n<li><strong>Commande minimale :<\/strong> 8 paires<\/li>\n<li><strong>D\u00e9lai de livraison :<\/strong> 12 jours + Exp\u00e9dition<\/li>\n<li><strong>Mat\u00e9riau ext\u00e9rieur :<\/strong> 100% Cuir de veau v\u00e9ritable<\/li>\n<li><strong>Mat\u00e9riau int\u00e9rieur :<\/strong> 100% Cuir de ch\u00e8vre v\u00e9ritable<\/li>\n<li><strong>Mat\u00e9riau de la semelle :<\/strong> EVA (\u00e9thyl\u00e8ne-ac\u00e9tate de vinyle) durable<\/li>\n<li><strong>Hauteur du talon :<\/strong> Environ 3-4 cm de semelle \u00e9paisse<\/li>\n<li><strong>Tailles disponibles (EU) :<\/strong> 39, 40, 41, 42, 43, 44, 45<\/li>\n<li><strong>Style :<\/strong> D\u00e9contract\u00e9, Derby \u00e0 lacets<\/li>\n<\/ul>","protected":false},"featured_media":3973,"template":"","meta":{"_acf_changed":false,"_uag_custom_page_level_css":"","site-sidebar-layout":"default","site-content-layout":"","ast-site-content-layout":"default","site-content-style":"default","site-sidebar-style":"default","ast-global-header-display":"","ast-banner-title-visibility":"","ast-main-header-display":"","ast-hfb-above-header-display":"","ast-hfb-below-header-display":"","ast-hfb-mobile-header-display":"","site-post-title":"","ast-breadcrumbs-content":"","ast-featured-img":"","footer-sml-layout":"","ast-disable-related-posts":"","theme-transparent-header-meta":"default","adv-header-id-meta":"","stick-header-meta":"","header-above-stick-meta":"","header-main-stick-meta":"","header-below-stick-meta":"","astra-migrate-meta-layouts":"set","ast-page-background-enabled":"default","ast-page-background-meta":{"desktop":{"background-color":"var(--ast-global-color-4)","background-image":"","background-repeat":"repeat","background-position":"center center","background-size":"auto","background-attachment":"scroll","background-type":"","background-media":"","overlay-type":"","overlay-color":"","overlay-opacity":"","overlay-gradient":""},"tablet":{"background-color":"","background-image":"","background-repeat":"repeat","background-position":"center center","background-size":"auto","background-attachment":"scroll","background-type":"","background-media":"","overlay-type":"","overlay-color":"","overlay-opacity":"","overlay-gradient":""},"mobile":{"background-color":"","background-image":"","background-repeat":"repeat","background-position":"center center","background-size":"auto","background-attachment":"scroll","background-type":"","background-media":"","overlay-type":"","overlay-color":"","overlay-opacity":"","overlay-gradient":""}},"ast-content-background-meta":{"desktop":{"background-color":"var(--ast-global-color-5)","background-image":"","background-repeat":"repeat","background-position":"center center","background-size":"auto","background-attachment":"scroll","background-type":"","background-media":"","overlay-type":"","overlay-color":"","overlay-opacity":"","overlay-gradient":""},"tablet":{"background-color":"var(--ast-global-color-5)","background-image":"","background-repeat":"repeat","background-position":"center center","background-size":"auto","background-attachment":"scroll","background-type":"","background-media":"","overlay-type":"","overlay-color":"","overlay-opacity":"","overlay-gradient":""},"mobile":{"background-color":"var(--ast-global-color-5)","background-image":"","background-repeat":"repeat","background-position":"center center","background-size":"auto","background-attachment":"scroll","background-type":"","background-media":"","overlay-type":"","overlay-color":"","overlay-opacity":"","overlay-gradient":""}}},"product_brand":[],"product_cat":[430,40,15],"product_tag":[453,202,449,436,222,212,439,756,438,487,437,227,198,440,479,210,1094,281],"class_list":{"0":"post-5950","1":"product","2":"type-product","3":"status-publish","4":"has-post-thumbnail","6":"product_cat-men","7":"product_cat-mens-shoes","8":"product_cat-uncategorized","9":"product_tag-bulk-footwear","10":"product_tag-calf-leather","11":"product_tag-casual-shoes","12":"product_tag-chunky-sole","13":"product_tag-comfortable-shoes","14":"product_tag-derby-shoes","15":"product_tag-durable-shoes","16":"product_tag-european-sizes","17":"product_tag-eva-sole","18":"product_tag-footwear","19":"product_tag-goat-leather","20":"product_tag-leather-shoes","21":"product_tag-mens-fashion","22":"product_tag-modern-derby","23":"product_tag-navy-shoes","24":"product_tag-smart-casual","25":"product_tag-style","26":"product_tag-wholesale-shoes","27":"desktop-align-center","28":"tablet-align-center","29":"mobile-align-center","31":"first","32":"instock","33":"shipping-taxable","34":"purchasable","35":"product-type-variable","36":"has-default-attributes"},"acf":[],"uagb_featured_image_src":{"full":["https:\/\/turkishtrade.co\/wp-content\/uploads\/2026\/01\/2400EJOMN00328-DARK-BLUE-DKS_7646-2-USD.png",453,250,false],"thumbnail":["https:\/\/turkishtrade.co\/wp-content\/uploads\/2026\/01\/2400EJOMN00328-DARK-BLUE-DKS_7646-2-USD-150x150.png",150,150,true],"medium":["https:\/\/turkishtrade.co\/wp-content\/uploads\/2026\/01\/2400EJOMN00328-DARK-BLUE-DKS_7646-2-USD-300x166.png",300,166,true],"medium_large":["https:\/\/turkishtrade.co\/wp-content\/uploads\/2026\/01\/2400EJOMN00328-DARK-BLUE-DKS_7646-2-USD.png",453,250,false],"large":["https:\/\/turkishtrade.co\/wp-content\/uploads\/2026\/01\/2400EJOMN00328-DARK-BLUE-DKS_7646-2-USD.png",453,250,false],"1536x1536":["https:\/\/turkishtrade.co\/wp-content\/uploads\/2026\/01\/2400EJOMN00328-DARK-BLUE-DKS_7646-2-USD.png",453,250,false],"2048x2048":["https:\/\/turkishtrade.co\/wp-content\/uploads\/2026\/01\/2400EJOMN00328-DARK-BLUE-DKS_7646-2-USD.png",453,250,false],"trp-custom-language-flag":["https:\/\/turkishtrade.co\/wp-content\/uploads\/2026\/01\/2400EJOMN00328-DARK-BLUE-DKS_7646-2-USD-18x10.png",18,10,true],"woocommerce_thumbnail":["https:\/\/turkishtrade.co\/wp-content\/uploads\/2026\/01\/2400EJOMN00328-DARK-BLUE-DKS_7646-2-USD-400x250.png",400,250,true],"woocommerce_single":["https:\/\/turkishtrade.co\/wp-content\/uploads\/2026\/01\/2400EJOMN00328-DARK-BLUE-DKS_7646-2-USD.png",453,250,false],"woocommerce_gallery_thumbnail":["https:\/\/turkishtrade.co\/wp-content\/uploads\/2026\/01\/2400EJOMN00328-DARK-BLUE-DKS_7646-2-USD-100x100.png",100,100,true]},"uagb_author_info":{"display_name":"yaser olabi","author_link":"https:\/\/turkishtrade.co\/fr\/author\/"},"uagb_comment_info":0,"uagb_excerpt":"Minimum Order: 8 Pairs Delivery Time: 12 Days + Shipping Exterior Material: 100% Genuine Calf Leather Interior Material: 100% Genuine Goat Leather Sole Material: Durable EVA (Ethylene-vinyl acetate) Heel Height: Approximately 3-4 cm Chunky Sole Available Sizes (EU): 39, 40, 41, 42, 43, 44, 45 Style: Casual, Lace-up Derby","_links":{"self":[{"href":"https:\/\/turkishtrade.co\/fr\/wp-json\/wp\/v2\/product\/5950","targetHints":{"allow":["GET"]}}],"collection":[{"href":"https:\/\/turkishtrade.co\/fr\/wp-json\/wp\/v2\/product"}],"about":[{"href":"https:\/\/turkishtrade.co\/fr\/wp-json\/wp\/v2\/types\/product"}],"wp:featuredmedia":[{"embeddable":true,"href":"https:\/\/turkishtrade.co\/fr\/wp-json\/wp\/v2\/media\/3973"}],"wp:attachment":[{"href":"https:\/\/turkishtrade.co\/fr\/wp-json\/wp\/v2\/media?parent=5950"}],"wp:term":[{"taxonomy":"product_brand","embeddable":true,"href":"https:\/\/turkishtrade.co\/fr\/wp-json\/wp\/v2\/product_brand?post=5950"},{"taxonomy":"product_cat","embeddable":true,"href":"https:\/\/turkishtrade.co\/fr\/wp-json\/wp\/v2\/product_cat?post=5950"},{"taxonomy":"product_tag","embeddable":true,"href":"https:\/\/turkishtrade.co\/fr\/wp-json\/wp\/v2\/product_tag?post=5950"}],"curies":[{"name":"wp","href":"https:\/\/api.w.org\/{rel}","templated":true}]}}