{"id":5948,"date":"2026-01-14T13:47:56","date_gmt":"2026-01-14T13:47:56","guid":{"rendered":"https:\/\/turkishtrade.co\/product\/men-s-chunky-platform-loafers\/"},"modified":"2026-04-09T19:18:48","modified_gmt":"2026-04-09T19:18:48","slug":"mens-chunky-platform-loafers-2","status":"publish","type":"product","link":"https:\/\/turkishtrade.co\/fr\/shop\/mens-chunky-platform-loafers-2\/","title":{"rendered":"Mocassins \u00e0 plateforme en cuir noir pour hommes"},"content":{"rendered":"<p><strong>Mocassins \u00e0 plateforme pour hommes<\/strong><\/p>\n<p>\u00c9levez votre collection de chaussures gr\u00e2ce \u00e0 nos chaussures exquises. <strong>Mocassins \u00e0 plateforme pour hommes<\/strong>, Ces chaussures sont con\u00e7ues pour l'homme moderne qui appr\u00e9cie \u00e0 la fois le style et le confort. Il ne s'agit pas de chaussures ordinaires, mais d'une pi\u00e8ce ma\u00eetresse fabriqu\u00e9e \u00e0 partir de mat\u00e9riaux de premi\u00e8re qualit\u00e9, garantissant une durabilit\u00e9 exceptionnelle et une sensation de luxe \u00e0 chaque pas. Alliant parfaitement l'esth\u00e9tique du mocassin classique aux tendances contemporaines, ces chaussures sont indispensables \u00e0 toute garde-robe \u00e0 la pointe de la mode.<\/p>\n<p>Notre <strong>Mocassins \u00e0 plateforme pour hommes<\/strong> sont dot\u00e9es d'un ext\u00e9rieur en cuir de vachette sophistiqu\u00e9, offrant une finition \u00e9l\u00e9gante, polie et robuste qui r\u00e9siste \u00e0 l'\u00e9preuve du temps. Les motifs distinctifs de la tige ajoutent une touche unique d'\u00e9l\u00e9gance et de sophistication inspir\u00e9e par les cr\u00e9ateurs, ce qui permet \u00e0 ces chaussures de se d\u00e9marquer et d'\u00eatre le point de mire de n'importe quel ensemble.<\/p>\n<p>A l'int\u00e9rieur, vos pieds seront envelopp\u00e9s dans la douceur in\u00e9gal\u00e9e de la doublure en cuir de ch\u00e8vre v\u00e9ritable, offrant une respirabilit\u00e9 sup\u00e9rieure et un confort ultime pour un port tout au long de la journ\u00e9e, m\u00eame pendant des p\u00e9riodes prolong\u00e9es.<\/p>\n<p>La semelle EVA, \u00e0 la fois robuste et l\u00e9g\u00e8re, est l'une des principales caract\u00e9ristiques fonctionnelles de ces chaussures. <strong>Mocassins \u00e0 plateforme pour hommes<\/strong>. Il offre une excellente absorption des chocs, r\u00e9duisant la fatigue, et garantit une adh\u00e9rence solide et fiable, ce qui les rend id\u00e9ales pour divers environnements urbains et activit\u00e9s quotidiennes. Le talon compens\u00e9 moderne de 1 \u00e0 3 cm offre une \u00e9l\u00e9vation contemporaine, am\u00e9liorant votre posture et ajoutant une touche de mode sans compromettre la silhouette intemporelle du mocassin.<\/p>\n<p>Cette conception r\u00e9fl\u00e9chie allie harmonieusement la tradition et les tendances actuelles, offrant une polyvalence in\u00e9gal\u00e9e.<\/p>\n<h3>Qualit\u00e9 et style in\u00e9gal\u00e9s pour toutes les occasions<\/h3>\n<p>Que vous vous rendiez \u00e0 un brunch d\u00e9contract\u00e9, \u00e0 une r\u00e9union d'affaires \u00e9l\u00e9gante ou \u00e0 une soir\u00e9e chic, ces mocassins polyvalents s'associeront sans effort \u00e0 un large \u00e9ventail de tenues, des pantalons cintr\u00e9s aux jeans haut de gamme.<\/p>\n<p>Disponibles dans une gamme compl\u00e8te de tailles pour hommes allant de 39 \u00e0 45, ces <strong>Mocassins \u00e0 plateforme pour hommes<\/strong> sont con\u00e7ues pour offrir un ajustement parfait \u00e0 un large public. Pour nos estim\u00e9s clients grossistes, nous proposons une quantit\u00e9 minimale de commande attrayante de seulement 8 paires, avec un processus de production et de livraison rationalis\u00e9 de 12 jours, plus les frais d'exp\u00e9dition. Investissez dans la qualit\u00e9, le style et le confort avec notre collection de chaussures d\u00e9contract\u00e9es pour hommes.<\/p>\n<p>Ces <strong>Mocassins \u00e0 plateforme pour hommes<\/strong> sont plus que de simples chaussures ; elles sont un investissement dans un style impeccable et une qualit\u00e9 durable, qui promet d'\u00eatre un ajout pr\u00e9cieux \u00e0 votre collection pour les ann\u00e9es \u00e0 venir.<\/p>","protected":false},"excerpt":{"rendered":"<ul>\n<li>Ext\u00e9rieur en cuir de vachette de premi\u00e8re qualit\u00e9 avec motifs distinctifs<\/li>\n<li>Doublure int\u00e9rieure en cuir de ch\u00e8vre souple pour un confort optimal<\/li>\n<li>Semelle EVA durable et l\u00e9g\u00e8re pour une excellente adh\u00e9rence<\/li>\n<li>Mocassins classiques avec un talon moderne de 1 \u00e0 3 cm.<\/li>\n<li>Disponible dans les tailles 39-45<\/li>\n<li>Quantit\u00e9 minimale de commande : 8 paires - id\u00e9al pour les achats en gros<\/li>\n<li>Production et livraison rapides : 12 jours + exp\u00e9dition<\/li>\n<\/ul>","protected":false},"featured_media":3972,"template":"","meta":{"_acf_changed":false,"_uag_custom_page_level_css":"","site-sidebar-layout":"default","site-content-layout":"","ast-site-content-layout":"default","site-content-style":"default","site-sidebar-style":"default","ast-global-header-display":"","ast-banner-title-visibility":"","ast-main-header-display":"","ast-hfb-above-header-display":"","ast-hfb-below-header-display":"","ast-hfb-mobile-header-display":"","site-post-title":"","ast-breadcrumbs-content":"","ast-featured-img":"","footer-sml-layout":"","ast-disable-related-posts":"","theme-transparent-header-meta":"default","adv-header-id-meta":"","stick-header-meta":"","header-above-stick-meta":"","header-main-stick-meta":"","header-below-stick-meta":"","astra-migrate-meta-layouts":"set","ast-page-background-enabled":"default","ast-page-background-meta":{"desktop":{"background-color":"var(--ast-global-color-4)","background-image":"","background-repeat":"repeat","background-position":"center center","background-size":"auto","background-attachment":"scroll","background-type":"","background-media":"","overlay-type":"","overlay-color":"","overlay-opacity":"","overlay-gradient":""},"tablet":{"background-color":"","background-image":"","background-repeat":"repeat","background-position":"center center","background-size":"auto","background-attachment":"scroll","background-type":"","background-media":"","overlay-type":"","overlay-color":"","overlay-opacity":"","overlay-gradient":""},"mobile":{"background-color":"","background-image":"","background-repeat":"repeat","background-position":"center center","background-size":"auto","background-attachment":"scroll","background-type":"","background-media":"","overlay-type":"","overlay-color":"","overlay-opacity":"","overlay-gradient":""}},"ast-content-background-meta":{"desktop":{"background-color":"var(--ast-global-color-5)","background-image":"","background-repeat":"repeat","background-position":"center center","background-size":"auto","background-attachment":"scroll","background-type":"","background-media":"","overlay-type":"","overlay-color":"","overlay-opacity":"","overlay-gradient":""},"tablet":{"background-color":"var(--ast-global-color-5)","background-image":"","background-repeat":"repeat","background-position":"center center","background-size":"auto","background-attachment":"scroll","background-type":"","background-media":"","overlay-type":"","overlay-color":"","overlay-opacity":"","overlay-gradient":""},"mobile":{"background-color":"var(--ast-global-color-5)","background-image":"","background-repeat":"repeat","background-position":"center center","background-size":"auto","background-attachment":"scroll","background-type":"","background-media":"","overlay-type":"","overlay-color":"","overlay-opacity":"","overlay-gradient":""}}},"product_brand":[],"product_cat":[430,40,15],"product_tag":[196,409,1092,438,922,556,215,186,1093,1079,281],"class_list":{"0":"post-5948","1":"product","2":"type-product","3":"status-publish","4":"has-post-thumbnail","6":"product_cat-men","7":"product_cat-mens-shoes","8":"product_cat-uncategorized","9":"product_tag-black-leather-shoes","10":"product_tag-chunky-loafers","11":"product_tag-designer-style-shoes","12":"product_tag-eva-sole","13":"product_tag-fashion-loafers","14":"product_tag-goatskin-lining","15":"product_tag-leather-loafers","16":"product_tag-mens-loafers","17":"product_tag-modern-loafers","18":"product_tag-platform-loafers","19":"product_tag-wholesale-shoes","20":"desktop-align-center","21":"tablet-align-center","22":"mobile-align-center","24":"first","25":"instock","26":"shipping-taxable","27":"purchasable","28":"product-type-variable","29":"has-default-attributes"},"acf":[],"uagb_featured_image_src":{"full":["https:\/\/turkishtrade.co\/wp-content\/uploads\/2026\/01\/2400EJOMN00287-BLACK-DKS_7650-2-USD.png",453,250,false],"thumbnail":["https:\/\/turkishtrade.co\/wp-content\/uploads\/2026\/01\/2400EJOMN00287-BLACK-DKS_7650-2-USD-150x150.png",150,150,true],"medium":["https:\/\/turkishtrade.co\/wp-content\/uploads\/2026\/01\/2400EJOMN00287-BLACK-DKS_7650-2-USD-300x166.png",300,166,true],"medium_large":["https:\/\/turkishtrade.co\/wp-content\/uploads\/2026\/01\/2400EJOMN00287-BLACK-DKS_7650-2-USD.png",453,250,false],"large":["https:\/\/turkishtrade.co\/wp-content\/uploads\/2026\/01\/2400EJOMN00287-BLACK-DKS_7650-2-USD.png",453,250,false],"1536x1536":["https:\/\/turkishtrade.co\/wp-content\/uploads\/2026\/01\/2400EJOMN00287-BLACK-DKS_7650-2-USD.png",453,250,false],"2048x2048":["https:\/\/turkishtrade.co\/wp-content\/uploads\/2026\/01\/2400EJOMN00287-BLACK-DKS_7650-2-USD.png",453,250,false],"trp-custom-language-flag":["https:\/\/turkishtrade.co\/wp-content\/uploads\/2026\/01\/2400EJOMN00287-BLACK-DKS_7650-2-USD-18x10.png",18,10,true],"woocommerce_thumbnail":["https:\/\/turkishtrade.co\/wp-content\/uploads\/2026\/01\/2400EJOMN00287-BLACK-DKS_7650-2-USD-400x250.png",400,250,true],"woocommerce_single":["https:\/\/turkishtrade.co\/wp-content\/uploads\/2026\/01\/2400EJOMN00287-BLACK-DKS_7650-2-USD.png",453,250,false],"woocommerce_gallery_thumbnail":["https:\/\/turkishtrade.co\/wp-content\/uploads\/2026\/01\/2400EJOMN00287-BLACK-DKS_7650-2-USD-100x100.png",100,100,true]},"uagb_author_info":{"display_name":"yaser olabi","author_link":"https:\/\/turkishtrade.co\/fr\/author\/"},"uagb_comment_info":0,"uagb_excerpt":"Premium cowhide leather exterior with distinctive patterned detail Soft goatskin leather interior lining for ultimate comfort Durable and lightweight EVA sole for excellent grip Classic loafer style with a modern 1-3 cm chunky platform heel Available in men's sizes 39-45 Minimum order quantity: 8 pairs \u2013 ideal for wholesale purchases Fast production and delivery: 12\u2026","_links":{"self":[{"href":"https:\/\/turkishtrade.co\/fr\/wp-json\/wp\/v2\/product\/5948","targetHints":{"allow":["GET"]}}],"collection":[{"href":"https:\/\/turkishtrade.co\/fr\/wp-json\/wp\/v2\/product"}],"about":[{"href":"https:\/\/turkishtrade.co\/fr\/wp-json\/wp\/v2\/types\/product"}],"wp:featuredmedia":[{"embeddable":true,"href":"https:\/\/turkishtrade.co\/fr\/wp-json\/wp\/v2\/media\/3972"}],"wp:attachment":[{"href":"https:\/\/turkishtrade.co\/fr\/wp-json\/wp\/v2\/media?parent=5948"}],"wp:term":[{"taxonomy":"product_brand","embeddable":true,"href":"https:\/\/turkishtrade.co\/fr\/wp-json\/wp\/v2\/product_brand?post=5948"},{"taxonomy":"product_cat","embeddable":true,"href":"https:\/\/turkishtrade.co\/fr\/wp-json\/wp\/v2\/product_cat?post=5948"},{"taxonomy":"product_tag","embeddable":true,"href":"https:\/\/turkishtrade.co\/fr\/wp-json\/wp\/v2\/product_tag?post=5948"}],"curies":[{"name":"wp","href":"https:\/\/api.w.org\/{rel}","templated":true}]}}