{"id":5945,"date":"2026-01-14T13:47:20","date_gmt":"2026-01-14T13:47:20","guid":{"rendered":"https:\/\/turkishtrade.co\/product\/men-black-leather-derby-shoes\/"},"modified":"2026-04-09T19:18:55","modified_gmt":"2026-04-09T19:18:55","slug":"mens-black-leather-derby-shoes-10","status":"publish","type":"product","link":"https:\/\/turkishtrade.co\/fr\/shop\/mens-black-leather-derby-shoes-10\/","title":{"rendered":"Chaussures derby en cuir noir pour hommes avec semelle EVA \u00e9paisse"},"content":{"rendered":"<p><strong>Chaussures derby en cuir noir pour hommes<\/strong><\/p>\n<p>Entrez dans la sophistication et le confort in\u00e9gal\u00e9 gr\u00e2ce \u00e0 notre exquise <strong>Chaussures derby en cuir noir pour hommes<\/strong>. Con\u00e7ues pour l'homme moderne qui appr\u00e9cie \u00e0 la fois le style et la substance, ces chaussures Derby de qualit\u00e9 sup\u00e9rieure t\u00e9moignent d'un savoir-faire artisanal de haut niveau. Chaque paire de <strong>Chaussures derby en cuir noir pour hommes<\/strong> est m\u00e9ticuleusement construit pour offrir un m\u00e9lange d'esth\u00e9tique classique et d'attrait contemporain, ce qui en fait un compl\u00e9ment indispensable \u00e0 toute garde-robe exigeante.<\/p>\n<h3>Qualit\u00e9 et confort in\u00e9gal\u00e9s<\/h3>\n<p>Fabriqu\u00e9es \u00e0 partir du cuir de veau v\u00e9ritable le plus fin pour la surface ext\u00e9rieure, ces <strong>Chaussures derby en cuir noir pour hommes<\/strong> pr\u00e9sentent une finition riche et lisse qui respire le luxe. Le cuir de veau robuste ne se contente pas d'offrir un look distingu\u00e9, il garantit \u00e9galement une durabilit\u00e9 \u00e0 toute \u00e9preuve, promettant des ann\u00e9es de port. \u00c0 l'int\u00e9rieur, vos pieds seront envelopp\u00e9s par la somptueuse douceur de la doublure en cuir de ch\u00e8vre v\u00e9ritable, qui offre une respirabilit\u00e9 et un confort exceptionnels tout au long de la journ\u00e9e.<\/p>\n<p>Cette combinaison judicieuse de mat\u00e9riaux de premi\u00e8re qualit\u00e9 garantit que nos <strong>Chaussures derby en cuir noir pour hommes<\/strong> sont agr\u00e9ables \u00e0 porter, que ce soit au bureau, lors d'un \u00e9v\u00e9nement formel ou lors d'une sortie d\u00e9contract\u00e9e.<\/p>\n<h3>Design distinctif avec une semelle EVA \u00e9paisse<\/h3>\n<p>Ce qui distingue vraiment ces <strong>Chaussures derby en cuir noir pour hommes<\/strong> Le plus important est leur design contemporain, avec une semelle en EVA \u00e9paisse, robuste et \u00e9l\u00e9gante. Cette semelle l\u00e9g\u00e8re mais incroyablement durable offre un amorti sup\u00e9rieur et une excellente adh\u00e9rence, pour une foul\u00e9e assur\u00e9e \u00e0 chaque pas. Le profil \u00e9pais ajoute une touche de modernit\u00e9 \u00e0 la silhouette classique des Derby, ce qui fait de ces chaussures des chaussures \u00e0 la fois l\u00e9g\u00e8res et r\u00e9sistantes. <strong>Chaussures derby en cuir noir pour hommes<\/strong> suffisamment polyvalent pour s'adapter \u00e0 des ensembles \u00e9l\u00e9gants et d\u00e9contract\u00e9s ou pour ajouter une touche de personnalit\u00e9 \u00e0 une tenue plus formelle.<\/p>\n<p>La conception \u00e0 lacets assure un ajustement s\u00fbr et r\u00e9glable, am\u00e9liorant le confort g\u00e9n\u00e9ral et l'esth\u00e9tique de ces chaussures exceptionnelles. <strong>Chaussures derby en cuir noir pour hommes<\/strong>.<\/p>\n<h3>Parfait pour toutes les occasions et les commandes en gros<\/h3>\n<p>Disponible dans une large gamme de tailles europ\u00e9ennes allant de 39 \u00e0 45, vous trouverez votre bonheur parmi nos <strong>Chaussures derby en cuir noir pour hommes<\/strong> est sans effort. Ces chaussures ne sont pas seulement une question de style individuel ; elles constituent \u00e9galement un excellent choix pour les d\u00e9taillants ou les entreprises qui cherchent \u00e0 stocker des chaussures de haute qualit\u00e9. Avec une quantit\u00e9 minimale de commande de seulement 8 paires, vous pouvez facilement satisfaire votre client\u00e8le avec ces chaussures tr\u00e8s recherch\u00e9es. <strong>Chaussures derby en cuir noir pour hommes<\/strong>.<\/p>\n<p>Le d\u00e9lai de livraison est d'environ 12 jours plus les frais d'exp\u00e9dition, ce qui garantit que votre commande arrivera rapidement. Investissez dans une paire de ces \u00e9l\u00e9gantes <strong>Chaussures derby en cuir noir pour hommes<\/strong> et d\u00e9couvrez la fusion parfaite du design classique, du confort moderne et de la qualit\u00e9 sup\u00e9rieure.<\/p>","protected":false},"excerpt":{"rendered":"<ul>\n<li>Mat\u00e9riau ext\u00e9rieur de qualit\u00e9 sup\u00e9rieure : Cuir de veau v\u00e9ritable<\/li>\n<li>Doublure int\u00e9rieure luxueuse : Cuir de ch\u00e8vre souple<\/li>\n<li>Semelle durable et confortable : Chunky EVA<\/li>\n<li>Tailles disponibles : EU 39, 40, 41, 42, 43, 44, 45<\/li>\n<li>Quantit\u00e9 minimale de commande : 8 paires<\/li>\n<li>D\u00e9lai de livraison estim\u00e9 : 12 jours + exp\u00e9dition<\/li>\n<\/ul>","protected":false},"featured_media":3970,"template":"","meta":{"_acf_changed":false,"_uag_custom_page_level_css":"","site-sidebar-layout":"default","site-content-layout":"","ast-site-content-layout":"default","site-content-style":"default","site-sidebar-style":"default","ast-global-header-display":"","ast-banner-title-visibility":"","ast-main-header-display":"","ast-hfb-above-header-display":"","ast-hfb-below-header-display":"","ast-hfb-mobile-header-display":"","site-post-title":"","ast-breadcrumbs-content":"","ast-featured-img":"","footer-sml-layout":"","ast-disable-related-posts":"","theme-transparent-header-meta":"default","adv-header-id-meta":"","stick-header-meta":"","header-above-stick-meta":"","header-main-stick-meta":"","header-below-stick-meta":"","astra-migrate-meta-layouts":"set","ast-page-background-enabled":"default","ast-page-background-meta":{"desktop":{"background-color":"var(--ast-global-color-4)","background-image":"","background-repeat":"repeat","background-position":"center center","background-size":"auto","background-attachment":"scroll","background-type":"","background-media":"","overlay-type":"","overlay-color":"","overlay-opacity":"","overlay-gradient":""},"tablet":{"background-color":"","background-image":"","background-repeat":"repeat","background-position":"center center","background-size":"auto","background-attachment":"scroll","background-type":"","background-media":"","overlay-type":"","overlay-color":"","overlay-opacity":"","overlay-gradient":""},"mobile":{"background-color":"","background-image":"","background-repeat":"repeat","background-position":"center center","background-size":"auto","background-attachment":"scroll","background-type":"","background-media":"","overlay-type":"","overlay-color":"","overlay-opacity":"","overlay-gradient":""}},"ast-content-background-meta":{"desktop":{"background-color":"var(--ast-global-color-5)","background-image":"","background-repeat":"repeat","background-position":"center center","background-size":"auto","background-attachment":"scroll","background-type":"","background-media":"","overlay-type":"","overlay-color":"","overlay-opacity":"","overlay-gradient":""},"tablet":{"background-color":"var(--ast-global-color-5)","background-image":"","background-repeat":"repeat","background-position":"center center","background-size":"auto","background-attachment":"scroll","background-type":"","background-media":"","overlay-type":"","overlay-color":"","overlay-opacity":"","overlay-gradient":""},"mobile":{"background-color":"var(--ast-global-color-5)","background-image":"","background-repeat":"repeat","background-position":"center center","background-size":"auto","background-attachment":"scroll","background-type":"","background-media":"","overlay-type":"","overlay-color":"","overlay-opacity":"","overlay-gradient":""}}},"product_brand":[],"product_cat":[430,40,15],"product_tag":[196,629,451,449,331,756,438,251,189,310,632],"class_list":{"0":"post-5945","1":"product","2":"type-product","3":"status-publish","4":"has-post-thumbnail","6":"product_cat-men","7":"product_cat-mens-shoes","8":"product_cat-uncategorized","9":"product_tag-black-leather-shoes","10":"product_tag-bulk-order-shoes","11":"product_tag-calfskin-leather","12":"product_tag-casual-shoes","13":"product_tag-chunky-sole-shoes","14":"product_tag-european-sizes","15":"product_tag-eva-sole","16":"product_tag-formal-shoes","17":"product_tag-goat-leather-lining","18":"product_tag-mens-derby-shoes","19":"product_tag-premium-leather-shoes","20":"desktop-align-center","21":"tablet-align-center","22":"mobile-align-center","24":"first","25":"instock","26":"shipping-taxable","27":"purchasable","28":"product-type-variable","29":"has-default-attributes"},"acf":[],"uagb_featured_image_src":{"full":["https:\/\/turkishtrade.co\/wp-content\/uploads\/2026\/01\/2400EJOMN00267BLACK-TOV_11-5-USD.png",453,250,false],"thumbnail":["https:\/\/turkishtrade.co\/wp-content\/uploads\/2026\/01\/2400EJOMN00267BLACK-TOV_11-5-USD-150x150.png",150,150,true],"medium":["https:\/\/turkishtrade.co\/wp-content\/uploads\/2026\/01\/2400EJOMN00267BLACK-TOV_11-5-USD-300x166.png",300,166,true],"medium_large":["https:\/\/turkishtrade.co\/wp-content\/uploads\/2026\/01\/2400EJOMN00267BLACK-TOV_11-5-USD.png",453,250,false],"large":["https:\/\/turkishtrade.co\/wp-content\/uploads\/2026\/01\/2400EJOMN00267BLACK-TOV_11-5-USD.png",453,250,false],"1536x1536":["https:\/\/turkishtrade.co\/wp-content\/uploads\/2026\/01\/2400EJOMN00267BLACK-TOV_11-5-USD.png",453,250,false],"2048x2048":["https:\/\/turkishtrade.co\/wp-content\/uploads\/2026\/01\/2400EJOMN00267BLACK-TOV_11-5-USD.png",453,250,false],"trp-custom-language-flag":["https:\/\/turkishtrade.co\/wp-content\/uploads\/2026\/01\/2400EJOMN00267BLACK-TOV_11-5-USD-18x10.png",18,10,true],"woocommerce_thumbnail":["https:\/\/turkishtrade.co\/wp-content\/uploads\/2026\/01\/2400EJOMN00267BLACK-TOV_11-5-USD-400x250.png",400,250,true],"woocommerce_single":["https:\/\/turkishtrade.co\/wp-content\/uploads\/2026\/01\/2400EJOMN00267BLACK-TOV_11-5-USD.png",453,250,false],"woocommerce_gallery_thumbnail":["https:\/\/turkishtrade.co\/wp-content\/uploads\/2026\/01\/2400EJOMN00267BLACK-TOV_11-5-USD-100x100.png",100,100,true]},"uagb_author_info":{"display_name":"yaser olabi","author_link":"https:\/\/turkishtrade.co\/fr\/author\/"},"uagb_comment_info":0,"uagb_excerpt":"Premium Outer Material: Genuine Calfskin Leather Luxurious Inner Lining: Soft Goat Leather Durable &amp; Comfortable Sole: Chunky EVA Available Sizes: EU 39, 40, 41, 42, 43, 44, 45 Minimum Order Quantity: 8 Pairs Estimated Delivery: 12 Days + Shipping","_links":{"self":[{"href":"https:\/\/turkishtrade.co\/fr\/wp-json\/wp\/v2\/product\/5945","targetHints":{"allow":["GET"]}}],"collection":[{"href":"https:\/\/turkishtrade.co\/fr\/wp-json\/wp\/v2\/product"}],"about":[{"href":"https:\/\/turkishtrade.co\/fr\/wp-json\/wp\/v2\/types\/product"}],"wp:featuredmedia":[{"embeddable":true,"href":"https:\/\/turkishtrade.co\/fr\/wp-json\/wp\/v2\/media\/3970"}],"wp:attachment":[{"href":"https:\/\/turkishtrade.co\/fr\/wp-json\/wp\/v2\/media?parent=5945"}],"wp:term":[{"taxonomy":"product_brand","embeddable":true,"href":"https:\/\/turkishtrade.co\/fr\/wp-json\/wp\/v2\/product_brand?post=5945"},{"taxonomy":"product_cat","embeddable":true,"href":"https:\/\/turkishtrade.co\/fr\/wp-json\/wp\/v2\/product_cat?post=5945"},{"taxonomy":"product_tag","embeddable":true,"href":"https:\/\/turkishtrade.co\/fr\/wp-json\/wp\/v2\/product_tag?post=5945"}],"curies":[{"name":"wp","href":"https:\/\/api.w.org\/{rel}","templated":true}]}}