{"id":5942,"date":"2026-01-14T13:46:58","date_gmt":"2026-01-14T13:46:58","guid":{"rendered":"https:\/\/turkishtrade.co\/product\/men-leather-derby-shoes-2\/"},"modified":"2026-04-09T19:19:01","modified_gmt":"2026-04-09T19:19:01","slug":"mens-leather-derby-shoes-10","status":"publish","type":"product","link":"https:\/\/turkishtrade.co\/fr\/shop\/mens-leather-derby-shoes-10\/","title":{"rendered":"Chaussures de derby Premium en cuir de veau \u00e0 semelle \u00e9paisse pour hommes"},"content":{"rendered":"<p><strong>Chaussures derby en cuir pour hommes<\/strong><\/p>\n<p>Entrez dans un style et un confort in\u00e9gal\u00e9s gr\u00e2ce \u00e0 notre collection haut de gamme d'articles d'hygi\u00e8ne et de s\u00e9curit\u00e9. <strong>chaussures derby en cuir pour hommes<\/strong>. Con\u00e7ues pour le gentleman exigeant, ces chaussures allient un design classique \u00e0 un style contemporain, ce qui en fait un \u00e9l\u00e9ment essentiel de toute garde-robe moderne. Chaque paire de nos <strong>chaussures derby en cuir pour hommes<\/strong> est un t\u00e9moignage de savoir-faire sup\u00e9rieur, con\u00e7u pour offrir \u00e0 la fois une esth\u00e9tique sophistiqu\u00e9e et une durabilit\u00e9 \u00e0 toute \u00e9preuve.<\/p>\n<p>Lorsque vous choisissez notre <strong>chaussures derby en cuir pour hommes<\/strong>, vous investissez dans une qualit\u00e9 durable.<\/p>\n<p><h3>Qualit\u00e9 et mat\u00e9riaux in\u00e9gal\u00e9s<\/h3>\n<\/p>\n<p>Notre engagement en faveur de l'excellence commence par la s\u00e9lection des meilleurs mat\u00e9riaux. L'ext\u00e9rieur de ces maisons d'exception <strong>chaussures derby en cuir pour hommes<\/strong> est m\u00e9ticuleusement fabriqu\u00e9 en cuir de veau v\u00e9ritable, r\u00e9put\u00e9 pour sa texture lisse, son \u00e9lasticit\u00e9 et sa finition \u00e9l\u00e9gante. Ce cuir de qualit\u00e9 sup\u00e9rieure garantit non seulement un aspect raffin\u00e9, mais promet \u00e9galement de vieillir magnifiquement, en d\u00e9veloppant une patine unique au fil du temps.<\/p>\n<p>A l'int\u00e9rieur, vos pieds b\u00e9n\u00e9ficieront d'un confort luxueux gr\u00e2ce \u00e0 la doublure en cuir de ch\u00e8vre souple et respirant, qui procure une sensation de peluche et aide \u00e0 r\u00e9guler la temp\u00e9rature, pour que vos pieds restent \u00e0 l'aise tout au long de la journ\u00e9e.<\/p>\n<p>D\u00e9couvrez la diff\u00e9rence que font les mat\u00e9riaux de qualit\u00e9 dans nos <strong>chaussures derby en cuir pour hommes<\/strong>.<\/p>\n<p><h3>Conception innovante et confort<\/h3>\n<\/p>\n<p>Au-del\u00e0 de leurs mat\u00e9riaux exquis, ces <strong>chaussures derby en cuir pour hommes<\/strong> se distinguent par leur semelle EVA \u00e9paisse. Cette semelle innovante apporte une touche contemporaine au derby traditionnel, offrant une excellente absorption des chocs et un confort remarquable en termes de l\u00e9g\u00e8ret\u00e9. Le design robuste, dot\u00e9 d'un talon \u00e9pais de 4 \u00e0 9 cm, ajoute une touche de modernit\u00e9 tout en garantissant des foul\u00e9es stables et confiantes.<\/p>\n<p>Que vous naviguiez dans les rues de la ville ou que vous assistiez \u00e0 une r\u00e9union d'affaires d\u00e9contract\u00e9e, la combinaison unique de l'\u00e9l\u00e9gance et de la praticit\u00e9 fait de ces <strong>chaussures derby en cuir pour hommes<\/strong> le choix id\u00e9al.<\/p>\n<p><h3>Une polyvalence pour toutes les occasions<\/h3>\n<\/p>\n<p>Con\u00e7us pour \u00eatre polyvalents, nos <strong>chaussures derby en cuir pour hommes<\/strong> Les pantalons de la s\u00e9rie \" B \" permettent de passer sans probl\u00e8me d'une tenue d\u00e9contract\u00e9e \u00e0 un ensemble plus d\u00e9contract\u00e9. Associez-les \u00e0 un pantalon de tailleur pour un look \u00e9l\u00e9gant, ou \u00e0 un jean pour un style chic de tous les jours. Disponibles dans une large gamme de tailles allant de l'UE 39 \u00e0 l'UE 45, nous garantissons un ajustement parfait pour chaque client.<\/p>\n<p>Pour les d\u00e9taillants et les entreprises, nous offrons des possibilit\u00e9s int\u00e9ressantes de vente en gros avec une quantit\u00e9 minimale de commande de 8 paires. Profitez de notre calendrier de production et de livraison efficace, les commandes \u00e9tant g\u00e9n\u00e9ralement exp\u00e9di\u00e9es dans un d\u00e9lai de 12 jours, plus le temps de transport standard. Am\u00e9liorez votre collection de chaussures avec nos produits de qualit\u00e9 sup\u00e9rieure. <strong>chaussures derby en cuir pour hommes<\/strong>.<\/p>","protected":false},"excerpt":{"rendered":"<ul>\n<li><strong>Mat\u00e9riaux de premi\u00e8re qualit\u00e9 :<\/strong> Ext\u00e9rieur en cuir de veau v\u00e9ritable, int\u00e9rieur en cuir de ch\u00e8vre souple.<\/li>\n<li><strong>Semelle durable :<\/strong> Semelle l\u00e9g\u00e8re mais robuste en EVA pour un confort et une traction sup\u00e9rieurs.<\/li>\n<li><strong>Hauteur du talon :<\/strong> Talon \u00e9l\u00e9gant de 4 \u00e0 9 cm pour un look moderne et \u00e9l\u00e9gant.<\/li>\n<li><strong>Tailles disponibles :<\/strong> UE 39, 40, 41, 42, 43, 44, 45.<\/li>\n<li><strong>Opportunit\u00e9 de vente en gros :<\/strong> Commande minimum de 8 paires ; id\u00e9al pour les achats en gros.<\/li>\n<li><strong>Production et livraison :<\/strong> Les commandes sont exp\u00e9di\u00e9es dans un d\u00e9lai de 12 jours + le temps de transport standard.<\/li>\n<\/ul>","protected":false},"featured_media":3969,"template":"","meta":{"_acf_changed":false,"_uag_custom_page_level_css":"","site-sidebar-layout":"default","site-content-layout":"","ast-site-content-layout":"default","site-content-style":"default","site-sidebar-style":"default","ast-global-header-display":"","ast-banner-title-visibility":"","ast-main-header-display":"","ast-hfb-above-header-display":"","ast-hfb-below-header-display":"","ast-hfb-mobile-header-display":"","site-post-title":"","ast-breadcrumbs-content":"","ast-featured-img":"","footer-sml-layout":"","ast-disable-related-posts":"","theme-transparent-header-meta":"","adv-header-id-meta":"","stick-header-meta":"","header-above-stick-meta":"","header-main-stick-meta":"","header-below-stick-meta":"","astra-migrate-meta-layouts":"default","ast-page-background-enabled":"default","ast-page-background-meta":{"desktop":{"background-color":"var(--ast-global-color-4)","background-image":"","background-repeat":"repeat","background-position":"center center","background-size":"auto","background-attachment":"scroll","background-type":"","background-media":"","overlay-type":"","overlay-color":"","overlay-opacity":"","overlay-gradient":""},"tablet":{"background-color":"","background-image":"","background-repeat":"repeat","background-position":"center center","background-size":"auto","background-attachment":"scroll","background-type":"","background-media":"","overlay-type":"","overlay-color":"","overlay-opacity":"","overlay-gradient":""},"mobile":{"background-color":"","background-image":"","background-repeat":"repeat","background-position":"center center","background-size":"auto","background-attachment":"scroll","background-type":"","background-media":"","overlay-type":"","overlay-color":"","overlay-opacity":"","overlay-gradient":""}},"ast-content-background-meta":{"desktop":{"background-color":"var(--ast-global-color-5)","background-image":"","background-repeat":"repeat","background-position":"center center","background-size":"auto","background-attachment":"scroll","background-type":"","background-media":"","overlay-type":"","overlay-color":"","overlay-opacity":"","overlay-gradient":""},"tablet":{"background-color":"var(--ast-global-color-5)","background-image":"","background-repeat":"repeat","background-position":"center center","background-size":"auto","background-attachment":"scroll","background-type":"","background-media":"","overlay-type":"","overlay-color":"","overlay-opacity":"","overlay-gradient":""},"mobile":{"background-color":"var(--ast-global-color-5)","background-image":"","background-repeat":"repeat","background-position":"center center","background-size":"auto","background-attachment":"scroll","background-type":"","background-media":"","overlay-type":"","overlay-color":"","overlay-opacity":"","overlay-gradient":""}}},"product_brand":[],"product_cat":[430,40,15],"product_tag":[202,1050,331,978,438,414,437,981,416,198,281],"class_list":{"0":"post-5942","1":"product","2":"type-product","3":"status-publish","4":"has-post-thumbnail","6":"product_cat-men","7":"product_cat-mens-shoes","8":"product_cat-uncategorized","9":"product_tag-calf-leather","10":"product_tag-casual-derby","11":"product_tag-chunky-sole-shoes","12":"product_tag-dress-casual-shoes","13":"product_tag-eva-sole","14":"product_tag-fashion-footwear","15":"product_tag-goat-leather","16":"product_tag-leather-derby","17":"product_tag-luxury-shoes","18":"product_tag-mens-fashion","19":"product_tag-wholesale-shoes","20":"desktop-align-center","21":"tablet-align-center","22":"mobile-align-center","24":"first","25":"instock","26":"shipping-taxable","27":"purchasable","28":"product-type-variable","29":"has-default-attributes"},"acf":[],"uagb_featured_image_src":{"full":["https:\/\/turkishtrade.co\/wp-content\/uploads\/2026\/01\/2400EJOMN00266-DARK-BLUE-DKS_7648-2-USD.png",453,250,false],"thumbnail":["https:\/\/turkishtrade.co\/wp-content\/uploads\/2026\/01\/2400EJOMN00266-DARK-BLUE-DKS_7648-2-USD-150x150.png",150,150,true],"medium":["https:\/\/turkishtrade.co\/wp-content\/uploads\/2026\/01\/2400EJOMN00266-DARK-BLUE-DKS_7648-2-USD-300x166.png",300,166,true],"medium_large":["https:\/\/turkishtrade.co\/wp-content\/uploads\/2026\/01\/2400EJOMN00266-DARK-BLUE-DKS_7648-2-USD.png",453,250,false],"large":["https:\/\/turkishtrade.co\/wp-content\/uploads\/2026\/01\/2400EJOMN00266-DARK-BLUE-DKS_7648-2-USD.png",453,250,false],"1536x1536":["https:\/\/turkishtrade.co\/wp-content\/uploads\/2026\/01\/2400EJOMN00266-DARK-BLUE-DKS_7648-2-USD.png",453,250,false],"2048x2048":["https:\/\/turkishtrade.co\/wp-content\/uploads\/2026\/01\/2400EJOMN00266-DARK-BLUE-DKS_7648-2-USD.png",453,250,false],"trp-custom-language-flag":["https:\/\/turkishtrade.co\/wp-content\/uploads\/2026\/01\/2400EJOMN00266-DARK-BLUE-DKS_7648-2-USD-18x10.png",18,10,true],"woocommerce_thumbnail":["https:\/\/turkishtrade.co\/wp-content\/uploads\/2026\/01\/2400EJOMN00266-DARK-BLUE-DKS_7648-2-USD-400x250.png",400,250,true],"woocommerce_single":["https:\/\/turkishtrade.co\/wp-content\/uploads\/2026\/01\/2400EJOMN00266-DARK-BLUE-DKS_7648-2-USD.png",453,250,false],"woocommerce_gallery_thumbnail":["https:\/\/turkishtrade.co\/wp-content\/uploads\/2026\/01\/2400EJOMN00266-DARK-BLUE-DKS_7648-2-USD-100x100.png",100,100,true]},"uagb_author_info":{"display_name":"yaser olabi","author_link":"https:\/\/turkishtrade.co\/fr\/author\/"},"uagb_comment_info":0,"uagb_excerpt":"Premium Materials: Genuine Calf Leather exterior, soft Goat Leather interior. Durable Sole: Lightweight yet robust EVA chunky sole for superior comfort and traction. Heel Height: Stylish 4-9 cm chunky heel for a modern, elevated look. Available Sizes: EU 39, 40, 41, 42, 43, 44, 45. Wholesale Opportunity: Minimum order of 8 pairs; ideal for bulk\u2026","_links":{"self":[{"href":"https:\/\/turkishtrade.co\/fr\/wp-json\/wp\/v2\/product\/5942","targetHints":{"allow":["GET"]}}],"collection":[{"href":"https:\/\/turkishtrade.co\/fr\/wp-json\/wp\/v2\/product"}],"about":[{"href":"https:\/\/turkishtrade.co\/fr\/wp-json\/wp\/v2\/types\/product"}],"wp:featuredmedia":[{"embeddable":true,"href":"https:\/\/turkishtrade.co\/fr\/wp-json\/wp\/v2\/media\/3969"}],"wp:attachment":[{"href":"https:\/\/turkishtrade.co\/fr\/wp-json\/wp\/v2\/media?parent=5942"}],"wp:term":[{"taxonomy":"product_brand","embeddable":true,"href":"https:\/\/turkishtrade.co\/fr\/wp-json\/wp\/v2\/product_brand?post=5942"},{"taxonomy":"product_cat","embeddable":true,"href":"https:\/\/turkishtrade.co\/fr\/wp-json\/wp\/v2\/product_cat?post=5942"},{"taxonomy":"product_tag","embeddable":true,"href":"https:\/\/turkishtrade.co\/fr\/wp-json\/wp\/v2\/product_tag?post=5942"}],"curies":[{"name":"wp","href":"https:\/\/api.w.org\/{rel}","templated":true}]}}