{"id":5928,"date":"2026-01-14T13:45:23","date_gmt":"2026-01-14T13:45:23","guid":{"rendered":"https:\/\/turkishtrade.co\/product\/men-s-leather-derby-shoes-5\/"},"modified":"2026-04-09T19:19:34","modified_gmt":"2026-04-09T19:19:34","slug":"mens-leather-derby-shoes-11","status":"publish","type":"product","link":"https:\/\/turkishtrade.co\/fr\/shop\/mens-leather-derby-shoes-11\/","title":{"rendered":"Chaussures derby en cuir bicolore de qualit\u00e9 sup\u00e9rieure pour hommes"},"content":{"rendered":"<p><strong>Chaussures derby en cuir pour hommes<\/strong><\/p>\n<p>\u00c9levez votre collection de chaussures gr\u00e2ce \u00e0 nos chaussures exquises. <b>Chaussures derby en cuir pour hommes<\/b>, Ces chaussures sont con\u00e7ues pour le gentleman exigeant qui appr\u00e9cie \u00e0 la fois le style et la substance. Ces chaussures haut de gamme t\u00e9moignent d'un savoir-faire sup\u00e9rieur et d'un design intemporel, ce qui en fait un compl\u00e9ment indispensable \u00e0 toute garde-robe. Nos <b>Chaussures derby en cuir pour hommes<\/b> allient l'\u00e9l\u00e9gance traditionnelle au confort contemporain, pour que vous fassiez une impression durable o\u00f9 que vous alliez.<\/p>\n<p><h3>Une qualit\u00e9 et un savoir-faire in\u00e9gal\u00e9s<\/h3>\n<\/p>\n<p>Chaque paire de ces remarquables <b>Chaussures derby en cuir pour hommes<\/b> est m\u00e9ticuleusement fabriqu\u00e9e \u00e0 partir des mat\u00e9riaux les plus nobles. L'ext\u00e9rieur est recouvert d'un luxueux cuir de veau, offrant une belle texture et une durabilit\u00e9 exceptionnelle, compl\u00e9t\u00e9 par un bout de pied poli qui ajoute une touche de sophistication raffin\u00e9e. \u00c0 l'int\u00e9rieur, vos pieds seront envelopp\u00e9s dans la douce \u00e9treinte d'une doublure en cuir de ch\u00e8vre v\u00e9ritable, r\u00e9put\u00e9e pour sa respirabilit\u00e9 et son confort supr\u00eame. <b>Chaussures derby en cuir pour hommes<\/b> un plaisir \u00e0 porter tout au long de la journ\u00e9e.<\/p>\n<p>La semelle robuste en EVA offre un excellent amorti et un bon soutien, associ\u00e9 \u00e0 un talon classique de 1 \u00e0 3 cm pour une \u00e9l\u00e9vation et une stabilit\u00e9 subtiles.<\/p>\n<p><h3>Un design sophistiqu\u00e9 pour toutes les occasions<\/h3>\n<\/p>\n<p>Le design bicolore distinctif de ces <b>Chaussures derby en cuir pour hommes<\/b>, Le style de la pochette, avec ses textures et ses finitions contrast\u00e9es, les distingue des autres. Ce style polyvalent leur permet de s'adapter parfaitement \u00e0 toute une s\u00e9rie d'occasions, des r\u00e9unions d'affaires formelles aux \u00e9v\u00e9nements d\u00e9contract\u00e9s et aux soir\u00e9es. Qu'elles soient associ\u00e9es \u00e0 des costumes, des pantalons \u00e9l\u00e9gants ou m\u00eame des jeans de qualit\u00e9 sup\u00e9rieure, ces chaussures sont id\u00e9ales pour les r\u00e9unions d'affaires, les \u00e9v\u00e9nements d\u00e9contract\u00e9s et les soir\u00e9es. <b>Chaussures derby en cuir pour hommes<\/b> rehaussent sans effort votre apparence g\u00e9n\u00e9rale, projetant une image de confiance et de go\u00fbt impeccable.<\/p>\n<p>Disponible dans une large gamme de tailles allant du 39 au 45, il est facile de trouver la taille id\u00e9ale.<\/p>\n<p><h3>Excellence du commerce de gros et fiabilit\u00e9 des livraisons<\/h3>\n<\/p>\n<p>Pour les d\u00e9taillants et les entreprises \u00e0 la recherche de chaussures de haute qualit\u00e9, ces <b>Chaussures derby en cuir pour hommes<\/b> sont disponibles \u00e0 l'achat en gros avec une quantit\u00e9 minimum de 8 paires. Nous nous engageons \u00e0 fournir un service exceptionnel, avec un d\u00e9lai de livraison de seulement 12 jours plus les frais d'exp\u00e9dition, garantissant ainsi un r\u00e9approvisionnement efficace de votre stock. Investissez dans ces remarquables <b>Chaussures derby en cuir pour hommes<\/b> et offrez \u00e0 vos clients un produit qui allie luxe, confort et style durable, consolidant ainsi votre r\u00e9putation en mati\u00e8re de chaussures de qualit\u00e9.<\/p>","protected":false},"excerpt":{"rendered":"<ul>\n<li>Fabriqu\u00e9 \u00e0 partir d'un luxueux cuir de veau \u00e0 l'ext\u00e9rieur avec une finition bicolore distinctive.<\/li>\n<li>Doublure int\u00e9rieure en cuir de ch\u00e8vre souple et respirant pour un confort sup\u00e9rieur.<\/li>\n<li>\u00c9quip\u00e9e d'une semelle EVA durable et confortable pour une utilisation tout au long de la journ\u00e9e.<\/li>\n<li>Hauteur de talon classique de 1 \u00e0 3 cm pour une \u00e9l\u00e9vation et un soutien subtils.<\/li>\n<li>Disponible dans une large gamme de tailles : 39, 40, 41, 42, 43, 44, 45.<\/li>\n<li>Id\u00e9al pour les commandes en gros ; la quantit\u00e9 minimale de commande est de 8 paires.<\/li>\n<li>Livraison fiable dans un d\u00e9lai de 12 jours plus le temps d'exp\u00e9dition.<\/li>\n<\/ul>","protected":false},"featured_media":3960,"template":"","meta":{"_acf_changed":false,"_uag_custom_page_level_css":"","site-sidebar-layout":"default","site-content-layout":"","ast-site-content-layout":"default","site-content-style":"default","site-sidebar-style":"default","ast-global-header-display":"","ast-banner-title-visibility":"","ast-main-header-display":"","ast-hfb-above-header-display":"","ast-hfb-below-header-display":"","ast-hfb-mobile-header-display":"","site-post-title":"","ast-breadcrumbs-content":"","ast-featured-img":"","footer-sml-layout":"","ast-disable-related-posts":"","theme-transparent-header-meta":"","adv-header-id-meta":"","stick-header-meta":"","header-above-stick-meta":"","header-main-stick-meta":"","header-below-stick-meta":"","astra-migrate-meta-layouts":"default","ast-page-background-enabled":"default","ast-page-background-meta":{"desktop":{"background-color":"var(--ast-global-color-4)","background-image":"","background-repeat":"repeat","background-position":"center center","background-size":"auto","background-attachment":"scroll","background-type":"","background-media":"","overlay-type":"","overlay-color":"","overlay-opacity":"","overlay-gradient":""},"tablet":{"background-color":"","background-image":"","background-repeat":"repeat","background-position":"center center","background-size":"auto","background-attachment":"scroll","background-type":"","background-media":"","overlay-type":"","overlay-color":"","overlay-opacity":"","overlay-gradient":""},"mobile":{"background-color":"","background-image":"","background-repeat":"repeat","background-position":"center center","background-size":"auto","background-attachment":"scroll","background-type":"","background-media":"","overlay-type":"","overlay-color":"","overlay-opacity":"","overlay-gradient":""}},"ast-content-background-meta":{"desktop":{"background-color":"var(--ast-global-color-5)","background-image":"","background-repeat":"repeat","background-position":"center center","background-size":"auto","background-attachment":"scroll","background-type":"","background-media":"","overlay-type":"","overlay-color":"","overlay-opacity":"","overlay-gradient":""},"tablet":{"background-color":"var(--ast-global-color-5)","background-image":"","background-repeat":"repeat","background-position":"center center","background-size":"auto","background-attachment":"scroll","background-type":"","background-media":"","overlay-type":"","overlay-color":"","overlay-opacity":"","overlay-gradient":""},"mobile":{"background-color":"var(--ast-global-color-5)","background-image":"","background-repeat":"repeat","background-position":"center center","background-size":"auto","background-attachment":"scroll","background-type":"","background-media":"","overlay-type":"","overlay-color":"","overlay-opacity":"","overlay-gradient":""}}},"product_brand":[],"product_cat":[48,47,49,430,40],"product_tag":[218,405,582,212,284,438,251,437,227,362,210,281],"class_list":{"0":"post-5928","1":"product","2":"type-product","3":"status-publish","4":"has-post-thumbnail","6":"product_cat-casual","7":"product_cat-classic","8":"product_cat-loafer","9":"product_cat-men","10":"product_cat-mens-shoes","11":"product_tag-brown-shoes","12":"product_tag-business-shoes","13":"product_tag-calfskin","14":"product_tag-derby-shoes","15":"product_tag-dress-shoes","16":"product_tag-eva-sole","17":"product_tag-formal-shoes","18":"product_tag-goat-leather","19":"product_tag-leather-shoes","20":"product_tag-premium-footwear","21":"product_tag-smart-casual","22":"product_tag-wholesale-shoes","23":"desktop-align-center","24":"tablet-align-center","25":"mobile-align-center","27":"first","28":"instock","29":"shipping-taxable","30":"purchasable","31":"product-type-variable","32":"has-default-attributes"},"acf":[],"uagb_featured_image_src":{"full":["https:\/\/turkishtrade.co\/wp-content\/uploads\/2026\/01\/2400EJOMN00483-DARK-BROWN-X_431-1-usd-1.png",453,250,false],"thumbnail":["https:\/\/turkishtrade.co\/wp-content\/uploads\/2026\/01\/2400EJOMN00483-DARK-BROWN-X_431-1-usd-1-150x150.png",150,150,true],"medium":["https:\/\/turkishtrade.co\/wp-content\/uploads\/2026\/01\/2400EJOMN00483-DARK-BROWN-X_431-1-usd-1-300x166.png",300,166,true],"medium_large":["https:\/\/turkishtrade.co\/wp-content\/uploads\/2026\/01\/2400EJOMN00483-DARK-BROWN-X_431-1-usd-1.png",453,250,false],"large":["https:\/\/turkishtrade.co\/wp-content\/uploads\/2026\/01\/2400EJOMN00483-DARK-BROWN-X_431-1-usd-1.png",453,250,false],"1536x1536":["https:\/\/turkishtrade.co\/wp-content\/uploads\/2026\/01\/2400EJOMN00483-DARK-BROWN-X_431-1-usd-1.png",453,250,false],"2048x2048":["https:\/\/turkishtrade.co\/wp-content\/uploads\/2026\/01\/2400EJOMN00483-DARK-BROWN-X_431-1-usd-1.png",453,250,false],"trp-custom-language-flag":["https:\/\/turkishtrade.co\/wp-content\/uploads\/2026\/01\/2400EJOMN00483-DARK-BROWN-X_431-1-usd-1-18x10.png",18,10,true],"woocommerce_thumbnail":["https:\/\/turkishtrade.co\/wp-content\/uploads\/2026\/01\/2400EJOMN00483-DARK-BROWN-X_431-1-usd-1-400x250.png",400,250,true],"woocommerce_single":["https:\/\/turkishtrade.co\/wp-content\/uploads\/2026\/01\/2400EJOMN00483-DARK-BROWN-X_431-1-usd-1.png",453,250,false],"woocommerce_gallery_thumbnail":["https:\/\/turkishtrade.co\/wp-content\/uploads\/2026\/01\/2400EJOMN00483-DARK-BROWN-X_431-1-usd-1-100x100.png",100,100,true]},"uagb_author_info":{"display_name":"yaser olabi","author_link":"https:\/\/turkishtrade.co\/fr\/author\/"},"uagb_comment_info":0,"uagb_excerpt":"Crafted from luxurious calfskin leather exterior with a distinctive two-tone finish. Features a soft and breathable goat leather interior lining for superior comfort. Equipped with a durable and comfortable EVA sole for all-day wear. Classic heel height ranging from 1-3 cm for subtle elevation and support. Available in a comprehensive size range: 39, 40, 41,\u2026","_links":{"self":[{"href":"https:\/\/turkishtrade.co\/fr\/wp-json\/wp\/v2\/product\/5928","targetHints":{"allow":["GET"]}}],"collection":[{"href":"https:\/\/turkishtrade.co\/fr\/wp-json\/wp\/v2\/product"}],"about":[{"href":"https:\/\/turkishtrade.co\/fr\/wp-json\/wp\/v2\/types\/product"}],"wp:featuredmedia":[{"embeddable":true,"href":"https:\/\/turkishtrade.co\/fr\/wp-json\/wp\/v2\/media\/3960"}],"wp:attachment":[{"href":"https:\/\/turkishtrade.co\/fr\/wp-json\/wp\/v2\/media?parent=5928"}],"wp:term":[{"taxonomy":"product_brand","embeddable":true,"href":"https:\/\/turkishtrade.co\/fr\/wp-json\/wp\/v2\/product_brand?post=5928"},{"taxonomy":"product_cat","embeddable":true,"href":"https:\/\/turkishtrade.co\/fr\/wp-json\/wp\/v2\/product_cat?post=5928"},{"taxonomy":"product_tag","embeddable":true,"href":"https:\/\/turkishtrade.co\/fr\/wp-json\/wp\/v2\/product_tag?post=5928"}],"curies":[{"name":"wp","href":"https:\/\/api.w.org\/{rel}","templated":true}]}}