{"id":5923,"date":"2026-01-14T13:44:37","date_gmt":"2026-01-14T13:44:37","guid":{"rendered":"https:\/\/turkishtrade.co\/product\/mens-brown-leather-derby-shoes-8\/"},"modified":"2026-04-09T19:19:42","modified_gmt":"2026-04-09T19:19:42","slug":"mens-brown-leather-derby-shoes-8","status":"publish","type":"product","link":"https:\/\/turkishtrade.co\/fr\/shop\/mens-brown-leather-derby-shoes-8\/","title":{"rendered":"Chaussures de derby en cuir marron de qualit\u00e9 sup\u00e9rieure pour hommes"},"content":{"rendered":"<p><strong>Chaussures derby en cuir marron pour hommes<\/strong><\/p>\n<p>D\u00e9couvrez l'ultime m\u00e9lange de style classique et de confort moderne avec notre exquise <strong>Chaussures derby en cuir marron pour hommes<\/strong>. M\u00e9ticuleusement fabriqu\u00e9s \u00e0 la main \u00e0 la perfection, ces produits de qualit\u00e9 sup\u00e9rieure ont \u00e9t\u00e9 con\u00e7us pour \u00eatre utilis\u00e9s dans le cadre d'un programme de formation. <strong>Derby en cuir marron pour hommes<\/strong> sont con\u00e7ues pour le gentleman exigeant qui appr\u00e9cie \u00e0 la fois l'\u00e9l\u00e9gance et la facilit\u00e9 d'utilisation au quotidien. Qu'il s'agisse d'un environnement professionnel d\u00e9contract\u00e9 ou d'une sortie sophistiqu\u00e9e le week-end, ces chaussures sont votre compagnon id\u00e9al et rehaussent sans effort n'importe quelle tenue.<\/p>\n<p><h3>Un savoir-faire in\u00e9gal\u00e9 et des mat\u00e9riaux de premi\u00e8re qualit\u00e9<\/h3>\n<\/p>\n<p>Chaque paire de ces exquises <strong>Chaussures derby en cuir marron pour hommes<\/strong> est dot\u00e9 d'un ext\u00e9rieur fabriqu\u00e9 \u00e0 partir du cuir de veau le plus fin. Ce choix de mat\u00e9riau n'apporte pas seulement un aspect riche et luxueux avec sa teinte brune profonde, mais garantit \u00e9galement une durabilit\u00e9 exceptionnelle et une belle patine qui se d\u00e9veloppe de mani\u00e8re unique au fil du temps. La s\u00e9lection minutieuse du cuir de veau souligne notre engagement in\u00e9branlable en faveur de la qualit\u00e9.<\/p>\n<p>\u00c0 l'int\u00e9rieur, vous d\u00e9couvrirez la douceur supr\u00eame de la doublure en cuir de ch\u00e8vre, qui assure une respirabilit\u00e9 in\u00e9gal\u00e9e et un ajustement incroyablement confortable qui se moule d\u00e9licatement \u00e0 votre pied \u00e0 chaque utilisation. Les coutures m\u00e9ticuleuses et les d\u00e9tails du bout du pied mettent en valeur l'art traditionnel impliqu\u00e9 dans la cr\u00e9ation de ces chaussures intemporelles. <strong>Derby en cuir marron pour hommes<\/strong>.<\/p>\n<p><h3>Confort innovant gr\u00e2ce \u00e0 la semelle EVA<\/h3>\n<\/p>\n<p>Ce qui distingue vraiment ces <strong>Chaussures derby en cuir marron pour hommes<\/strong> est la conception innovante de leur semelle. Tout en conservant une esth\u00e9tique sophistiqu\u00e9e, la semelle l\u00e9g\u00e8re en EVA offre un amorti sup\u00e9rieur et une flexibilit\u00e9 remarquable. Cette technologie de semelle moderne assure un confort tout au long de la journ\u00e9e, r\u00e9duisant consid\u00e9rablement la fatigue du pied, que vous naviguiez dans les rues anim\u00e9es de la ville ou que vous restiez debout pendant des r\u00e9unions prolong\u00e9es.<\/p>\n<p>Le talon subtil de 1 \u00e0 3 cm am\u00e9liore encore le confort sans compromettre l'\u00e9l\u00e9gance de la chaussure, ce qui en fait une chaussure d\u00e9contract\u00e9e id\u00e9ale en cuir marron que vous pouvez porter pendant des heures.<\/p>\n<p><h3>Un style polyvalent pour toutes les occasions<\/h3>\n<\/p>\n<p>Ces produits incroyablement polyvalents <strong>Chaussures derby en cuir marron pour hommes<\/strong> sont de v\u00e9ritables incontournables de la garde-robe. Leur bout classique et leur riche couleur marron leur permettent de s'adapter \u00e0 un large \u00e9ventail de tenues, qu'il s'agisse de pantalons parfaitement coup\u00e9s, de blazers \u00e9l\u00e9gants, de jeans ou de chinos. Rehaussez votre tenue professionnelle ou ajoutez une touche de sophistication raffin\u00e9e \u00e0 votre ensemble d\u00e9contract\u00e9 en toute simplicit\u00e9.<\/p>\n<p>Disponibles dans une large gamme de tailles allant de 39 \u00e0 45, il est simple et pratique de trouver la bonne taille. D\u00e9couvrez la diff\u00e9rence que font les mat\u00e9riaux de qualit\u00e9 sup\u00e9rieure et l'artisanat d'art en choisissant ces chaussures d'exception. <strong>Derby en cuir marron pour hommes<\/strong>.<\/p>\n<p><h3>Possibilit\u00e9s de vente en gros<\/h3>\n<\/p>\n<p>Pour les d\u00e9taillants, les boutiques et les entreprises qui souhaitent proposer des chaussures de haute qualit\u00e9, nous proposons des prix de gros comp\u00e9titifs. Nos chaussures <strong>Chaussures derby en cuir marron pour hommes<\/strong> sont disponibles pour une commande minimum de 8 paires, avec un d\u00e9lai de livraison efficace de 12 jours plus les frais de port. Faites \u00e9quipe avec nous pour offrir \u00e0 vos clients des chaussures \u00e9l\u00e9gantes, durables et confortables qui se d\u00e9marquent constamment sur le march\u00e9.<\/p>\n<p>Investissez dans une collection qui allie tradition, innovation et style ind\u00e9niable. <strong>Derby en cuir marron pour hommes<\/strong> aujourd'hui.<\/p>","protected":false},"excerpt":{"rendered":"<ul>\n<li>Fabriqu\u00e9 \u00e0 la main avec un ext\u00e9rieur en cuir de veau de premi\u00e8re qualit\u00e9 pour une \u00e9l\u00e9gance durable.<\/li>\n<li>La doublure int\u00e9rieure en cuir de ch\u00e8vre luxueux assure un confort sup\u00e9rieur et une bonne respirabilit\u00e9.<\/li>\n<li>Semelle EVA l\u00e9g\u00e8re et flexible pour un amorti et un soutien tout au long de la journ\u00e9e.<\/li>\n<li>Le mod\u00e8le classique Cap Toe Derby convient aussi bien aux tenues d\u00e9contract\u00e9es qu'aux occasions \u00e9l\u00e9gantes.<\/li>\n<li>Disponible dans une large gamme de tailles europ\u00e9ennes : 39, 40, 41, 42, 43, 44, 45.<\/li>\n<li>Quantit\u00e9 minimale de commande : 8 paires.<\/li>\n<li>D\u00e9lai de livraison : 12 jours + frais de port.<\/li>\n<\/ul>","protected":false},"featured_media":3958,"template":"","meta":{"_acf_changed":false,"_uag_custom_page_level_css":"","site-sidebar-layout":"default","site-content-layout":"","ast-site-content-layout":"default","site-content-style":"default","site-sidebar-style":"default","ast-global-header-display":"","ast-banner-title-visibility":"","ast-main-header-display":"","ast-hfb-above-header-display":"","ast-hfb-below-header-display":"","ast-hfb-mobile-header-display":"","site-post-title":"","ast-breadcrumbs-content":"","ast-featured-img":"","footer-sml-layout":"","ast-disable-related-posts":"","theme-transparent-header-meta":"","adv-header-id-meta":"","stick-header-meta":"","header-above-stick-meta":"","header-main-stick-meta":"","header-below-stick-meta":"","astra-migrate-meta-layouts":"default","ast-page-background-enabled":"default","ast-page-background-meta":{"desktop":{"background-color":"var(--ast-global-color-4)","background-image":"","background-repeat":"repeat","background-position":"center center","background-size":"auto","background-attachment":"scroll","background-type":"","background-media":"","overlay-type":"","overlay-color":"","overlay-opacity":"","overlay-gradient":""},"tablet":{"background-color":"","background-image":"","background-repeat":"repeat","background-position":"center center","background-size":"auto","background-attachment":"scroll","background-type":"","background-media":"","overlay-type":"","overlay-color":"","overlay-opacity":"","overlay-gradient":""},"mobile":{"background-color":"","background-image":"","background-repeat":"repeat","background-position":"center center","background-size":"auto","background-attachment":"scroll","background-type":"","background-media":"","overlay-type":"","overlay-color":"","overlay-opacity":"","overlay-gradient":""}},"ast-content-background-meta":{"desktop":{"background-color":"var(--ast-global-color-5)","background-image":"","background-repeat":"repeat","background-position":"center center","background-size":"auto","background-attachment":"scroll","background-type":"","background-media":"","overlay-type":"","overlay-color":"","overlay-opacity":"","overlay-gradient":""},"tablet":{"background-color":"var(--ast-global-color-5)","background-image":"","background-repeat":"repeat","background-position":"center center","background-size":"auto","background-attachment":"scroll","background-type":"","background-media":"","overlay-type":"","overlay-color":"","overlay-opacity":"","overlay-gradient":""},"mobile":{"background-color":"var(--ast-global-color-5)","background-image":"","background-repeat":"repeat","background-position":"center center","background-size":"auto","background-attachment":"scroll","background-type":"","background-media":"","overlay-type":"","overlay-color":"","overlay-opacity":"","overlay-gradient":""}}},"product_brand":[],"product_cat":[48,47,49,430,40],"product_tag":[613,200,202,458,213,290,438,437,450,416,324,286,406,210,281],"class_list":{"0":"post-5923","1":"product","2":"type-product","3":"status-publish","4":"has-post-thumbnail","6":"product_cat-casual","7":"product_cat-classic","8":"product_cat-loafer","9":"product_cat-men","10":"product_cat-mens-shoes","11":"product_tag-brown-derby-shoes","12":"product_tag-business-casual","13":"product_tag-calf-leather","14":"product_tag-cap-toe-shoes","15":"product_tag-casual-dress-shoes","16":"product_tag-comfortable-mens-shoes","17":"product_tag-eva-sole","18":"product_tag-goat-leather","19":"product_tag-handcrafted-shoes","20":"product_tag-luxury-shoes","21":"product_tag-mens-dress-shoes","22":"product_tag-mens-leather-shoes","23":"product_tag-premium-shoes","24":"product_tag-smart-casual","25":"product_tag-wholesale-shoes","26":"desktop-align-center","27":"tablet-align-center","28":"mobile-align-center","30":"first","31":"instock","32":"shipping-taxable","33":"purchasable","34":"product-type-variable","35":"has-default-attributes"},"acf":[],"uagb_featured_image_src":{"full":["https:\/\/turkishtrade.co\/wp-content\/uploads\/2026\/01\/2400EJOMN00477-BROWN-X_7750-4-USD.png",453,250,false],"thumbnail":["https:\/\/turkishtrade.co\/wp-content\/uploads\/2026\/01\/2400EJOMN00477-BROWN-X_7750-4-USD-150x150.png",150,150,true],"medium":["https:\/\/turkishtrade.co\/wp-content\/uploads\/2026\/01\/2400EJOMN00477-BROWN-X_7750-4-USD-300x166.png",300,166,true],"medium_large":["https:\/\/turkishtrade.co\/wp-content\/uploads\/2026\/01\/2400EJOMN00477-BROWN-X_7750-4-USD.png",453,250,false],"large":["https:\/\/turkishtrade.co\/wp-content\/uploads\/2026\/01\/2400EJOMN00477-BROWN-X_7750-4-USD.png",453,250,false],"1536x1536":["https:\/\/turkishtrade.co\/wp-content\/uploads\/2026\/01\/2400EJOMN00477-BROWN-X_7750-4-USD.png",453,250,false],"2048x2048":["https:\/\/turkishtrade.co\/wp-content\/uploads\/2026\/01\/2400EJOMN00477-BROWN-X_7750-4-USD.png",453,250,false],"trp-custom-language-flag":["https:\/\/turkishtrade.co\/wp-content\/uploads\/2026\/01\/2400EJOMN00477-BROWN-X_7750-4-USD-18x10.png",18,10,true],"woocommerce_thumbnail":["https:\/\/turkishtrade.co\/wp-content\/uploads\/2026\/01\/2400EJOMN00477-BROWN-X_7750-4-USD-400x250.png",400,250,true],"woocommerce_single":["https:\/\/turkishtrade.co\/wp-content\/uploads\/2026\/01\/2400EJOMN00477-BROWN-X_7750-4-USD.png",453,250,false],"woocommerce_gallery_thumbnail":["https:\/\/turkishtrade.co\/wp-content\/uploads\/2026\/01\/2400EJOMN00477-BROWN-X_7750-4-USD-100x100.png",100,100,true]},"uagb_author_info":{"display_name":"yaser olabi","author_link":"https:\/\/turkishtrade.co\/fr\/author\/"},"uagb_comment_info":0,"uagb_excerpt":"Handcrafted with premium Calf Leather exterior for lasting elegance. Luxurious Goat Leather interior lining ensures superior comfort and breathability. Lightweight and flexible EVA sole provides all-day cushioning and support. Classic Cap Toe Derby design suitable for both dress-casual and smart occasions. Available in a comprehensive range of EU sizes: 39, 40, 41, 42, 43, 44,\u2026","_links":{"self":[{"href":"https:\/\/turkishtrade.co\/fr\/wp-json\/wp\/v2\/product\/5923","targetHints":{"allow":["GET"]}}],"collection":[{"href":"https:\/\/turkishtrade.co\/fr\/wp-json\/wp\/v2\/product"}],"about":[{"href":"https:\/\/turkishtrade.co\/fr\/wp-json\/wp\/v2\/types\/product"}],"wp:featuredmedia":[{"embeddable":true,"href":"https:\/\/turkishtrade.co\/fr\/wp-json\/wp\/v2\/media\/3958"}],"wp:attachment":[{"href":"https:\/\/turkishtrade.co\/fr\/wp-json\/wp\/v2\/media?parent=5923"}],"wp:term":[{"taxonomy":"product_brand","embeddable":true,"href":"https:\/\/turkishtrade.co\/fr\/wp-json\/wp\/v2\/product_brand?post=5923"},{"taxonomy":"product_cat","embeddable":true,"href":"https:\/\/turkishtrade.co\/fr\/wp-json\/wp\/v2\/product_cat?post=5923"},{"taxonomy":"product_tag","embeddable":true,"href":"https:\/\/turkishtrade.co\/fr\/wp-json\/wp\/v2\/product_tag?post=5923"}],"curies":[{"name":"wp","href":"https:\/\/api.w.org\/{rel}","templated":true}]}}